{"id":1039,"date":"2021-06-02T13:08:46","date_gmt":"2021-06-02T10:08:46","guid":{"rendered":"https:\/\/www.fibami.com\/?page_id=1039"},"modified":"2022-02-03T16:09:35","modified_gmt":"2022-02-03T13:09:35","slug":"privaatsuspoliitika","status":"publish","type":"page","link":"https:\/\/www.fibami.com\/en\/privaatsuspoliitika\/","title":{"rendered":"Privacy Policy"},"content":{"rendered":"<div data-elementor-type=\"wp-page\" data-elementor-id=\"1039\" class=\"elementor elementor-1039\">\n\t\t\t\t\t\t<section class=\"elementor-section elementor-top-section elementor-element elementor-element-515b5f6 elementor-section-boxed elementor-section-height-default elementor-section-height-default\" data-id=\"515b5f6\" data-element_type=\"section\" data-e-type=\"section\">\n\t\t\t\t\t\t<div class=\"elementor-container elementor-column-gap-default\">\n\t\t\t\t\t<div class=\"elementor-column elementor-col-100 elementor-top-column elementor-element elementor-element-272fe3c\" data-id=\"272fe3c\" data-element_type=\"column\" data-e-type=\"column\">\n\t\t\t<div class=\"elementor-widget-wrap elementor-element-populated\">\n\t\t\t\t\t\t<div class=\"elementor-element elementor-element-1ab7bc3 elementor-widget elementor-widget-spacer\" data-id=\"1ab7bc3\" data-element_type=\"widget\" data-e-type=\"widget\" data-widget_type=\"spacer.default\">\n\t\t\t\t<div class=\"elementor-widget-container\">\n\t\t\t\t\t\t\t<div class=\"elementor-spacer\">\n\t\t\t<div class=\"elementor-spacer-inner\"><\/div>\n\t\t<\/div>\n\t\t\t\t\t\t<\/div>\n\t\t\t\t<\/div>\n\t\t\t\t<div class=\"elementor-element elementor-element-bcb9d78 elementor-widget elementor-widget-text-editor\" data-id=\"bcb9d78\" data-element_type=\"widget\" data-e-type=\"widget\" data-widget_type=\"text-editor.default\">\n\t\t\t\t<div class=\"elementor-widget-container\">\n\t\t\t\t\t\t\t\t\t<ol><li><b>General policy<\/b><\/li><\/ol><p>1.1. This privacy policy regulates the principles regarding the collection, processing and storage of personal data. The personal data is collected, processed and stored by the personal data controller Fibami O\u00fc (hereinafter the data processor).<\/p><p>1.2. The data subject in the sense of the privacy policy is a customer or another person whose personal data is processed by the data processor.<\/p><p>1.3. A customer in the sense of the privacy policy is anyone who buys goods or services from the website of the data processor.<\/p><p>1.4. The data processor complies with the principles of data processing stipulated in legislation, among other things, the data processor processes personal data legally, fairly and securely. The data processor is able to confirm that personal data has been processed in accordance with the provisions of legislation.<\/p><ol start=\"2\"><li><b>Collection, processing and storage of personal data<\/b><\/li><\/ol><p>2.1. The personal data that the data processor collects, processes and stores is collected electronically, mainly via the website and e-mail.<b>\u00a0<\/b><\/p><p>2.2. By sharing their personal data, the data subject gives the data processor the right to collect, organize, use and manage personal data for the purposes specified in the privacy policy, which the data subject directly or indirectly shares with the data processor when purchasing goods or services on the website.<\/p><p>2.3. The data subject is responsible for ensuring that the data provided by them is accurate, correct and complete. Knowingly providing false information is considered a violation of the Privacy Policy. The data subject is obliged to immediately notify the data processor of changes in the provided data.<\/p><p>2.4. The data processor is not responsible for damage to the data subject or third parties caused by the data subject providing false information.<\/p><ol start=\"3\"><li><b>Processing of personal data of customers<\/b><\/li><\/ol><p>3.1. The data processor may process the following personal data of the data subject:<\/p><p>3.1.1. First and last name;<\/p><p>3.1.2. Date of birth;<\/p><p>3.1.2. Phone number<\/p><p>3.1.4. e-mail;<\/p><p>3.1.5. Delivery address;<\/p><p>3.1.6. Account number;<\/p><p>3.1.7. Payment card details;<\/p><p>\u00a0<\/p><p>3.2. In addition to the above, the data processor has the right to collect data about the customer that are available in public registers.<\/p><p>3.3. Isikuandmete t\u00f6\u00f6tlemise \u00f5iguslik alus on isikuandmete kaitse \u00fcldm\u00e4\u00e4ruse paragrahv 6 lg 1 p-d a), b), c) ja f):<\/p><p>a) the data subject has given their consent to process their personal data for one or more specific purposes;<\/p><p>b) the processing of personal data is necessary for the performance of a contract concluded with the participation of the data subject or for taking measures prior to the conclusion of the contract in accordance with the request of the data subject;<\/p><p>c) the processing of personal data is necessary to fulfill the legal obligation of the data controller;<\/p><p>f) the processing of personal data is necessary in the case of a legitimate interest of the data controller or a third party, unless such interest is outweighed by the interests of the data subject or the fundamental rights and freedoms for which personal data must be protected, especially if the data subject is a child.<\/p><p>3.4. Processing of personal data according to the purpose of processing:<\/p><p>3.4.1. Purpose of processing \u2013 security and safety<\/p><p>The maximum period of storage of personal data - according to the deadlines specified in the law<\/p><p>3.4.2. Purpose of processing - order processing<\/p><p>The maximum period of storage of personal data \u2013 10 years<\/p><p>3.4.3. Purpose of processing \u2013 ensuring the functioning of e-shop services<\/p><p>The maximum period of storage of personal data \u2013 10 years<\/p><p>3.4.4. Purpose of processing - customer management<\/p><p>The maximum period of storage of personal data \u2013 10 years<\/p><p>3.4.5. Purpose of processing \u2013 financial activity, accounting<\/p><p>The maximum period of storage of personal data - according to the deadlines specified in the law<\/p><p>3.4.6. Purpose of processing - marketing<\/p><p>The maximum period of storage of personal data \u2013 10 years<\/p><p>\u00a0<\/p><p>3.5. The data processor has the right to share customers' personal data with third parties, such as authorized data processors, accountants, transport and courier companies, companies providing transfer services. The data processor is the responsible processor of personal data. The data processor transmits the personal data necessary for making payments to the authorized processor Maksekeskus AS.<\/p><p>3.6. When processing and storing the personal data of the data subject, the data processor implements organizational and technical measures that ensure the protection of personal data against accidental or illegal destruction, modification, disclosure and any other illegal processing.<\/p><p>3.7. The data processor stores the data of the data subjects depending on the purpose of the processing, but not longer than 10 years.<\/p><ol start=\"4\"><li><b>Rights of the data subject<\/b><\/li><\/ol><p>4.1. The data subject has the right to access and review their personal data.<\/p><p>4.2. The data subject has the right to receive information about the processing of their personal data.<\/p><p>4.3. The data subject has the right to supplement or correct inaccurate data.<\/p><p>4.4. If the data processor processes the data subject's personal data on the basis of the data subject's consent, the data subject has the right to withdraw the consent at any time.<\/p><p>4.5. The data subject can contact the customer support of the e-store by e-mailing info@fibami.com to exercise their rights.<\/p><p>4.6. The data subject can file a complaint with the Data Protection Inspectorate to protect their rights.<\/p><ol start=\"5\"><li><b>Final provisions<\/b><\/li><\/ol><p>5.1. These data protection conditions have been drawn up in accordance with Regulation (EU) No. 2016\/679 of the European Parliament and of the Council on the protection of natural persons in the processing of personal data and the free movement of such data and on the repeal of Directive 95\/46 \/ EC \/ EC (General Regulation on the Protection of Personal Data), Personal Data Protection of the Republic of Estonia law and legislation of the Republic of Estonia and the European Union.<\/p><p>5.2. The data processor has the right to partially or completely change the data protection conditions by notifying the data subjects of the changes via the website www.fibami.com .<\/p>\t\t\t\t\t\t\t\t<\/div>\n\t\t\t\t<\/div>\n\t\t\t\t\t<\/div>\n\t\t<\/div>\n\t\t\t\t\t<\/div>\n\t\t<\/section>\n\t\t\t\t<\/div>","protected":false},"excerpt":{"rendered":"<p>\u00dclds\u00e4tted 1.1. K\u00e4esolev privaatsuspoliitika reguleerib isikuandmete kogumist, t\u00f6\u00f6tlemist ja s\u00e4ilitamist k\u00e4sitlevaid p\u00f5him\u00f5tteid. Isikuandmeid kogub t\u00f6\u00f6tleb ja s\u00e4ilitab isikuandmete vastutav t\u00f6\u00f6tleja Fibami O\u00fc (edaspidi andmet\u00f6\u00f6tleja). 1.2. Andmesubjekt privaatsuspoliitika t\u00e4henduses on klient v\u00f5i muu f\u00fc\u00fcsiline isik, kelle isikuandmeid andmet\u00f6\u00f6tleja t\u00f6\u00f6tleb. 1.3. Klient privaatsuspoliitika t\u00e4henduses on iga\u00fcks, kes ostab andmet\u00f6\u00f6tleja kodulehelt kaupu v\u00f5i&hellip;<\/p>","protected":false},"author":1,"featured_media":0,"parent":0,"menu_order":0,"comment_status":"closed","ping_status":"closed","template":"","meta":{"footnotes":""},"class_list":["post-1039","page","type-page","status-publish","hentry"],"yoast_head":"<!-- This site is optimized with the Yoast SEO plugin v27.5 - https:\/\/yoast.com\/product\/yoast-seo-wordpress\/ -->\n<title>Privaatsuspoliitika - Fibami<\/title>\n<meta name=\"robots\" content=\"index, follow, max-snippet:-1, max-image-preview:large, max-video-preview:-1\" \/>\n<link rel=\"canonical\" href=\"https:\/\/www.fibami.com\/en\/privaatsuspoliitika\/\" \/>\n<meta property=\"og:locale\" content=\"en_GB\" \/>\n<meta property=\"og:type\" content=\"article\" \/>\n<meta property=\"og:title\" content=\"Privaatsuspoliitika - Fibami\" \/>\n<meta property=\"og:description\" content=\"\u00dclds\u00e4tted 1.1. K\u00e4esolev privaatsuspoliitika reguleerib isikuandmete kogumist, t\u00f6\u00f6tlemist ja s\u00e4ilitamist k\u00e4sitlevaid p\u00f5him\u00f5tteid. Isikuandmeid kogub t\u00f6\u00f6tleb ja s\u00e4ilitab isikuandmete vastutav t\u00f6\u00f6tleja Fibami O\u00fc (edaspidi andmet\u00f6\u00f6tleja). 1.2. Andmesubjekt privaatsuspoliitika t\u00e4henduses on klient v\u00f5i muu f\u00fc\u00fcsiline isik, kelle isikuandmeid andmet\u00f6\u00f6tleja t\u00f6\u00f6tleb. 1.3. Klient privaatsuspoliitika t\u00e4henduses on iga\u00fcks, kes ostab andmet\u00f6\u00f6tleja kodulehelt kaupu v\u00f5i&hellip;\" \/>\n<meta property=\"og:url\" content=\"https:\/\/www.fibami.com\/en\/privaatsuspoliitika\/\" \/>\n<meta property=\"og:site_name\" content=\"Fibami\" \/>\n<meta property=\"article:modified_time\" content=\"2022-02-03T13:09:35+00:00\" \/>\n<meta name=\"twitter:card\" content=\"summary_large_image\" \/>\n<meta name=\"twitter:label1\" content=\"Estimated reading time\" \/>\n\t<meta name=\"twitter:data1\" content=\"4 minutes\" \/>\n<script type=\"application\/ld+json\" class=\"yoast-schema-graph\">{\"@context\":\"https:\\\/\\\/schema.org\",\"@graph\":[{\"@type\":\"WebPage\",\"@id\":\"https:\\\/\\\/www.fibami.com\\\/privaatsuspoliitika\\\/\",\"url\":\"https:\\\/\\\/www.fibami.com\\\/privaatsuspoliitika\\\/\",\"name\":\"Privaatsuspoliitika - Fibami\",\"isPartOf\":{\"@id\":\"https:\\\/\\\/www.fibami.com\\\/#website\"},\"datePublished\":\"2021-06-02T10:08:46+00:00\",\"dateModified\":\"2022-02-03T13:09:35+00:00\",\"breadcrumb\":{\"@id\":\"https:\\\/\\\/www.fibami.com\\\/privaatsuspoliitika\\\/#breadcrumb\"},\"inLanguage\":\"en-GB\",\"potentialAction\":[{\"@type\":\"ReadAction\",\"target\":[\"https:\\\/\\\/www.fibami.com\\\/privaatsuspoliitika\\\/\"]}]},{\"@type\":\"BreadcrumbList\",\"@id\":\"https:\\\/\\\/www.fibami.com\\\/privaatsuspoliitika\\\/#breadcrumb\",\"itemListElement\":[{\"@type\":\"ListItem\",\"position\":1,\"name\":\"Home\",\"item\":\"https:\\\/\\\/www.fibami.com\\\/\"},{\"@type\":\"ListItem\",\"position\":2,\"name\":\"Privaatsuspoliitika\"}]},{\"@type\":\"WebSite\",\"@id\":\"https:\\\/\\\/www.fibami.com\\\/#website\",\"url\":\"https:\\\/\\\/www.fibami.com\\\/\",\"name\":\"Fibami\",\"description\":\"\",\"potentialAction\":[{\"@type\":\"SearchAction\",\"target\":{\"@type\":\"EntryPoint\",\"urlTemplate\":\"https:\\\/\\\/www.fibami.com\\\/?s={search_term_string}\"},\"query-input\":{\"@type\":\"PropertyValueSpecification\",\"valueRequired\":true,\"valueName\":\"search_term_string\"}}],\"inLanguage\":\"en-GB\"}]}<\/script>\n<!-- \/ Yoast SEO plugin. -->","yoast_head_json":{"title":"Privaatsuspoliitika - Fibami","robots":{"index":"index","follow":"follow","max-snippet":"max-snippet:-1","max-image-preview":"max-image-preview:large","max-video-preview":"max-video-preview:-1"},"canonical":"https:\/\/www.fibami.com\/en\/privaatsuspoliitika\/","og_locale":"en_GB","og_type":"article","og_title":"Privaatsuspoliitika - Fibami","og_description":"\u00dclds\u00e4tted 1.1. K\u00e4esolev privaatsuspoliitika reguleerib isikuandmete kogumist, t\u00f6\u00f6tlemist ja s\u00e4ilitamist k\u00e4sitlevaid p\u00f5him\u00f5tteid. Isikuandmeid kogub t\u00f6\u00f6tleb ja s\u00e4ilitab isikuandmete vastutav t\u00f6\u00f6tleja Fibami O\u00fc (edaspidi andmet\u00f6\u00f6tleja). 1.2. Andmesubjekt privaatsuspoliitika t\u00e4henduses on klient v\u00f5i muu f\u00fc\u00fcsiline isik, kelle isikuandmeid andmet\u00f6\u00f6tleja t\u00f6\u00f6tleb. 1.3. Klient privaatsuspoliitika t\u00e4henduses on iga\u00fcks, kes ostab andmet\u00f6\u00f6tleja kodulehelt kaupu v\u00f5i&hellip;","og_url":"https:\/\/www.fibami.com\/en\/privaatsuspoliitika\/","og_site_name":"Fibami","article_modified_time":"2022-02-03T13:09:35+00:00","twitter_card":"summary_large_image","twitter_misc":{"Estimated reading time":"4 minutes"},"schema":{"@context":"https:\/\/schema.org","@graph":[{"@type":"WebPage","@id":"https:\/\/www.fibami.com\/privaatsuspoliitika\/","url":"https:\/\/www.fibami.com\/privaatsuspoliitika\/","name":"Privaatsuspoliitika - Fibami","isPartOf":{"@id":"https:\/\/www.fibami.com\/#website"},"datePublished":"2021-06-02T10:08:46+00:00","dateModified":"2022-02-03T13:09:35+00:00","breadcrumb":{"@id":"https:\/\/www.fibami.com\/privaatsuspoliitika\/#breadcrumb"},"inLanguage":"en-GB","potentialAction":[{"@type":"ReadAction","target":["https:\/\/www.fibami.com\/privaatsuspoliitika\/"]}]},{"@type":"BreadcrumbList","@id":"https:\/\/www.fibami.com\/privaatsuspoliitika\/#breadcrumb","itemListElement":[{"@type":"ListItem","position":1,"name":"Home","item":"https:\/\/www.fibami.com\/"},{"@type":"ListItem","position":2,"name":"Privaatsuspoliitika"}]},{"@type":"WebSite","@id":"https:\/\/www.fibami.com\/#website","url":"https:\/\/www.fibami.com\/","name":"Fibami","description":"","potentialAction":[{"@type":"SearchAction","target":{"@type":"EntryPoint","urlTemplate":"https:\/\/www.fibami.com\/?s={search_term_string}"},"query-input":{"@type":"PropertyValueSpecification","valueRequired":true,"valueName":"search_term_string"}}],"inLanguage":"en-GB"}]}},"_links":{"self":[{"href":"https:\/\/www.fibami.com\/en\/wp-json\/wp\/v2\/pages\/1039","targetHints":{"allow":["GET"]}}],"collection":[{"href":"https:\/\/www.fibami.com\/en\/wp-json\/wp\/v2\/pages"}],"about":[{"href":"https:\/\/www.fibami.com\/en\/wp-json\/wp\/v2\/types\/page"}],"author":[{"embeddable":true,"href":"https:\/\/www.fibami.com\/en\/wp-json\/wp\/v2\/users\/1"}],"replies":[{"embeddable":true,"href":"https:\/\/www.fibami.com\/en\/wp-json\/wp\/v2\/comments?post=1039"}],"version-history":[{"count":5,"href":"https:\/\/www.fibami.com\/en\/wp-json\/wp\/v2\/pages\/1039\/revisions"}],"predecessor-version":[{"id":5194,"href":"https:\/\/www.fibami.com\/en\/wp-json\/wp\/v2\/pages\/1039\/revisions\/5194"}],"wp:attachment":[{"href":"https:\/\/www.fibami.com\/en\/wp-json\/wp\/v2\/media?parent=1039"}],"curies":[{"name":"wp","href":"https:\/\/api.w.org\/{rel}","templated":true}]}}