{"id":11131,"date":"2023-05-29T20:43:55","date_gmt":"2023-05-29T17:43:55","guid":{"rendered":"https:\/\/www.fibami.com\/?page_id=11131"},"modified":"2024-01-31T11:45:29","modified_gmt":"2024-01-31T08:45:29","slug":"esto3-makseviisid","status":"publish","type":"page","link":"https:\/\/www.fibami.com\/en\/esto3-makseviisid\/","title":{"rendered":"ESTO payments"},"content":{"rendered":"<h2 class=\"wp-block-heading\"><strong>ESTO 3<\/strong><\/h2>\n\n\n\n<p>ESTO 3 is a new generation of payment method that allows you to pay conveniently and quickly - in three equal installments, with no extra fees!<\/p>\n\n\n\n<figure class=\"wp-block-image size-full\"><img fetchpriority=\"high\" decoding=\"async\" width=\"1000\" height=\"523\" src=\"https:\/\/www.fibami.com\/wp-content\/uploads\/2024\/01\/ESTO3-BANNER.jpg\" alt=\"\" class=\"wp-image-14544\" srcset=\"https:\/\/www.fibami.com\/wp-content\/uploads\/2024\/01\/ESTO3-BANNER.jpg 1000w, https:\/\/www.fibami.com\/wp-content\/uploads\/2024\/01\/ESTO3-BANNER-300x157.jpg 300w, https:\/\/www.fibami.com\/wp-content\/uploads\/2024\/01\/ESTO3-BANNER-768x402.jpg 768w, https:\/\/www.fibami.com\/wp-content\/uploads\/2024\/01\/ESTO3-BANNER-18x9.jpg 18w, https:\/\/www.fibami.com\/wp-content\/uploads\/2024\/01\/ESTO3-BANNER-150x78.jpg 150w, https:\/\/www.fibami.com\/wp-content\/uploads\/2024\/01\/ESTO3-BANNER-900x471.jpg 900w\" sizes=\"(max-width: 1000px) 100vw, 1000px\" \/><\/figure>\n\n\n\n<p>Choose the most popular ESTO 3-part payment method at the checkout to pay for your purchases!<\/p>\n\n\n\n<p>ESTO 3 helps you split your purchase easily into 3 equal parts, with 0\u20ac interest and 0\u20ac extra fees!.<\/p>\n\n\n\n<p>\u2981\tNo extra charges<br>\u2981\tJust three equal payments over a period of three months.<br>\u2981\tThe first payment is always on the next month<\/p>\n\n\n\n<p>ESTO 3 is offered and managed by ESTO AS.<\/p>\n\n\n\n<hr class=\"wp-block-separator has-alpha-channel-opacity\"\/>\n\n\n\n<h2 class=\"wp-block-heading\">ESTO hire-purchase<\/h2>\n\n\n\n<p>Don't want to pay the whole amount at once? Pay in installments!<\/p>\n\n\n\n<figure class=\"wp-block-image size-full\"><img decoding=\"async\" width=\"1000\" height=\"523\" src=\"https:\/\/www.fibami.com\/wp-content\/uploads\/2024\/01\/Jarelmaks_banner.jpg\" alt=\"\" class=\"wp-image-14545\" srcset=\"https:\/\/www.fibami.com\/wp-content\/uploads\/2024\/01\/Jarelmaks_banner.jpg 1000w, https:\/\/www.fibami.com\/wp-content\/uploads\/2024\/01\/Jarelmaks_banner-300x157.jpg 300w, https:\/\/www.fibami.com\/wp-content\/uploads\/2024\/01\/Jarelmaks_banner-768x402.jpg 768w, https:\/\/www.fibami.com\/wp-content\/uploads\/2024\/01\/Jarelmaks_banner-18x9.jpg 18w, https:\/\/www.fibami.com\/wp-content\/uploads\/2024\/01\/Jarelmaks_banner-150x78.jpg 150w, https:\/\/www.fibami.com\/wp-content\/uploads\/2024\/01\/Jarelmaks_banner-900x471.jpg 900w\" sizes=\"(max-width: 1000px) 100vw, 1000px\" \/><\/figure>\n\n\n\n<p>ESTO hire-purchase is the fastest and most convenient payment solution that helps  you set up a payment schedule based on the period of your choice. The payment solution makes the decision in real time and you can complete your purchase in less than 60 seconds.<\/p>\n\n\n\n<p><br>Add the products you need to your shopping cart, confirm your order and choose ESTO hire-purchase as a payment method. When confirming your purchase, select your preferred repayment period, monthly installment amount and sign digitally and conveniently using your ID card, Smart ID or Mobile ID.<\/p>\n\n\n\n<p><br>\u2981\tAll citizens of the Republic of Estonia aged between 18 and 70 can apply for an ESTO hire-purchase<br>\u2981\tESTO hire-purchase can be signed quickly and conveniently for legal entities.<br>\u2981\tESTO hire-purchase is offered and managed by ESTO AS.<\/p>\n\n\n\n<p><br><strong>T\u00c4HELEPANU!<\/strong> Attention! Before signing the contract, carefully read the terms of the proposed contract and, if necessary, consult with an employee of ESTO AS or another specialist.  ESTO AS loan annual percentage rate is 23.63% under the following example conditions: loan amount 1490 euros, cost of goods\/services 1490 euros, down payment 0%, fixed interest rate 11.90%, contract fee 0 euros, total amount loan and repayment of 1844.64 euros, subject to repayment of the loan within 24 months, in equal monthly instalments of 76.86 euros. Before concluding the contract, read the terms and conditions and, if necessary, consult with a specialist. The hire purchase service is offered and regulated by ESTO AS.<\/p>\n\n\n\n<hr class=\"wp-block-separator has-alpha-channel-opacity\"\/>\n\n\n\n<h2 class=\"wp-block-heading\">ESTO Pay later<\/h2>\n\n\n\n<p>Be smart and choose ESTO Pay Later to pay for your purchases!<\/p>\n\n\n\n<figure class=\"wp-block-image size-large\"><img decoding=\"async\" width=\"1024\" height=\"657\" src=\"https:\/\/www.fibami.com\/wp-content\/uploads\/2024\/01\/MAKSA-HILJEM-BANNER-1-1024x657.jpg\" alt=\"\" class=\"wp-image-14546\" srcset=\"https:\/\/www.fibami.com\/wp-content\/uploads\/2024\/01\/MAKSA-HILJEM-BANNER-1-1024x657.jpg 1024w, https:\/\/www.fibami.com\/wp-content\/uploads\/2024\/01\/MAKSA-HILJEM-BANNER-1-300x192.jpg 300w, https:\/\/www.fibami.com\/wp-content\/uploads\/2024\/01\/MAKSA-HILJEM-BANNER-1-768x492.jpg 768w, https:\/\/www.fibami.com\/wp-content\/uploads\/2024\/01\/MAKSA-HILJEM-BANNER-1-1536x985.jpg 1536w, https:\/\/www.fibami.com\/wp-content\/uploads\/2024\/01\/MAKSA-HILJEM-BANNER-1-18x12.jpg 18w, https:\/\/www.fibami.com\/wp-content\/uploads\/2024\/01\/MAKSA-HILJEM-BANNER-1-150x96.jpg 150w, https:\/\/www.fibami.com\/wp-content\/uploads\/2024\/01\/MAKSA-HILJEM-BANNER-1-900x577.jpg 900w, https:\/\/www.fibami.com\/wp-content\/uploads\/2024\/01\/MAKSA-HILJEM-BANNER-1.jpg 1920w\" sizes=\"(max-width: 1024px) 100vw, 1024px\" \/><\/figure>\n\n\n\n<p>Confirm your purchase with just a few clicks and pay back without any extra cost.<\/p>\n\n\n\n<p><br>Get exactly what you need with just a few clicks - no interest, no surcharge and no deposit.<\/p>\n\n\n\n<p><br>ESTO Pay Later is a smart way for people to pay - get your goods now and pay back on a flexible repayment schedule.<\/p>\n\n\n\n<figure class=\"wp-block-image size-large\"><img loading=\"lazy\" decoding=\"async\" width=\"1024\" height=\"204\" src=\"https:\/\/www.fibami.com\/wp-content\/uploads\/2024\/01\/MAKSA-HILJEM-BANNER-3-1024x204.jpg\" alt=\"\" class=\"wp-image-14547\" srcset=\"https:\/\/www.fibami.com\/wp-content\/uploads\/2024\/01\/MAKSA-HILJEM-BANNER-3-1024x204.jpg 1024w, https:\/\/www.fibami.com\/wp-content\/uploads\/2024\/01\/MAKSA-HILJEM-BANNER-3-300x60.jpg 300w, https:\/\/www.fibami.com\/wp-content\/uploads\/2024\/01\/MAKSA-HILJEM-BANNER-3-768x153.jpg 768w, https:\/\/www.fibami.com\/wp-content\/uploads\/2024\/01\/MAKSA-HILJEM-BANNER-3-1536x306.jpg 1536w, https:\/\/www.fibami.com\/wp-content\/uploads\/2024\/01\/MAKSA-HILJEM-BANNER-3-18x4.jpg 18w, https:\/\/www.fibami.com\/wp-content\/uploads\/2024\/01\/MAKSA-HILJEM-BANNER-3-150x30.jpg 150w, https:\/\/www.fibami.com\/wp-content\/uploads\/2024\/01\/MAKSA-HILJEM-BANNER-3-900x179.jpg 900w, https:\/\/www.fibami.com\/wp-content\/uploads\/2024\/01\/MAKSA-HILJEM-BANNER-3.jpg 1920w\" sizes=\"(max-width: 1024px) 100vw, 1024px\" \/><\/figure>\n\n\n\n<p><strong>Esto Pay Later is offered and managed by ESTO AS.<\/strong><\/p>\n\n\n\n<p><br><strong>MIS ON ESTO?<\/strong> WHAT IS ESTO?\nESTO is a financial services company that dates back to 2016 and was born out of the need for a new generation of payment solutions, suitable for both the end consumer and the merchant. Today ESTO offers the widest range of payment solutions in the Baltics and has a partner network of more than 2,600 partners and stores and over 300,000 customers.<\/p>\n\n\n\n<p>See the terms and conditions here: esto.eu\/ee\nIf you need help, contact an ESTO AS employee at info@esto.ee or via www.esto.ee LIVE-chat window.<\/p>","protected":false},"excerpt":{"rendered":"<p>ESTO 3 ESTO 3 makseviis on innovatiivne lahendus, mis v\u00f5imaldab ostu kinnitada ja tasuda mugavalt ning kiirelt &#8211; kolmes v\u00f5rdses osas, ilma lisatasudeta! Vali e-poe kassas oma ostude eest tasumiseks \u00fclimalt populaarne ESTO 3-osaline makseviis! ESTO 3 aitab jagada ostusumma kuni 3-ks v\u00f5rdseks osaks. \u2981 \u00dchtegi lisatasu ei lisandu.\u2981 Lihtsalt&hellip;<\/p>","protected":false},"author":2,"featured_media":0,"parent":0,"menu_order":0,"comment_status":"closed","ping_status":"closed","template":"","meta":{"footnotes":""},"class_list":["post-11131","page","type-page","status-publish","hentry"],"yoast_head":"<!-- This site is optimized with the Yoast SEO plugin v27.3 - https:\/\/yoast.com\/product\/yoast-seo-wordpress\/ -->\n<title>ESTO makseviisid - Fibami<\/title>\n<meta name=\"robots\" content=\"index, follow, max-snippet:-1, max-image-preview:large, max-video-preview:-1\" \/>\n<link rel=\"canonical\" href=\"https:\/\/www.fibami.com\/en\/esto3-makseviisid\/\" \/>\n<meta property=\"og:locale\" content=\"en_GB\" \/>\n<meta property=\"og:type\" content=\"article\" \/>\n<meta property=\"og:title\" content=\"ESTO makseviisid - Fibami\" \/>\n<meta property=\"og:description\" content=\"ESTO 3 ESTO 3 makseviis on innovatiivne lahendus, mis v\u00f5imaldab ostu kinnitada ja tasuda mugavalt ning kiirelt &#8211; kolmes v\u00f5rdses osas, ilma lisatasudeta! Vali e-poe kassas oma ostude eest tasumiseks \u00fclimalt populaarne ESTO 3-osaline makseviis! ESTO 3 aitab jagada ostusumma kuni 3-ks v\u00f5rdseks osaks. \u2981 \u00dchtegi lisatasu ei lisandu.\u2981 Lihtsalt&hellip;\" \/>\n<meta property=\"og:url\" content=\"https:\/\/www.fibami.com\/en\/esto3-makseviisid\/\" \/>\n<meta property=\"og:site_name\" content=\"Fibami\" \/>\n<meta property=\"article:modified_time\" content=\"2024-01-31T08:45:29+00:00\" \/>\n<meta property=\"og:image\" content=\"https:\/\/www.fibami.com\/wp-content\/uploads\/2024\/01\/ESTO3-BANNER.jpg\" \/>\n<meta name=\"twitter:card\" content=\"summary_large_image\" \/>\n<script type=\"application\/ld+json\" class=\"yoast-schema-graph\">{\"@context\":\"https:\\\/\\\/schema.org\",\"@graph\":[{\"@type\":\"WebPage\",\"@id\":\"https:\\\/\\\/www.fibami.com\\\/esto3-makseviisid\\\/\",\"url\":\"https:\\\/\\\/www.fibami.com\\\/esto3-makseviisid\\\/\",\"name\":\"ESTO makseviisid - Fibami\",\"isPartOf\":{\"@id\":\"https:\\\/\\\/www.fibami.com\\\/#website\"},\"primaryImageOfPage\":{\"@id\":\"https:\\\/\\\/www.fibami.com\\\/esto3-makseviisid\\\/#primaryimage\"},\"image\":{\"@id\":\"https:\\\/\\\/www.fibami.com\\\/esto3-makseviisid\\\/#primaryimage\"},\"thumbnailUrl\":\"https:\\\/\\\/www.fibami.com\\\/wp-content\\\/uploads\\\/2024\\\/01\\\/ESTO3-BANNER.jpg\",\"datePublished\":\"2023-05-29T17:43:55+00:00\",\"dateModified\":\"2024-01-31T08:45:29+00:00\",\"breadcrumb\":{\"@id\":\"https:\\\/\\\/www.fibami.com\\\/esto3-makseviisid\\\/#breadcrumb\"},\"inLanguage\":\"en-GB\",\"potentialAction\":[{\"@type\":\"ReadAction\",\"target\":[\"https:\\\/\\\/www.fibami.com\\\/esto3-makseviisid\\\/\"]}]},{\"@type\":\"ImageObject\",\"inLanguage\":\"en-GB\",\"@id\":\"https:\\\/\\\/www.fibami.com\\\/esto3-makseviisid\\\/#primaryimage\",\"url\":\"https:\\\/\\\/www.fibami.com\\\/wp-content\\\/uploads\\\/2024\\\/01\\\/ESTO3-BANNER.jpg\",\"contentUrl\":\"https:\\\/\\\/www.fibami.com\\\/wp-content\\\/uploads\\\/2024\\\/01\\\/ESTO3-BANNER.jpg\"},{\"@type\":\"BreadcrumbList\",\"@id\":\"https:\\\/\\\/www.fibami.com\\\/esto3-makseviisid\\\/#breadcrumb\",\"itemListElement\":[{\"@type\":\"ListItem\",\"position\":1,\"name\":\"Home\",\"item\":\"https:\\\/\\\/www.fibami.com\\\/\"},{\"@type\":\"ListItem\",\"position\":2,\"name\":\"ESTO makseviisid\"}]},{\"@type\":\"WebSite\",\"@id\":\"https:\\\/\\\/www.fibami.com\\\/#website\",\"url\":\"https:\\\/\\\/www.fibami.com\\\/\",\"name\":\"Fibami\",\"description\":\"\",\"potentialAction\":[{\"@type\":\"SearchAction\",\"target\":{\"@type\":\"EntryPoint\",\"urlTemplate\":\"https:\\\/\\\/www.fibami.com\\\/?s={search_term_string}\"},\"query-input\":{\"@type\":\"PropertyValueSpecification\",\"valueRequired\":true,\"valueName\":\"search_term_string\"}}],\"inLanguage\":\"en-GB\"}]}<\/script>\n<!-- \/ Yoast SEO plugin. -->","yoast_head_json":{"title":"ESTO makseviisid - Fibami","robots":{"index":"index","follow":"follow","max-snippet":"max-snippet:-1","max-image-preview":"max-image-preview:large","max-video-preview":"max-video-preview:-1"},"canonical":"https:\/\/www.fibami.com\/en\/esto3-makseviisid\/","og_locale":"en_GB","og_type":"article","og_title":"ESTO makseviisid - Fibami","og_description":"ESTO 3 ESTO 3 makseviis on innovatiivne lahendus, mis v\u00f5imaldab ostu kinnitada ja tasuda mugavalt ning kiirelt &#8211; kolmes v\u00f5rdses osas, ilma lisatasudeta! Vali e-poe kassas oma ostude eest tasumiseks \u00fclimalt populaarne ESTO 3-osaline makseviis! ESTO 3 aitab jagada ostusumma kuni 3-ks v\u00f5rdseks osaks. \u2981 \u00dchtegi lisatasu ei lisandu.\u2981 Lihtsalt&hellip;","og_url":"https:\/\/www.fibami.com\/en\/esto3-makseviisid\/","og_site_name":"Fibami","article_modified_time":"2024-01-31T08:45:29+00:00","og_image":[{"url":"https:\/\/www.fibami.com\/wp-content\/uploads\/2024\/01\/ESTO3-BANNER.jpg","type":"","width":"","height":""}],"twitter_card":"summary_large_image","schema":{"@context":"https:\/\/schema.org","@graph":[{"@type":"WebPage","@id":"https:\/\/www.fibami.com\/esto3-makseviisid\/","url":"https:\/\/www.fibami.com\/esto3-makseviisid\/","name":"ESTO makseviisid - Fibami","isPartOf":{"@id":"https:\/\/www.fibami.com\/#website"},"primaryImageOfPage":{"@id":"https:\/\/www.fibami.com\/esto3-makseviisid\/#primaryimage"},"image":{"@id":"https:\/\/www.fibami.com\/esto3-makseviisid\/#primaryimage"},"thumbnailUrl":"https:\/\/www.fibami.com\/wp-content\/uploads\/2024\/01\/ESTO3-BANNER.jpg","datePublished":"2023-05-29T17:43:55+00:00","dateModified":"2024-01-31T08:45:29+00:00","breadcrumb":{"@id":"https:\/\/www.fibami.com\/esto3-makseviisid\/#breadcrumb"},"inLanguage":"en-GB","potentialAction":[{"@type":"ReadAction","target":["https:\/\/www.fibami.com\/esto3-makseviisid\/"]}]},{"@type":"ImageObject","inLanguage":"en-GB","@id":"https:\/\/www.fibami.com\/esto3-makseviisid\/#primaryimage","url":"https:\/\/www.fibami.com\/wp-content\/uploads\/2024\/01\/ESTO3-BANNER.jpg","contentUrl":"https:\/\/www.fibami.com\/wp-content\/uploads\/2024\/01\/ESTO3-BANNER.jpg"},{"@type":"BreadcrumbList","@id":"https:\/\/www.fibami.com\/esto3-makseviisid\/#breadcrumb","itemListElement":[{"@type":"ListItem","position":1,"name":"Home","item":"https:\/\/www.fibami.com\/"},{"@type":"ListItem","position":2,"name":"ESTO makseviisid"}]},{"@type":"WebSite","@id":"https:\/\/www.fibami.com\/#website","url":"https:\/\/www.fibami.com\/","name":"Fibami","description":"","potentialAction":[{"@type":"SearchAction","target":{"@type":"EntryPoint","urlTemplate":"https:\/\/www.fibami.com\/?s={search_term_string}"},"query-input":{"@type":"PropertyValueSpecification","valueRequired":true,"valueName":"search_term_string"}}],"inLanguage":"en-GB"}]}},"_links":{"self":[{"href":"https:\/\/www.fibami.com\/en\/wp-json\/wp\/v2\/pages\/11131","targetHints":{"allow":["GET"]}}],"collection":[{"href":"https:\/\/www.fibami.com\/en\/wp-json\/wp\/v2\/pages"}],"about":[{"href":"https:\/\/www.fibami.com\/en\/wp-json\/wp\/v2\/types\/page"}],"author":[{"embeddable":true,"href":"https:\/\/www.fibami.com\/en\/wp-json\/wp\/v2\/users\/2"}],"replies":[{"embeddable":true,"href":"https:\/\/www.fibami.com\/en\/wp-json\/wp\/v2\/comments?post=11131"}],"version-history":[{"count":4,"href":"https:\/\/www.fibami.com\/en\/wp-json\/wp\/v2\/pages\/11131\/revisions"}],"predecessor-version":[{"id":14550,"href":"https:\/\/www.fibami.com\/en\/wp-json\/wp\/v2\/pages\/11131\/revisions\/14550"}],"wp:attachment":[{"href":"https:\/\/www.fibami.com\/en\/wp-json\/wp\/v2\/media?parent=11131"}],"curies":[{"name":"wp","href":"https:\/\/api.w.org\/{rel}","templated":true}]}}