{"id":1535,"date":"2021-06-06T13:04:11","date_gmt":"2021-06-06T10:04:11","guid":{"rendered":"https:\/\/www.fibami.com\/?page_id=1535"},"modified":"2022-09-21T10:42:37","modified_gmt":"2022-09-21T07:42:37","slug":"materjalid","status":"publish","type":"page","link":"https:\/\/www.fibami.com\/en\/materjalid\/","title":{"rendered":"Materials"},"content":{"rendered":"<div data-elementor-type=\"wp-page\" data-elementor-id=\"1535\" class=\"elementor elementor-1535\">\n\t\t\t\t\t\t<section class=\"elementor-section elementor-top-section elementor-element elementor-element-c618d85 elementor-section-boxed elementor-section-height-default elementor-section-height-default\" data-id=\"c618d85\" data-element_type=\"section\" data-e-type=\"section\">\n\t\t\t\t\t\t<div class=\"elementor-container elementor-column-gap-default\">\n\t\t\t\t\t<div class=\"elementor-column elementor-col-100 elementor-top-column elementor-element elementor-element-927875b\" data-id=\"927875b\" data-element_type=\"column\" data-e-type=\"column\">\n\t\t\t<div class=\"elementor-widget-wrap\">\n\t\t\t\t\t\t\t<\/div>\n\t\t<\/div>\n\t\t\t\t\t<\/div>\n\t\t<\/section>\n\t\t\t\t<section class=\"elementor-section elementor-top-section elementor-element elementor-element-3b18368 elementor-section-boxed elementor-section-height-default elementor-section-height-default\" data-id=\"3b18368\" data-element_type=\"section\" data-e-type=\"section\">\n\t\t\t\t\t\t<div class=\"elementor-container elementor-column-gap-default\">\n\t\t\t\t\t<div class=\"elementor-column elementor-col-100 elementor-top-column elementor-element elementor-element-5854431\" data-id=\"5854431\" data-element_type=\"column\" data-e-type=\"column\">\n\t\t\t<div class=\"elementor-widget-wrap elementor-element-populated\">\n\t\t\t\t\t\t<div class=\"elementor-element elementor-element-dde4a77 elementor-widget elementor-widget-heading\" data-id=\"dde4a77\" data-element_type=\"widget\" data-e-type=\"widget\" data-widget_type=\"heading.default\">\n\t\t\t\t<div class=\"elementor-widget-container\">\n\t\t\t\t\t<h2 class=\"elementor-heading-title elementor-size-default\">Information about Fibami's materials.<\/h2>\t\t\t\t<\/div>\n\t\t\t\t<\/div>\n\t\t\t\t<div class=\"elementor-element elementor-element-37c1416 elementor-widget elementor-widget-text-editor\" data-id=\"37c1416\" data-element_type=\"widget\" data-e-type=\"widget\" data-widget_type=\"text-editor.default\">\n\t\t\t\t<div class=\"elementor-widget-container\">\n\t\t\t\t\t\t\t\t\t<p><span style=\"color: var( --e-global-color-text ); font-family: var( --e-global-typography-text-font-family ), Sans-serif; font-style: inherit;\">If<\/span><span style=\"color: var( --e-global-color-text ); font-family: var( --e-global-typography-text-font-family ), Sans-serif; font-style: inherit;\"> You have taken a closer look at Fibami's products, You will have noticed that we also talk a lot about the fabrics we use. Our goal is to offer a comfortable and functional product that is not too burdensome for the environment. That is why the choice of fabric plays a very important role in the design and creation of our products. All our fabrics are <strong>OEKO-TEX 100<\/strong> certified and all our sportswear collection is made out of special sports fabrics, that are produced in <strong>BLUESIGN<\/strong> certified factory. In our leisurewear collection we mostly use <strong>bamboo fabric<\/strong>which is natural and ecofriendly material, as well as viscose.\u00a0<\/span><\/p><p style=\"font-size: 15px;\"><b>SPORTSWEAR<br \/><\/b><span style=\"color: var( --e-global-color-text ); font-family: var( --e-global-typography-text-font-family ), Sans-serif;\"><span style=\"font-weight: var( --e-global-typography-text-font-weight );\">We are using the following fabrics:\u00a0<\/span><br \/><\/span><strong style=\"color: var( --e-global-color-text ); font-family: var( --e-global-typography-text-font-family ), Sans-serif;\">Greensoul<\/strong><span style=\"color: var( --e-global-color-text ); font-family: var( --e-global-typography-text-font-family ), Sans-serif;\"><span style=\"font-weight: var( --e-global-typography-text-font-weight );\"> recycling technology, 100% recycled fabrics from plastic bottles.<\/span><br \/><\/span><strong style=\"color: var( --e-global-color-text ); font-family: var( --e-global-typography-text-font-family ), Sans-serif;\">Power Performance<\/strong><span style=\"color: var( --e-global-color-text ); font-family: var( --e-global-typography-text-font-family ), Sans-serif;\"><span style=\"font-weight: var( --e-global-typography-text-font-weight );\"> made for performance sports and are extra durable and breathing.<\/span><br \/><\/span><strong style=\"color: var( --e-global-color-text ); font-family: var( --e-global-typography-text-font-family ), Sans-serif;\">FreshFeel cooling technology<\/strong><span style=\"color: var( --e-global-color-text ); font-family: var( --e-global-typography-text-font-family ), Sans-serif;\"><span style=\"font-weight: var( --e-global-typography-text-font-weight );\"> - fabrics with cooling effect for summer season<\/span><br \/><\/span><span style=\"color: var( --e-global-color-text ); font-family: var( --e-global-typography-text-font-family ), Sans-serif; font-weight: bolder;\">Water Repellent &#8211;<\/span><span style=\"color: var( --e-global-color-text ); font-family: var( --e-global-typography-text-font-family ), Sans-serif;\"><span style=\"font-weight: var( --e-global-typography-text-font-weight );\">\u00a0water repellent fabrics for rainy days.\u00a0<\/span><br \/><\/span><strong style=\"color: var( --e-global-color-text ); font-family: var( --e-global-typography-text-font-family ), Sans-serif;\">Thermal Control<\/strong><span style=\"color: var( --e-global-color-text ); font-family: var( --e-global-typography-text-font-family ), Sans-serif; font-weight: var( --e-global-typography-text-font-weight );\"><span style=\"font-weight: var( --e-global-typography-text-font-weight );\"> - warm fabrics with insulation for winter season.<\/span><\/span><\/p><p><img decoding=\"async\" class=\"alignnone  wp-image-1353\" src=\"https:\/\/www.fibami.com\/wp-content\/uploads\/2021\/06\/Greensoul.png\" alt=\"\" width=\"180\" height=\"101\" srcset=\"https:\/\/www.fibami.com\/wp-content\/uploads\/2021\/06\/Greensoul.png 213w, https:\/\/www.fibami.com\/wp-content\/uploads\/2021\/06\/Greensoul-16x9.png 16w\" sizes=\"(max-width: 180px) 100vw, 180px\" \/>\u00a0 \u00a0 \u00a0<img decoding=\"async\" class=\"alignnone  wp-image-2903\" src=\"https:\/\/www.fibami.com\/wp-content\/uploads\/2021\/10\/power.png\" alt=\"\" width=\"103\" height=\"119\" srcset=\"https:\/\/www.fibami.com\/wp-content\/uploads\/2021\/10\/power.png 110w, https:\/\/www.fibami.com\/wp-content\/uploads\/2021\/10\/power-10x12.png 10w\" sizes=\"(max-width: 103px) 100vw, 103px\" \/>\u00a0 \u00a0 \u00a0 \u00a0<img decoding=\"async\" class=\"alignnone  wp-image-5357\" src=\"https:\/\/www.fibami.com\/wp-content\/uploads\/2022\/03\/freshfeel.png\" alt=\"\" width=\"142\" height=\"115\" srcset=\"https:\/\/www.fibami.com\/wp-content\/uploads\/2022\/03\/freshfeel.png 157w, https:\/\/www.fibami.com\/wp-content\/uploads\/2022\/03\/freshfeel-15x12.png 15w, https:\/\/www.fibami.com\/wp-content\/uploads\/2022\/03\/freshfeel-150x121.png 150w\" sizes=\"(max-width: 142px) 100vw, 142px\" \/>\u00a0 \u00a0 \u00a0 <img loading=\"lazy\" decoding=\"async\" class=\"alignnone  wp-image-8717\" src=\"https:\/\/www.fibami.com\/wp-content\/uploads\/2022\/09\/dwr.png\" alt=\"\" width=\"126\" height=\"121\" srcset=\"https:\/\/www.fibami.com\/wp-content\/uploads\/2022\/09\/dwr.png 132w, https:\/\/www.fibami.com\/wp-content\/uploads\/2022\/09\/dwr-12x12.png 12w\" sizes=\"(max-width: 126px) 100vw, 126px\" \/>\u00a0 \u00a0 <img loading=\"lazy\" decoding=\"async\" class=\"alignnone  wp-image-8718\" src=\"https:\/\/www.fibami.com\/wp-content\/uploads\/2022\/09\/thermal.png\" alt=\"\" width=\"143\" height=\"118\" srcset=\"https:\/\/www.fibami.com\/wp-content\/uploads\/2022\/09\/thermal.png 154w, https:\/\/www.fibami.com\/wp-content\/uploads\/2022\/09\/thermal-15x12.png 15w, https:\/\/www.fibami.com\/wp-content\/uploads\/2022\/09\/thermal-150x124.png 150w\" sizes=\"(max-width: 143px) 100vw, 143px\" \/><\/p><p style=\"font-size: 15px;\"><span style=\"font-weight: bold; color: var( --e-global-color-text ); font-family: var( --e-global-typography-text-font-family ), Sans-serif;\">About certifications and technologies :<\/span><\/p><p style=\"font-size: 15px;\"><span style=\"color: var( --e-global-color-text ); font-family: var( --e-global-typography-text-font-family ), Sans-serif; font-weight: bold;\">BLUESIGN sertifikaat:\u00a0<\/span><span style=\"color: var( --e-global-color-text ); font-family: var( --e-global-typography-text-font-family ), Sans-serif; font-weight: var( --e-global-typography-text-font-weight );\">Our sportswear collection is made of special sports fabrics, which are produced in the factory with the Bluesign label. BLUE WAY by BLUESIGN represents a vision and commitment to responsible and sustainable textile production. BLUESIGN is a system that ensures a safer and more sustainable working environment. The method based on a holistic approach monitors the path of each textile in the production process, making improvements in each operation. To ensure trust and transparency, Bluesign is the only independent certified verifier of the solutions it has developed. The Bluesign system can be implemented step by step in the company to be constantly moving towards sustainable processes.<\/span><span style=\"font-weight: bold; color: var( --e-global-color-text ); font-family: var( --e-global-typography-text-font-family ), Sans-serif;\"><br \/><\/span><\/p><p style=\"font-size: 15px;\"><span style=\"font-weight: bold; color: var( --e-global-color-text ); font-family: var( --e-global-typography-text-font-family ), Sans-serif;\">Greensoul <\/span><span style=\"color: var( --e-global-color-text ); font-family: var( --e-global-typography-text-font-family ), Sans-serif;\">Recycling Technology<\/span><span style=\"color: var( --e-global-color-text ); font-family: var( --e-global-typography-text-font-family ), Sans-serif; font-weight: var( --e-global-typography-text-font-weight );\">includes three different options: Sustainable recycled fibers are obtained from: 1) 100% post-consumer polyester yarns. 2) 100% of recycled nylon from pre-consumption industrial residues and 3) up to 65% of recycled nylon from post-consumption industrial residues.<\/span><span style=\"color: var( --e-global-color-text ); font-family: var( --e-global-typography-text-font-family ), Sans-serif; font-size: 16px; font-weight: bold; font-style: inherit;\">\u00a0\u00a0<\/span><\/p><p style=\"font-size: 15px; font-style: normal; font-weight: 400;\"><span style=\"font-weight: bold;\">OEKO-TEX 100 STANDARD<\/span>\u00a0\u2013 this certification is controlled and regulated by an international independent\u00a0<a href=\"https:\/\/www.oeko-tex.com\/en\/apply-here\/standard-100-by-oeko-tex\">testing and certification system for textiles<\/a>. Both finished products and materials such as fabrics, yarns, accessories, seams, buttons and more are tested. The fabrics which we use to make our products have been tested.<br \/>Manufacturers who have the OEKO-TEX 100 certification have passed the tests for the control of harmful substances - the control of unauthorized and harmful chemicals. These companies are constantly inspected after we have been certified, so this gives us, as a consumer, confidence in the accuracy of the label.<\/p><p style=\"font-size: 15px; font-style: normal; font-weight: 400;\">\u00a0<\/p>\t\t\t\t\t\t\t\t<\/div>\n\t\t\t\t<\/div>\n\t\t\t\t\t<\/div>\n\t\t<\/div>\n\t\t\t\t\t<\/div>\n\t\t<\/section>\n\t\t\t\t<\/div>","protected":false},"excerpt":{"rendered":"<p>Lisainfo Fibami materjalide kohta Kui oled l\u00e4hemalt Fibami mudelitega tutvunud, siis oled kindlasti t\u00e4heldanud, et r\u00e4\u00e4gime palju ka meie kasutatavatest kangastest. Meie eesm\u00e4rk on pakkuda mugavat ning funktsionaalset toodet, mis ei oleks ka keskkonnale \u00fcleliigselt koormav. Seet\u00f5ttu on meie toodete disainimisel ja loomisel v\u00e4ga suur roll just kangavalikul. K\u00f5ik meie&hellip;<\/p>","protected":false},"author":1,"featured_media":0,"parent":0,"menu_order":0,"comment_status":"closed","ping_status":"closed","template":"","meta":{"footnotes":""},"class_list":["post-1535","page","type-page","status-publish","hentry"],"yoast_head":"<!-- This site is optimized with the Yoast SEO plugin v27.5 - https:\/\/yoast.com\/product\/yoast-seo-wordpress\/ -->\n<title>Materjalid - Fibami<\/title>\n<meta name=\"description\" content=\"K\u00f5ik kangad on OEKO-TEX 100 sertifikaadiga ning lisaks kasutame 100% orgaanilist puuvilla, 100% \u00fcmbert\u00f6\u00f6deldud pol\u00fcesterit ning Bluesign m\u00e4rgisega kangaid.\" \/>\n<meta name=\"robots\" content=\"index, follow, max-snippet:-1, max-image-preview:large, max-video-preview:-1\" \/>\n<link rel=\"canonical\" href=\"https:\/\/www.fibami.com\/en\/materjalid\/\" \/>\n<meta property=\"og:locale\" content=\"en_GB\" \/>\n<meta property=\"og:type\" content=\"article\" \/>\n<meta property=\"og:title\" content=\"Materjalid\" \/>\n<meta property=\"og:description\" content=\"K\u00f5ik meie kangad on OEKO-TEX 100 sertifikaadiga ning lisaks kasutame ka 100% orgaanilist puuvilla, 100% \u00fcmbert\u00f6\u00f6deldud pol\u00fcesterit ning Bluesign m\u00e4rgisega kangaid.\" \/>\n<meta property=\"og:url\" content=\"https:\/\/www.fibami.com\/en\/materjalid\/\" \/>\n<meta property=\"og:site_name\" content=\"Fibami\" \/>\n<meta property=\"article:modified_time\" content=\"2022-09-21T07:42:37+00:00\" \/>\n<meta property=\"og:image\" content=\"https:\/\/www.fibami.com\/wp-content\/uploads\/2022\/03\/Fibami_Diagonal_bamboo-3-scaled.jpg\" \/>\n\t<meta property=\"og:image:width\" content=\"1281\" \/>\n\t<meta property=\"og:image:height\" content=\"1920\" \/>\n\t<meta property=\"og:image:type\" content=\"image\/jpeg\" \/>\n<meta name=\"twitter:card\" content=\"summary_large_image\" \/>\n<meta name=\"twitter:label1\" content=\"Estimated reading time\" \/>\n\t<meta name=\"twitter:data1\" content=\"3 minutes\" \/>\n<script type=\"application\/ld+json\" class=\"yoast-schema-graph\">{\"@context\":\"https:\\\/\\\/schema.org\",\"@graph\":[{\"@type\":\"WebPage\",\"@id\":\"https:\\\/\\\/www.fibami.com\\\/materjalid\\\/\",\"url\":\"https:\\\/\\\/www.fibami.com\\\/materjalid\\\/\",\"name\":\"Materjalid - Fibami\",\"isPartOf\":{\"@id\":\"https:\\\/\\\/www.fibami.com\\\/#website\"},\"primaryImageOfPage\":{\"@id\":\"https:\\\/\\\/www.fibami.com\\\/materjalid\\\/#primaryimage\"},\"image\":{\"@id\":\"https:\\\/\\\/www.fibami.com\\\/materjalid\\\/#primaryimage\"},\"thumbnailUrl\":\"https:\\\/\\\/www.fibami.com\\\/wp-content\\\/uploads\\\/2021\\\/06\\\/Greensoul.png\",\"datePublished\":\"2021-06-06T10:04:11+00:00\",\"dateModified\":\"2022-09-21T07:42:37+00:00\",\"description\":\"K\u00f5ik kangad on OEKO-TEX 100 sertifikaadiga ning lisaks kasutame 100% orgaanilist puuvilla, 100% \u00fcmbert\u00f6\u00f6deldud pol\u00fcesterit ning Bluesign m\u00e4rgisega kangaid.\",\"breadcrumb\":{\"@id\":\"https:\\\/\\\/www.fibami.com\\\/materjalid\\\/#breadcrumb\"},\"inLanguage\":\"en-GB\",\"potentialAction\":[{\"@type\":\"ReadAction\",\"target\":[\"https:\\\/\\\/www.fibami.com\\\/materjalid\\\/\"]}]},{\"@type\":\"ImageObject\",\"inLanguage\":\"en-GB\",\"@id\":\"https:\\\/\\\/www.fibami.com\\\/materjalid\\\/#primaryimage\",\"url\":\"https:\\\/\\\/www.fibami.com\\\/wp-content\\\/uploads\\\/2021\\\/06\\\/Greensoul.png\",\"contentUrl\":\"https:\\\/\\\/www.fibami.com\\\/wp-content\\\/uploads\\\/2021\\\/06\\\/Greensoul.png\"},{\"@type\":\"BreadcrumbList\",\"@id\":\"https:\\\/\\\/www.fibami.com\\\/materjalid\\\/#breadcrumb\",\"itemListElement\":[{\"@type\":\"ListItem\",\"position\":1,\"name\":\"Home\",\"item\":\"https:\\\/\\\/www.fibami.com\\\/\"},{\"@type\":\"ListItem\",\"position\":2,\"name\":\"Materjalid\"}]},{\"@type\":\"WebSite\",\"@id\":\"https:\\\/\\\/www.fibami.com\\\/#website\",\"url\":\"https:\\\/\\\/www.fibami.com\\\/\",\"name\":\"Fibami\",\"description\":\"\",\"potentialAction\":[{\"@type\":\"SearchAction\",\"target\":{\"@type\":\"EntryPoint\",\"urlTemplate\":\"https:\\\/\\\/www.fibami.com\\\/?s={search_term_string}\"},\"query-input\":{\"@type\":\"PropertyValueSpecification\",\"valueRequired\":true,\"valueName\":\"search_term_string\"}}],\"inLanguage\":\"en-GB\"}]}<\/script>\n<!-- \/ Yoast SEO plugin. -->","yoast_head_json":{"title":"Materjalid - Fibami","description":"K\u00f5ik kangad on OEKO-TEX 100 sertifikaadiga ning lisaks kasutame 100% orgaanilist puuvilla, 100% \u00fcmbert\u00f6\u00f6deldud pol\u00fcesterit ning Bluesign m\u00e4rgisega kangaid.","robots":{"index":"index","follow":"follow","max-snippet":"max-snippet:-1","max-image-preview":"max-image-preview:large","max-video-preview":"max-video-preview:-1"},"canonical":"https:\/\/www.fibami.com\/en\/materjalid\/","og_locale":"en_GB","og_type":"article","og_title":"Materjalid","og_description":"K\u00f5ik meie kangad on OEKO-TEX 100 sertifikaadiga ning lisaks kasutame ka 100% orgaanilist puuvilla, 100% \u00fcmbert\u00f6\u00f6deldud pol\u00fcesterit ning Bluesign m\u00e4rgisega kangaid.","og_url":"https:\/\/www.fibami.com\/en\/materjalid\/","og_site_name":"Fibami","article_modified_time":"2022-09-21T07:42:37+00:00","og_image":[{"width":1281,"height":1920,"url":"https:\/\/www.fibami.com\/wp-content\/uploads\/2022\/03\/Fibami_Diagonal_bamboo-3-scaled.jpg","type":"image\/jpeg"}],"twitter_card":"summary_large_image","twitter_misc":{"Estimated reading time":"3 minutes"},"schema":{"@context":"https:\/\/schema.org","@graph":[{"@type":"WebPage","@id":"https:\/\/www.fibami.com\/materjalid\/","url":"https:\/\/www.fibami.com\/materjalid\/","name":"Materjalid - Fibami","isPartOf":{"@id":"https:\/\/www.fibami.com\/#website"},"primaryImageOfPage":{"@id":"https:\/\/www.fibami.com\/materjalid\/#primaryimage"},"image":{"@id":"https:\/\/www.fibami.com\/materjalid\/#primaryimage"},"thumbnailUrl":"https:\/\/www.fibami.com\/wp-content\/uploads\/2021\/06\/Greensoul.png","datePublished":"2021-06-06T10:04:11+00:00","dateModified":"2022-09-21T07:42:37+00:00","description":"K\u00f5ik kangad on OEKO-TEX 100 sertifikaadiga ning lisaks kasutame 100% orgaanilist puuvilla, 100% \u00fcmbert\u00f6\u00f6deldud pol\u00fcesterit ning Bluesign m\u00e4rgisega kangaid.","breadcrumb":{"@id":"https:\/\/www.fibami.com\/materjalid\/#breadcrumb"},"inLanguage":"en-GB","potentialAction":[{"@type":"ReadAction","target":["https:\/\/www.fibami.com\/materjalid\/"]}]},{"@type":"ImageObject","inLanguage":"en-GB","@id":"https:\/\/www.fibami.com\/materjalid\/#primaryimage","url":"https:\/\/www.fibami.com\/wp-content\/uploads\/2021\/06\/Greensoul.png","contentUrl":"https:\/\/www.fibami.com\/wp-content\/uploads\/2021\/06\/Greensoul.png"},{"@type":"BreadcrumbList","@id":"https:\/\/www.fibami.com\/materjalid\/#breadcrumb","itemListElement":[{"@type":"ListItem","position":1,"name":"Home","item":"https:\/\/www.fibami.com\/"},{"@type":"ListItem","position":2,"name":"Materjalid"}]},{"@type":"WebSite","@id":"https:\/\/www.fibami.com\/#website","url":"https:\/\/www.fibami.com\/","name":"Fibami","description":"","potentialAction":[{"@type":"SearchAction","target":{"@type":"EntryPoint","urlTemplate":"https:\/\/www.fibami.com\/?s={search_term_string}"},"query-input":{"@type":"PropertyValueSpecification","valueRequired":true,"valueName":"search_term_string"}}],"inLanguage":"en-GB"}]}},"_links":{"self":[{"href":"https:\/\/www.fibami.com\/en\/wp-json\/wp\/v2\/pages\/1535","targetHints":{"allow":["GET"]}}],"collection":[{"href":"https:\/\/www.fibami.com\/en\/wp-json\/wp\/v2\/pages"}],"about":[{"href":"https:\/\/www.fibami.com\/en\/wp-json\/wp\/v2\/types\/page"}],"author":[{"embeddable":true,"href":"https:\/\/www.fibami.com\/en\/wp-json\/wp\/v2\/users\/1"}],"replies":[{"embeddable":true,"href":"https:\/\/www.fibami.com\/en\/wp-json\/wp\/v2\/comments?post=1535"}],"version-history":[{"count":5,"href":"https:\/\/www.fibami.com\/en\/wp-json\/wp\/v2\/pages\/1535\/revisions"}],"predecessor-version":[{"id":8724,"href":"https:\/\/www.fibami.com\/en\/wp-json\/wp\/v2\/pages\/1535\/revisions\/8724"}],"wp:attachment":[{"href":"https:\/\/www.fibami.com\/en\/wp-json\/wp\/v2\/media?parent=1535"}],"curies":[{"name":"wp","href":"https:\/\/api.w.org\/{rel}","templated":true}]}}