{"id":24315,"date":"2025-11-03T11:48:42","date_gmt":"2025-11-03T08:48:42","guid":{"rendered":"https:\/\/www.fibami.com\/?page_id=24315"},"modified":"2025-11-20T18:58:14","modified_gmt":"2025-11-20T15:58:14","slug":"peetri-stuudio","status":"publish","type":"page","link":"https:\/\/www.fibami.com\/en\/peetri-stuudio\/","title":{"rendered":"PEETRI STUUDIO"},"content":{"rendered":"<div data-elementor-type=\"wp-page\" data-elementor-id=\"24315\" class=\"elementor elementor-24315\">\n\t\t\t\t\t\t<section class=\"elementor-section elementor-top-section elementor-element elementor-element-200d5ea elementor-section-boxed elementor-section-height-default elementor-section-height-default\" data-id=\"200d5ea\" data-element_type=\"section\" data-e-type=\"section\">\n\t\t\t\t\t\t<div class=\"elementor-container elementor-column-gap-default\">\n\t\t\t\t\t<div class=\"elementor-column elementor-col-100 elementor-top-column elementor-element elementor-element-8fa2d51\" data-id=\"8fa2d51\" data-element_type=\"column\" data-e-type=\"column\">\n\t\t\t<div class=\"elementor-widget-wrap elementor-element-populated\">\n\t\t\t\t\t\t<div class=\"elementor-element elementor-element-db35862 elementor-widget elementor-widget-text-editor\" data-id=\"db35862\" data-element_type=\"widget\" data-e-type=\"widget\" data-widget_type=\"text-editor.default\">\n\t\t\t\t<div class=\"elementor-widget-container\">\n\t\t\t\t\t\t\t\t\t<p data-start=\"114\" data-end=\"425\">Meie r\u00f5ivad s\u00fcnnivad Peetri stuudios \u2013 siinsamas, kohaliku tiimi k\u00e4e all. Siin kavandame l\u00f5iked, valime kangad ning viime igap\u00e4evaselt l\u00e4bi proovid, et istuvus oleks p\u00e4riselt hea. Kui soovid Fibamit oma silmaga n\u00e4ha ja k\u00e4ega katsuda, oled oodatud <strong data-start=\"361\" data-end=\"385\">eelneval kokkuleppel<\/strong> stuudiosse proovima ja tooteid vaatama.<\/p>\n<p data-start=\"427\" data-end=\"711\"><strong data-start=\"427\" data-end=\"448\">Kuidas k\u00fclastada?<\/strong><br data-start=\"448\" data-end=\"451\">Palume aeg eelnevalt kokku leppida kas e-posti v\u00f5i telefoni teel. Nii saame sulle varuda rahuliku prooviaja, valmistada ette sinu suurused\/pikkused ning vastata personaalselt k\u00fcsimustele. Prooviaeg on privaatne ja vabalt tempo j\u00e4rgi \u2013 keskendume ainult sinule.<\/p>\n<p data-start=\"1011\" data-end=\"1286\"><strong data-start=\"1011\" data-end=\"1030\">Praktiline info:<\/strong><br data-start=\"1030\" data-end=\"1033\">Stuudio asub Peetris (t\u00e4pse aadressi saadame aja kinnitamisel). Parkimine on tasuta ning sissep\u00e4\u00e4s on lihtsasti ligip\u00e4\u00e4setav.<br data-start=\"1158\" data-end=\"1161\">Kui sul on erisoove (nt konkreetne v\u00e4rv, suurus v\u00f5i pikkus), anna sellest broneerides teada \u2013 paneme soovitud mudelid valmis.<\/p>\n<p data-start=\"1288\" data-end=\"1505\"><strong data-start=\"1288\" data-end=\"1317\">S\u00fcndmused ja avatud uksed!<\/strong><br data-start=\"1317\" data-end=\"1320\">Anname <strong data-start=\"1327\" data-end=\"1354\">tulevastest s\u00fcndmustest<\/strong> \u2013 stuudiop\u00e4evad, pop-up\u2019id ja uute toodete esitlused \u2013 sellel lehel jooksvalt m\u00e4rku. J\u00e4lgi infot v\u00f5i kirjuta meile, kui soovid kutseid otse postkasti.<\/p>\n<p data-start=\"1507\" data-end=\"1527\" data-is-last-node=\"\" data-is-only-node=\"\">Kohtumiseni Peetris!<\/p>\t\t\t\t\t\t\t\t<\/div>\n\t\t\t\t<\/div>\n\t\t\t\t\t<\/div>\n\t\t<\/div>\n\t\t\t\t\t<\/div>\n\t\t<\/section>\n\t\t\t\t<section class=\"elementor-section elementor-top-section elementor-element elementor-element-d0eb7d6 elementor-section-boxed elementor-section-height-default elementor-section-height-default\" data-id=\"d0eb7d6\" data-element_type=\"section\" data-e-type=\"section\">\n\t\t\t\t\t\t<div class=\"elementor-container elementor-column-gap-default\">\n\t\t\t\t\t<div class=\"elementor-column elementor-col-100 elementor-top-column elementor-element elementor-element-64bfe04\" data-id=\"64bfe04\" data-element_type=\"column\" data-e-type=\"column\">\n\t\t\t<div class=\"elementor-widget-wrap elementor-element-populated\">\n\t\t\t\t\t\t<div class=\"elementor-element elementor-element-16ac62e elementor-arrows-position-inside elementor-pagination-position-outside elementor-widget elementor-widget-image-carousel\" data-id=\"16ac62e\" data-element_type=\"widget\" data-e-type=\"widget\" data-settings=\"{&quot;navigation&quot;:&quot;both&quot;,&quot;autoplay&quot;:&quot;yes&quot;,&quot;pause_on_hover&quot;:&quot;yes&quot;,&quot;pause_on_interaction&quot;:&quot;yes&quot;,&quot;autoplay_speed&quot;:5000,&quot;infinite&quot;:&quot;yes&quot;,&quot;speed&quot;:500}\" data-widget_type=\"image-carousel.default\">\n\t\t\t\t<div class=\"elementor-widget-container\">\n\t\t\t\t\t\t\t<div class=\"elementor-image-carousel-wrapper swiper\" role=\"region\" aria-roledescription=\"carousel\" aria-label=\"Image Carousel\" dir=\"ltr\">\n\t\t\t<div class=\"elementor-image-carousel swiper-wrapper\" aria-live=\"off\">\n\t\t\t\t\t\t\t\t<div class=\"swiper-slide\" role=\"group\" aria-roledescription=\"slide\" aria-label=\"1 of 20\"><figure class=\"swiper-slide-inner\"><img decoding=\"async\" class=\"swiper-slide-image\" src=\"https:\/\/www.fibami.com\/wp-content\/uploads\/2025\/11\/DSC01643-684x1024.jpeg\" alt=\"DSC01643\" \/><\/figure><\/div><div class=\"swiper-slide\" role=\"group\" aria-roledescription=\"slide\" aria-label=\"2 of 20\"><figure class=\"swiper-slide-inner\"><img decoding=\"async\" class=\"swiper-slide-image\" src=\"https:\/\/www.fibami.com\/wp-content\/uploads\/2025\/11\/DSC01618-684x1024.jpeg\" alt=\"DSC01618\" \/><\/figure><\/div><div class=\"swiper-slide\" role=\"group\" aria-roledescription=\"slide\" aria-label=\"3 of 20\"><figure class=\"swiper-slide-inner\"><img decoding=\"async\" class=\"swiper-slide-image\" src=\"https:\/\/www.fibami.com\/wp-content\/uploads\/2025\/11\/DSC01629-684x1024.jpeg\" alt=\"DSC01629\" \/><\/figure><\/div><div class=\"swiper-slide\" role=\"group\" aria-roledescription=\"slide\" aria-label=\"4 of 20\"><figure class=\"swiper-slide-inner\"><img decoding=\"async\" class=\"swiper-slide-image\" src=\"https:\/\/www.fibami.com\/wp-content\/uploads\/2025\/11\/DSC01601-685x1024.jpeg\" alt=\"DSC01601\" \/><\/figure><\/div><div class=\"swiper-slide\" role=\"group\" aria-roledescription=\"slide\" aria-label=\"5 of 20\"><figure class=\"swiper-slide-inner\"><img decoding=\"async\" class=\"swiper-slide-image\" src=\"https:\/\/www.fibami.com\/wp-content\/uploads\/2025\/11\/DSC01577.jpeg\" alt=\"DSC01577\" \/><\/figure><\/div><div class=\"swiper-slide\" role=\"group\" aria-roledescription=\"slide\" aria-label=\"6 of 20\"><figure class=\"swiper-slide-inner\"><img decoding=\"async\" class=\"swiper-slide-image\" src=\"https:\/\/www.fibami.com\/wp-content\/uploads\/2025\/11\/DSC01733-684x1024.jpeg\" alt=\"DSC01733\" \/><\/figure><\/div><div class=\"swiper-slide\" role=\"group\" aria-roledescription=\"slide\" aria-label=\"7 of 20\"><figure class=\"swiper-slide-inner\"><img decoding=\"async\" class=\"swiper-slide-image\" src=\"https:\/\/www.fibami.com\/wp-content\/uploads\/2025\/11\/DSC01666-684x1024.jpeg\" alt=\"DSC01666\" \/><\/figure><\/div><div class=\"swiper-slide\" role=\"group\" aria-roledescription=\"slide\" aria-label=\"8 of 20\"><figure class=\"swiper-slide-inner\"><img decoding=\"async\" class=\"swiper-slide-image\" src=\"https:\/\/www.fibami.com\/wp-content\/uploads\/2025\/11\/DSC01646-684x1024.jpeg\" alt=\"DSC01646\" \/><\/figure><\/div><div class=\"swiper-slide\" role=\"group\" aria-roledescription=\"slide\" aria-label=\"9 of 20\"><figure class=\"swiper-slide-inner\"><img decoding=\"async\" class=\"swiper-slide-image\" src=\"https:\/\/www.fibami.com\/wp-content\/uploads\/2025\/11\/DSC01638-684x1024.jpeg\" alt=\"DSC01638\" \/><\/figure><\/div><div class=\"swiper-slide\" role=\"group\" aria-roledescription=\"slide\" aria-label=\"10 of 20\"><figure class=\"swiper-slide-inner\"><img decoding=\"async\" class=\"swiper-slide-image\" src=\"https:\/\/www.fibami.com\/wp-content\/uploads\/2025\/11\/DSC01680-684x1024.jpeg\" alt=\"DSC01680\" \/><\/figure><\/div><div class=\"swiper-slide\" role=\"group\" aria-roledescription=\"slide\" aria-label=\"11 of 20\"><figure class=\"swiper-slide-inner\"><img decoding=\"async\" class=\"swiper-slide-image\" src=\"https:\/\/www.fibami.com\/wp-content\/uploads\/2025\/11\/DSC01639-684x1024.jpeg\" alt=\"DSC01639\" \/><\/figure><\/div><div class=\"swiper-slide\" role=\"group\" aria-roledescription=\"slide\" aria-label=\"12 of 20\"><figure class=\"swiper-slide-inner\"><img decoding=\"async\" class=\"swiper-slide-image\" src=\"https:\/\/www.fibami.com\/wp-content\/uploads\/2025\/11\/DSC01623-684x1024.jpeg\" alt=\"DSC01623\" \/><\/figure><\/div><div class=\"swiper-slide\" role=\"group\" aria-roledescription=\"slide\" aria-label=\"13 of 20\"><figure class=\"swiper-slide-inner\"><img decoding=\"async\" class=\"swiper-slide-image\" src=\"https:\/\/www.fibami.com\/wp-content\/uploads\/2025\/11\/DSC01702-684x1024.jpeg\" alt=\"DSC01702\" \/><\/figure><\/div><div class=\"swiper-slide\" role=\"group\" aria-roledescription=\"slide\" aria-label=\"14 of 20\"><figure class=\"swiper-slide-inner\"><img decoding=\"async\" class=\"swiper-slide-image\" src=\"https:\/\/www.fibami.com\/wp-content\/uploads\/2025\/11\/DSC01538-684x1024.jpeg\" alt=\"DSC01538\" \/><\/figure><\/div><div class=\"swiper-slide\" role=\"group\" aria-roledescription=\"slide\" aria-label=\"15 of 20\"><figure class=\"swiper-slide-inner\"><img decoding=\"async\" class=\"swiper-slide-image\" src=\"https:\/\/www.fibami.com\/wp-content\/uploads\/2025\/11\/DSC01565-684x1024.jpeg\" alt=\"DSC01565\" \/><\/figure><\/div><div class=\"swiper-slide\" role=\"group\" aria-roledescription=\"slide\" aria-label=\"16 of 20\"><figure class=\"swiper-slide-inner\"><img decoding=\"async\" class=\"swiper-slide-image\" src=\"https:\/\/www.fibami.com\/wp-content\/uploads\/2025\/11\/DSC01560.jpeg\" alt=\"DSC01560\" \/><\/figure><\/div><div class=\"swiper-slide\" role=\"group\" aria-roledescription=\"slide\" aria-label=\"17 of 20\"><figure class=\"swiper-slide-inner\"><img decoding=\"async\" class=\"swiper-slide-image\" src=\"https:\/\/www.fibami.com\/wp-content\/uploads\/2025\/11\/DSC01584-684x1024.jpeg\" alt=\"DSC01584\" \/><\/figure><\/div><div class=\"swiper-slide\" role=\"group\" aria-roledescription=\"slide\" aria-label=\"18 of 20\"><figure class=\"swiper-slide-inner\"><img decoding=\"async\" class=\"swiper-slide-image\" src=\"https:\/\/www.fibami.com\/wp-content\/uploads\/2025\/11\/DSC01700-684x1024.jpeg\" alt=\"DSC01700\" \/><\/figure><\/div><div class=\"swiper-slide\" role=\"group\" aria-roledescription=\"slide\" aria-label=\"19 of 20\"><figure class=\"swiper-slide-inner\"><img decoding=\"async\" class=\"swiper-slide-image\" src=\"https:\/\/www.fibami.com\/wp-content\/uploads\/2025\/11\/DSC01608-684x1024.jpeg\" alt=\"DSC01608\" \/><\/figure><\/div><div class=\"swiper-slide\" role=\"group\" aria-roledescription=\"slide\" aria-label=\"20 of 20\"><figure class=\"swiper-slide-inner\"><img decoding=\"async\" class=\"swiper-slide-image\" src=\"https:\/\/www.fibami.com\/wp-content\/uploads\/2025\/11\/DSC01704-684x1024.jpeg\" alt=\"DSC01704\" \/><\/figure><\/div>\t\t\t<\/div>\n\t\t\t\t\t\t\t\t\t\t\t\t<div class=\"elementor-swiper-button elementor-swiper-button-prev\" role=\"button\" tabindex=\"0\">\n\t\t\t\t\t\t<i aria-hidden=\"true\" class=\"fas fa-heart\"><\/i>\t\t\t\t\t<\/div>\n\t\t\t\t\t<div class=\"elementor-swiper-button elementor-swiper-button-next\" role=\"button\" tabindex=\"0\">\n\t\t\t\t\t\t<i aria-hidden=\"true\" class=\"fas fa-heart\"><\/i>\t\t\t\t\t<\/div>\n\t\t\t\t\n\t\t\t\t\t\t\t\t\t<div class=\"swiper-pagination\"><\/div>\n\t\t\t\t\t\t\t\t\t<\/div>\n\t\t\t\t\t\t<\/div>\n\t\t\t\t<\/div>\n\t\t\t\t\t<\/div>\n\t\t<\/div>\n\t\t\t\t\t<\/div>\n\t\t<\/section>\n\t\t\t\t<section class=\"elementor-section elementor-top-section elementor-element elementor-element-2196106 elementor-section-boxed elementor-section-height-default elementor-section-height-default\" data-id=\"2196106\" data-element_type=\"section\" data-e-type=\"section\">\n\t\t\t\t\t\t<div class=\"elementor-container elementor-column-gap-default\">\n\t\t\t\t\t<div class=\"elementor-column elementor-col-100 elementor-top-column elementor-element elementor-element-c843a5f\" data-id=\"c843a5f\" data-element_type=\"column\" data-e-type=\"column\">\n\t\t\t<div class=\"elementor-widget-wrap elementor-element-populated\">\n\t\t\t\t\t\t<div class=\"elementor-element elementor-element-5592a35 elementor-widget elementor-widget-google_maps\" data-id=\"5592a35\" data-element_type=\"widget\" data-e-type=\"widget\" data-widget_type=\"google_maps.default\">\n\t\t\t\t<div class=\"elementor-widget-container\">\n\t\t\t\t\t\t\t<div class=\"elementor-custom-embed\">\n\t\t\t<iframe loading=\"lazy\"\n\t\t\t\t\tsrc=\"https:\/\/maps.google.com\/maps?q=helgi%20tee%2014-16&#038;t=m&#038;z=10&#038;output=embed&#038;iwloc=near\"\n\t\t\t\t\ttitle=\"helgi tee 14-16\"\n\t\t\t\t\taria-label=\"helgi tee 14-16\"\n\t\t\t><\/iframe>\n\t\t<\/div>\n\t\t\t\t\t\t<\/div>\n\t\t\t\t<\/div>\n\t\t\t\t\t<\/div>\n\t\t<\/div>\n\t\t\t\t\t<\/div>\n\t\t<\/section>\n\t\t\t\t<section class=\"elementor-section elementor-top-section elementor-element elementor-element-77bb5d3 elementor-section-boxed elementor-section-height-default elementor-section-height-default\" data-id=\"77bb5d3\" data-element_type=\"section\" data-e-type=\"section\">\n\t\t\t\t\t\t<div class=\"elementor-container elementor-column-gap-default\">\n\t\t\t\t\t<div class=\"elementor-column elementor-col-100 elementor-top-column elementor-element elementor-element-d0c4218\" data-id=\"d0c4218\" data-element_type=\"column\" data-e-type=\"column\">\n\t\t\t<div class=\"elementor-widget-wrap\">\n\t\t\t\t\t\t\t<\/div>\n\t\t<\/div>\n\t\t\t\t\t<\/div>\n\t\t<\/section>\n\t\t\t\t<\/div>","protected":false},"excerpt":{"rendered":"<p>Meie r\u00f5ivad s\u00fcnnivad Peetri stuudios \u2013 siinsamas, kohaliku tiimi k\u00e4e all. Siin kavandame l\u00f5iked, valime kangad ning viime igap\u00e4evaselt l\u00e4bi proovid, et istuvus oleks p\u00e4riselt hea. Kui soovid Fibamit oma silmaga n\u00e4ha ja k\u00e4ega katsuda, oled oodatud eelneval kokkuleppel stuudiosse proovima ja tooteid vaatama. Kuidas k\u00fclastada?Palume aeg eelnevalt kokku leppida&hellip;<\/p>","protected":false},"author":112,"featured_media":0,"parent":0,"menu_order":0,"comment_status":"closed","ping_status":"closed","template":"","meta":{"footnotes":""},"class_list":["post-24315","page","type-page","status-publish","hentry"],"yoast_head":"<!-- This site is optimized with the Yoast SEO plugin v27.5 - https:\/\/yoast.com\/product\/yoast-seo-wordpress\/ -->\n<title>PEETRI STUUDIO - Fibami<\/title>\n<meta name=\"robots\" content=\"index, follow, max-snippet:-1, max-image-preview:large, max-video-preview:-1\" \/>\n<link rel=\"canonical\" href=\"https:\/\/www.fibami.com\/en\/peetri-stuudio\/\" \/>\n<meta property=\"og:locale\" content=\"en_GB\" \/>\n<meta property=\"og:type\" content=\"article\" \/>\n<meta property=\"og:title\" content=\"PEETRI STUUDIO - Fibami\" \/>\n<meta property=\"og:description\" content=\"Meie r\u00f5ivad s\u00fcnnivad Peetri stuudios \u2013 siinsamas, kohaliku tiimi k\u00e4e all. Siin kavandame l\u00f5iked, valime kangad ning viime igap\u00e4evaselt l\u00e4bi proovid, et istuvus oleks p\u00e4riselt hea. Kui soovid Fibamit oma silmaga n\u00e4ha ja k\u00e4ega katsuda, oled oodatud eelneval kokkuleppel stuudiosse proovima ja tooteid vaatama. Kuidas k\u00fclastada?Palume aeg eelnevalt kokku leppida&hellip;\" \/>\n<meta property=\"og:url\" content=\"https:\/\/www.fibami.com\/en\/peetri-stuudio\/\" \/>\n<meta property=\"og:site_name\" content=\"Fibami\" \/>\n<meta property=\"article:modified_time\" content=\"2025-11-20T15:58:14+00:00\" \/>\n<meta property=\"og:image\" content=\"https:\/\/www.fibami.com\/wp-content\/uploads\/2025\/11\/DSC01643-684x1024.jpeg\" \/>\n<meta name=\"twitter:card\" content=\"summary_large_image\" \/>\n<meta name=\"twitter:label1\" content=\"Estimated reading time\" \/>\n\t<meta name=\"twitter:data1\" content=\"6 minutes\" \/>\n<script type=\"application\/ld+json\" class=\"yoast-schema-graph\">{\"@context\":\"https:\\\/\\\/schema.org\",\"@graph\":[{\"@type\":\"WebPage\",\"@id\":\"https:\\\/\\\/www.fibami.com\\\/peetri-stuudio\\\/\",\"url\":\"https:\\\/\\\/www.fibami.com\\\/peetri-stuudio\\\/\",\"name\":\"PEETRI STUUDIO - Fibami\",\"isPartOf\":{\"@id\":\"https:\\\/\\\/www.fibami.com\\\/#website\"},\"primaryImageOfPage\":{\"@id\":\"https:\\\/\\\/www.fibami.com\\\/peetri-stuudio\\\/#primaryimage\"},\"image\":{\"@id\":\"https:\\\/\\\/www.fibami.com\\\/peetri-stuudio\\\/#primaryimage\"},\"thumbnailUrl\":\"https:\\\/\\\/www.fibami.com\\\/wp-content\\\/uploads\\\/2025\\\/11\\\/DSC01643-684x1024.jpeg\",\"datePublished\":\"2025-11-03T08:48:42+00:00\",\"dateModified\":\"2025-11-20T15:58:14+00:00\",\"breadcrumb\":{\"@id\":\"https:\\\/\\\/www.fibami.com\\\/peetri-stuudio\\\/#breadcrumb\"},\"inLanguage\":\"en-GB\",\"potentialAction\":[{\"@type\":\"ReadAction\",\"target\":[\"https:\\\/\\\/www.fibami.com\\\/peetri-stuudio\\\/\"]}]},{\"@type\":\"ImageObject\",\"inLanguage\":\"en-GB\",\"@id\":\"https:\\\/\\\/www.fibami.com\\\/peetri-stuudio\\\/#primaryimage\",\"url\":\"https:\\\/\\\/www.fibami.com\\\/wp-content\\\/uploads\\\/2025\\\/11\\\/DSC01643-684x1024.jpeg\",\"contentUrl\":\"https:\\\/\\\/www.fibami.com\\\/wp-content\\\/uploads\\\/2025\\\/11\\\/DSC01643-684x1024.jpeg\"},{\"@type\":\"BreadcrumbList\",\"@id\":\"https:\\\/\\\/www.fibami.com\\\/peetri-stuudio\\\/#breadcrumb\",\"itemListElement\":[{\"@type\":\"ListItem\",\"position\":1,\"name\":\"Home\",\"item\":\"https:\\\/\\\/www.fibami.com\\\/\"},{\"@type\":\"ListItem\",\"position\":2,\"name\":\"PEETRI STUUDIO\"}]},{\"@type\":\"WebSite\",\"@id\":\"https:\\\/\\\/www.fibami.com\\\/#website\",\"url\":\"https:\\\/\\\/www.fibami.com\\\/\",\"name\":\"Fibami\",\"description\":\"\",\"potentialAction\":[{\"@type\":\"SearchAction\",\"target\":{\"@type\":\"EntryPoint\",\"urlTemplate\":\"https:\\\/\\\/www.fibami.com\\\/?s={search_term_string}\"},\"query-input\":{\"@type\":\"PropertyValueSpecification\",\"valueRequired\":true,\"valueName\":\"search_term_string\"}}],\"inLanguage\":\"en-GB\"}]}<\/script>\n<!-- \/ Yoast SEO plugin. -->","yoast_head_json":{"title":"PEETRI STUUDIO - Fibami","robots":{"index":"index","follow":"follow","max-snippet":"max-snippet:-1","max-image-preview":"max-image-preview:large","max-video-preview":"max-video-preview:-1"},"canonical":"https:\/\/www.fibami.com\/en\/peetri-stuudio\/","og_locale":"en_GB","og_type":"article","og_title":"PEETRI STUUDIO - Fibami","og_description":"Meie r\u00f5ivad s\u00fcnnivad Peetri stuudios \u2013 siinsamas, kohaliku tiimi k\u00e4e all. Siin kavandame l\u00f5iked, valime kangad ning viime igap\u00e4evaselt l\u00e4bi proovid, et istuvus oleks p\u00e4riselt hea. Kui soovid Fibamit oma silmaga n\u00e4ha ja k\u00e4ega katsuda, oled oodatud eelneval kokkuleppel stuudiosse proovima ja tooteid vaatama. Kuidas k\u00fclastada?Palume aeg eelnevalt kokku leppida&hellip;","og_url":"https:\/\/www.fibami.com\/en\/peetri-stuudio\/","og_site_name":"Fibami","article_modified_time":"2025-11-20T15:58:14+00:00","og_image":[{"url":"https:\/\/www.fibami.com\/wp-content\/uploads\/2025\/11\/DSC01643-684x1024.jpeg","type":"","width":"","height":""}],"twitter_card":"summary_large_image","twitter_misc":{"Estimated reading time":"6 minutes"},"schema":{"@context":"https:\/\/schema.org","@graph":[{"@type":"WebPage","@id":"https:\/\/www.fibami.com\/peetri-stuudio\/","url":"https:\/\/www.fibami.com\/peetri-stuudio\/","name":"PEETRI STUUDIO - Fibami","isPartOf":{"@id":"https:\/\/www.fibami.com\/#website"},"primaryImageOfPage":{"@id":"https:\/\/www.fibami.com\/peetri-stuudio\/#primaryimage"},"image":{"@id":"https:\/\/www.fibami.com\/peetri-stuudio\/#primaryimage"},"thumbnailUrl":"https:\/\/www.fibami.com\/wp-content\/uploads\/2025\/11\/DSC01643-684x1024.jpeg","datePublished":"2025-11-03T08:48:42+00:00","dateModified":"2025-11-20T15:58:14+00:00","breadcrumb":{"@id":"https:\/\/www.fibami.com\/peetri-stuudio\/#breadcrumb"},"inLanguage":"en-GB","potentialAction":[{"@type":"ReadAction","target":["https:\/\/www.fibami.com\/peetri-stuudio\/"]}]},{"@type":"ImageObject","inLanguage":"en-GB","@id":"https:\/\/www.fibami.com\/peetri-stuudio\/#primaryimage","url":"https:\/\/www.fibami.com\/wp-content\/uploads\/2025\/11\/DSC01643-684x1024.jpeg","contentUrl":"https:\/\/www.fibami.com\/wp-content\/uploads\/2025\/11\/DSC01643-684x1024.jpeg"},{"@type":"BreadcrumbList","@id":"https:\/\/www.fibami.com\/peetri-stuudio\/#breadcrumb","itemListElement":[{"@type":"ListItem","position":1,"name":"Home","item":"https:\/\/www.fibami.com\/"},{"@type":"ListItem","position":2,"name":"PEETRI STUUDIO"}]},{"@type":"WebSite","@id":"https:\/\/www.fibami.com\/#website","url":"https:\/\/www.fibami.com\/","name":"Fibami","description":"","potentialAction":[{"@type":"SearchAction","target":{"@type":"EntryPoint","urlTemplate":"https:\/\/www.fibami.com\/?s={search_term_string}"},"query-input":{"@type":"PropertyValueSpecification","valueRequired":true,"valueName":"search_term_string"}}],"inLanguage":"en-GB"}]}},"_links":{"self":[{"href":"https:\/\/www.fibami.com\/en\/wp-json\/wp\/v2\/pages\/24315","targetHints":{"allow":["GET"]}}],"collection":[{"href":"https:\/\/www.fibami.com\/en\/wp-json\/wp\/v2\/pages"}],"about":[{"href":"https:\/\/www.fibami.com\/en\/wp-json\/wp\/v2\/types\/page"}],"author":[{"embeddable":true,"href":"https:\/\/www.fibami.com\/en\/wp-json\/wp\/v2\/users\/112"}],"replies":[{"embeddable":true,"href":"https:\/\/www.fibami.com\/en\/wp-json\/wp\/v2\/comments?post=24315"}],"version-history":[{"count":5,"href":"https:\/\/www.fibami.com\/en\/wp-json\/wp\/v2\/pages\/24315\/revisions"}],"predecessor-version":[{"id":29754,"href":"https:\/\/www.fibami.com\/en\/wp-json\/wp\/v2\/pages\/24315\/revisions\/29754"}],"wp:attachment":[{"href":"https:\/\/www.fibami.com\/en\/wp-json\/wp\/v2\/media?parent=24315"}],"curies":[{"name":"wp","href":"https:\/\/api.w.org\/{rel}","templated":true}]}}