{"id":8384,"date":"2022-09-16T15:22:46","date_gmt":"2022-09-16T12:22:46","guid":{"rendered":"https:\/\/www.fibami.com\/?page_id=8384"},"modified":"2025-10-25T15:44:47","modified_gmt":"2025-10-25T12:44:47","slug":"meist","status":"publish","type":"page","link":"https:\/\/www.fibami.com\/en\/meist\/","title":{"rendered":"About Us"},"content":{"rendered":"<div class=\"wpb-content-wrapper\"><div  class=\"sec_row container-fluid\"><div class=\"vc_row wpb_row vc_row-fluid no-padding vc_custom_1588128887000\"><div class=\"wpb_column vc_column_container vc_col-sm-4 et-dark-column\"><div class=\"vc_column-inner\"><div class=\"wpb_wrapper\"><\/div><\/div><\/div><div class=\"wpb_column vc_column_container vc_col-sm-4 et-dark-column\"><div class=\"vc_column-inner\"><div class=\"wpb_wrapper\">\n\t<div class=\"wpb_text_column wpb_content_element animation bottom-to-top  vc_custom_1663333740571\" >\n\t\t<div class=\"wpb_wrapper\">\n\t\t\t<h1 style=\"text-align: center;\">Brand For You<\/h1>\n<blockquote>\n<p style=\"text-align: center;\">'You don't have to fit your clothes, your clothes have to fit your body.'<\/p>\n<\/blockquote>\n\n\t\t<\/div>\n\t<\/div>\n<\/div><\/div><\/div><div class=\"wpb_column vc_column_container vc_col-sm-4 et-dark-column\"><div class=\"vc_column-inner\"><div class=\"wpb_wrapper\"><\/div><\/div><\/div><\/div><\/div><div  class=\"sec_row container-fluid\"><div class=\"vc_row wpb_row vc_row-fluid no-padding vc_custom_1588129008197 vc_row-has-fill\"><div class=\"wpb_column vc_column_container vc_col-sm-12 et-dark-column\"><div class=\"vc_column-inner\"><div class=\"wpb_wrapper\"><div class=\"vc_row wpb_row vc_inner vc_row-fluid max_width align-center align-center vc_row-o-equal-height vc_row-flex\"><div class=\"wpb_column vc_column_container animation bottom-to-top vc_col-sm-12 vc_col-lg-5 et-dark-column\"><div class=\"vc_column-inner\"><div class=\"wpb_wrapper\">\n\t<div class=\"wpb_text_column wpb_content_element\" >\n\t\t<div class=\"wpb_wrapper\">\n\t\t\t<h5 class=\"fancy-title\" style=\"text-align: center;\">Est. 2021<\/h5>\n<h2 style=\"text-align: center;\">About Us<\/h2>\n\n\t\t<\/div>\n\t<\/div>\n<\/div><\/div><\/div><\/div><div class=\"vc_row wpb_row vc_inner vc_row-fluid max_width align-center align-center vc_row-o-equal-height vc_row-flex\"><div class=\"wpb_column vc_column_container animation bottom-to-top vc_col-sm-12 vc_col-lg-4 et-dark-column\"><div class=\"vc_column-inner\"><div class=\"wpb_wrapper\">\n\t<div class=\"wpb_text_column wpb_content_element\" >\n\t\t<div class=\"wpb_wrapper\">\n\t\t\t<p>Our team has over 10 years of experience in the apparel industry, which helps us identify and provide solutions to a variety of apparel problems.<\/p>\n<p>Fibami is 100% Estonian brand. Our sports- and activewear is feminine, timeless and sustainably made, which makes our products longlasting. Fibami was created to solve real problems in finding suitable activewear and we are still growing and evolving together with our customers.<\/p>\n<p>Our mission is to boost your confidence by offering skin-friendly and well-fitting products that fit perfectly with your body-type and length.<\/p>\n\n\t\t<\/div>\n\t<\/div>\n<\/div><\/div><\/div><div class=\"wpb_column vc_column_container animation bottom-to-top vc_col-sm-12 vc_col-lg-4 et-dark-column\"><div class=\"vc_column-inner\"><div class=\"wpb_wrapper\">\n\t<div class=\"wpb_text_column wpb_content_element\" >\n\t\t<div class=\"wpb_wrapper\">\n\t\t\t<p>About our brand and products:<\/p>\n<ul>\n<li>Estonian design and production<\/li>\n<li>Sustainable materials and production solutions<\/li>\n<li>Longlasting - timeless design and quality materials<\/li>\n<li>Products for different heights and body types<\/li>\n<li>Personality - custom orders available<\/li>\n<\/ul>\n<p>We are in constant dialogue with different women to gather more information and develop better products. We are very happy to hear from you - info@fibami.com or send a message to our social media accounts: FB (@fibami) and IG (@fibami_activewear)<\/p>\n\n\t\t<\/div>\n\t<\/div>\n<\/div><\/div><\/div><\/div>\n\t<div class=\"wpb_video_widget wpb_content_element vc_clearfix   vc_video-aspect-ratio-169 vc_video-el-width-100 vc_video-align-center\" >\n\t\t<div class=\"wpb_wrapper\">\n\t\t\t\n\t\t\t<div class=\"wpb_video_wrapper\"><iframe title=\"Fibami tootmine!\" width=\"174\" height=\"309\" src=\"https:\/\/www.youtube.com\/embed\/tf6rbTpOLbI?feature=oembed\" frameborder=\"0\" allow=\"accelerometer; autoplay; clipboard-write; encrypted-media; gyroscope; picture-in-picture; web-share\" referrerpolicy=\"strict-origin-when-cross-origin\" allowfullscreen><\/iframe><\/div>\n\t\t<\/div>\n\t<\/div>\n<\/div><\/div><\/div><\/div><\/div><div  class=\"sec_row container-fluid\"><div class=\"vc_row wpb_row vc_row-fluid no-padding vc_custom_1588128887000\"><div class=\"wpb_column vc_column_container vc_col-sm-12 et-dark-column\"><div class=\"vc_column-inner\"><div class=\"wpb_wrapper\"><div class=\"vc_row wpb_row vc_inner vc_row-fluid max_width align-center vc_row-o-content-middle vc_row-flex\"><div class=\"small-order-2 medium-order-1 wpb_column vc_column_container animation left-to-right vc_col-sm-12 vc_col-md-5 et-dark-column\"><div class=\"vc_column-inner  vc_custom_1578532746105\"><div class=\"wpb_wrapper\">\n\t<div class=\"wpb_text_column wpb_content_element\" >\n\t\t<div class=\"wpb_wrapper\">\n\t\t\t<h2 class=\"fancy-title\">Fibami Products<\/h2>\n<p>From our selection you will find sweat wicking and trimming sportswear for workouts and silky soft leisurewear for your other activities. We are always thinking about the needs of our clients and we offer our leggings and pants in 3 different lenghts, up to 185 cm.<\/p>\n<p>Our products are made out of carefully selected materials. Our leisure and lounge collections are made out of natural and ecofriendly materials, such as bamboo and organic cotton. All our fabrics have OEKO-TEX 100 certification. Sports fabrics are produced in a BlueSign certified factory, that offers:<\/p>\n<ul>\n<li>Greensoul recycling technology<\/li>\n<li>Power Performance for performance sports<\/li>\n<li>FresFeel cooling technology - fabrics with cooling effect for summer season<\/li>\n<li>Thermal Control technology - warm fabrics with insulation for winter season and Water Repellent technology for rainy days<\/li>\n<\/ul>\n<p>You can read more about our fabrics on our<b>\u00a0<a href=\"https:\/\/www.fibami.com\/en\/materjalid\/\">MATERIALS<\/a><\/b><a href=\"https:\/\/www.fibami.com\/en\/materials\/\"><strong>\u00a0<\/strong><\/a>page.<\/p>\n\n\t\t<\/div>\n\t<\/div>\n\n\t<div id=\"et-counter-69f9c07ee9ae7\" class=\"et-counter animation bottom-to-top counter-color-dark icon-color- text-color- counter-right\" >\n\t\t\t\t\t<div class=\"counter-container\">\n\t\t\t\t\t\t\t\t\t<div class=\"h1\" data-count=\"67\" data-speed=\"2000\">0<\/div>\n\t\t\t\t\t\t\t\t\t\t\t\t\t<h4>Products<\/h4>\n\t\t\t\t\t\t\t<\/div>\n\t\t\t\t\t\t\t<div class=\"description\"><p>We have designed<\/p><\/div>\n\t\t\t\t\t\t\t\t\t\t\n\t<\/div>\n\t<\/div><\/div><\/div><div class=\"small-order-1 medium-order-2 wpb_column vc_column_container vc_col-sm-12 vc_col-md-7 et-dark-column\"><div class=\"vc_column-inner\"><div class=\"wpb_wrapper\">\t<div id=\"et-image-903\" class=\"et-image     et_image_link\">\n\t\t<div class=\"et-image-inner animation right-to-left\">\n\t\t\t\t\t\t\t<div class=\"et-image-thumb\">\n\t\t\t\t\t<img loading=\"lazy\" decoding=\"async\" class=\"\" src=\"https:\/\/www.fibami.com\/wp-content\/uploads\/2025\/10\/fibami_kleit-scaled-674x777.jpg\" width=\"674\" height=\"777\" alt=\"fibami_kleit\" title=\"fibami_kleit\" \/>\t\t\t\t<\/div>\n\t\t\t\t\t\t\t\t\t\t\t<\/div>\n\t<\/div>\n  <\/div><\/div><\/div><\/div><\/div><\/div><\/div><\/div><\/div><div  class=\"sec_row container-fluid\"><div class=\"vc_row wpb_row vc_row-fluid vc_custom_1579114943204 vc_row-has-fill\"><div class=\"wpb_column vc_column_container vc_col-sm-12 et-dark-column\"><div class=\"vc_column-inner\"><div class=\"wpb_wrapper\"><div class=\"vc_row wpb_row vc_inner vc_row-fluid max_width align-center vc_custom_1578532916555\"><div class=\"wpb_column vc_column_container animation bottom-to-top vc_col-sm-12 vc_col-lg-6 et-dark-column\"><div class=\"vc_column-inner\"><div class=\"wpb_wrapper\">\n\t<div class=\"wpb_text_column wpb_content_element\" >\n\t\t<div class=\"wpb_wrapper\">\n\t\t\t<h5 class=\"fancy-title\" style=\"text-align: center;\">Fibamian's values<\/h5>\n<p style=\"text-align: center;\">Fibami is a brand which is perfect for women who value their own well-being.<\/p>\n\n\t\t<\/div>\n\t<\/div>\n<\/div><\/div><\/div><\/div><div class=\"vc_row wpb_row vc_inner vc_row-fluid max_width align-center\"><div class=\"wpb_column vc_column_container animation bottom-to-top vc_col-sm-12 vc_col-lg-8 et-dark-column\"><div class=\"vc_column-inner\"><div class=\"wpb_wrapper\">\t<div id=\"et-icon-holder-447\" class=\"et-icon-holder row center-true lg-block-grid-3 md-block-grid-2 block-grid-1\">\n\t\t\r\n\t<div id=\"et-iconbox-676\" class=\"et-iconbox layout-centered icon-style-simple bottom-spacing-none icon-color- text-color-\"> \r\n\t\t<div class=\"et-icon-inner\">\r\n\t\t\t\t\t\t<figure class=\"et-feature-icon\">\r\n\t\t\t\t\t\t\t\t<span class=\"pe-7s-angle-down-circle\"><\/span>\r\n\t\t\t\t\t\t\t<\/figure>\r\n\t\t\t\t\t\t<div class=\"et-feature-content\"> \r\n\t\t\t\t\t\t\t\t\t\t\t\t\t\t\t\t\t<h4 class=\"title\">Fitness<\/h4>\r\n\t\t\t\t\t\t\t\t\t\t\t\t<div class=\"wpb_text_column\"><p>By wearing our comfortable products, we want to encourage You to be more active and find more time for your favorite workouts.<\/p>\n<\/div>\r\n\t\t\t<\/div>\r\n\t\t<\/div>\r\n\t<\/div>\r\n\r\n\t\r\n\t<div id=\"et-iconbox-44\" class=\"et-iconbox layout-centered icon-style-simple bottom-spacing-none icon-color- text-color-\"> \r\n\t\t<div class=\"et-icon-inner\">\r\n\t\t\t\t\t\t<figure class=\"et-feature-icon\">\r\n\t\t\t\t\t\t\t\t<span class=\"pe-7s-angle-down-circle\"><\/span>\r\n\t\t\t\t\t\t\t<\/figure>\r\n\t\t\t\t\t\t<div class=\"et-feature-content\"> \r\n\t\t\t\t\t\t\t\t\t\t\t\t\t\t\t\t\t<h4 class=\"title\">Balance<\/h4>\r\n\t\t\t\t\t\t\t\t\t\t\t\t<div class=\"wpb_text_column\"><p>We consider it very important to balance work and leisure.<\/p>\n<\/div>\r\n\t\t\t<\/div>\r\n\t\t<\/div>\r\n\t<\/div>\r\n\r\n\t\r\n\t<div id=\"et-iconbox-519\" class=\"et-iconbox layout-centered icon-style-simple bottom-spacing-none icon-color- text-color-\"> \r\n\t\t<div class=\"et-icon-inner\">\r\n\t\t\t\t\t\t<figure class=\"et-feature-icon\">\r\n\t\t\t\t\t\t\t\t<span class=\"pe-7s-angle-down-circle\"><\/span>\r\n\t\t\t\t\t\t\t<\/figure>\r\n\t\t\t\t\t\t<div class=\"et-feature-content\"> \r\n\t\t\t\t\t\t\t\t\t\t\t\t\t\t\t\t\t<h4 class=\"title\">Mind<\/h4>\r\n\t\t\t\t\t\t\t\t\t\t\t\t<div class=\"wpb_text_column\"><p>We keep our senses sharp and surround ourselves with positive and powerful people.<\/p>\n<\/div>\r\n\t\t\t<\/div>\r\n\t\t<\/div>\r\n\t<\/div>\r\n\r\n\t\t<\/div>\n\t<\/div><\/div><\/div><\/div><\/div><\/div><\/div><\/div><\/div><div  class=\"sec_row container\"><div class=\"vc_row wpb_row vc_row-fluid vc_custom_1579114565104\"><div class=\"wpb_column vc_column_container vc_col-sm-4 et-dark-column\"><div class=\"vc_column-inner\"><div class=\"wpb_wrapper\">\n\t<div class=\"wpb_text_column wpb_content_element animation left-to-right\" >\n\t\t<div class=\"wpb_wrapper\">\n\t\t\t<h5 class=\"fancy-title\">Fibami<\/h5>\n\n\t\t<\/div>\n\t<\/div>\n<\/div><\/div><\/div><div class=\"wpb_column vc_column_container vc_col-sm-4 et-dark-column\"><div class=\"vc_column-inner\"><div class=\"wpb_wrapper\">  <div class=\"et-team-member animation bottom-to-top\">\n  \t<div class=\"et-team-member-image default\">\n\t  \t<figure style=\"background-image:url('https:\/\/www.fibami.com\/wp-content\/uploads\/2022\/03\/Jake_Farra_0028_pol-1024x683.jpg')\">\n\t\t \t\t<div class=\"overlay\">\n\t\t\t\t\t<div class=\"et-member-social\">\n\t\t\t\t\t\t\t\t\t\t\t\t\t<a href=\"https:\/\/www.facebook.com\/ailen.pold\" class=\"facebook\" target=\"_blank\"><span class=\"et-icon et-facebook\"><\/span><\/a>\n\t\t\t\t\t\t\t\t\t\t\t\t\t\t\t\t\t\t\t\t\t\t\t\t\t\t\t\t\t\t\t<a href=\"https:\/\/www.linkedin.com\/in\/ailen-p\u00f5ld-6b925416\/\" class=\"linkedin\" target=\"_blank\"><span class=\"et-icon et-linkedin\"><\/span><\/a>\n\t\t\t\t\t\t\t\t\t\t\t\t\t\t\t\t\t\t\t\t\t\t\t<\/div>\n\t\t\t\t<\/div>\n\t  \t<\/figure>\n\t\t<\/div>\n\t\t<div class=\"et-member-information\">\n\t\t\t\t\t\t\t<h5>Ailen P\u00f5ld<\/h5>\n\t\t\t\t  \t\t  \t\t<p>CEO &amp; Founder<\/p>\n\t  \t  \t<\/div>\n\t<\/div>\n  <\/div><\/div><\/div><div class=\"wpb_column vc_column_container vc_col-sm-4 et-dark-column\"><div class=\"vc_column-inner\"><div class=\"wpb_wrapper\">\n\t<div class=\"wpb_text_column wpb_content_element\" >\n\t\t<div class=\"wpb_wrapper\">\n\t\t\t<p>Ailen is a garment technologist by profession. For the past 10 years, she has worked in various companies as a tailor, product developer, and sourcing, product development and production manager. Her professional commitment and ambition have helped her reach her goals and overcome a number of obstacles. In addition to her professional work, she has educated herself in marketing and business.<\/p>\n\n\t\t<\/div>\n\t<\/div>\n<\/div><\/div><\/div><\/div><\/div>\n<\/div>","protected":false},"excerpt":{"rendered":"Br\u00e4nd Sinule \"Sa ei pea sobituma oma riietega, Sinu riided peavad sobituma Sinu kehaga.\" Est. 2021 Meist Meie meeskonnal on \u00fcle 10 aasta kogemust r\u00f5ivat\u00f6\u00f6stuses, mis aitab meil tuvastada ja pakkuda lahendust erinevatele probleemidele r\u00f5ivastuses. Fibami on 100% eestimaine br\u00e4nd. Meie spordi-ja vabaajar\u00f5ivad on naiselikud, ajatud ning j\u00e4tkusuutlikult valmistatud, andes&hellip;","protected":false},"author":2,"featured_media":22340,"parent":0,"menu_order":0,"comment_status":"closed","ping_status":"closed","template":"","meta":{"footnotes":""},"class_list":["post-8384","page","type-page","status-publish","has-post-thumbnail","hentry"],"yoast_head":"<!-- This site is optimized with the Yoast SEO plugin v27.5 - https:\/\/yoast.com\/product\/yoast-seo-wordpress\/ -->\n<title>Meist - Fibami<\/title>\n<meta name=\"description\" content=\"Fibami meeskonnal on \u00fcle 10 aasta kogemust r\u00f5ivat\u00f6\u00f6stuses, mis aitab meil tuvastada ja pakkuda lahendust erinevatele probleemidele r\u00f5ivastuses.\" \/>\n<meta name=\"robots\" content=\"index, follow, max-snippet:-1, max-image-preview:large, max-video-preview:-1\" \/>\n<link rel=\"canonical\" href=\"https:\/\/www.fibami.com\/en\/meist\/\" \/>\n<meta property=\"og:locale\" content=\"en_GB\" \/>\n<meta property=\"og:type\" content=\"article\" \/>\n<meta property=\"og:title\" content=\"Meist\" \/>\n<meta property=\"og:description\" content=\"Fibami meeskonnal on \u00fcle 10 aasta kogemust r\u00f5ivat\u00f6\u00f6stuses, mis aitab meil tuvastada ja pakkuda lahendust erinevatele probleemidele r\u00f5ivastuses.\" \/>\n<meta property=\"og:url\" content=\"https:\/\/www.fibami.com\/en\/meist\/\" \/>\n<meta property=\"og:site_name\" content=\"Fibami\" \/>\n<meta property=\"article:modified_time\" content=\"2025-10-25T12:44:47+00:00\" \/>\n<meta property=\"og:image\" content=\"https:\/\/www.fibami.com\/wp-content\/uploads\/2021\/09\/Fibami-retuusid-2-scaled.jpg\" \/>\n\t<meta property=\"og:image:width\" content=\"1281\" \/>\n\t<meta property=\"og:image:height\" content=\"1920\" \/>\n\t<meta property=\"og:image:type\" content=\"image\/jpeg\" \/>\n<meta name=\"twitter:card\" content=\"summary_large_image\" \/>\n<meta name=\"twitter:label1\" content=\"Estimated reading time\" \/>\n\t<meta name=\"twitter:data1\" content=\"4 minutes\" \/>\n<script type=\"application\/ld+json\" class=\"yoast-schema-graph\">{\"@context\":\"https:\\\/\\\/schema.org\",\"@graph\":[{\"@type\":\"WebPage\",\"@id\":\"https:\\\/\\\/www.fibami.com\\\/meist\\\/\",\"url\":\"https:\\\/\\\/www.fibami.com\\\/meist\\\/\",\"name\":\"Meist - Fibami\",\"isPartOf\":{\"@id\":\"https:\\\/\\\/www.fibami.com\\\/#website\"},\"primaryImageOfPage\":{\"@id\":\"https:\\\/\\\/www.fibami.com\\\/meist\\\/#primaryimage\"},\"image\":{\"@id\":\"https:\\\/\\\/www.fibami.com\\\/meist\\\/#primaryimage\"},\"thumbnailUrl\":\"https:\\\/\\\/www.fibami.com\\\/wp-content\\\/uploads\\\/2023\\\/06\\\/IMG_7041.jpeg\",\"datePublished\":\"2022-09-16T12:22:46+00:00\",\"dateModified\":\"2025-10-25T12:44:47+00:00\",\"description\":\"Fibami meeskonnal on \u00fcle 10 aasta kogemust r\u00f5ivat\u00f6\u00f6stuses, mis aitab meil tuvastada ja pakkuda lahendust erinevatele probleemidele r\u00f5ivastuses.\",\"breadcrumb\":{\"@id\":\"https:\\\/\\\/www.fibami.com\\\/meist\\\/#breadcrumb\"},\"inLanguage\":\"en-GB\",\"potentialAction\":[{\"@type\":\"ReadAction\",\"target\":[\"https:\\\/\\\/www.fibami.com\\\/meist\\\/\"]}]},{\"@type\":\"ImageObject\",\"inLanguage\":\"en-GB\",\"@id\":\"https:\\\/\\\/www.fibami.com\\\/meist\\\/#primaryimage\",\"url\":\"https:\\\/\\\/www.fibami.com\\\/wp-content\\\/uploads\\\/2023\\\/06\\\/IMG_7041.jpeg\",\"contentUrl\":\"https:\\\/\\\/www.fibami.com\\\/wp-content\\\/uploads\\\/2023\\\/06\\\/IMG_7041.jpeg\",\"width\":1667,\"height\":2500},{\"@type\":\"BreadcrumbList\",\"@id\":\"https:\\\/\\\/www.fibami.com\\\/meist\\\/#breadcrumb\",\"itemListElement\":[{\"@type\":\"ListItem\",\"position\":1,\"name\":\"Home\",\"item\":\"https:\\\/\\\/www.fibami.com\\\/\"},{\"@type\":\"ListItem\",\"position\":2,\"name\":\"Meist\"}]},{\"@type\":\"WebSite\",\"@id\":\"https:\\\/\\\/www.fibami.com\\\/#website\",\"url\":\"https:\\\/\\\/www.fibami.com\\\/\",\"name\":\"Fibami\",\"description\":\"\",\"potentialAction\":[{\"@type\":\"SearchAction\",\"target\":{\"@type\":\"EntryPoint\",\"urlTemplate\":\"https:\\\/\\\/www.fibami.com\\\/?s={search_term_string}\"},\"query-input\":{\"@type\":\"PropertyValueSpecification\",\"valueRequired\":true,\"valueName\":\"search_term_string\"}}],\"inLanguage\":\"en-GB\"}]}<\/script>\n<!-- \/ Yoast SEO plugin. -->","yoast_head_json":{"title":"Meist - Fibami","description":"Fibami meeskonnal on \u00fcle 10 aasta kogemust r\u00f5ivat\u00f6\u00f6stuses, mis aitab meil tuvastada ja pakkuda lahendust erinevatele probleemidele r\u00f5ivastuses.","robots":{"index":"index","follow":"follow","max-snippet":"max-snippet:-1","max-image-preview":"max-image-preview:large","max-video-preview":"max-video-preview:-1"},"canonical":"https:\/\/www.fibami.com\/en\/meist\/","og_locale":"en_GB","og_type":"article","og_title":"Meist","og_description":"Fibami meeskonnal on \u00fcle 10 aasta kogemust r\u00f5ivat\u00f6\u00f6stuses, mis aitab meil tuvastada ja pakkuda lahendust erinevatele probleemidele r\u00f5ivastuses.","og_url":"https:\/\/www.fibami.com\/en\/meist\/","og_site_name":"Fibami","article_modified_time":"2025-10-25T12:44:47+00:00","og_image":[{"width":1281,"height":1920,"url":"https:\/\/www.fibami.com\/wp-content\/uploads\/2021\/09\/Fibami-retuusid-2-scaled.jpg","type":"image\/jpeg"}],"twitter_card":"summary_large_image","twitter_misc":{"Estimated reading time":"4 minutes"},"schema":{"@context":"https:\/\/schema.org","@graph":[{"@type":"WebPage","@id":"https:\/\/www.fibami.com\/meist\/","url":"https:\/\/www.fibami.com\/meist\/","name":"Meist - Fibami","isPartOf":{"@id":"https:\/\/www.fibami.com\/#website"},"primaryImageOfPage":{"@id":"https:\/\/www.fibami.com\/meist\/#primaryimage"},"image":{"@id":"https:\/\/www.fibami.com\/meist\/#primaryimage"},"thumbnailUrl":"https:\/\/www.fibami.com\/wp-content\/uploads\/2023\/06\/IMG_7041.jpeg","datePublished":"2022-09-16T12:22:46+00:00","dateModified":"2025-10-25T12:44:47+00:00","description":"Fibami meeskonnal on \u00fcle 10 aasta kogemust r\u00f5ivat\u00f6\u00f6stuses, mis aitab meil tuvastada ja pakkuda lahendust erinevatele probleemidele r\u00f5ivastuses.","breadcrumb":{"@id":"https:\/\/www.fibami.com\/meist\/#breadcrumb"},"inLanguage":"en-GB","potentialAction":[{"@type":"ReadAction","target":["https:\/\/www.fibami.com\/meist\/"]}]},{"@type":"ImageObject","inLanguage":"en-GB","@id":"https:\/\/www.fibami.com\/meist\/#primaryimage","url":"https:\/\/www.fibami.com\/wp-content\/uploads\/2023\/06\/IMG_7041.jpeg","contentUrl":"https:\/\/www.fibami.com\/wp-content\/uploads\/2023\/06\/IMG_7041.jpeg","width":1667,"height":2500},{"@type":"BreadcrumbList","@id":"https:\/\/www.fibami.com\/meist\/#breadcrumb","itemListElement":[{"@type":"ListItem","position":1,"name":"Home","item":"https:\/\/www.fibami.com\/"},{"@type":"ListItem","position":2,"name":"Meist"}]},{"@type":"WebSite","@id":"https:\/\/www.fibami.com\/#website","url":"https:\/\/www.fibami.com\/","name":"Fibami","description":"","potentialAction":[{"@type":"SearchAction","target":{"@type":"EntryPoint","urlTemplate":"https:\/\/www.fibami.com\/?s={search_term_string}"},"query-input":{"@type":"PropertyValueSpecification","valueRequired":true,"valueName":"search_term_string"}}],"inLanguage":"en-GB"}]}},"_links":{"self":[{"href":"https:\/\/www.fibami.com\/en\/wp-json\/wp\/v2\/pages\/8384","targetHints":{"allow":["GET"]}}],"collection":[{"href":"https:\/\/www.fibami.com\/en\/wp-json\/wp\/v2\/pages"}],"about":[{"href":"https:\/\/www.fibami.com\/en\/wp-json\/wp\/v2\/types\/page"}],"author":[{"embeddable":true,"href":"https:\/\/www.fibami.com\/en\/wp-json\/wp\/v2\/users\/2"}],"replies":[{"embeddable":true,"href":"https:\/\/www.fibami.com\/en\/wp-json\/wp\/v2\/comments?post=8384"}],"version-history":[{"count":5,"href":"https:\/\/www.fibami.com\/en\/wp-json\/wp\/v2\/pages\/8384\/revisions"}],"predecessor-version":[{"id":24226,"href":"https:\/\/www.fibami.com\/en\/wp-json\/wp\/v2\/pages\/8384\/revisions\/24226"}],"wp:featuredmedia":[{"embeddable":true,"href":"https:\/\/www.fibami.com\/en\/wp-json\/wp\/v2\/media\/22340"}],"wp:attachment":[{"href":"https:\/\/www.fibami.com\/en\/wp-json\/wp\/v2\/media?parent=8384"}],"curies":[{"name":"wp","href":"https:\/\/api.w.org\/{rel}","templated":true}]}}