{"id":9470,"date":"2023-01-03T09:18:51","date_gmt":"2023-01-03T06:18:51","guid":{"rendered":"https:\/\/www.fibami.com\/?page_id=9470"},"modified":"2025-10-01T14:24:39","modified_gmt":"2025-10-01T11:24:39","slug":"tagastamine","status":"publish","type":"page","link":"https:\/\/www.fibami.com\/en\/tagastamine\/","title":{"rendered":"Tagastamine ja vahetamine"},"content":{"rendered":"<p>After receiving the order, the buyer has the right to withdraw from the contract concluded in the e-shop <strong>within 14 days<\/strong> <strong>(v.a erim\u00f5\u00f5duga v\u00f5i eridisainiga tellimused). <\/strong>Tagastatav toode peab olema <strong>kasutamata, kahjustamata ja puhas. <\/strong>Toodet v\u00f5ib proovida viisil, nagu see oleks lubatud ka f\u00fc\u00fcsilises poes \u2013 ainult ulatuses, mis on vajalik kauba olemuses, omadustes ja toimimises veendumiseks.<\/p>\n\n\n\n<p><strong>KUIDAS TAGASTADA?<\/strong><\/p>\n\n\n\n<p><strong>1. Teavita meid e-kirjaga:<br><\/strong>Saada e-kiri aadressile <a href=\"mailto:fibami@fibami.com\">fibami@fibami.com<\/a> hiljemalt 14 p\u00e4eva jooksul alates kauba k\u00e4ttesaamisest.<br>Lisa kirja:<br>\u2013 tellimuse number<br>\u2013 tagastamise p\u00f5hjus<\/p>\n\n\n\n<p>2. Paki tagastatavad tooted p\u00e4rast e-kirja saatmist. <strong>PAKKI TULEB KINDLASTI LISADA VABAS VORMIS KIRI, KUS ON KIRJAS TELLIMUSE NUMBER JA TAGASTAMISE P\u00d5HJUS. <\/strong>Ilma selleta ei ole meil v\u00f5imalik tellimust tuvastada ega tagasimakset teostada.<\/p>\n\n\n\n<p><strong>3. Postita pakk:<br><\/strong>Saada tagastatav toode <strong>Peetri Selveri pakiautomaati<\/strong> (Itella SmartPost, Omniva v\u00f5i DPD) telefoninumbrile: <strong>+372 5564 1354<\/strong><\/p>\n\n\n\n<p><strong>4. Hoia alles saatmist t\u00f5endav dokument!<br><\/strong>Paraku on juhtunud, et pakid on veoteenuse pakkujate poolt kaduma l\u00e4inud \u2013 seega palume saatekinnituse alles hoida.<\/p>\n\n\n\n<p><strong>TAGASTUSKULUD JA TAGASIMAKSE<\/strong><\/p>\n\n\n\n<p>\u2013 Kauba tagastamise kulud kannab ostja, v\u00e4lja arvatud juhul, kui toode ei vasta tellitule (nt vale v\u00f5i defektiga toode).<br>\u2013 Raha tagastatud kauba eest kantakse ostja arvelduskontole hiljemalt 14 p\u00e4eva jooksul p\u00e4rast kauba tagasi saamist.<br>\u2013 E-pood v\u00f5ib keelduda tagasimakse tegemisest, kuni tagastatav kaup on tagasi saadud.<\/p>\n\n\n\n<p><strong>VAHETAMINE<\/strong><\/p>\n\n\n\n<p>Juhul kui tellitud toote <strong>suurus ei sobinud v\u00f5i soovid toodet vahetada, parandada v\u00f5i asendada<\/strong>, kirjuta meile e-kirjaga aadressil <a href=\"mailto:fibami@fibami.com\">fibami@fibami.com<\/a>. M\u00e4rgi juurde tellimuse number ja lisa juurde, millist toodet soovid vahetada.&nbsp;<\/p>\n\n\n\n<p><strong>Vahetuse eelduseks on, et:<br><\/strong>\u2013 Toode ei ole kasutatud, kahjustatud ega m\u00e4\u00e4rdunud<br>\u2013 Vahetatav toode ei ole erim\u00f5\u00f5duga v\u00f5i eridisainiga valmistatud<\/p>\n\n\n\n<p>Kui vahetus on kinnitatud, juhendame sind j\u00e4rgmistest sammudest ning anname teada, kuhu ja kuidas toode saata. <strong>Vastame kirjadele hiljemalt 4 t\u00f6\u00f6p\u00e4eva jooksul.<\/strong><\/p>","protected":false},"excerpt":{"rendered":"<p>P\u00e4rast tellimuse k\u00e4ttesaamist on ostjal \u00f5igus e-poes s\u00f5lmitud lepingust taganeda 14 p\u00e4eva jooksul (v.a erim\u00f5\u00f5duga v\u00f5i eridisainiga tellimused). Tagastatav toode peab olema kasutamata, kahjustamata ja puhas. Toodet v\u00f5ib proovida viisil, nagu see oleks lubatud ka f\u00fc\u00fcsilises poes \u2013 ainult ulatuses, mis on vajalik kauba olemuses, omadustes ja toimimises veendumiseks. KUIDAS&hellip;<\/p>","protected":false},"author":2,"featured_media":0,"parent":0,"menu_order":0,"comment_status":"closed","ping_status":"closed","template":"","meta":{"footnotes":""},"class_list":["post-9470","page","type-page","status-publish","hentry"],"yoast_head":"<!-- This site is optimized with the Yoast SEO plugin v27.5 - https:\/\/yoast.com\/product\/yoast-seo-wordpress\/ -->\n<title>Tagastamine ja vahetamine - Fibami<\/title>\n<meta name=\"robots\" content=\"index, follow, max-snippet:-1, max-image-preview:large, max-video-preview:-1\" \/>\n<link rel=\"canonical\" href=\"https:\/\/www.fibami.com\/en\/tagastamine\/\" \/>\n<meta property=\"og:locale\" content=\"en_GB\" \/>\n<meta property=\"og:type\" content=\"article\" \/>\n<meta property=\"og:title\" content=\"Tagastamine ja vahetamine - Fibami\" \/>\n<meta property=\"og:description\" content=\"P\u00e4rast tellimuse k\u00e4ttesaamist on ostjal \u00f5igus e-poes s\u00f5lmitud lepingust taganeda 14 p\u00e4eva jooksul (v.a erim\u00f5\u00f5duga v\u00f5i eridisainiga tellimused). Tagastatav toode peab olema kasutamata, kahjustamata ja puhas. Toodet v\u00f5ib proovida viisil, nagu see oleks lubatud ka f\u00fc\u00fcsilises poes \u2013 ainult ulatuses, mis on vajalik kauba olemuses, omadustes ja toimimises veendumiseks. KUIDAS&hellip;\" \/>\n<meta property=\"og:url\" content=\"https:\/\/www.fibami.com\/en\/tagastamine\/\" \/>\n<meta property=\"og:site_name\" content=\"Fibami\" \/>\n<meta property=\"article:modified_time\" content=\"2025-10-01T11:24:39+00:00\" \/>\n<meta name=\"twitter:card\" content=\"summary_large_image\" \/>\n<meta name=\"twitter:label1\" content=\"Estimated reading time\" \/>\n\t<meta name=\"twitter:data1\" content=\"2 minutes\" \/>\n<script type=\"application\/ld+json\" class=\"yoast-schema-graph\">{\"@context\":\"https:\\\/\\\/schema.org\",\"@graph\":[{\"@type\":\"WebPage\",\"@id\":\"https:\\\/\\\/www.fibami.com\\\/tagastamine\\\/\",\"url\":\"https:\\\/\\\/www.fibami.com\\\/tagastamine\\\/\",\"name\":\"Tagastamine ja vahetamine - Fibami\",\"isPartOf\":{\"@id\":\"https:\\\/\\\/www.fibami.com\\\/#website\"},\"datePublished\":\"2023-01-03T06:18:51+00:00\",\"dateModified\":\"2025-10-01T11:24:39+00:00\",\"breadcrumb\":{\"@id\":\"https:\\\/\\\/www.fibami.com\\\/tagastamine\\\/#breadcrumb\"},\"inLanguage\":\"en-GB\",\"potentialAction\":[{\"@type\":\"ReadAction\",\"target\":[\"https:\\\/\\\/www.fibami.com\\\/tagastamine\\\/\"]}]},{\"@type\":\"BreadcrumbList\",\"@id\":\"https:\\\/\\\/www.fibami.com\\\/tagastamine\\\/#breadcrumb\",\"itemListElement\":[{\"@type\":\"ListItem\",\"position\":1,\"name\":\"Home\",\"item\":\"https:\\\/\\\/www.fibami.com\\\/\"},{\"@type\":\"ListItem\",\"position\":2,\"name\":\"Tagastamine ja vahetamine\"}]},{\"@type\":\"WebSite\",\"@id\":\"https:\\\/\\\/www.fibami.com\\\/#website\",\"url\":\"https:\\\/\\\/www.fibami.com\\\/\",\"name\":\"Fibami\",\"description\":\"\",\"potentialAction\":[{\"@type\":\"SearchAction\",\"target\":{\"@type\":\"EntryPoint\",\"urlTemplate\":\"https:\\\/\\\/www.fibami.com\\\/?s={search_term_string}\"},\"query-input\":{\"@type\":\"PropertyValueSpecification\",\"valueRequired\":true,\"valueName\":\"search_term_string\"}}],\"inLanguage\":\"en-GB\"}]}<\/script>\n<!-- \/ Yoast SEO plugin. -->","yoast_head_json":{"title":"Tagastamine ja vahetamine - Fibami","robots":{"index":"index","follow":"follow","max-snippet":"max-snippet:-1","max-image-preview":"max-image-preview:large","max-video-preview":"max-video-preview:-1"},"canonical":"https:\/\/www.fibami.com\/en\/tagastamine\/","og_locale":"en_GB","og_type":"article","og_title":"Tagastamine ja vahetamine - Fibami","og_description":"P\u00e4rast tellimuse k\u00e4ttesaamist on ostjal \u00f5igus e-poes s\u00f5lmitud lepingust taganeda 14 p\u00e4eva jooksul (v.a erim\u00f5\u00f5duga v\u00f5i eridisainiga tellimused). Tagastatav toode peab olema kasutamata, kahjustamata ja puhas. Toodet v\u00f5ib proovida viisil, nagu see oleks lubatud ka f\u00fc\u00fcsilises poes \u2013 ainult ulatuses, mis on vajalik kauba olemuses, omadustes ja toimimises veendumiseks. KUIDAS&hellip;","og_url":"https:\/\/www.fibami.com\/en\/tagastamine\/","og_site_name":"Fibami","article_modified_time":"2025-10-01T11:24:39+00:00","twitter_card":"summary_large_image","twitter_misc":{"Estimated reading time":"2 minutes"},"schema":{"@context":"https:\/\/schema.org","@graph":[{"@type":"WebPage","@id":"https:\/\/www.fibami.com\/tagastamine\/","url":"https:\/\/www.fibami.com\/tagastamine\/","name":"Tagastamine ja vahetamine - Fibami","isPartOf":{"@id":"https:\/\/www.fibami.com\/#website"},"datePublished":"2023-01-03T06:18:51+00:00","dateModified":"2025-10-01T11:24:39+00:00","breadcrumb":{"@id":"https:\/\/www.fibami.com\/tagastamine\/#breadcrumb"},"inLanguage":"en-GB","potentialAction":[{"@type":"ReadAction","target":["https:\/\/www.fibami.com\/tagastamine\/"]}]},{"@type":"BreadcrumbList","@id":"https:\/\/www.fibami.com\/tagastamine\/#breadcrumb","itemListElement":[{"@type":"ListItem","position":1,"name":"Home","item":"https:\/\/www.fibami.com\/"},{"@type":"ListItem","position":2,"name":"Tagastamine ja vahetamine"}]},{"@type":"WebSite","@id":"https:\/\/www.fibami.com\/#website","url":"https:\/\/www.fibami.com\/","name":"Fibami","description":"","potentialAction":[{"@type":"SearchAction","target":{"@type":"EntryPoint","urlTemplate":"https:\/\/www.fibami.com\/?s={search_term_string}"},"query-input":{"@type":"PropertyValueSpecification","valueRequired":true,"valueName":"search_term_string"}}],"inLanguage":"en-GB"}]}},"_links":{"self":[{"href":"https:\/\/www.fibami.com\/en\/wp-json\/wp\/v2\/pages\/9470","targetHints":{"allow":["GET"]}}],"collection":[{"href":"https:\/\/www.fibami.com\/en\/wp-json\/wp\/v2\/pages"}],"about":[{"href":"https:\/\/www.fibami.com\/en\/wp-json\/wp\/v2\/types\/page"}],"author":[{"embeddable":true,"href":"https:\/\/www.fibami.com\/en\/wp-json\/wp\/v2\/users\/2"}],"replies":[{"embeddable":true,"href":"https:\/\/www.fibami.com\/en\/wp-json\/wp\/v2\/comments?post=9470"}],"version-history":[{"count":5,"href":"https:\/\/www.fibami.com\/en\/wp-json\/wp\/v2\/pages\/9470\/revisions"}],"predecessor-version":[{"id":22613,"href":"https:\/\/www.fibami.com\/en\/wp-json\/wp\/v2\/pages\/9470\/revisions\/22613"}],"wp:attachment":[{"href":"https:\/\/www.fibami.com\/en\/wp-json\/wp\/v2\/media?parent=9470"}],"curies":[{"name":"wp","href":"https:\/\/api.w.org\/{rel}","templated":true}]}}