{"id":10405,"date":"2023-04-21T14:14:49","date_gmt":"2023-04-21T11:14:49","guid":{"rendered":"https:\/\/www.fibami.com\/?post_type=product&#038;p=10405"},"modified":"2026-04-22T10:32:48","modified_gmt":"2026-04-22T07:32:48","slug":"fibami-active-triiksark","status":"publish","type":"product","link":"https:\/\/www.fibami.com\/en\/product\/fibami-active-triiksark\/","title":{"rendered":"Fibami Active Shirt"},"content":{"rendered":"<p>Fibami Active Shirt<\/p>\n<p>Material:<\/p>\n<p>Breathable and soft four-way stretch fabric.<\/p>\n<ul>\n<li>77% Polyamide 23% Elastane<\/li>\n<li>Breathable and moisture regulating material<\/li>\n<li>Quick drying<\/li>\n<li>Easy to maintain<\/li>\n<li>OEKO-TEX 100 certificate \u2013 tested and free of harmful substances<\/li>\n<li>Bluesign System \u2013 sustainable production<\/li>\n<\/ul>\n<p><img decoding=\"async\" class=\"alignnone size-full wp-image-7899\" src=\"https:\/\/www.fibami.com\/wp-content\/uploads\/2022\/08\/Fibami_spordiriided_jatkusuutlik_kangas.png\" alt=\"\" width=\"127\" height=\"127\" srcset=\"https:\/\/www.fibami.com\/wp-content\/uploads\/2022\/08\/Fibami_spordiriided_jatkusuutlik_kangas.png 127w, https:\/\/www.fibami.com\/wp-content\/uploads\/2022\/08\/Fibami_spordiriided_jatkusuutlik_kangas-12x12.png 12w, https:\/\/www.fibami.com\/wp-content\/uploads\/2022\/08\/Fibami_spordiriided_jatkusuutlik_kangas-100x100.png 100w, https:\/\/www.fibami.com\/wp-content\/uploads\/2022\/08\/Fibami_spordiriided_jatkusuutlik_kangas-50x50.png 50w\" sizes=\"(max-width: 127px) 100vw, 127px\" \/><img decoding=\"async\" class=\"alignnone wp-image-1344\" style=\"font-weight: inherit;\" src=\"https:\/\/www.fibami.com\/wp-content\/uploads\/2021\/06\/Bluesign-System-Partnership-Certificate-300x169.jpg\" alt=\"\" width=\"202\" height=\"114\" srcset=\"https:\/\/www.fibami.com\/wp-content\/uploads\/2021\/06\/Bluesign-System-Partnership-Certificate-300x169.jpg 300w, https:\/\/www.fibami.com\/wp-content\/uploads\/2021\/06\/Bluesign-System-Partnership-Certificate-600x337.jpg 600w, https:\/\/www.fibami.com\/wp-content\/uploads\/2021\/06\/Bluesign-System-Partnership-Certificate-16x9.jpg 16w, https:\/\/www.fibami.com\/wp-content\/uploads\/2021\/06\/Bluesign-System-Partnership-Certificate.jpg 678w\" sizes=\"(max-width: 202px) 100vw, 202px\" \/><img decoding=\"async\" class=\"alignnone wp-image-1345\" src=\"https:\/\/www.fibami.com\/wp-content\/uploads\/2021\/06\/oekotex-300x157.jpg\" alt=\"\" width=\"167\" height=\"87\" srcset=\"https:\/\/www.fibami.com\/wp-content\/uploads\/2021\/06\/oekotex-300x157.jpg 300w, https:\/\/www.fibami.com\/wp-content\/uploads\/2021\/06\/oekotex-900x471.jpg 900w, https:\/\/www.fibami.com\/wp-content\/uploads\/2021\/06\/oekotex-600x314.jpg 600w, https:\/\/www.fibami.com\/wp-content\/uploads\/2021\/06\/oekotex-1024x536.jpg 1024w, https:\/\/www.fibami.com\/wp-content\/uploads\/2021\/06\/oekotex-768x402.jpg 768w, https:\/\/www.fibami.com\/wp-content\/uploads\/2021\/06\/oekotex-16x8.jpg 16w, https:\/\/www.fibami.com\/wp-content\/uploads\/2021\/06\/oekotex.jpg 1200w\" sizes=\"(max-width: 167px) 100vw, 167px\" \/><\/p>","protected":false},"excerpt":{"rendered":"<p><strong>Fibami Active Shirt <\/strong>on valmistatud hingavast spordikangast. Valikus on klassikaline must v\u00f5i \u00f5huline mesh kangas.<\/p>\n<ul>\n<li><strong>The elegance of a shirt and sporty comfort in one product.<\/strong><\/li>\n<li>The front part is sewn shut, so you don't have to worry about the buttons coming off during training.<\/li>\n<li>Extended back and V-neck front.<\/li>\n<li>The collar and sleeve details make the blouse elegant.<\/li>\n<li>Wear it in the office, at your free time or during training.<\/li>\n<li>Stretchy and breathable material.<\/li>\n<\/ul>\n<p><a href=\"https:\/\/www.fibami.com\/en\/moodutabel\/\">Choose your size<\/a> according to your chest circumference.<\/p>\n<p><strong>Shipping: <\/strong>Fibami tooted valmivad tellimuse peale <strong>kuni 7 t\u00f6\u00f6p\u00e4eva jooksul.<\/strong> Erisoovist anna julgelt m\u00e4rku.<\/p>\n<p><a class=\"maxbutton-2 maxbutton maxbutton-moodutabel\" target=\"_blank\" rel=\"noopener\" href=\"\/en\/moodutabel\/\"><span class='mb-text'>Sizing chart<\/span><\/a><\/p>","protected":false},"featured_media":14738,"comment_status":"open","ping_status":"closed","template":"","meta":[],"product_brand":[],"product_cat":[112,208,217],"product_tag":[],"class_list":{"0":"post-10405","1":"product","2":"type-product","3":"status-publish","4":"has-post-thumbnail","6":"product_cat-pluusid","7":"product_cat-spordiriided","8":"product_cat-tantsuriided","10":"first","11":"onbackorder","12":"taxable","13":"shipping-taxable","14":"purchasable","15":"product-type-variable"},"yoast_head":"<!-- This site is optimized with the Yoast SEO plugin v27.5 - https:\/\/yoast.com\/product\/yoast-seo-wordpress\/ -->\n<title>Fibami Active Triiks\u00e4rk - Fibami<\/title>\n<meta name=\"description\" content=\"Fibami Active Triiks\u00e4rk on valmistatud hingavast spordikangast ning sobib kandmiseks nii tantsulises treeningus kui ka vabal ajal. Naiselik ja mugav.\" \/>\n<meta name=\"robots\" content=\"index, follow, max-snippet:-1, max-image-preview:large, max-video-preview:-1\" \/>\n<link rel=\"canonical\" href=\"https:\/\/www.fibami.com\/en\/product\/fibami-active-triiksark\/\" \/>\n<meta property=\"og:locale\" content=\"en_GB\" \/>\n<meta property=\"og:type\" content=\"article\" \/>\n<meta property=\"og:title\" content=\"Fibami Active Triiks\u00e4rk must\" \/>\n<meta property=\"og:description\" content=\"Fibami Active Triiks\u00e4rk on valmistatud \u00f5hemast venivast retuusikangast. Elegantsus ja sportlik mugavus \u00fches tootes. Esiosa on kinni \u00f5mmeldud, seega ei pea muretsema, et treeningul n\u00f6\u00f6bid lahti tuleksid. Pikendatud seljaosa ning V-kaelusega esiosa. Kanna kontoris, vabal ajal, treeningul.\" \/>\n<meta property=\"og:url\" content=\"https:\/\/www.fibami.com\/en\/product\/fibami-active-triiksark\/\" \/>\n<meta property=\"og:site_name\" content=\"Fibami\" \/>\n<meta property=\"article:modified_time\" content=\"2026-04-22T07:32:48+00:00\" \/>\n<meta property=\"og:image\" content=\"https:\/\/www.fibami.com\/wp-content\/uploads\/2023\/04\/Fibami_Active_triiksark-3a.jpg\" \/>\n\t<meta property=\"og:image:width\" content=\"1207\" \/>\n\t<meta property=\"og:image:height\" content=\"1812\" \/>\n\t<meta property=\"og:image:type\" content=\"image\/jpeg\" \/>\n<meta name=\"twitter:card\" content=\"summary_large_image\" \/>\n<meta name=\"twitter:title\" content=\"Fibami Active Triiks\u00e4rk must\" \/>\n<meta name=\"twitter:description\" content=\"Fibami Active Triiks\u00e4rk on valmistatud \u00f5hemast venivast retuusikangast. Elegantsus ja sportlik mugavus \u00fches tootes. Esiosa on kinni \u00f5mmeldud, seega ei pea muretsema, et treeningul n\u00f6\u00f6bid lahti tuleksid. Pikendatud seljaosa ning V-kaelusega esiosa. Kanna kontoris, vabal ajal, treeningul.\" \/>\n<meta name=\"twitter:image\" content=\"https:\/\/www.fibami.com\/wp-content\/uploads\/2023\/04\/Fibami_Active_triiksark-3a.jpg\" \/>\n<meta name=\"twitter:label1\" content=\"Estimated reading time\" \/>\n\t<meta name=\"twitter:data1\" content=\"1 minute\" \/>\n<script type=\"application\/ld+json\" class=\"yoast-schema-graph\">{\"@context\":\"https:\\\/\\\/schema.org\",\"@graph\":[{\"@type\":\"WebPage\",\"@id\":\"https:\\\/\\\/www.fibami.com\\\/product\\\/fibami-active-triiksark\\\/\",\"url\":\"https:\\\/\\\/www.fibami.com\\\/product\\\/fibami-active-triiksark\\\/\",\"name\":\"Fibami Active Triiks\u00e4rk - Fibami\",\"isPartOf\":{\"@id\":\"https:\\\/\\\/www.fibami.com\\\/#website\"},\"primaryImageOfPage\":{\"@id\":\"https:\\\/\\\/www.fibami.com\\\/product\\\/fibami-active-triiksark\\\/#primaryimage\"},\"image\":{\"@id\":\"https:\\\/\\\/www.fibami.com\\\/product\\\/fibami-active-triiksark\\\/#primaryimage\"},\"thumbnailUrl\":\"https:\\\/\\\/www.fibami.com\\\/wp-content\\\/uploads\\\/2023\\\/04\\\/Fibami_Active_triiksark_mesh-11-scaled-1.jpg\",\"datePublished\":\"2023-04-21T11:14:49+00:00\",\"dateModified\":\"2026-04-22T07:32:48+00:00\",\"description\":\"Fibami Active Triiks\u00e4rk on valmistatud hingavast spordikangast ning sobib kandmiseks nii tantsulises treeningus kui ka vabal ajal. Naiselik ja mugav.\",\"breadcrumb\":{\"@id\":\"https:\\\/\\\/www.fibami.com\\\/product\\\/fibami-active-triiksark\\\/#breadcrumb\"},\"inLanguage\":\"en-GB\",\"potentialAction\":[{\"@type\":\"ReadAction\",\"target\":[\"https:\\\/\\\/www.fibami.com\\\/product\\\/fibami-active-triiksark\\\/\"]}]},{\"@type\":\"ImageObject\",\"inLanguage\":\"en-GB\",\"@id\":\"https:\\\/\\\/www.fibami.com\\\/product\\\/fibami-active-triiksark\\\/#primaryimage\",\"url\":\"https:\\\/\\\/www.fibami.com\\\/wp-content\\\/uploads\\\/2023\\\/04\\\/Fibami_Active_triiksark_mesh-11-scaled-1.jpg\",\"contentUrl\":\"https:\\\/\\\/www.fibami.com\\\/wp-content\\\/uploads\\\/2023\\\/04\\\/Fibami_Active_triiksark_mesh-11-scaled-1.jpg\",\"width\":1280,\"height\":1920},{\"@type\":\"BreadcrumbList\",\"@id\":\"https:\\\/\\\/www.fibami.com\\\/product\\\/fibami-active-triiksark\\\/#breadcrumb\",\"itemListElement\":[{\"@type\":\"ListItem\",\"position\":1,\"name\":\"Home\",\"item\":\"https:\\\/\\\/www.fibami.com\\\/\"},{\"@type\":\"ListItem\",\"position\":2,\"name\":\"Pood\",\"item\":\"https:\\\/\\\/www.fibami.com\\\/pood\\\/\"},{\"@type\":\"ListItem\",\"position\":3,\"name\":\"Fibami Active Triiks\u00e4rk\"}]},{\"@type\":\"WebSite\",\"@id\":\"https:\\\/\\\/www.fibami.com\\\/#website\",\"url\":\"https:\\\/\\\/www.fibami.com\\\/\",\"name\":\"Fibami\",\"description\":\"\",\"potentialAction\":[{\"@type\":\"SearchAction\",\"target\":{\"@type\":\"EntryPoint\",\"urlTemplate\":\"https:\\\/\\\/www.fibami.com\\\/?s={search_term_string}\"},\"query-input\":{\"@type\":\"PropertyValueSpecification\",\"valueRequired\":true,\"valueName\":\"search_term_string\"}}],\"inLanguage\":\"en-GB\"}]}<\/script>\n<!-- \/ Yoast SEO plugin. -->","yoast_head_json":{"title":"Fibami Active Triiks\u00e4rk - Fibami","description":"Fibami Active Triiks\u00e4rk on valmistatud hingavast spordikangast ning sobib kandmiseks nii tantsulises treeningus kui ka vabal ajal. Naiselik ja mugav.","robots":{"index":"index","follow":"follow","max-snippet":"max-snippet:-1","max-image-preview":"max-image-preview:large","max-video-preview":"max-video-preview:-1"},"canonical":"https:\/\/www.fibami.com\/en\/product\/fibami-active-triiksark\/","og_locale":"en_GB","og_type":"article","og_title":"Fibami Active Triiks\u00e4rk must","og_description":"Fibami Active Triiks\u00e4rk on valmistatud \u00f5hemast venivast retuusikangast. Elegantsus ja sportlik mugavus \u00fches tootes. Esiosa on kinni \u00f5mmeldud, seega ei pea muretsema, et treeningul n\u00f6\u00f6bid lahti tuleksid. Pikendatud seljaosa ning V-kaelusega esiosa. Kanna kontoris, vabal ajal, treeningul.","og_url":"https:\/\/www.fibami.com\/en\/product\/fibami-active-triiksark\/","og_site_name":"Fibami","article_modified_time":"2026-04-22T07:32:48+00:00","og_image":[{"width":1207,"height":1812,"url":"https:\/\/www.fibami.com\/wp-content\/uploads\/2023\/04\/Fibami_Active_triiksark-3a.jpg","type":"image\/jpeg"}],"twitter_card":"summary_large_image","twitter_title":"Fibami Active Triiks\u00e4rk must","twitter_description":"Fibami Active Triiks\u00e4rk on valmistatud \u00f5hemast venivast retuusikangast. Elegantsus ja sportlik mugavus \u00fches tootes. Esiosa on kinni \u00f5mmeldud, seega ei pea muretsema, et treeningul n\u00f6\u00f6bid lahti tuleksid. Pikendatud seljaosa ning V-kaelusega esiosa. Kanna kontoris, vabal ajal, treeningul.","twitter_image":"https:\/\/www.fibami.com\/wp-content\/uploads\/2023\/04\/Fibami_Active_triiksark-3a.jpg","twitter_misc":{"Estimated reading time":"1 minute"},"schema":{"@context":"https:\/\/schema.org","@graph":[{"@type":"WebPage","@id":"https:\/\/www.fibami.com\/product\/fibami-active-triiksark\/","url":"https:\/\/www.fibami.com\/product\/fibami-active-triiksark\/","name":"Fibami Active Triiks\u00e4rk - Fibami","isPartOf":{"@id":"https:\/\/www.fibami.com\/#website"},"primaryImageOfPage":{"@id":"https:\/\/www.fibami.com\/product\/fibami-active-triiksark\/#primaryimage"},"image":{"@id":"https:\/\/www.fibami.com\/product\/fibami-active-triiksark\/#primaryimage"},"thumbnailUrl":"https:\/\/www.fibami.com\/wp-content\/uploads\/2023\/04\/Fibami_Active_triiksark_mesh-11-scaled-1.jpg","datePublished":"2023-04-21T11:14:49+00:00","dateModified":"2026-04-22T07:32:48+00:00","description":"Fibami Active Triiks\u00e4rk on valmistatud hingavast spordikangast ning sobib kandmiseks nii tantsulises treeningus kui ka vabal ajal. Naiselik ja mugav.","breadcrumb":{"@id":"https:\/\/www.fibami.com\/product\/fibami-active-triiksark\/#breadcrumb"},"inLanguage":"en-GB","potentialAction":[{"@type":"ReadAction","target":["https:\/\/www.fibami.com\/product\/fibami-active-triiksark\/"]}]},{"@type":"ImageObject","inLanguage":"en-GB","@id":"https:\/\/www.fibami.com\/product\/fibami-active-triiksark\/#primaryimage","url":"https:\/\/www.fibami.com\/wp-content\/uploads\/2023\/04\/Fibami_Active_triiksark_mesh-11-scaled-1.jpg","contentUrl":"https:\/\/www.fibami.com\/wp-content\/uploads\/2023\/04\/Fibami_Active_triiksark_mesh-11-scaled-1.jpg","width":1280,"height":1920},{"@type":"BreadcrumbList","@id":"https:\/\/www.fibami.com\/product\/fibami-active-triiksark\/#breadcrumb","itemListElement":[{"@type":"ListItem","position":1,"name":"Home","item":"https:\/\/www.fibami.com\/"},{"@type":"ListItem","position":2,"name":"Pood","item":"https:\/\/www.fibami.com\/pood\/"},{"@type":"ListItem","position":3,"name":"Fibami Active Triiks\u00e4rk"}]},{"@type":"WebSite","@id":"https:\/\/www.fibami.com\/#website","url":"https:\/\/www.fibami.com\/","name":"Fibami","description":"","potentialAction":[{"@type":"SearchAction","target":{"@type":"EntryPoint","urlTemplate":"https:\/\/www.fibami.com\/?s={search_term_string}"},"query-input":{"@type":"PropertyValueSpecification","valueRequired":true,"valueName":"search_term_string"}}],"inLanguage":"en-GB"}]}},"_links":{"self":[{"href":"https:\/\/www.fibami.com\/en\/wp-json\/wp\/v2\/product\/10405","targetHints":{"allow":["GET"]}}],"collection":[{"href":"https:\/\/www.fibami.com\/en\/wp-json\/wp\/v2\/product"}],"about":[{"href":"https:\/\/www.fibami.com\/en\/wp-json\/wp\/v2\/types\/product"}],"replies":[{"embeddable":true,"href":"https:\/\/www.fibami.com\/en\/wp-json\/wp\/v2\/comments?post=10405"}],"version-history":[{"count":5,"href":"https:\/\/www.fibami.com\/en\/wp-json\/wp\/v2\/product\/10405\/revisions"}],"predecessor-version":[{"id":30775,"href":"https:\/\/www.fibami.com\/en\/wp-json\/wp\/v2\/product\/10405\/revisions\/30775"}],"wp:featuredmedia":[{"embeddable":true,"href":"https:\/\/www.fibami.com\/en\/wp-json\/wp\/v2\/media\/14738"}],"wp:attachment":[{"href":"https:\/\/www.fibami.com\/en\/wp-json\/wp\/v2\/media?parent=10405"}],"wp:term":[{"taxonomy":"product_brand","embeddable":true,"href":"https:\/\/www.fibami.com\/en\/wp-json\/wp\/v2\/product_brand?post=10405"},{"taxonomy":"product_cat","embeddable":true,"href":"https:\/\/www.fibami.com\/en\/wp-json\/wp\/v2\/product_cat?post=10405"},{"taxonomy":"product_tag","embeddable":true,"href":"https:\/\/www.fibami.com\/en\/wp-json\/wp\/v2\/product_tag?post=10405"}],"curies":[{"name":"wp","href":"https:\/\/api.w.org\/{rel}","templated":true}]}}