{"id":11537,"date":"2023-06-14T08:44:51","date_gmt":"2023-06-14T05:44:51","guid":{"rendered":"https:\/\/www.fibami.com\/?post_type=product&#038;p=11537"},"modified":"2026-04-08T14:03:26","modified_gmt":"2026-04-08T11:03:26","slug":"fibami-leisure-seelik","status":"publish","type":"product","link":"https:\/\/www.fibami.com\/en\/product\/fibami-leisure-seelik\/","title":{"rendered":"Fibami Leisure Skirt"},"content":{"rendered":"<p>Fibami Leisure Skirt<\/p>\n<ul>\n<li><a href=\"https:\/\/www.fibami.com\/en\/materjalid\/\">Material<\/a>56% Viscose, 32% Polyester, 12% Elastane<\/li>\n<li>Body-friendly and pleasantly stretchy material<\/li>\n<li>Timeless design and cut<\/li>\n<li>Easy to maintain and minimally wrinkling fabric<\/li>\n<li>High-waisted, straight cut, side pockets<\/li>\n<li>OEKO-TEX 100 certificate \u2013 tested and free of harmful substances<\/li>\n<\/ul>\n<p>&nbsp;<\/p>\n<p><img decoding=\"async\" class=\"alignnone wp-image-1345\" src=\"https:\/\/www.fibami.com\/wp-content\/uploads\/2021\/06\/oekotex-300x157.jpg\" alt=\"\" width=\"212\" height=\"111\" srcset=\"https:\/\/www.fibami.com\/wp-content\/uploads\/2021\/06\/oekotex-300x157.jpg 300w, https:\/\/www.fibami.com\/wp-content\/uploads\/2021\/06\/oekotex-900x471.jpg 900w, https:\/\/www.fibami.com\/wp-content\/uploads\/2021\/06\/oekotex-600x314.jpg 600w, https:\/\/www.fibami.com\/wp-content\/uploads\/2021\/06\/oekotex-1024x536.jpg 1024w, https:\/\/www.fibami.com\/wp-content\/uploads\/2021\/06\/oekotex-768x402.jpg 768w, https:\/\/www.fibami.com\/wp-content\/uploads\/2021\/06\/oekotex-16x8.jpg 16w, https:\/\/www.fibami.com\/wp-content\/uploads\/2021\/06\/oekotex.jpg 1200w\" sizes=\"(max-width: 212px) 100vw, 212px\" \/><\/p>","protected":false},"excerpt":{"rendered":"<p><strong>Fibami Leisure Skirt\u00a0<\/strong><\/p>\n<ul>\n<li>Made of comfortable and stretchy knit fabric.<\/li>\n<li>The skirt has a high waist and a fitted silhouette.<\/li>\n<li>The sides have convenient pockets and the slits at the bottom give freedom of movement.<\/li>\n<li>Wear the skirt with sneakers or shoes and combine it in a more casual or formal style.<\/li>\n<\/ul>\n<p><strong><a href=\"https:\/\/www.fibami.com\/en\/materjalid\/\">Material<\/a>:\u00a0\u00a0<\/strong>Viscose blend fabric is very body friendly. Due to the elastane content, it is stretchy and wrinkles minimally.<\/p>\n<p><a href=\"https:\/\/www.fibami.com\/en\/moodutabel\/\">Choose your size<\/a> according to your waist circumference.<\/p>\n<p><strong>Tarne <\/strong><strong>kuni 7 t\u00f6\u00f6p\u00e4eva.<br \/>\n<\/strong>Kampaaniate ajal v\u00f5ib tarneaeg olla tavap\u00e4rasest pikem.<\/p>\n<p><a class=\"maxbutton-2 maxbutton maxbutton-moodutabel\" target=\"_blank\" rel=\"noopener\" href=\"\/en\/moodutabel\/\"><span class='mb-text'>Sizing chart<\/span><\/a><\/p>","protected":false},"featured_media":20572,"comment_status":"open","ping_status":"closed","template":"","meta":[],"product_brand":[],"product_cat":[248],"product_tag":[],"class_list":{"0":"post-11537","1":"product","2":"type-product","3":"status-publish","4":"has-post-thumbnail","6":"product_cat-leisurewear","8":"first","9":"onbackorder","10":"taxable","11":"shipping-taxable","12":"purchasable","13":"product-type-variable"},"yoast_head":"<!-- This site is optimized with the Yoast SEO plugin v27.3 - https:\/\/yoast.com\/product\/yoast-seo-wordpress\/ -->\n<title>Fibami Leisure seelik - Fibami<\/title>\n<meta name=\"description\" content=\"Fibami Leisure seelik on parim valik, kui otsid sobivat l\u00f5iget v\u00e4iksema piha ja kurvikama puusa proportsioonile. Saadaval kolmes pikkuses.\" \/>\n<meta name=\"robots\" content=\"index, follow, max-snippet:-1, max-image-preview:large, max-video-preview:-1\" \/>\n<link rel=\"canonical\" href=\"https:\/\/www.fibami.com\/en\/product\/fibami-leisure-seelik\/\" \/>\n<meta property=\"og:locale\" content=\"en_GB\" \/>\n<meta property=\"og:type\" content=\"article\" \/>\n<meta property=\"og:title\" content=\"Fibami Leisure Seelik\" \/>\n<meta property=\"og:description\" content=\"Valmistatud mugavast ja venivast trikotaa\u017ekangast. Seelikul on k\u00f5rge pihaosaga ning kehasse t\u00f6\u00f6delud siluett. K\u00fclgedel on mugavad taskud ning all\u00e4\u00e4res olevad l\u00f5hikud annavad liikumisvabaduse. Kanna seelikut tossude v\u00f5i kingadega ning kombineeri vabamas v\u00f5i pidulikumas v\u00f5tmes.\" \/>\n<meta property=\"og:url\" content=\"https:\/\/www.fibami.com\/en\/product\/fibami-leisure-seelik\/\" \/>\n<meta property=\"og:site_name\" content=\"Fibami\" \/>\n<meta property=\"article:modified_time\" content=\"2026-04-08T11:03:26+00:00\" \/>\n<meta property=\"og:image\" content=\"https:\/\/www.fibami.com\/wp-content\/uploads\/2023\/06\/Fibami_leisure_seelik-1.jpg\" \/>\n\t<meta property=\"og:image:width\" content=\"778\" \/>\n\t<meta property=\"og:image:height\" content=\"1168\" \/>\n\t<meta property=\"og:image:type\" content=\"image\/jpeg\" \/>\n<meta name=\"twitter:card\" content=\"summary_large_image\" \/>\n<meta name=\"twitter:title\" content=\"Fibami Leisure Seelik\" \/>\n<meta name=\"twitter:description\" content=\"Valmistatud mugavast ja venivast trikotaa\u017ekangast. Seelikul on k\u00f5rge pihaosaga ning kehasse t\u00f6\u00f6delud siluett. K\u00fclgedel on mugavad taskud ning all\u00e4\u00e4res olevad l\u00f5hikud annavad liikumisvabaduse. Kanna seelikut tossude v\u00f5i kingadega ning kombineeri vabamas v\u00f5i pidulikumas v\u00f5tmes.\" \/>\n<meta name=\"twitter:image\" content=\"https:\/\/www.fibami.com\/wp-content\/uploads\/2023\/06\/Fibami_leisure_seelik-1.jpg\" \/>\n<meta name=\"twitter:label1\" content=\"Estimated reading time\" \/>\n\t<meta name=\"twitter:data1\" content=\"1 minute\" \/>\n<script type=\"application\/ld+json\" class=\"yoast-schema-graph\">{\"@context\":\"https:\\\/\\\/schema.org\",\"@graph\":[{\"@type\":\"WebPage\",\"@id\":\"https:\\\/\\\/www.fibami.com\\\/product\\\/fibami-leisure-seelik\\\/\",\"url\":\"https:\\\/\\\/www.fibami.com\\\/product\\\/fibami-leisure-seelik\\\/\",\"name\":\"Fibami Leisure seelik - Fibami\",\"isPartOf\":{\"@id\":\"https:\\\/\\\/www.fibami.com\\\/#website\"},\"primaryImageOfPage\":{\"@id\":\"https:\\\/\\\/www.fibami.com\\\/product\\\/fibami-leisure-seelik\\\/#primaryimage\"},\"image\":{\"@id\":\"https:\\\/\\\/www.fibami.com\\\/product\\\/fibami-leisure-seelik\\\/#primaryimage\"},\"thumbnailUrl\":\"https:\\\/\\\/www.fibami.com\\\/wp-content\\\/uploads\\\/2023\\\/06\\\/Fibami_leisurewear__puksid_seelik_kontoririided_vabaajariided_leisure_puksid_vest_jakk_eestidisain52-scaled.jpg\",\"datePublished\":\"2023-06-14T05:44:51+00:00\",\"dateModified\":\"2026-04-08T11:03:26+00:00\",\"description\":\"Fibami Leisure seelik on parim valik, kui otsid sobivat l\u00f5iget v\u00e4iksema piha ja kurvikama puusa proportsioonile. Saadaval kolmes pikkuses.\",\"breadcrumb\":{\"@id\":\"https:\\\/\\\/www.fibami.com\\\/product\\\/fibami-leisure-seelik\\\/#breadcrumb\"},\"inLanguage\":\"en-GB\",\"potentialAction\":[{\"@type\":\"ReadAction\",\"target\":[\"https:\\\/\\\/www.fibami.com\\\/product\\\/fibami-leisure-seelik\\\/\"]}]},{\"@type\":\"ImageObject\",\"inLanguage\":\"en-GB\",\"@id\":\"https:\\\/\\\/www.fibami.com\\\/product\\\/fibami-leisure-seelik\\\/#primaryimage\",\"url\":\"https:\\\/\\\/www.fibami.com\\\/wp-content\\\/uploads\\\/2023\\\/06\\\/Fibami_leisurewear__puksid_seelik_kontoririided_vabaajariided_leisure_puksid_vest_jakk_eestidisain52-scaled.jpg\",\"contentUrl\":\"https:\\\/\\\/www.fibami.com\\\/wp-content\\\/uploads\\\/2023\\\/06\\\/Fibami_leisurewear__puksid_seelik_kontoririided_vabaajariided_leisure_puksid_vest_jakk_eestidisain52-scaled.jpg\",\"width\":1707,\"height\":2560},{\"@type\":\"BreadcrumbList\",\"@id\":\"https:\\\/\\\/www.fibami.com\\\/product\\\/fibami-leisure-seelik\\\/#breadcrumb\",\"itemListElement\":[{\"@type\":\"ListItem\",\"position\":1,\"name\":\"Home\",\"item\":\"https:\\\/\\\/www.fibami.com\\\/\"},{\"@type\":\"ListItem\",\"position\":2,\"name\":\"Pood\",\"item\":\"https:\\\/\\\/www.fibami.com\\\/pood\\\/\"},{\"@type\":\"ListItem\",\"position\":3,\"name\":\"Fibami Leisure seelik\"}]},{\"@type\":\"WebSite\",\"@id\":\"https:\\\/\\\/www.fibami.com\\\/#website\",\"url\":\"https:\\\/\\\/www.fibami.com\\\/\",\"name\":\"Fibami\",\"description\":\"\",\"potentialAction\":[{\"@type\":\"SearchAction\",\"target\":{\"@type\":\"EntryPoint\",\"urlTemplate\":\"https:\\\/\\\/www.fibami.com\\\/?s={search_term_string}\"},\"query-input\":{\"@type\":\"PropertyValueSpecification\",\"valueRequired\":true,\"valueName\":\"search_term_string\"}}],\"inLanguage\":\"en-GB\"}]}<\/script>\n<!-- \/ Yoast SEO plugin. -->","yoast_head_json":{"title":"Fibami Leisure seelik - Fibami","description":"Fibami Leisure seelik on parim valik, kui otsid sobivat l\u00f5iget v\u00e4iksema piha ja kurvikama puusa proportsioonile. Saadaval kolmes pikkuses.","robots":{"index":"index","follow":"follow","max-snippet":"max-snippet:-1","max-image-preview":"max-image-preview:large","max-video-preview":"max-video-preview:-1"},"canonical":"https:\/\/www.fibami.com\/en\/product\/fibami-leisure-seelik\/","og_locale":"en_GB","og_type":"article","og_title":"Fibami Leisure Seelik","og_description":"Valmistatud mugavast ja venivast trikotaa\u017ekangast. Seelikul on k\u00f5rge pihaosaga ning kehasse t\u00f6\u00f6delud siluett. K\u00fclgedel on mugavad taskud ning all\u00e4\u00e4res olevad l\u00f5hikud annavad liikumisvabaduse. Kanna seelikut tossude v\u00f5i kingadega ning kombineeri vabamas v\u00f5i pidulikumas v\u00f5tmes.","og_url":"https:\/\/www.fibami.com\/en\/product\/fibami-leisure-seelik\/","og_site_name":"Fibami","article_modified_time":"2026-04-08T11:03:26+00:00","og_image":[{"width":778,"height":1168,"url":"https:\/\/www.fibami.com\/wp-content\/uploads\/2023\/06\/Fibami_leisure_seelik-1.jpg","type":"image\/jpeg"}],"twitter_card":"summary_large_image","twitter_title":"Fibami Leisure Seelik","twitter_description":"Valmistatud mugavast ja venivast trikotaa\u017ekangast. Seelikul on k\u00f5rge pihaosaga ning kehasse t\u00f6\u00f6delud siluett. K\u00fclgedel on mugavad taskud ning all\u00e4\u00e4res olevad l\u00f5hikud annavad liikumisvabaduse. Kanna seelikut tossude v\u00f5i kingadega ning kombineeri vabamas v\u00f5i pidulikumas v\u00f5tmes.","twitter_image":"https:\/\/www.fibami.com\/wp-content\/uploads\/2023\/06\/Fibami_leisure_seelik-1.jpg","twitter_misc":{"Estimated reading time":"1 minute"},"schema":{"@context":"https:\/\/schema.org","@graph":[{"@type":"WebPage","@id":"https:\/\/www.fibami.com\/product\/fibami-leisure-seelik\/","url":"https:\/\/www.fibami.com\/product\/fibami-leisure-seelik\/","name":"Fibami Leisure seelik - Fibami","isPartOf":{"@id":"https:\/\/www.fibami.com\/#website"},"primaryImageOfPage":{"@id":"https:\/\/www.fibami.com\/product\/fibami-leisure-seelik\/#primaryimage"},"image":{"@id":"https:\/\/www.fibami.com\/product\/fibami-leisure-seelik\/#primaryimage"},"thumbnailUrl":"https:\/\/www.fibami.com\/wp-content\/uploads\/2023\/06\/Fibami_leisurewear__puksid_seelik_kontoririided_vabaajariided_leisure_puksid_vest_jakk_eestidisain52-scaled.jpg","datePublished":"2023-06-14T05:44:51+00:00","dateModified":"2026-04-08T11:03:26+00:00","description":"Fibami Leisure seelik on parim valik, kui otsid sobivat l\u00f5iget v\u00e4iksema piha ja kurvikama puusa proportsioonile. Saadaval kolmes pikkuses.","breadcrumb":{"@id":"https:\/\/www.fibami.com\/product\/fibami-leisure-seelik\/#breadcrumb"},"inLanguage":"en-GB","potentialAction":[{"@type":"ReadAction","target":["https:\/\/www.fibami.com\/product\/fibami-leisure-seelik\/"]}]},{"@type":"ImageObject","inLanguage":"en-GB","@id":"https:\/\/www.fibami.com\/product\/fibami-leisure-seelik\/#primaryimage","url":"https:\/\/www.fibami.com\/wp-content\/uploads\/2023\/06\/Fibami_leisurewear__puksid_seelik_kontoririided_vabaajariided_leisure_puksid_vest_jakk_eestidisain52-scaled.jpg","contentUrl":"https:\/\/www.fibami.com\/wp-content\/uploads\/2023\/06\/Fibami_leisurewear__puksid_seelik_kontoririided_vabaajariided_leisure_puksid_vest_jakk_eestidisain52-scaled.jpg","width":1707,"height":2560},{"@type":"BreadcrumbList","@id":"https:\/\/www.fibami.com\/product\/fibami-leisure-seelik\/#breadcrumb","itemListElement":[{"@type":"ListItem","position":1,"name":"Home","item":"https:\/\/www.fibami.com\/"},{"@type":"ListItem","position":2,"name":"Pood","item":"https:\/\/www.fibami.com\/pood\/"},{"@type":"ListItem","position":3,"name":"Fibami Leisure seelik"}]},{"@type":"WebSite","@id":"https:\/\/www.fibami.com\/#website","url":"https:\/\/www.fibami.com\/","name":"Fibami","description":"","potentialAction":[{"@type":"SearchAction","target":{"@type":"EntryPoint","urlTemplate":"https:\/\/www.fibami.com\/?s={search_term_string}"},"query-input":{"@type":"PropertyValueSpecification","valueRequired":true,"valueName":"search_term_string"}}],"inLanguage":"en-GB"}]}},"_links":{"self":[{"href":"https:\/\/www.fibami.com\/en\/wp-json\/wp\/v2\/product\/11537","targetHints":{"allow":["GET"]}}],"collection":[{"href":"https:\/\/www.fibami.com\/en\/wp-json\/wp\/v2\/product"}],"about":[{"href":"https:\/\/www.fibami.com\/en\/wp-json\/wp\/v2\/types\/product"}],"replies":[{"embeddable":true,"href":"https:\/\/www.fibami.com\/en\/wp-json\/wp\/v2\/comments?post=11537"}],"version-history":[{"count":5,"href":"https:\/\/www.fibami.com\/en\/wp-json\/wp\/v2\/product\/11537\/revisions"}],"predecessor-version":[{"id":30691,"href":"https:\/\/www.fibami.com\/en\/wp-json\/wp\/v2\/product\/11537\/revisions\/30691"}],"wp:featuredmedia":[{"embeddable":true,"href":"https:\/\/www.fibami.com\/en\/wp-json\/wp\/v2\/media\/20572"}],"wp:attachment":[{"href":"https:\/\/www.fibami.com\/en\/wp-json\/wp\/v2\/media?parent=11537"}],"wp:term":[{"taxonomy":"product_brand","embeddable":true,"href":"https:\/\/www.fibami.com\/en\/wp-json\/wp\/v2\/product_brand?post=11537"},{"taxonomy":"product_cat","embeddable":true,"href":"https:\/\/www.fibami.com\/en\/wp-json\/wp\/v2\/product_cat?post=11537"},{"taxonomy":"product_tag","embeddable":true,"href":"https:\/\/www.fibami.com\/en\/wp-json\/wp\/v2\/product_tag?post=11537"}],"curies":[{"name":"wp","href":"https:\/\/api.w.org\/{rel}","templated":true}]}}