{"id":11627,"date":"2023-06-14T09:10:17","date_gmt":"2023-06-14T06:10:17","guid":{"rendered":"https:\/\/www.fibami.com\/?post_type=product&#038;p=11627"},"modified":"2026-04-08T14:47:25","modified_gmt":"2026-04-08T11:47:25","slug":"fibami-leisure-puksid-2","status":"publish","type":"product","link":"https:\/\/www.fibami.com\/en\/product\/fibami-leisure-puksid-2\/","title":{"rendered":"Fibami Leisure Pants Coloured"},"content":{"rendered":"<p>Fibami Leisure Pants<\/p>\n<ul>\n<li><a href=\"https:\/\/www.fibami.com\/en\/materjalid\/\">Material<\/a>56% Viscose, 32% Polyester, 12% Elastane<\/li>\n<li>Body-friendly and pleasantly stretchy material<\/li>\n<li>Timeless design and cut<\/li>\n<li>Easy to maintain and minimally wrinkling fabric<\/li>\n<li>High-waisted, straight cut, side pockets<\/li>\n<li>OEKO-TEX 100 certificate \u2013 tested and free of harmful substances<\/li>\n<\/ul>\n<p>&nbsp;<\/p>\n<p><img decoding=\"async\" class=\"alignnone wp-image-1345\" src=\"https:\/\/www.fibami.com\/wp-content\/uploads\/2021\/06\/oekotex-300x157.jpg\" alt=\"\" width=\"212\" height=\"111\" srcset=\"https:\/\/www.fibami.com\/wp-content\/uploads\/2021\/06\/oekotex-300x157.jpg 300w, https:\/\/www.fibami.com\/wp-content\/uploads\/2021\/06\/oekotex-900x471.jpg 900w, https:\/\/www.fibami.com\/wp-content\/uploads\/2021\/06\/oekotex-600x314.jpg 600w, https:\/\/www.fibami.com\/wp-content\/uploads\/2021\/06\/oekotex-1024x536.jpg 1024w, https:\/\/www.fibami.com\/wp-content\/uploads\/2021\/06\/oekotex-768x402.jpg 768w, https:\/\/www.fibami.com\/wp-content\/uploads\/2021\/06\/oekotex-16x8.jpg 16w, https:\/\/www.fibami.com\/wp-content\/uploads\/2021\/06\/oekotex.jpg 1200w\" sizes=\"(max-width: 212px) 100vw, 212px\" \/><\/p>","protected":false},"excerpt":{"rendered":"<p><strong>Fibami Leisure Pants Coloured<\/strong><\/p>\n<ul>\n<li><strong>Straight cut Leisure trousers with pockets<\/strong>\u00a0has a high waist and body-hugging fashion.<\/li>\n<li>The best choice if you are looking for the comfort of sweatpants, but you also want to wear them for example in the office or when going out.<\/li>\n<li>The vertical tie seams and straight silhouette give a lengthening and slimming effect.<\/li>\n<li>Functional side pockets and the soft rubber inside the color make the product especially comfortable to wear.<\/li>\n<\/ul>\n<p><strong><a href=\"https:\/\/www.fibami.com\/en\/materjalid\/\">Material<\/a>:\u00a0\u00a0<\/strong>Viscose blend fabric is very body friendly. Due to the elastane content, it is stretchy and wrinkles minimally.<\/p>\n<p><a href=\"https:\/\/www.fibami.com\/en\/moodutabel\/\">Choose your size<\/a> according to your waist circumference.<\/p>\n<p><strong>Tarne <\/strong><strong>kuni 7 t\u00f6\u00f6p\u00e4eva.<br \/>\n<\/strong>Kampaaniate ajal v\u00f5ib tarneaeg olla tavap\u00e4rasest pikem.<strong><br \/>\n<\/strong><\/p>\n<p><a class=\"maxbutton-2 maxbutton maxbutton-moodutabel\" target=\"_blank\" rel=\"noopener\" href=\"\/en\/moodutabel\/\"><span class='mb-text'>Sizing chart<\/span><\/a><\/p>","protected":false},"featured_media":20505,"comment_status":"open","ping_status":"closed","template":"","meta":[],"product_brand":[],"product_cat":[248,65],"product_tag":[],"class_list":{"0":"post-11627","1":"product","2":"type-product","3":"status-publish","4":"has-post-thumbnail","6":"product_cat-leisurewear","7":"product_cat-puksid","9":"first","10":"onbackorder","11":"taxable","12":"shipping-taxable","13":"purchasable","14":"product-type-variable"},"yoast_head":"<!-- This site is optimized with the Yoast SEO plugin v27.5 - https:\/\/yoast.com\/product\/yoast-seo-wordpress\/ -->\n<title>Fibami Leisure p\u00fcksid - Fibami<\/title>\n<meta name=\"description\" content=\"Fibami Leisure P\u00fcksid on k\u00f5rge pihaga ja taskutega. Vertikaalsed \u00f5mblused ja sirge siluett on salendava efektiga.\" \/>\n<meta name=\"robots\" content=\"index, follow, max-snippet:-1, max-image-preview:large, max-video-preview:-1\" \/>\n<link rel=\"canonical\" href=\"https:\/\/www.fibami.com\/en\/product\/fibami-leisure-puksid-2\/\" \/>\n<meta property=\"og:locale\" content=\"en_GB\" \/>\n<meta property=\"og:type\" content=\"article\" \/>\n<meta property=\"og:title\" content=\"Fibami Leisure P\u00fcksid\" \/>\n<meta property=\"og:description\" content=\"Fibami Leisure P\u00fcksid on k\u00f5rge pihaga ja parim valik, kui otsid sobivat l\u00f5iget v\u00e4iksema piha ja kurvikama puusa proportsioonile.\" \/>\n<meta property=\"og:url\" content=\"https:\/\/www.fibami.com\/en\/product\/fibami-leisure-puksid-2\/\" \/>\n<meta property=\"og:site_name\" content=\"Fibami\" \/>\n<meta property=\"article:modified_time\" content=\"2026-04-08T11:47:25+00:00\" \/>\n<meta property=\"og:image\" content=\"https:\/\/www.fibami.com\/wp-content\/uploads\/2023\/06\/Fibami_leisure_vest-6.jpg\" \/>\n\t<meta property=\"og:image:width\" content=\"1024\" \/>\n\t<meta property=\"og:image:height\" content=\"1536\" \/>\n\t<meta property=\"og:image:type\" content=\"image\/jpeg\" \/>\n<meta name=\"twitter:card\" content=\"summary_large_image\" \/>\n<meta name=\"twitter:title\" content=\"Fibami Leisure P\u00fcksid\" \/>\n<meta name=\"twitter:description\" content=\"Fibami Leisure P\u00fcksid on k\u00f5rge pihaga ja parim valik, kui otsid sobivat l\u00f5iget v\u00e4iksema piha ja kurvikama puusa proportsioonile.\" \/>\n<meta name=\"twitter:image\" content=\"https:\/\/www.fibami.com\/wp-content\/uploads\/2023\/06\/Fibami_leisure_vest-6.jpg\" \/>\n<meta name=\"twitter:label1\" content=\"Estimated reading time\" \/>\n\t<meta name=\"twitter:data1\" content=\"1 minute\" \/>\n<script type=\"application\/ld+json\" class=\"yoast-schema-graph\">{\"@context\":\"https:\\\/\\\/schema.org\",\"@graph\":[{\"@type\":\"WebPage\",\"@id\":\"https:\\\/\\\/www.fibami.com\\\/product\\\/fibami-leisure-puksid-2\\\/\",\"url\":\"https:\\\/\\\/www.fibami.com\\\/product\\\/fibami-leisure-puksid-2\\\/\",\"name\":\"Fibami Leisure p\u00fcksid - Fibami\",\"isPartOf\":{\"@id\":\"https:\\\/\\\/www.fibami.com\\\/#website\"},\"primaryImageOfPage\":{\"@id\":\"https:\\\/\\\/www.fibami.com\\\/product\\\/fibami-leisure-puksid-2\\\/#primaryimage\"},\"image\":{\"@id\":\"https:\\\/\\\/www.fibami.com\\\/product\\\/fibami-leisure-puksid-2\\\/#primaryimage\"},\"thumbnailUrl\":\"https:\\\/\\\/www.fibami.com\\\/wp-content\\\/uploads\\\/2025\\\/02\\\/Fibami_loungewear_leisurewear_seelik_kontoririided_vabaajariided_leisure_puksid_vest_jakk_eestidisain5.png\",\"datePublished\":\"2023-06-14T06:10:17+00:00\",\"dateModified\":\"2026-04-08T11:47:25+00:00\",\"description\":\"Fibami Leisure P\u00fcksid on k\u00f5rge pihaga ja taskutega. Vertikaalsed \u00f5mblused ja sirge siluett on salendava efektiga.\",\"breadcrumb\":{\"@id\":\"https:\\\/\\\/www.fibami.com\\\/product\\\/fibami-leisure-puksid-2\\\/#breadcrumb\"},\"inLanguage\":\"en-GB\",\"potentialAction\":[{\"@type\":\"ReadAction\",\"target\":[\"https:\\\/\\\/www.fibami.com\\\/product\\\/fibami-leisure-puksid-2\\\/\"]}]},{\"@type\":\"ImageObject\",\"inLanguage\":\"en-GB\",\"@id\":\"https:\\\/\\\/www.fibami.com\\\/product\\\/fibami-leisure-puksid-2\\\/#primaryimage\",\"url\":\"https:\\\/\\\/www.fibami.com\\\/wp-content\\\/uploads\\\/2025\\\/02\\\/Fibami_loungewear_leisurewear_seelik_kontoririided_vabaajariided_leisure_puksid_vest_jakk_eestidisain5.png\",\"contentUrl\":\"https:\\\/\\\/www.fibami.com\\\/wp-content\\\/uploads\\\/2025\\\/02\\\/Fibami_loungewear_leisurewear_seelik_kontoririided_vabaajariided_leisure_puksid_vest_jakk_eestidisain5.png\",\"width\":1667,\"height\":2500},{\"@type\":\"BreadcrumbList\",\"@id\":\"https:\\\/\\\/www.fibami.com\\\/product\\\/fibami-leisure-puksid-2\\\/#breadcrumb\",\"itemListElement\":[{\"@type\":\"ListItem\",\"position\":1,\"name\":\"Home\",\"item\":\"https:\\\/\\\/www.fibami.com\\\/\"},{\"@type\":\"ListItem\",\"position\":2,\"name\":\"Pood\",\"item\":\"https:\\\/\\\/www.fibami.com\\\/pood\\\/\"},{\"@type\":\"ListItem\",\"position\":3,\"name\":\"Fibami Leisure p\u00fcksid\"}]},{\"@type\":\"WebSite\",\"@id\":\"https:\\\/\\\/www.fibami.com\\\/#website\",\"url\":\"https:\\\/\\\/www.fibami.com\\\/\",\"name\":\"Fibami\",\"description\":\"\",\"potentialAction\":[{\"@type\":\"SearchAction\",\"target\":{\"@type\":\"EntryPoint\",\"urlTemplate\":\"https:\\\/\\\/www.fibami.com\\\/?s={search_term_string}\"},\"query-input\":{\"@type\":\"PropertyValueSpecification\",\"valueRequired\":true,\"valueName\":\"search_term_string\"}}],\"inLanguage\":\"en-GB\"}]}<\/script>\n<!-- \/ Yoast SEO plugin. -->","yoast_head_json":{"title":"Fibami Leisure p\u00fcksid - Fibami","description":"Fibami Leisure P\u00fcksid on k\u00f5rge pihaga ja taskutega. Vertikaalsed \u00f5mblused ja sirge siluett on salendava efektiga.","robots":{"index":"index","follow":"follow","max-snippet":"max-snippet:-1","max-image-preview":"max-image-preview:large","max-video-preview":"max-video-preview:-1"},"canonical":"https:\/\/www.fibami.com\/en\/product\/fibami-leisure-puksid-2\/","og_locale":"en_GB","og_type":"article","og_title":"Fibami Leisure P\u00fcksid","og_description":"Fibami Leisure P\u00fcksid on k\u00f5rge pihaga ja parim valik, kui otsid sobivat l\u00f5iget v\u00e4iksema piha ja kurvikama puusa proportsioonile.","og_url":"https:\/\/www.fibami.com\/en\/product\/fibami-leisure-puksid-2\/","og_site_name":"Fibami","article_modified_time":"2026-04-08T11:47:25+00:00","og_image":[{"width":1024,"height":1536,"url":"https:\/\/www.fibami.com\/wp-content\/uploads\/2023\/06\/Fibami_leisure_vest-6.jpg","type":"image\/jpeg"}],"twitter_card":"summary_large_image","twitter_title":"Fibami Leisure P\u00fcksid","twitter_description":"Fibami Leisure P\u00fcksid on k\u00f5rge pihaga ja parim valik, kui otsid sobivat l\u00f5iget v\u00e4iksema piha ja kurvikama puusa proportsioonile.","twitter_image":"https:\/\/www.fibami.com\/wp-content\/uploads\/2023\/06\/Fibami_leisure_vest-6.jpg","twitter_misc":{"Estimated reading time":"1 minute"},"schema":{"@context":"https:\/\/schema.org","@graph":[{"@type":"WebPage","@id":"https:\/\/www.fibami.com\/product\/fibami-leisure-puksid-2\/","url":"https:\/\/www.fibami.com\/product\/fibami-leisure-puksid-2\/","name":"Fibami Leisure p\u00fcksid - Fibami","isPartOf":{"@id":"https:\/\/www.fibami.com\/#website"},"primaryImageOfPage":{"@id":"https:\/\/www.fibami.com\/product\/fibami-leisure-puksid-2\/#primaryimage"},"image":{"@id":"https:\/\/www.fibami.com\/product\/fibami-leisure-puksid-2\/#primaryimage"},"thumbnailUrl":"https:\/\/www.fibami.com\/wp-content\/uploads\/2025\/02\/Fibami_loungewear_leisurewear_seelik_kontoririided_vabaajariided_leisure_puksid_vest_jakk_eestidisain5.png","datePublished":"2023-06-14T06:10:17+00:00","dateModified":"2026-04-08T11:47:25+00:00","description":"Fibami Leisure P\u00fcksid on k\u00f5rge pihaga ja taskutega. Vertikaalsed \u00f5mblused ja sirge siluett on salendava efektiga.","breadcrumb":{"@id":"https:\/\/www.fibami.com\/product\/fibami-leisure-puksid-2\/#breadcrumb"},"inLanguage":"en-GB","potentialAction":[{"@type":"ReadAction","target":["https:\/\/www.fibami.com\/product\/fibami-leisure-puksid-2\/"]}]},{"@type":"ImageObject","inLanguage":"en-GB","@id":"https:\/\/www.fibami.com\/product\/fibami-leisure-puksid-2\/#primaryimage","url":"https:\/\/www.fibami.com\/wp-content\/uploads\/2025\/02\/Fibami_loungewear_leisurewear_seelik_kontoririided_vabaajariided_leisure_puksid_vest_jakk_eestidisain5.png","contentUrl":"https:\/\/www.fibami.com\/wp-content\/uploads\/2025\/02\/Fibami_loungewear_leisurewear_seelik_kontoririided_vabaajariided_leisure_puksid_vest_jakk_eestidisain5.png","width":1667,"height":2500},{"@type":"BreadcrumbList","@id":"https:\/\/www.fibami.com\/product\/fibami-leisure-puksid-2\/#breadcrumb","itemListElement":[{"@type":"ListItem","position":1,"name":"Home","item":"https:\/\/www.fibami.com\/"},{"@type":"ListItem","position":2,"name":"Pood","item":"https:\/\/www.fibami.com\/pood\/"},{"@type":"ListItem","position":3,"name":"Fibami Leisure p\u00fcksid"}]},{"@type":"WebSite","@id":"https:\/\/www.fibami.com\/#website","url":"https:\/\/www.fibami.com\/","name":"Fibami","description":"","potentialAction":[{"@type":"SearchAction","target":{"@type":"EntryPoint","urlTemplate":"https:\/\/www.fibami.com\/?s={search_term_string}"},"query-input":{"@type":"PropertyValueSpecification","valueRequired":true,"valueName":"search_term_string"}}],"inLanguage":"en-GB"}]}},"_links":{"self":[{"href":"https:\/\/www.fibami.com\/en\/wp-json\/wp\/v2\/product\/11627","targetHints":{"allow":["GET"]}}],"collection":[{"href":"https:\/\/www.fibami.com\/en\/wp-json\/wp\/v2\/product"}],"about":[{"href":"https:\/\/www.fibami.com\/en\/wp-json\/wp\/v2\/types\/product"}],"replies":[{"embeddable":true,"href":"https:\/\/www.fibami.com\/en\/wp-json\/wp\/v2\/comments?post=11627"}],"version-history":[{"count":5,"href":"https:\/\/www.fibami.com\/en\/wp-json\/wp\/v2\/product\/11627\/revisions"}],"predecessor-version":[{"id":21781,"href":"https:\/\/www.fibami.com\/en\/wp-json\/wp\/v2\/product\/11627\/revisions\/21781"}],"wp:featuredmedia":[{"embeddable":true,"href":"https:\/\/www.fibami.com\/en\/wp-json\/wp\/v2\/media\/20505"}],"wp:attachment":[{"href":"https:\/\/www.fibami.com\/en\/wp-json\/wp\/v2\/media?parent=11627"}],"wp:term":[{"taxonomy":"product_brand","embeddable":true,"href":"https:\/\/www.fibami.com\/en\/wp-json\/wp\/v2\/product_brand?post=11627"},{"taxonomy":"product_cat","embeddable":true,"href":"https:\/\/www.fibami.com\/en\/wp-json\/wp\/v2\/product_cat?post=11627"},{"taxonomy":"product_tag","embeddable":true,"href":"https:\/\/www.fibami.com\/en\/wp-json\/wp\/v2\/product_tag?post=11627"}],"curies":[{"name":"wp","href":"https:\/\/api.w.org\/{rel}","templated":true}]}}