{"id":11675,"date":"2023-06-14T09:18:57","date_gmt":"2023-06-14T06:18:57","guid":{"rendered":"https:\/\/www.fibami.com\/?post_type=product&#038;p=11675"},"modified":"2026-04-08T14:47:25","modified_gmt":"2026-04-08T11:47:25","slug":"fibami-leisure-vest","status":"publish","type":"product","link":"https:\/\/www.fibami.com\/en\/product\/fibami-leisure-vest\/","title":{"rendered":"Fibami Leisure Jacket"},"content":{"rendered":"<p>Fibami Leisure Vest-Jacket<\/p>\n<ul>\n<li><a href=\"https:\/\/www.fibami.com\/en\/materjalid\/\">Material<\/a>56% Viscose, 32% Polyester, 12% Elastane<\/li>\n<li>Body-friendly and pleasantly stretchy material<\/li>\n<li>Timeless design and cut<\/li>\n<li>Easy to maintain and minimally wrinkling fabric<\/li>\n<li>High-waisted, straight cut, side pockets<\/li>\n<li>OEKO-TEX 100 certificate \u2013 tested and free of harmful substances<\/li>\n<\/ul>\n<p>&nbsp;<\/p>\n<p><img decoding=\"async\" class=\"alignnone wp-image-1345\" src=\"https:\/\/www.fibami.com\/wp-content\/uploads\/2021\/06\/oekotex-300x157.jpg\" alt=\"\" width=\"212\" height=\"111\" srcset=\"https:\/\/www.fibami.com\/wp-content\/uploads\/2021\/06\/oekotex-300x157.jpg 300w, https:\/\/www.fibami.com\/wp-content\/uploads\/2021\/06\/oekotex-900x471.jpg 900w, https:\/\/www.fibami.com\/wp-content\/uploads\/2021\/06\/oekotex-600x314.jpg 600w, https:\/\/www.fibami.com\/wp-content\/uploads\/2021\/06\/oekotex-1024x536.jpg 1024w, https:\/\/www.fibami.com\/wp-content\/uploads\/2021\/06\/oekotex-768x402.jpg 768w, https:\/\/www.fibami.com\/wp-content\/uploads\/2021\/06\/oekotex-16x8.jpg 16w, https:\/\/www.fibami.com\/wp-content\/uploads\/2021\/06\/oekotex.jpg 1200w\" sizes=\"(max-width: 212px) 100vw, 212px\" \/><\/p>","protected":false},"excerpt":{"rendered":"<div style=\"width: 1280px;\" class=\"wp-video\"><!--[if lt IE 9]><script>document.createElement('video');<\/script><![endif]--><br \/>\n<video class=\"wp-video-shortcode\" id=\"video-11675-1\" width=\"1280\" height=\"720\" preload=\"metadata\" controls=\"controls\"><source type=\"video\/mp4\" src=\"https:\/\/www.fibami.com\/wp-content\/uploads\/2023\/06\/Fibami_leisure_seelik.mp4?_=1\" \/><a href=\"https:\/\/www.fibami.com\/wp-content\/uploads\/2023\/06\/Fibami_leisure_seelik.mp4\">https:\/\/www.fibami.com\/wp-content\/uploads\/2023\/06\/Fibami_leisure_seelik.mp4<\/a><\/video><\/div>\n<p><strong>Fibami Leisure vest-jakk<\/strong><\/p>\n<ul>\n<li><strong>Leisure vest-jakk<\/strong>\u00a0on eriliselt pilkup\u00fc\u00fcdva disainiga ning sobib kandmiseks nii pusa peal kui ka eraldiolevana.<\/li>\n<li>Seljaosa on l\u00fchem ja vabalt langev ning esiosa saad kanda nii eest lahti kui v\u00f6\u00f6ga suletuna.<\/li>\n<li>V\u00f6\u00f6d on v\u00f5imalik eemaldada<\/li>\n<\/ul>\n<p><strong><a href=\"https:\/\/www.fibami.com\/materjalid\/\">Materjal<\/a>:\u00a0\u00a0<\/strong>Viskoosisegu kangas on v\u00e4ga kehas\u00f5bralik. T\u00e4nu elastaaani sisaldusele on veniv ning kortsub minimaalselt.<\/p>\n<p><a href=\"https:\/\/www.fibami.com\/moodutabel\/\">Vali enda suurus<\/a> vastavalt rinna\u00fcmberm\u00f5\u00f5dule.<\/p>\n<p><strong>Tarne <\/strong><strong>kuni 7 t\u00f6\u00f6p\u00e4eva.<br \/>\n<\/strong>Kampaaniate ajal v\u00f5ib tarneaeg olla tavap\u00e4rasest pikem.<strong><br \/>\n<\/strong><\/p>\n<p><a class=\"maxbutton-2 maxbutton maxbutton-moodutabel\" target=\"_blank\" rel=\"noopener\" href=\"\/moodutabel\/\"><span class='mb-text'>M\u00f5\u00f5dutabel<\/span><\/a><\/p>\n","protected":false},"featured_media":20566,"comment_status":"open","ping_status":"closed","template":"","meta":[],"product_brand":[],"product_cat":[248,112],"product_tag":[],"class_list":{"0":"post-11675","1":"product","2":"type-product","3":"status-publish","4":"has-post-thumbnail","6":"product_cat-leisurewear","7":"product_cat-pluusid","9":"first","10":"onbackorder","11":"taxable","12":"shipping-taxable","13":"purchasable","14":"product-type-variable"},"yoast_head":"<!-- This site is optimized with the Yoast SEO plugin v27.5 - https:\/\/yoast.com\/product\/yoast-seo-wordpress\/ -->\n<title>Fibami Leisure vest - Fibami<\/title>\n<meta name=\"description\" content=\"Fibami Leisure vest on erilise disainiga ning sobib kandmiseks vabal ajal kui ka pidulikumatel hetkedel. Kombineeri nii tossude kui kingadega.\" \/>\n<meta name=\"robots\" content=\"index, follow, max-snippet:-1, max-image-preview:large, max-video-preview:-1\" \/>\n<link rel=\"canonical\" href=\"https:\/\/www.fibami.com\/en\/product\/fibami-leisure-vest\/\" \/>\n<meta property=\"og:locale\" content=\"en_GB\" \/>\n<meta property=\"og:type\" content=\"article\" \/>\n<meta property=\"og:title\" content=\"Fibami Leisure Vest\" \/>\n<meta property=\"og:description\" content=\"Leisure vest-jakk on eriliselt pilkup\u00fc\u00fcdva disainiga ning sobib kandmiseks nii pusa peal kui ka eraldiolevana. Seljaosa on l\u00fchem ja vabalt langev ning esiosa saad kanda nii eest lahti kui v\u00f6\u00f6ga suletuna. V\u00f6\u00f6d on v\u00f5imalik eemaldada.\" \/>\n<meta property=\"og:url\" content=\"https:\/\/www.fibami.com\/en\/product\/fibami-leisure-vest\/\" \/>\n<meta property=\"og:site_name\" content=\"Fibami\" \/>\n<meta property=\"article:modified_time\" content=\"2026-04-08T11:47:25+00:00\" \/>\n<meta property=\"og:image\" content=\"https:\/\/www.fibami.com\/wp-content\/uploads\/2023\/06\/Fibami_leisure_vest-3.jpg\" \/>\n\t<meta property=\"og:image:width\" content=\"1024\" \/>\n\t<meta property=\"og:image:height\" content=\"1536\" \/>\n\t<meta property=\"og:image:type\" content=\"image\/jpeg\" \/>\n<meta name=\"twitter:card\" content=\"summary_large_image\" \/>\n<meta name=\"twitter:title\" content=\"Fibami Leisure Vest\" \/>\n<meta name=\"twitter:description\" content=\"Leisure vest-jakk on eriliselt pilkup\u00fc\u00fcdva disainiga ning sobib kandmiseks nii pusa peal kui ka eraldiolevana. Seljaosa on l\u00fchem ja vabalt langev ning esiosa saad kanda nii eest lahti kui v\u00f6\u00f6ga suletuna. V\u00f6\u00f6d on v\u00f5imalik eemaldada.\" \/>\n<meta name=\"twitter:image\" content=\"https:\/\/www.fibami.com\/wp-content\/uploads\/2023\/06\/Fibami_leisure_vest-3.jpg\" \/>\n<meta name=\"twitter:label1\" content=\"Estimated reading time\" \/>\n\t<meta name=\"twitter:data1\" content=\"1 minute\" \/>\n<script type=\"application\/ld+json\" class=\"yoast-schema-graph\">{\"@context\":\"https:\\\/\\\/schema.org\",\"@graph\":[{\"@type\":\"WebPage\",\"@id\":\"https:\\\/\\\/www.fibami.com\\\/product\\\/fibami-leisure-vest\\\/\",\"url\":\"https:\\\/\\\/www.fibami.com\\\/product\\\/fibami-leisure-vest\\\/\",\"name\":\"Fibami Leisure vest - Fibami\",\"isPartOf\":{\"@id\":\"https:\\\/\\\/www.fibami.com\\\/#website\"},\"primaryImageOfPage\":{\"@id\":\"https:\\\/\\\/www.fibami.com\\\/product\\\/fibami-leisure-vest\\\/#primaryimage\"},\"image\":{\"@id\":\"https:\\\/\\\/www.fibami.com\\\/product\\\/fibami-leisure-vest\\\/#primaryimage\"},\"thumbnailUrl\":\"https:\\\/\\\/www.fibami.com\\\/wp-content\\\/uploads\\\/2023\\\/06\\\/Fibami_leisurewear__puksid_seelik_kontoririided_vabaajariided_leisure_puksid_vest_jakk_eestidisain38-scaled.jpg\",\"datePublished\":\"2023-06-14T06:18:57+00:00\",\"dateModified\":\"2026-04-08T11:47:25+00:00\",\"description\":\"Fibami Leisure vest on erilise disainiga ning sobib kandmiseks vabal ajal kui ka pidulikumatel hetkedel. Kombineeri nii tossude kui kingadega.\",\"breadcrumb\":{\"@id\":\"https:\\\/\\\/www.fibami.com\\\/product\\\/fibami-leisure-vest\\\/#breadcrumb\"},\"inLanguage\":\"en-GB\",\"potentialAction\":[{\"@type\":\"ReadAction\",\"target\":[\"https:\\\/\\\/www.fibami.com\\\/product\\\/fibami-leisure-vest\\\/\"]}]},{\"@type\":\"ImageObject\",\"inLanguage\":\"en-GB\",\"@id\":\"https:\\\/\\\/www.fibami.com\\\/product\\\/fibami-leisure-vest\\\/#primaryimage\",\"url\":\"https:\\\/\\\/www.fibami.com\\\/wp-content\\\/uploads\\\/2023\\\/06\\\/Fibami_leisurewear__puksid_seelik_kontoririided_vabaajariided_leisure_puksid_vest_jakk_eestidisain38-scaled.jpg\",\"contentUrl\":\"https:\\\/\\\/www.fibami.com\\\/wp-content\\\/uploads\\\/2023\\\/06\\\/Fibami_leisurewear__puksid_seelik_kontoririided_vabaajariided_leisure_puksid_vest_jakk_eestidisain38-scaled.jpg\",\"width\":1707,\"height\":2560},{\"@type\":\"BreadcrumbList\",\"@id\":\"https:\\\/\\\/www.fibami.com\\\/product\\\/fibami-leisure-vest\\\/#breadcrumb\",\"itemListElement\":[{\"@type\":\"ListItem\",\"position\":1,\"name\":\"Home\",\"item\":\"https:\\\/\\\/www.fibami.com\\\/\"},{\"@type\":\"ListItem\",\"position\":2,\"name\":\"Pood\",\"item\":\"https:\\\/\\\/www.fibami.com\\\/pood\\\/\"},{\"@type\":\"ListItem\",\"position\":3,\"name\":\"Fibami Leisure vest\"}]},{\"@type\":\"WebSite\",\"@id\":\"https:\\\/\\\/www.fibami.com\\\/#website\",\"url\":\"https:\\\/\\\/www.fibami.com\\\/\",\"name\":\"Fibami\",\"description\":\"\",\"potentialAction\":[{\"@type\":\"SearchAction\",\"target\":{\"@type\":\"EntryPoint\",\"urlTemplate\":\"https:\\\/\\\/www.fibami.com\\\/?s={search_term_string}\"},\"query-input\":{\"@type\":\"PropertyValueSpecification\",\"valueRequired\":true,\"valueName\":\"search_term_string\"}}],\"inLanguage\":\"en-GB\"}]}<\/script>\n<!-- \/ Yoast SEO plugin. -->","yoast_head_json":{"title":"Fibami Leisure vest - Fibami","description":"Fibami Leisure vest on erilise disainiga ning sobib kandmiseks vabal ajal kui ka pidulikumatel hetkedel. Kombineeri nii tossude kui kingadega.","robots":{"index":"index","follow":"follow","max-snippet":"max-snippet:-1","max-image-preview":"max-image-preview:large","max-video-preview":"max-video-preview:-1"},"canonical":"https:\/\/www.fibami.com\/en\/product\/fibami-leisure-vest\/","og_locale":"en_GB","og_type":"article","og_title":"Fibami Leisure Vest","og_description":"Leisure vest-jakk on eriliselt pilkup\u00fc\u00fcdva disainiga ning sobib kandmiseks nii pusa peal kui ka eraldiolevana. Seljaosa on l\u00fchem ja vabalt langev ning esiosa saad kanda nii eest lahti kui v\u00f6\u00f6ga suletuna. V\u00f6\u00f6d on v\u00f5imalik eemaldada.","og_url":"https:\/\/www.fibami.com\/en\/product\/fibami-leisure-vest\/","og_site_name":"Fibami","article_modified_time":"2026-04-08T11:47:25+00:00","og_image":[{"width":1024,"height":1536,"url":"https:\/\/www.fibami.com\/wp-content\/uploads\/2023\/06\/Fibami_leisure_vest-3.jpg","type":"image\/jpeg"}],"twitter_card":"summary_large_image","twitter_title":"Fibami Leisure Vest","twitter_description":"Leisure vest-jakk on eriliselt pilkup\u00fc\u00fcdva disainiga ning sobib kandmiseks nii pusa peal kui ka eraldiolevana. Seljaosa on l\u00fchem ja vabalt langev ning esiosa saad kanda nii eest lahti kui v\u00f6\u00f6ga suletuna. V\u00f6\u00f6d on v\u00f5imalik eemaldada.","twitter_image":"https:\/\/www.fibami.com\/wp-content\/uploads\/2023\/06\/Fibami_leisure_vest-3.jpg","twitter_misc":{"Estimated reading time":"1 minute"},"schema":{"@context":"https:\/\/schema.org","@graph":[{"@type":"WebPage","@id":"https:\/\/www.fibami.com\/product\/fibami-leisure-vest\/","url":"https:\/\/www.fibami.com\/product\/fibami-leisure-vest\/","name":"Fibami Leisure vest - Fibami","isPartOf":{"@id":"https:\/\/www.fibami.com\/#website"},"primaryImageOfPage":{"@id":"https:\/\/www.fibami.com\/product\/fibami-leisure-vest\/#primaryimage"},"image":{"@id":"https:\/\/www.fibami.com\/product\/fibami-leisure-vest\/#primaryimage"},"thumbnailUrl":"https:\/\/www.fibami.com\/wp-content\/uploads\/2023\/06\/Fibami_leisurewear__puksid_seelik_kontoririided_vabaajariided_leisure_puksid_vest_jakk_eestidisain38-scaled.jpg","datePublished":"2023-06-14T06:18:57+00:00","dateModified":"2026-04-08T11:47:25+00:00","description":"Fibami Leisure vest on erilise disainiga ning sobib kandmiseks vabal ajal kui ka pidulikumatel hetkedel. Kombineeri nii tossude kui kingadega.","breadcrumb":{"@id":"https:\/\/www.fibami.com\/product\/fibami-leisure-vest\/#breadcrumb"},"inLanguage":"en-GB","potentialAction":[{"@type":"ReadAction","target":["https:\/\/www.fibami.com\/product\/fibami-leisure-vest\/"]}]},{"@type":"ImageObject","inLanguage":"en-GB","@id":"https:\/\/www.fibami.com\/product\/fibami-leisure-vest\/#primaryimage","url":"https:\/\/www.fibami.com\/wp-content\/uploads\/2023\/06\/Fibami_leisurewear__puksid_seelik_kontoririided_vabaajariided_leisure_puksid_vest_jakk_eestidisain38-scaled.jpg","contentUrl":"https:\/\/www.fibami.com\/wp-content\/uploads\/2023\/06\/Fibami_leisurewear__puksid_seelik_kontoririided_vabaajariided_leisure_puksid_vest_jakk_eestidisain38-scaled.jpg","width":1707,"height":2560},{"@type":"BreadcrumbList","@id":"https:\/\/www.fibami.com\/product\/fibami-leisure-vest\/#breadcrumb","itemListElement":[{"@type":"ListItem","position":1,"name":"Home","item":"https:\/\/www.fibami.com\/"},{"@type":"ListItem","position":2,"name":"Pood","item":"https:\/\/www.fibami.com\/pood\/"},{"@type":"ListItem","position":3,"name":"Fibami Leisure vest"}]},{"@type":"WebSite","@id":"https:\/\/www.fibami.com\/#website","url":"https:\/\/www.fibami.com\/","name":"Fibami","description":"","potentialAction":[{"@type":"SearchAction","target":{"@type":"EntryPoint","urlTemplate":"https:\/\/www.fibami.com\/?s={search_term_string}"},"query-input":{"@type":"PropertyValueSpecification","valueRequired":true,"valueName":"search_term_string"}}],"inLanguage":"en-GB"}]}},"_links":{"self":[{"href":"https:\/\/www.fibami.com\/en\/wp-json\/wp\/v2\/product\/11675","targetHints":{"allow":["GET"]}}],"collection":[{"href":"https:\/\/www.fibami.com\/en\/wp-json\/wp\/v2\/product"}],"about":[{"href":"https:\/\/www.fibami.com\/en\/wp-json\/wp\/v2\/types\/product"}],"replies":[{"embeddable":true,"href":"https:\/\/www.fibami.com\/en\/wp-json\/wp\/v2\/comments?post=11675"}],"version-history":[{"count":4,"href":"https:\/\/www.fibami.com\/en\/wp-json\/wp\/v2\/product\/11675\/revisions"}],"predecessor-version":[{"id":21780,"href":"https:\/\/www.fibami.com\/en\/wp-json\/wp\/v2\/product\/11675\/revisions\/21780"}],"wp:featuredmedia":[{"embeddable":true,"href":"https:\/\/www.fibami.com\/en\/wp-json\/wp\/v2\/media\/20566"}],"wp:attachment":[{"href":"https:\/\/www.fibami.com\/en\/wp-json\/wp\/v2\/media?parent=11675"}],"wp:term":[{"taxonomy":"product_brand","embeddable":true,"href":"https:\/\/www.fibami.com\/en\/wp-json\/wp\/v2\/product_brand?post=11675"},{"taxonomy":"product_cat","embeddable":true,"href":"https:\/\/www.fibami.com\/en\/wp-json\/wp\/v2\/product_cat?post=11675"},{"taxonomy":"product_tag","embeddable":true,"href":"https:\/\/www.fibami.com\/en\/wp-json\/wp\/v2\/product_tag?post=11675"}],"curies":[{"name":"wp","href":"https:\/\/api.w.org\/{rel}","templated":true}]}}