{"id":14991,"date":"2024-05-02T18:24:17","date_gmt":"2024-05-02T15:24:17","guid":{"rendered":"https:\/\/www.fibami.com\/?post_type=product&#038;p=14991"},"modified":"2026-04-27T17:24:31","modified_gmt":"2026-04-27T14:24:31","slug":"fibami-walker-retuusid","status":"publish","type":"product","link":"https:\/\/www.fibami.com\/en\/product\/fibami-walker-retuusid\/","title":{"rendered":"Fibami Walker Leggings"},"content":{"rendered":"<p>Fibami Walker Leggings<\/p>\n<p>Material:<\/p>\n<p>The fabric, which stretches and trims in all directions, is comfortable and supportive. <a href=\"https:\/\/www.fibami.com\/en\/materjalid\/\">Special sports fabric<\/a> has a very good coverage and is suitable for active training.<\/p>\n<ul>\n<li>68% Polyamide 32% Elastane<\/li>\n<li>Breathable and moisture regulating material<\/li>\n<li>Good coverage<\/li>\n<li>Quick drying<\/li>\n<li>Easy to maintain<\/li>\n<li>OEKO-TEX 100 certificate \u2013 tested and free of harmful substances<\/li>\n<li>Bluesign System \u2013 sustainable production<\/li>\n<\/ul>\n<p><img decoding=\"async\" class=\"alignnone size-full wp-image-2903\" style=\"font-weight: inherit;\" src=\"https:\/\/www.fibami.com\/wp-content\/uploads\/2021\/10\/power.png\" alt=\"\" width=\"110\" height=\"127\" srcset=\"https:\/\/www.fibami.com\/wp-content\/uploads\/2021\/10\/power.png 110w, https:\/\/www.fibami.com\/wp-content\/uploads\/2021\/10\/power-10x12.png 10w\" sizes=\"(max-width: 110px) 100vw, 110px\" \/><img decoding=\"async\" class=\"alignnone wp-image-1344\" style=\"font-weight: inherit;\" src=\"https:\/\/www.fibami.com\/wp-content\/uploads\/2021\/06\/Bluesign-System-Partnership-Certificate-300x169.jpg\" alt=\"\" width=\"202\" height=\"114\" srcset=\"https:\/\/www.fibami.com\/wp-content\/uploads\/2021\/06\/Bluesign-System-Partnership-Certificate-300x169.jpg 300w, https:\/\/www.fibami.com\/wp-content\/uploads\/2021\/06\/Bluesign-System-Partnership-Certificate-600x337.jpg 600w, https:\/\/www.fibami.com\/wp-content\/uploads\/2021\/06\/Bluesign-System-Partnership-Certificate-16x9.jpg 16w, https:\/\/www.fibami.com\/wp-content\/uploads\/2021\/06\/Bluesign-System-Partnership-Certificate.jpg 678w\" sizes=\"(max-width: 202px) 100vw, 202px\" \/><img decoding=\"async\" class=\"alignnone wp-image-1345\" src=\"https:\/\/www.fibami.com\/wp-content\/uploads\/2021\/06\/oekotex-300x157.jpg\" alt=\"\" width=\"167\" height=\"87\" srcset=\"https:\/\/www.fibami.com\/wp-content\/uploads\/2021\/06\/oekotex-300x157.jpg 300w, https:\/\/www.fibami.com\/wp-content\/uploads\/2021\/06\/oekotex-900x471.jpg 900w, https:\/\/www.fibami.com\/wp-content\/uploads\/2021\/06\/oekotex-600x314.jpg 600w, https:\/\/www.fibami.com\/wp-content\/uploads\/2021\/06\/oekotex-1024x536.jpg 1024w, https:\/\/www.fibami.com\/wp-content\/uploads\/2021\/06\/oekotex-768x402.jpg 768w, https:\/\/www.fibami.com\/wp-content\/uploads\/2021\/06\/oekotex-16x8.jpg 16w, https:\/\/www.fibami.com\/wp-content\/uploads\/2021\/06\/oekotex.jpg 1200w\" sizes=\"(max-width: 167px) 100vw, 167px\" \/><\/p>","protected":false},"excerpt":{"rendered":"<p><strong>Fibami Walker Leggings - <\/strong>this model combines the best features of leggings and pants. With Walker leggings, you can go for a walk or head to the office\u2014a comfortable and smart choice for the whole day.<\/p>\n<ul>\n<li>Stretchy and breathable legging fabric that is not see-through.<\/li>\n<li>High double waistband that is comfortably fitted but not constricting.<\/li>\n<li>Zippered pockets.<\/li>\n<li>Straight leg cut with a slightly looser silhouette and no logos.<\/li>\n<\/ul>\n<p><strong>Material:<\/strong>\u00a0<a href=\"https:\/\/www.fibami.com\/en\/materjalid\/\">Special sports fabric<\/a> on veniv ja hea katvusega. T\u00e4nu heale niiskuse regulatsioonile sobib kandmiseks nii sees kui v\u00e4ljas.<\/p>\n<p><strong>Shipping: <\/strong>Fibami tooted valmivad tellimuse peale <strong>kuni 7 t\u00f6\u00f6p\u00e4eva jooksul.<\/strong> Erisoovist anna julgelt m\u00e4rku.<\/p>\n<p><a href=\"https:\/\/www.fibami.com\/en\/moodutabel\/\">Choose your size<\/a> according to your waist circumference.<\/p>","protected":false},"featured_media":29779,"comment_status":"open","ping_status":"closed","template":"","meta":[],"product_brand":[],"product_cat":[65,33,208,206],"product_tag":[181],"class_list":{"0":"post-14991","1":"product","2":"type-product","3":"status-publish","4":"has-post-thumbnail","6":"product_cat-puksid","7":"product_cat-retuusid","8":"product_cat-spordiriided","9":"product_cat-uus","10":"product_tag-new","12":"first","13":"onbackorder","14":"taxable","15":"shipping-taxable","16":"purchasable","17":"product-type-variable"},"yoast_head":"<!-- This site is optimized with the Yoast SEO plugin v27.5 - https:\/\/yoast.com\/product\/yoast-seo-wordpress\/ -->\n<title>Fibami Walker retuusid - Fibami<\/title>\n<meta name=\"description\" content=\"Fibami Walker retuusid on k\u00f5rge pihaga p\u00fcksid, mis on \u00fclevalt m\u00f5nusalt \u00fcmber nagu retuusid ning s\u00e4\u00e4reosast vabama sirge l\u00f5ikega.\" \/>\n<meta name=\"robots\" content=\"index, follow, max-snippet:-1, max-image-preview:large, max-video-preview:-1\" \/>\n<link rel=\"canonical\" href=\"https:\/\/www.fibami.com\/en\/product\/fibami-walker-retuusid\/\" \/>\n<meta property=\"og:locale\" content=\"en_GB\" \/>\n<meta property=\"og:type\" content=\"article\" \/>\n<meta property=\"og:title\" content=\"Fibami Walker retuusid\" \/>\n<meta property=\"og:description\" content=\"Fibami Walker retuusid on sirge l\u00f5ikega p\u00fcksid, mis on \u00fclevalt m\u00f5nusalt \u00fcmber nagu retuusid ning s\u00e4\u00e4reosast veidi vabamad.\" \/>\n<meta property=\"og:url\" content=\"https:\/\/www.fibami.com\/en\/product\/fibami-walker-retuusid\/\" \/>\n<meta property=\"og:site_name\" content=\"Fibami\" \/>\n<meta property=\"article:modified_time\" content=\"2026-04-27T14:24:31+00:00\" \/>\n<meta property=\"og:image\" content=\"https:\/\/www.fibami.com\/wp-content\/uploads\/2024\/05\/3.png\" \/>\n\t<meta property=\"og:image:width\" content=\"749\" \/>\n\t<meta property=\"og:image:height\" content=\"1123\" \/>\n\t<meta property=\"og:image:type\" content=\"image\/png\" \/>\n<meta name=\"twitter:card\" content=\"summary_large_image\" \/>\n<meta name=\"twitter:title\" content=\"Fibami Walker retuusid\" \/>\n<meta name=\"twitter:description\" content=\"Fibami Walker retuusid on sirge l\u00f5ikega p\u00fcksid, mis on \u00fclevalt m\u00f5nusalt \u00fcmber nagu retuusid ning s\u00e4\u00e4reosast veidi vabamad.\" \/>\n<meta name=\"twitter:image\" content=\"https:\/\/www.fibami.com\/wp-content\/uploads\/2024\/05\/3.png\" \/>\n<meta name=\"twitter:label1\" content=\"Estimated reading time\" \/>\n\t<meta name=\"twitter:data1\" content=\"2 minutes\" \/>\n<script type=\"application\/ld+json\" class=\"yoast-schema-graph\">{\"@context\":\"https:\\\/\\\/schema.org\",\"@graph\":[{\"@type\":\"WebPage\",\"@id\":\"https:\\\/\\\/www.fibami.com\\\/product\\\/fibami-walker-retuusid\\\/\",\"url\":\"https:\\\/\\\/www.fibami.com\\\/product\\\/fibami-walker-retuusid\\\/\",\"name\":\"Fibami Walker retuusid - Fibami\",\"isPartOf\":{\"@id\":\"https:\\\/\\\/www.fibami.com\\\/#website\"},\"primaryImageOfPage\":{\"@id\":\"https:\\\/\\\/www.fibami.com\\\/product\\\/fibami-walker-retuusid\\\/#primaryimage\"},\"image\":{\"@id\":\"https:\\\/\\\/www.fibami.com\\\/product\\\/fibami-walker-retuusid\\\/#primaryimage\"},\"thumbnailUrl\":\"https:\\\/\\\/www.fibami.com\\\/wp-content\\\/uploads\\\/2024\\\/05\\\/Fibami_walker_retuusid-8a-scaled.jpg\",\"datePublished\":\"2024-05-02T15:24:17+00:00\",\"dateModified\":\"2026-04-27T14:24:31+00:00\",\"description\":\"Fibami Walker retuusid on k\u00f5rge pihaga p\u00fcksid, mis on \u00fclevalt m\u00f5nusalt \u00fcmber nagu retuusid ning s\u00e4\u00e4reosast vabama sirge l\u00f5ikega.\",\"breadcrumb\":{\"@id\":\"https:\\\/\\\/www.fibami.com\\\/product\\\/fibami-walker-retuusid\\\/#breadcrumb\"},\"inLanguage\":\"en-GB\",\"potentialAction\":[{\"@type\":\"ReadAction\",\"target\":[\"https:\\\/\\\/www.fibami.com\\\/product\\\/fibami-walker-retuusid\\\/\"]}]},{\"@type\":\"ImageObject\",\"inLanguage\":\"en-GB\",\"@id\":\"https:\\\/\\\/www.fibami.com\\\/product\\\/fibami-walker-retuusid\\\/#primaryimage\",\"url\":\"https:\\\/\\\/www.fibami.com\\\/wp-content\\\/uploads\\\/2024\\\/05\\\/Fibami_walker_retuusid-8a-scaled.jpg\",\"contentUrl\":\"https:\\\/\\\/www.fibami.com\\\/wp-content\\\/uploads\\\/2024\\\/05\\\/Fibami_walker_retuusid-8a-scaled.jpg\",\"width\":1707,\"height\":2560},{\"@type\":\"BreadcrumbList\",\"@id\":\"https:\\\/\\\/www.fibami.com\\\/product\\\/fibami-walker-retuusid\\\/#breadcrumb\",\"itemListElement\":[{\"@type\":\"ListItem\",\"position\":1,\"name\":\"Home\",\"item\":\"https:\\\/\\\/www.fibami.com\\\/\"},{\"@type\":\"ListItem\",\"position\":2,\"name\":\"Pood\",\"item\":\"https:\\\/\\\/www.fibami.com\\\/pood\\\/\"},{\"@type\":\"ListItem\",\"position\":3,\"name\":\"Fibami Walker retuusid\"}]},{\"@type\":\"WebSite\",\"@id\":\"https:\\\/\\\/www.fibami.com\\\/#website\",\"url\":\"https:\\\/\\\/www.fibami.com\\\/\",\"name\":\"Fibami\",\"description\":\"\",\"potentialAction\":[{\"@type\":\"SearchAction\",\"target\":{\"@type\":\"EntryPoint\",\"urlTemplate\":\"https:\\\/\\\/www.fibami.com\\\/?s={search_term_string}\"},\"query-input\":{\"@type\":\"PropertyValueSpecification\",\"valueRequired\":true,\"valueName\":\"search_term_string\"}}],\"inLanguage\":\"en-GB\"}]}<\/script>\n<!-- \/ Yoast SEO plugin. -->","yoast_head_json":{"title":"Fibami Walker retuusid - Fibami","description":"Fibami Walker retuusid on k\u00f5rge pihaga p\u00fcksid, mis on \u00fclevalt m\u00f5nusalt \u00fcmber nagu retuusid ning s\u00e4\u00e4reosast vabama sirge l\u00f5ikega.","robots":{"index":"index","follow":"follow","max-snippet":"max-snippet:-1","max-image-preview":"max-image-preview:large","max-video-preview":"max-video-preview:-1"},"canonical":"https:\/\/www.fibami.com\/en\/product\/fibami-walker-retuusid\/","og_locale":"en_GB","og_type":"article","og_title":"Fibami Walker retuusid","og_description":"Fibami Walker retuusid on sirge l\u00f5ikega p\u00fcksid, mis on \u00fclevalt m\u00f5nusalt \u00fcmber nagu retuusid ning s\u00e4\u00e4reosast veidi vabamad.","og_url":"https:\/\/www.fibami.com\/en\/product\/fibami-walker-retuusid\/","og_site_name":"Fibami","article_modified_time":"2026-04-27T14:24:31+00:00","og_image":[{"width":749,"height":1123,"url":"https:\/\/www.fibami.com\/wp-content\/uploads\/2024\/05\/3.png","type":"image\/png"}],"twitter_card":"summary_large_image","twitter_title":"Fibami Walker retuusid","twitter_description":"Fibami Walker retuusid on sirge l\u00f5ikega p\u00fcksid, mis on \u00fclevalt m\u00f5nusalt \u00fcmber nagu retuusid ning s\u00e4\u00e4reosast veidi vabamad.","twitter_image":"https:\/\/www.fibami.com\/wp-content\/uploads\/2024\/05\/3.png","twitter_misc":{"Estimated reading time":"2 minutes"},"schema":{"@context":"https:\/\/schema.org","@graph":[{"@type":"WebPage","@id":"https:\/\/www.fibami.com\/product\/fibami-walker-retuusid\/","url":"https:\/\/www.fibami.com\/product\/fibami-walker-retuusid\/","name":"Fibami Walker retuusid - Fibami","isPartOf":{"@id":"https:\/\/www.fibami.com\/#website"},"primaryImageOfPage":{"@id":"https:\/\/www.fibami.com\/product\/fibami-walker-retuusid\/#primaryimage"},"image":{"@id":"https:\/\/www.fibami.com\/product\/fibami-walker-retuusid\/#primaryimage"},"thumbnailUrl":"https:\/\/www.fibami.com\/wp-content\/uploads\/2024\/05\/Fibami_walker_retuusid-8a-scaled.jpg","datePublished":"2024-05-02T15:24:17+00:00","dateModified":"2026-04-27T14:24:31+00:00","description":"Fibami Walker retuusid on k\u00f5rge pihaga p\u00fcksid, mis on \u00fclevalt m\u00f5nusalt \u00fcmber nagu retuusid ning s\u00e4\u00e4reosast vabama sirge l\u00f5ikega.","breadcrumb":{"@id":"https:\/\/www.fibami.com\/product\/fibami-walker-retuusid\/#breadcrumb"},"inLanguage":"en-GB","potentialAction":[{"@type":"ReadAction","target":["https:\/\/www.fibami.com\/product\/fibami-walker-retuusid\/"]}]},{"@type":"ImageObject","inLanguage":"en-GB","@id":"https:\/\/www.fibami.com\/product\/fibami-walker-retuusid\/#primaryimage","url":"https:\/\/www.fibami.com\/wp-content\/uploads\/2024\/05\/Fibami_walker_retuusid-8a-scaled.jpg","contentUrl":"https:\/\/www.fibami.com\/wp-content\/uploads\/2024\/05\/Fibami_walker_retuusid-8a-scaled.jpg","width":1707,"height":2560},{"@type":"BreadcrumbList","@id":"https:\/\/www.fibami.com\/product\/fibami-walker-retuusid\/#breadcrumb","itemListElement":[{"@type":"ListItem","position":1,"name":"Home","item":"https:\/\/www.fibami.com\/"},{"@type":"ListItem","position":2,"name":"Pood","item":"https:\/\/www.fibami.com\/pood\/"},{"@type":"ListItem","position":3,"name":"Fibami Walker retuusid"}]},{"@type":"WebSite","@id":"https:\/\/www.fibami.com\/#website","url":"https:\/\/www.fibami.com\/","name":"Fibami","description":"","potentialAction":[{"@type":"SearchAction","target":{"@type":"EntryPoint","urlTemplate":"https:\/\/www.fibami.com\/?s={search_term_string}"},"query-input":{"@type":"PropertyValueSpecification","valueRequired":true,"valueName":"search_term_string"}}],"inLanguage":"en-GB"}]}},"_links":{"self":[{"href":"https:\/\/www.fibami.com\/en\/wp-json\/wp\/v2\/product\/14991","targetHints":{"allow":["GET"]}}],"collection":[{"href":"https:\/\/www.fibami.com\/en\/wp-json\/wp\/v2\/product"}],"about":[{"href":"https:\/\/www.fibami.com\/en\/wp-json\/wp\/v2\/types\/product"}],"replies":[{"embeddable":true,"href":"https:\/\/www.fibami.com\/en\/wp-json\/wp\/v2\/comments?post=14991"}],"version-history":[{"count":5,"href":"https:\/\/www.fibami.com\/en\/wp-json\/wp\/v2\/product\/14991\/revisions"}],"predecessor-version":[{"id":30774,"href":"https:\/\/www.fibami.com\/en\/wp-json\/wp\/v2\/product\/14991\/revisions\/30774"}],"wp:featuredmedia":[{"embeddable":true,"href":"https:\/\/www.fibami.com\/en\/wp-json\/wp\/v2\/media\/29779"}],"wp:attachment":[{"href":"https:\/\/www.fibami.com\/en\/wp-json\/wp\/v2\/media?parent=14991"}],"wp:term":[{"taxonomy":"product_brand","embeddable":true,"href":"https:\/\/www.fibami.com\/en\/wp-json\/wp\/v2\/product_brand?post=14991"},{"taxonomy":"product_cat","embeddable":true,"href":"https:\/\/www.fibami.com\/en\/wp-json\/wp\/v2\/product_cat?post=14991"},{"taxonomy":"product_tag","embeddable":true,"href":"https:\/\/www.fibami.com\/en\/wp-json\/wp\/v2\/product_tag?post=14991"}],"curies":[{"name":"wp","href":"https:\/\/api.w.org\/{rel}","templated":true}]}}