{"id":15106,"date":"2024-05-02T18:41:15","date_gmt":"2024-05-02T15:41:15","guid":{"rendered":"https:\/\/www.fibami.com\/?post_type=product&#038;p=15106"},"modified":"2026-04-08T14:34:36","modified_gmt":"2026-04-08T11:34:36","slug":"fibami-diagonal-cut-bambuspluus-4","status":"publish","type":"product","link":"https:\/\/www.fibami.com\/en\/product\/fibami-diagonal-cut-bambuspluus-4\/","title":{"rendered":"Fibami Diagonal Cut Bamboo Blouse"},"content":{"rendered":"<blockquote><p>Diagonal Cut Bamboo Blouse<\/p><\/blockquote>\n<p><a href=\"https:\/\/www.fibami.com\/en\/materjalid\/\"><strong>Material<\/strong> info: <\/a>96% Bamboo, 4% Elastane<br \/>\nThe elastane content gives the fabric a pleasant amount of elongation and the bamboo fibers make the product breathable and skin-friendly. Due to the rapid natural growth of bamboo plants from bamboo to an environmentally friendly material. Our chosen bamboo fabric is especially silky and soft. Bamboo also has antibacterial properties and good moisture absorption. Our fabric is also <strong>OEKO-TEX 100<\/strong> certified - this means that the fabric is tested and free of harmful chemicals.<\/p>\n<p><strong>Maintenance:<\/strong> the blouse can be machine washed at 30 degrees. We recommend that you put the blouse on a clothing hanger after washing - this will save you the hassle of ironing, because due to the weight of moisture, no larger wrinkles will remain on the product when it dries.<\/p>\n<p><img decoding=\"async\" class=\"alignnone wp-image-1345\" src=\"https:\/\/www.fibami.com\/wp-content\/uploads\/2021\/06\/oekotex-300x157.jpg\" alt=\"\" width=\"205\" height=\"107\" srcset=\"https:\/\/www.fibami.com\/wp-content\/uploads\/2021\/06\/oekotex-300x157.jpg 300w, https:\/\/www.fibami.com\/wp-content\/uploads\/2021\/06\/oekotex-900x471.jpg 900w, https:\/\/www.fibami.com\/wp-content\/uploads\/2021\/06\/oekotex-600x314.jpg 600w, https:\/\/www.fibami.com\/wp-content\/uploads\/2021\/06\/oekotex-1024x536.jpg 1024w, https:\/\/www.fibami.com\/wp-content\/uploads\/2021\/06\/oekotex-768x402.jpg 768w, https:\/\/www.fibami.com\/wp-content\/uploads\/2021\/06\/oekotex-16x8.jpg 16w, https:\/\/www.fibami.com\/wp-content\/uploads\/2021\/06\/oekotex.jpg 1200w\" sizes=\"(max-width: 205px) 100vw, 205px\" \/><\/p>","protected":false},"excerpt":{"rendered":"<ul>\n<li><strong>Fibami Diagonal Cut Bamboo blouse \u2013 <\/strong>the pleasantly mysterious bamboo blouse, whose actual nature hides itself in the back details.<\/li>\n<li>Available in several different colors.<\/li>\n<li>The design has a looser cut and the back is open and asymmetrical.<\/li>\n<li>The blouse has short sleeves and a simple, clean front, which gives a lot of options for wearing and combining the blouse both casually and in a more festive manner.<\/li>\n<\/ul>\n<p><img decoding=\"async\" class=\"alignnone wp-image-8575\" src=\"https:\/\/www.fibami.com\/wp-content\/uploads\/2022\/08\/breathable.png\" alt=\"\" width=\"95\" height=\"81\" srcset=\"https:\/\/www.fibami.com\/wp-content\/uploads\/2022\/08\/breathable.png 148w, https:\/\/www.fibami.com\/wp-content\/uploads\/2022\/08\/breathable-14x12.png 14w\" sizes=\"(max-width: 95px) 100vw, 95px\" \/>\u00a0<img decoding=\"async\" class=\"alignnone wp-image-8489\" src=\"https:\/\/www.fibami.com\/wp-content\/uploads\/2022\/08\/soft.png\" alt=\"\" width=\"97\" height=\"83\" srcset=\"https:\/\/www.fibami.com\/wp-content\/uploads\/2022\/08\/soft.png 148w, https:\/\/www.fibami.com\/wp-content\/uploads\/2022\/08\/soft-14x12.png 14w\" sizes=\"(max-width: 97px) 100vw, 97px\" \/><img loading=\"lazy\" decoding=\"async\" class=\"alignnone wp-image-8490\" src=\"https:\/\/www.fibami.com\/wp-content\/uploads\/2022\/08\/moisture-management.png\" alt=\"\" width=\"110\" height=\"94\" srcset=\"https:\/\/www.fibami.com\/wp-content\/uploads\/2022\/08\/moisture-management.png 148w, https:\/\/www.fibami.com\/wp-content\/uploads\/2022\/08\/moisture-management-14x12.png 14w\" sizes=\"(max-width: 110px) 100vw, 110px\" \/> <img loading=\"lazy\" decoding=\"async\" class=\"alignnone wp-image-8489\" src=\"https:\/\/www.fibami.com\/wp-content\/uploads\/2022\/08\/soft.png\" alt=\"\" width=\"104\" height=\"88\" srcset=\"https:\/\/www.fibami.com\/wp-content\/uploads\/2022\/08\/soft.png 148w, https:\/\/www.fibami.com\/wp-content\/uploads\/2022\/08\/soft-14x12.png 14w\" sizes=\"(max-width: 104px) 100vw, 104px\" \/> <img loading=\"lazy\" decoding=\"async\" class=\"alignnone wp-image-8485\" src=\"https:\/\/www.fibami.com\/wp-content\/uploads\/2022\/08\/4-way-stretch.png\" alt=\"\" width=\"92\" height=\"87\" srcset=\"https:\/\/www.fibami.com\/wp-content\/uploads\/2022\/08\/4-way-stretch.png 134w, https:\/\/www.fibami.com\/wp-content\/uploads\/2022\/08\/4-way-stretch-13x12.png 13w\" sizes=\"(max-width: 92px) 100vw, 92px\" \/><\/p>\n<p>The bamboo fabric is very soft and silky, which makes you grasp the bamboo fabric products over and over again in your wardrobe. In addition, it has a very good moisture regulatory and antibacterial properties.<\/p>\n<p><a href=\"https:\/\/www.fibami.com\/en\/moodutabel\/\">Choose your size a<\/a>ccording to your chest circumference.<\/p>\n<p><a class=\"maxbutton-2 maxbutton maxbutton-moodutabel\" target=\"_blank\" rel=\"noopener\" href=\"\/en\/moodutabel\/\"><span class='mb-text'>Sizing chart<\/span><\/a><\/p>\n<p><strong>Shipping<\/strong><strong><br \/>\n<\/strong>Back-order:<strong> 5 - 7 business days<\/strong><\/p>","protected":false},"featured_media":20927,"comment_status":"open","ping_status":"closed","template":"","meta":[],"product_brand":[],"product_cat":[116,112,276],"product_tag":[],"class_list":{"0":"post-15106","1":"product","2":"type-product","3":"status-publish","4":"has-post-thumbnail","6":"product_cat-loungewear","7":"product_cat-pluusid","8":"product_cat-sunnipaeva-eri","10":"first","11":"onbackorder","12":"taxable","13":"shipping-taxable","14":"purchasable","15":"product-type-variable"},"yoast_head":"<!-- This site is optimized with the Yoast SEO plugin v27.3 - https:\/\/yoast.com\/product\/yoast-seo-wordpress\/ -->\n<title>Fibami Diagonal Cut Bambuspluus - Fibami<\/title>\n<meta name=\"description\" content=\"Fibami Diagonal Cut bambuspluus on v\u00e4ga pehme ja nahas\u00f5bralik. Mudel on avarama l\u00f5ikega ning avatud seljaosa teeb toote eriti m\u00e4ngulise\" \/>\n<meta name=\"robots\" content=\"index, follow, max-snippet:-1, max-image-preview:large, max-video-preview:-1\" \/>\n<link rel=\"canonical\" href=\"https:\/\/www.fibami.com\/en\/product\/fibami-diagonal-cut-bambuspluus-4\/\" \/>\n<meta property=\"og:locale\" content=\"en_GB\" \/>\n<meta property=\"og:type\" content=\"article\" \/>\n<meta property=\"og:title\" content=\"Fibami Diagonal Cut bambuspluus\" \/>\n<meta property=\"og:description\" content=\"Fibami Diagonal Cut bambuspluus on v\u00e4ga pehme ja nahas\u00f5bralik. Mudel on avarama l\u00f5ikega ning avatud seljaosa teeb toote eriti m\u00e4nguliseks\" \/>\n<meta property=\"og:url\" content=\"https:\/\/www.fibami.com\/en\/product\/fibami-diagonal-cut-bambuspluus-4\/\" \/>\n<meta property=\"og:site_name\" content=\"Fibami\" \/>\n<meta property=\"article:modified_time\" content=\"2026-04-08T11:34:36+00:00\" \/>\n<meta property=\"og:image\" content=\"https:\/\/www.fibami.com\/wp-content\/uploads\/2024\/05\/Fibami-Diagonal-cut-pluus-beez-1.jpg\" \/>\n\t<meta property=\"og:image:width\" content=\"1280\" \/>\n\t<meta property=\"og:image:height\" content=\"1920\" \/>\n\t<meta property=\"og:image:type\" content=\"image\/jpeg\" \/>\n<meta name=\"twitter:card\" content=\"summary_large_image\" \/>\n<meta name=\"twitter:label1\" content=\"Estimated reading time\" \/>\n\t<meta name=\"twitter:data1\" content=\"1 minute\" \/>\n<script type=\"application\/ld+json\" class=\"yoast-schema-graph\">{\"@context\":\"https:\\\/\\\/schema.org\",\"@graph\":[{\"@type\":\"WebPage\",\"@id\":\"https:\\\/\\\/www.fibami.com\\\/product\\\/fibami-diagonal-cut-bambuspluus-4\\\/\",\"url\":\"https:\\\/\\\/www.fibami.com\\\/product\\\/fibami-diagonal-cut-bambuspluus-4\\\/\",\"name\":\"Fibami Diagonal Cut Bambuspluus - Fibami\",\"isPartOf\":{\"@id\":\"https:\\\/\\\/www.fibami.com\\\/#website\"},\"primaryImageOfPage\":{\"@id\":\"https:\\\/\\\/www.fibami.com\\\/product\\\/fibami-diagonal-cut-bambuspluus-4\\\/#primaryimage\"},\"image\":{\"@id\":\"https:\\\/\\\/www.fibami.com\\\/product\\\/fibami-diagonal-cut-bambuspluus-4\\\/#primaryimage\"},\"thumbnailUrl\":\"https:\\\/\\\/www.fibami.com\\\/wp-content\\\/uploads\\\/2023\\\/02\\\/lounge_fibami-2-scaled.jpg\",\"datePublished\":\"2024-05-02T15:41:15+00:00\",\"dateModified\":\"2026-04-08T11:34:36+00:00\",\"description\":\"Fibami Diagonal Cut bambuspluus on v\u00e4ga pehme ja nahas\u00f5bralik. Mudel on avarama l\u00f5ikega ning avatud seljaosa teeb toote eriti m\u00e4ngulise\",\"breadcrumb\":{\"@id\":\"https:\\\/\\\/www.fibami.com\\\/product\\\/fibami-diagonal-cut-bambuspluus-4\\\/#breadcrumb\"},\"inLanguage\":\"en-GB\",\"potentialAction\":[{\"@type\":\"ReadAction\",\"target\":[\"https:\\\/\\\/www.fibami.com\\\/product\\\/fibami-diagonal-cut-bambuspluus-4\\\/\"]}]},{\"@type\":\"ImageObject\",\"inLanguage\":\"en-GB\",\"@id\":\"https:\\\/\\\/www.fibami.com\\\/product\\\/fibami-diagonal-cut-bambuspluus-4\\\/#primaryimage\",\"url\":\"https:\\\/\\\/www.fibami.com\\\/wp-content\\\/uploads\\\/2023\\\/02\\\/lounge_fibami-2-scaled.jpg\",\"contentUrl\":\"https:\\\/\\\/www.fibami.com\\\/wp-content\\\/uploads\\\/2023\\\/02\\\/lounge_fibami-2-scaled.jpg\",\"width\":1707,\"height\":2560},{\"@type\":\"BreadcrumbList\",\"@id\":\"https:\\\/\\\/www.fibami.com\\\/product\\\/fibami-diagonal-cut-bambuspluus-4\\\/#breadcrumb\",\"itemListElement\":[{\"@type\":\"ListItem\",\"position\":1,\"name\":\"Home\",\"item\":\"https:\\\/\\\/www.fibami.com\\\/\"},{\"@type\":\"ListItem\",\"position\":2,\"name\":\"Pood\",\"item\":\"https:\\\/\\\/www.fibami.com\\\/pood\\\/\"},{\"@type\":\"ListItem\",\"position\":3,\"name\":\"Fibami Diagonal Cut Bambuspluus\"}]},{\"@type\":\"WebSite\",\"@id\":\"https:\\\/\\\/www.fibami.com\\\/#website\",\"url\":\"https:\\\/\\\/www.fibami.com\\\/\",\"name\":\"Fibami\",\"description\":\"\",\"potentialAction\":[{\"@type\":\"SearchAction\",\"target\":{\"@type\":\"EntryPoint\",\"urlTemplate\":\"https:\\\/\\\/www.fibami.com\\\/?s={search_term_string}\"},\"query-input\":{\"@type\":\"PropertyValueSpecification\",\"valueRequired\":true,\"valueName\":\"search_term_string\"}}],\"inLanguage\":\"en-GB\"}]}<\/script>\n<!-- \/ Yoast SEO plugin. -->","yoast_head_json":{"title":"Fibami Diagonal Cut Bambuspluus - Fibami","description":"Fibami Diagonal Cut bambuspluus on v\u00e4ga pehme ja nahas\u00f5bralik. Mudel on avarama l\u00f5ikega ning avatud seljaosa teeb toote eriti m\u00e4ngulise","robots":{"index":"index","follow":"follow","max-snippet":"max-snippet:-1","max-image-preview":"max-image-preview:large","max-video-preview":"max-video-preview:-1"},"canonical":"https:\/\/www.fibami.com\/en\/product\/fibami-diagonal-cut-bambuspluus-4\/","og_locale":"en_GB","og_type":"article","og_title":"Fibami Diagonal Cut bambuspluus","og_description":"Fibami Diagonal Cut bambuspluus on v\u00e4ga pehme ja nahas\u00f5bralik. Mudel on avarama l\u00f5ikega ning avatud seljaosa teeb toote eriti m\u00e4nguliseks","og_url":"https:\/\/www.fibami.com\/en\/product\/fibami-diagonal-cut-bambuspluus-4\/","og_site_name":"Fibami","article_modified_time":"2026-04-08T11:34:36+00:00","og_image":[{"width":1280,"height":1920,"url":"https:\/\/www.fibami.com\/wp-content\/uploads\/2024\/05\/Fibami-Diagonal-cut-pluus-beez-1.jpg","type":"image\/jpeg"}],"twitter_card":"summary_large_image","twitter_misc":{"Estimated reading time":"1 minute"},"schema":{"@context":"https:\/\/schema.org","@graph":[{"@type":"WebPage","@id":"https:\/\/www.fibami.com\/product\/fibami-diagonal-cut-bambuspluus-4\/","url":"https:\/\/www.fibami.com\/product\/fibami-diagonal-cut-bambuspluus-4\/","name":"Fibami Diagonal Cut Bambuspluus - Fibami","isPartOf":{"@id":"https:\/\/www.fibami.com\/#website"},"primaryImageOfPage":{"@id":"https:\/\/www.fibami.com\/product\/fibami-diagonal-cut-bambuspluus-4\/#primaryimage"},"image":{"@id":"https:\/\/www.fibami.com\/product\/fibami-diagonal-cut-bambuspluus-4\/#primaryimage"},"thumbnailUrl":"https:\/\/www.fibami.com\/wp-content\/uploads\/2023\/02\/lounge_fibami-2-scaled.jpg","datePublished":"2024-05-02T15:41:15+00:00","dateModified":"2026-04-08T11:34:36+00:00","description":"Fibami Diagonal Cut bambuspluus on v\u00e4ga pehme ja nahas\u00f5bralik. Mudel on avarama l\u00f5ikega ning avatud seljaosa teeb toote eriti m\u00e4ngulise","breadcrumb":{"@id":"https:\/\/www.fibami.com\/product\/fibami-diagonal-cut-bambuspluus-4\/#breadcrumb"},"inLanguage":"en-GB","potentialAction":[{"@type":"ReadAction","target":["https:\/\/www.fibami.com\/product\/fibami-diagonal-cut-bambuspluus-4\/"]}]},{"@type":"ImageObject","inLanguage":"en-GB","@id":"https:\/\/www.fibami.com\/product\/fibami-diagonal-cut-bambuspluus-4\/#primaryimage","url":"https:\/\/www.fibami.com\/wp-content\/uploads\/2023\/02\/lounge_fibami-2-scaled.jpg","contentUrl":"https:\/\/www.fibami.com\/wp-content\/uploads\/2023\/02\/lounge_fibami-2-scaled.jpg","width":1707,"height":2560},{"@type":"BreadcrumbList","@id":"https:\/\/www.fibami.com\/product\/fibami-diagonal-cut-bambuspluus-4\/#breadcrumb","itemListElement":[{"@type":"ListItem","position":1,"name":"Home","item":"https:\/\/www.fibami.com\/"},{"@type":"ListItem","position":2,"name":"Pood","item":"https:\/\/www.fibami.com\/pood\/"},{"@type":"ListItem","position":3,"name":"Fibami Diagonal Cut Bambuspluus"}]},{"@type":"WebSite","@id":"https:\/\/www.fibami.com\/#website","url":"https:\/\/www.fibami.com\/","name":"Fibami","description":"","potentialAction":[{"@type":"SearchAction","target":{"@type":"EntryPoint","urlTemplate":"https:\/\/www.fibami.com\/?s={search_term_string}"},"query-input":{"@type":"PropertyValueSpecification","valueRequired":true,"valueName":"search_term_string"}}],"inLanguage":"en-GB"}]}},"_links":{"self":[{"href":"https:\/\/www.fibami.com\/en\/wp-json\/wp\/v2\/product\/15106","targetHints":{"allow":["GET"]}}],"collection":[{"href":"https:\/\/www.fibami.com\/en\/wp-json\/wp\/v2\/product"}],"about":[{"href":"https:\/\/www.fibami.com\/en\/wp-json\/wp\/v2\/types\/product"}],"replies":[{"embeddable":true,"href":"https:\/\/www.fibami.com\/en\/wp-json\/wp\/v2\/comments?post=15106"}],"version-history":[{"count":5,"href":"https:\/\/www.fibami.com\/en\/wp-json\/wp\/v2\/product\/15106\/revisions"}],"predecessor-version":[{"id":21769,"href":"https:\/\/www.fibami.com\/en\/wp-json\/wp\/v2\/product\/15106\/revisions\/21769"}],"wp:featuredmedia":[{"embeddable":true,"href":"https:\/\/www.fibami.com\/en\/wp-json\/wp\/v2\/media\/20927"}],"wp:attachment":[{"href":"https:\/\/www.fibami.com\/en\/wp-json\/wp\/v2\/media?parent=15106"}],"wp:term":[{"taxonomy":"product_brand","embeddable":true,"href":"https:\/\/www.fibami.com\/en\/wp-json\/wp\/v2\/product_brand?post=15106"},{"taxonomy":"product_cat","embeddable":true,"href":"https:\/\/www.fibami.com\/en\/wp-json\/wp\/v2\/product_cat?post=15106"},{"taxonomy":"product_tag","embeddable":true,"href":"https:\/\/www.fibami.com\/en\/wp-json\/wp\/v2\/product_tag?post=15106"}],"curies":[{"name":"wp","href":"https:\/\/api.w.org\/{rel}","templated":true}]}}