{"id":16285,"date":"2024-09-03T12:44:05","date_gmt":"2024-09-03T09:44:05","guid":{"rendered":"https:\/\/www.fibami.com\/?post_type=product&#038;p=16285"},"modified":"2026-04-08T13:58:28","modified_gmt":"2026-04-08T10:58:28","slug":"fibami-leisure-jakk","status":"publish","type":"product","link":"https:\/\/www.fibami.com\/en\/product\/fibami-leisure-jakk\/","title":{"rendered":"Fibami Leisure jacket"},"content":{"rendered":"<p>Fibami Leisure jacket<\/p>\n<ul>\n<li><a href=\"https:\/\/www.fibami.com\/en\/materjalid\/\">Material<\/a>56% Viscose, 32% Polyester, 12% Elastane<\/li>\n<li>Body-friendly and pleasantly stretchy material<\/li>\n<li>Timeless design and cut<\/li>\n<li>Easy to maintain<\/li>\n<li>OEKO-TEX 100 certificate \u2013 tested and free of harmful substances<\/li>\n<\/ul>\n<p>&nbsp;<\/p>\n<p><img decoding=\"async\" class=\"alignnone wp-image-1345\" src=\"https:\/\/www.fibami.com\/wp-content\/uploads\/2021\/06\/oekotex-300x157.jpg\" alt=\"\" width=\"212\" height=\"111\" srcset=\"https:\/\/www.fibami.com\/wp-content\/uploads\/2021\/06\/oekotex-300x157.jpg 300w, https:\/\/www.fibami.com\/wp-content\/uploads\/2021\/06\/oekotex-900x471.jpg 900w, https:\/\/www.fibami.com\/wp-content\/uploads\/2021\/06\/oekotex-600x314.jpg 600w, https:\/\/www.fibami.com\/wp-content\/uploads\/2021\/06\/oekotex-1024x536.jpg 1024w, https:\/\/www.fibami.com\/wp-content\/uploads\/2021\/06\/oekotex-768x402.jpg 768w, https:\/\/www.fibami.com\/wp-content\/uploads\/2021\/06\/oekotex-16x8.jpg 16w, https:\/\/www.fibami.com\/wp-content\/uploads\/2021\/06\/oekotex.jpg 1200w\" sizes=\"(max-width: 212px) 100vw, 212px\" \/><\/p>","protected":false},"excerpt":{"rendered":"<p><strong><br \/>\nFibami Leisure jacket<\/strong><\/p>\n<ul>\n<li><strong>Leisure jacket<\/strong> features a particularly eye-catching design and is suitable for year-round wear.<\/li>\n<li>The jacket has an eye-catching back with a yoke detail and a slit, which provides some room for size adjustment.<\/li>\n<li>The jacket can be worn open in the front or closed with a belt. Additionally, there are small snaps on the front, allowing you to wear the jacket without the belt as well.<\/li>\n<li>The belt is removable.<\/li>\n<\/ul>\n<p><strong><a href=\"https:\/\/www.fibami.com\/en\/materjalid\/\">Material<\/a>:\u00a0\u00a0<\/strong>The viscose blend fabric is very body-friendly. Thanks to the elastane content, it is stretchy and soft.<\/p>\n<p><a href=\"https:\/\/www.fibami.com\/en\/moodutabel\/\">Choose your size<\/a> according to your chest circumference.<\/p>\n<p><strong>Tarne <\/strong><strong>up to 7 business days<br \/>\n<\/strong>Kampaaniate ajal v\u00f5ib tarneaeg olla tavap\u00e4rasest pikem.<strong><br \/>\n<\/strong><\/p>\n<p><a class=\"maxbutton-2 maxbutton maxbutton-moodutabel\" target=\"_blank\" rel=\"noopener\" href=\"\/en\/moodutabel\/\"><span class='mb-text'>Sizing chart<\/span><\/a><\/p>","protected":false},"featured_media":30696,"comment_status":"open","ping_status":"closed","template":"","meta":[],"product_brand":[],"product_cat":[248,111],"product_tag":[],"class_list":{"0":"post-16285","1":"product","2":"type-product","3":"status-publish","4":"has-post-thumbnail","6":"product_cat-leisurewear","7":"product_cat-pusad","9":"first","10":"onbackorder","11":"taxable","12":"shipping-taxable","13":"purchasable","14":"product-type-variable"},"yoast_head":"<!-- This site is optimized with the Yoast SEO plugin v27.5 - https:\/\/yoast.com\/product\/yoast-seo-wordpress\/ -->\n<title>Fibami Leisure jakk - Fibami<\/title>\n<meta name=\"description\" content=\"Fibami Leisure jakk on erilise disainiga ning sobib kandmiseks vabal ajal kui ka pidulikumatel hetkedel. Kombineeri nii tossude kui kingadega.\" \/>\n<meta name=\"robots\" content=\"index, follow, max-snippet:-1, max-image-preview:large, max-video-preview:-1\" \/>\n<link rel=\"canonical\" href=\"https:\/\/www.fibami.com\/en\/product\/fibami-leisure-jakk\/\" \/>\n<meta property=\"og:locale\" content=\"en_GB\" \/>\n<meta property=\"og:type\" content=\"article\" \/>\n<meta property=\"og:title\" content=\"Fibami Leisure Vest\" \/>\n<meta property=\"og:description\" content=\"Leisure vest-jakk on eriliselt pilkup\u00fc\u00fcdva disainiga ning sobib kandmiseks nii pusa peal kui ka eraldiolevana. Seljaosa on l\u00fchem ja vabalt langev ning esiosa saad kanda nii eest lahti kui v\u00f6\u00f6ga suletuna. V\u00f6\u00f6d on v\u00f5imalik eemaldada.\" \/>\n<meta property=\"og:url\" content=\"https:\/\/www.fibami.com\/en\/product\/fibami-leisure-jakk\/\" \/>\n<meta property=\"og:site_name\" content=\"Fibami\" \/>\n<meta property=\"article:modified_time\" content=\"2026-04-08T10:58:28+00:00\" \/>\n<meta property=\"og:image\" content=\"https:\/\/www.fibami.com\/wp-content\/uploads\/2023\/06\/Fibami_leisure_vest-3.jpg\" \/>\n\t<meta property=\"og:image:width\" content=\"1024\" \/>\n\t<meta property=\"og:image:height\" content=\"1536\" \/>\n\t<meta property=\"og:image:type\" content=\"image\/jpeg\" \/>\n<meta name=\"twitter:card\" content=\"summary_large_image\" \/>\n<meta name=\"twitter:title\" content=\"Fibami Leisure Vest\" \/>\n<meta name=\"twitter:description\" content=\"Leisure vest-jakk on eriliselt pilkup\u00fc\u00fcdva disainiga ning sobib kandmiseks nii pusa peal kui ka eraldiolevana. Seljaosa on l\u00fchem ja vabalt langev ning esiosa saad kanda nii eest lahti kui v\u00f6\u00f6ga suletuna. V\u00f6\u00f6d on v\u00f5imalik eemaldada.\" \/>\n<meta name=\"twitter:image\" content=\"https:\/\/www.fibami.com\/wp-content\/uploads\/2023\/06\/Fibami_leisure_vest-3.jpg\" \/>\n<meta name=\"twitter:label1\" content=\"Estimated reading time\" \/>\n\t<meta name=\"twitter:data1\" content=\"1 minute\" \/>\n<script type=\"application\/ld+json\" class=\"yoast-schema-graph\">{\"@context\":\"https:\\\/\\\/schema.org\",\"@graph\":[{\"@type\":\"WebPage\",\"@id\":\"https:\\\/\\\/www.fibami.com\\\/product\\\/fibami-leisure-jakk\\\/\",\"url\":\"https:\\\/\\\/www.fibami.com\\\/product\\\/fibami-leisure-jakk\\\/\",\"name\":\"Fibami Leisure jakk - Fibami\",\"isPartOf\":{\"@id\":\"https:\\\/\\\/www.fibami.com\\\/#website\"},\"primaryImageOfPage\":{\"@id\":\"https:\\\/\\\/www.fibami.com\\\/product\\\/fibami-leisure-jakk\\\/#primaryimage\"},\"image\":{\"@id\":\"https:\\\/\\\/www.fibami.com\\\/product\\\/fibami-leisure-jakk\\\/#primaryimage\"},\"thumbnailUrl\":\"https:\\\/\\\/www.fibami.com\\\/wp-content\\\/uploads\\\/2024\\\/09\\\/Fibami_leisure_jakk-1.jpg\",\"datePublished\":\"2024-09-03T09:44:05+00:00\",\"dateModified\":\"2026-04-08T10:58:28+00:00\",\"description\":\"Fibami Leisure jakk on erilise disainiga ning sobib kandmiseks vabal ajal kui ka pidulikumatel hetkedel. Kombineeri nii tossude kui kingadega.\",\"breadcrumb\":{\"@id\":\"https:\\\/\\\/www.fibami.com\\\/product\\\/fibami-leisure-jakk\\\/#breadcrumb\"},\"inLanguage\":\"en-GB\",\"potentialAction\":[{\"@type\":\"ReadAction\",\"target\":[\"https:\\\/\\\/www.fibami.com\\\/product\\\/fibami-leisure-jakk\\\/\"]}]},{\"@type\":\"ImageObject\",\"inLanguage\":\"en-GB\",\"@id\":\"https:\\\/\\\/www.fibami.com\\\/product\\\/fibami-leisure-jakk\\\/#primaryimage\",\"url\":\"https:\\\/\\\/www.fibami.com\\\/wp-content\\\/uploads\\\/2024\\\/09\\\/Fibami_leisure_jakk-1.jpg\",\"contentUrl\":\"https:\\\/\\\/www.fibami.com\\\/wp-content\\\/uploads\\\/2024\\\/09\\\/Fibami_leisure_jakk-1.jpg\",\"width\":930,\"height\":1395},{\"@type\":\"BreadcrumbList\",\"@id\":\"https:\\\/\\\/www.fibami.com\\\/product\\\/fibami-leisure-jakk\\\/#breadcrumb\",\"itemListElement\":[{\"@type\":\"ListItem\",\"position\":1,\"name\":\"Home\",\"item\":\"https:\\\/\\\/www.fibami.com\\\/\"},{\"@type\":\"ListItem\",\"position\":2,\"name\":\"Pood\",\"item\":\"https:\\\/\\\/www.fibami.com\\\/pood\\\/\"},{\"@type\":\"ListItem\",\"position\":3,\"name\":\"Fibami Leisure jakk\"}]},{\"@type\":\"WebSite\",\"@id\":\"https:\\\/\\\/www.fibami.com\\\/#website\",\"url\":\"https:\\\/\\\/www.fibami.com\\\/\",\"name\":\"Fibami\",\"description\":\"\",\"potentialAction\":[{\"@type\":\"SearchAction\",\"target\":{\"@type\":\"EntryPoint\",\"urlTemplate\":\"https:\\\/\\\/www.fibami.com\\\/?s={search_term_string}\"},\"query-input\":{\"@type\":\"PropertyValueSpecification\",\"valueRequired\":true,\"valueName\":\"search_term_string\"}}],\"inLanguage\":\"en-GB\"}]}<\/script>\n<!-- \/ Yoast SEO plugin. -->","yoast_head_json":{"title":"Fibami Leisure jakk - Fibami","description":"Fibami Leisure jakk on erilise disainiga ning sobib kandmiseks vabal ajal kui ka pidulikumatel hetkedel. Kombineeri nii tossude kui kingadega.","robots":{"index":"index","follow":"follow","max-snippet":"max-snippet:-1","max-image-preview":"max-image-preview:large","max-video-preview":"max-video-preview:-1"},"canonical":"https:\/\/www.fibami.com\/en\/product\/fibami-leisure-jakk\/","og_locale":"en_GB","og_type":"article","og_title":"Fibami Leisure Vest","og_description":"Leisure vest-jakk on eriliselt pilkup\u00fc\u00fcdva disainiga ning sobib kandmiseks nii pusa peal kui ka eraldiolevana. Seljaosa on l\u00fchem ja vabalt langev ning esiosa saad kanda nii eest lahti kui v\u00f6\u00f6ga suletuna. V\u00f6\u00f6d on v\u00f5imalik eemaldada.","og_url":"https:\/\/www.fibami.com\/en\/product\/fibami-leisure-jakk\/","og_site_name":"Fibami","article_modified_time":"2026-04-08T10:58:28+00:00","og_image":[{"width":1024,"height":1536,"url":"https:\/\/www.fibami.com\/wp-content\/uploads\/2023\/06\/Fibami_leisure_vest-3.jpg","type":"image\/jpeg"}],"twitter_card":"summary_large_image","twitter_title":"Fibami Leisure Vest","twitter_description":"Leisure vest-jakk on eriliselt pilkup\u00fc\u00fcdva disainiga ning sobib kandmiseks nii pusa peal kui ka eraldiolevana. Seljaosa on l\u00fchem ja vabalt langev ning esiosa saad kanda nii eest lahti kui v\u00f6\u00f6ga suletuna. V\u00f6\u00f6d on v\u00f5imalik eemaldada.","twitter_image":"https:\/\/www.fibami.com\/wp-content\/uploads\/2023\/06\/Fibami_leisure_vest-3.jpg","twitter_misc":{"Estimated reading time":"1 minute"},"schema":{"@context":"https:\/\/schema.org","@graph":[{"@type":"WebPage","@id":"https:\/\/www.fibami.com\/product\/fibami-leisure-jakk\/","url":"https:\/\/www.fibami.com\/product\/fibami-leisure-jakk\/","name":"Fibami Leisure jakk - Fibami","isPartOf":{"@id":"https:\/\/www.fibami.com\/#website"},"primaryImageOfPage":{"@id":"https:\/\/www.fibami.com\/product\/fibami-leisure-jakk\/#primaryimage"},"image":{"@id":"https:\/\/www.fibami.com\/product\/fibami-leisure-jakk\/#primaryimage"},"thumbnailUrl":"https:\/\/www.fibami.com\/wp-content\/uploads\/2024\/09\/Fibami_leisure_jakk-1.jpg","datePublished":"2024-09-03T09:44:05+00:00","dateModified":"2026-04-08T10:58:28+00:00","description":"Fibami Leisure jakk on erilise disainiga ning sobib kandmiseks vabal ajal kui ka pidulikumatel hetkedel. Kombineeri nii tossude kui kingadega.","breadcrumb":{"@id":"https:\/\/www.fibami.com\/product\/fibami-leisure-jakk\/#breadcrumb"},"inLanguage":"en-GB","potentialAction":[{"@type":"ReadAction","target":["https:\/\/www.fibami.com\/product\/fibami-leisure-jakk\/"]}]},{"@type":"ImageObject","inLanguage":"en-GB","@id":"https:\/\/www.fibami.com\/product\/fibami-leisure-jakk\/#primaryimage","url":"https:\/\/www.fibami.com\/wp-content\/uploads\/2024\/09\/Fibami_leisure_jakk-1.jpg","contentUrl":"https:\/\/www.fibami.com\/wp-content\/uploads\/2024\/09\/Fibami_leisure_jakk-1.jpg","width":930,"height":1395},{"@type":"BreadcrumbList","@id":"https:\/\/www.fibami.com\/product\/fibami-leisure-jakk\/#breadcrumb","itemListElement":[{"@type":"ListItem","position":1,"name":"Home","item":"https:\/\/www.fibami.com\/"},{"@type":"ListItem","position":2,"name":"Pood","item":"https:\/\/www.fibami.com\/pood\/"},{"@type":"ListItem","position":3,"name":"Fibami Leisure jakk"}]},{"@type":"WebSite","@id":"https:\/\/www.fibami.com\/#website","url":"https:\/\/www.fibami.com\/","name":"Fibami","description":"","potentialAction":[{"@type":"SearchAction","target":{"@type":"EntryPoint","urlTemplate":"https:\/\/www.fibami.com\/?s={search_term_string}"},"query-input":{"@type":"PropertyValueSpecification","valueRequired":true,"valueName":"search_term_string"}}],"inLanguage":"en-GB"}]}},"_links":{"self":[{"href":"https:\/\/www.fibami.com\/en\/wp-json\/wp\/v2\/product\/16285","targetHints":{"allow":["GET"]}}],"collection":[{"href":"https:\/\/www.fibami.com\/en\/wp-json\/wp\/v2\/product"}],"about":[{"href":"https:\/\/www.fibami.com\/en\/wp-json\/wp\/v2\/types\/product"}],"replies":[{"embeddable":true,"href":"https:\/\/www.fibami.com\/en\/wp-json\/wp\/v2\/comments?post=16285"}],"version-history":[{"count":5,"href":"https:\/\/www.fibami.com\/en\/wp-json\/wp\/v2\/product\/16285\/revisions"}],"predecessor-version":[{"id":21478,"href":"https:\/\/www.fibami.com\/en\/wp-json\/wp\/v2\/product\/16285\/revisions\/21478"}],"wp:featuredmedia":[{"embeddable":true,"href":"https:\/\/www.fibami.com\/en\/wp-json\/wp\/v2\/media\/30696"}],"wp:attachment":[{"href":"https:\/\/www.fibami.com\/en\/wp-json\/wp\/v2\/media?parent=16285"}],"wp:term":[{"taxonomy":"product_brand","embeddable":true,"href":"https:\/\/www.fibami.com\/en\/wp-json\/wp\/v2\/product_brand?post=16285"},{"taxonomy":"product_cat","embeddable":true,"href":"https:\/\/www.fibami.com\/en\/wp-json\/wp\/v2\/product_cat?post=16285"},{"taxonomy":"product_tag","embeddable":true,"href":"https:\/\/www.fibami.com\/en\/wp-json\/wp\/v2\/product_tag?post=16285"}],"curies":[{"name":"wp","href":"https:\/\/api.w.org\/{rel}","templated":true}]}}