{"id":16923,"date":"2024-10-14T16:46:49","date_gmt":"2024-10-14T13:46:49","guid":{"rendered":"https:\/\/www.fibami.com\/?post_type=product&#038;p=16923"},"modified":"2026-04-22T10:31:36","modified_gmt":"2026-04-22T07:31:36","slug":"fibami-spordirinnahoidja","status":"publish","type":"product","link":"https:\/\/www.fibami.com\/en\/product\/fibami-spordirinnahoidja\/","title":{"rendered":"Fibami Active sports bra"},"content":{"rendered":"<p>Fibami Active sports bra<\/p>\n<p><a href=\"https:\/\/www.fibami.com\/en\/materjalid\/\">Material<\/a>:<\/p>\n<p>94% PL, 6% EA<\/p>\n<ul>\n<li>Moisture-regulating and breathable sports material<\/li>\n<li>Quick drying<\/li>\n<li>Easy to maintain<\/li>\n<li>Soft and silky<\/li>\n<li>OEKO-TEX 100 certificate \u2013 tested and free of harmful substances<\/li>\n<li>Bluesign System \u2013 sustainable production<\/li>\n<li>Power Performance sports fabric<\/li>\n<\/ul>\n<p>&nbsp;<\/p>\n<p><img decoding=\"async\" class=\"alignnone wp-image-8483\" src=\"https:\/\/www.fibami.com\/wp-content\/uploads\/2021\/06\/Power_performance_technology.jpg\" alt=\"\" width=\"135\" height=\"120\" srcset=\"https:\/\/www.fibami.com\/wp-content\/uploads\/2021\/06\/Power_performance_technology.jpg 243w, https:\/\/www.fibami.com\/wp-content\/uploads\/2021\/06\/Power_performance_technology-14x12.jpg 14w, https:\/\/www.fibami.com\/wp-content\/uploads\/2021\/06\/Power_performance_technology-150x133.jpg 150w\" sizes=\"(max-width: 135px) 100vw, 135px\" \/><img decoding=\"async\" class=\"alignnone wp-image-1344\" src=\"https:\/\/www.fibami.com\/wp-content\/uploads\/2021\/06\/Bluesign-System-Partnership-Certificate-300x169.jpg\" alt=\"\" width=\"184\" height=\"104\" srcset=\"https:\/\/www.fibami.com\/wp-content\/uploads\/2021\/06\/Bluesign-System-Partnership-Certificate-300x169.jpg 300w, https:\/\/www.fibami.com\/wp-content\/uploads\/2021\/06\/Bluesign-System-Partnership-Certificate-600x337.jpg 600w, https:\/\/www.fibami.com\/wp-content\/uploads\/2021\/06\/Bluesign-System-Partnership-Certificate-16x9.jpg 16w, https:\/\/www.fibami.com\/wp-content\/uploads\/2021\/06\/Bluesign-System-Partnership-Certificate.jpg 678w\" sizes=\"(max-width: 184px) 100vw, 184px\" \/><img decoding=\"async\" class=\"alignnone wp-image-1345\" src=\"https:\/\/www.fibami.com\/wp-content\/uploads\/2021\/06\/oekotex-300x157.jpg\" alt=\"\" width=\"156\" height=\"81\" srcset=\"https:\/\/www.fibami.com\/wp-content\/uploads\/2021\/06\/oekotex-300x157.jpg 300w, https:\/\/www.fibami.com\/wp-content\/uploads\/2021\/06\/oekotex-900x471.jpg 900w, https:\/\/www.fibami.com\/wp-content\/uploads\/2021\/06\/oekotex-600x314.jpg 600w, https:\/\/www.fibami.com\/wp-content\/uploads\/2021\/06\/oekotex-1024x536.jpg 1024w, https:\/\/www.fibami.com\/wp-content\/uploads\/2021\/06\/oekotex-768x402.jpg 768w, https:\/\/www.fibami.com\/wp-content\/uploads\/2021\/06\/oekotex-16x8.jpg 16w, https:\/\/www.fibami.com\/wp-content\/uploads\/2021\/06\/oekotex.jpg 1200w\" sizes=\"(max-width: 156px) 100vw, 156px\" \/><\/p>","protected":false},"excerpt":{"rendered":"<ul>\n<li><strong>Fibami Active sports bra<\/strong> is breathable and supportive.<\/li>\n<li>Suitable for more intense workouts \u2013 strength training, running, dancing.<\/li>\n<li>Wide shoulder straps and the elastic at the bottom provide good support and keep the bra in place<\/li>\n<li>Between the lining there is vhest baskets.<\/li>\n<li>A very feminine and timeless cut.<\/li>\n<\/ul>\n<p><img loading=\"lazy\" decoding=\"async\" class=\"alignnone wp-image-8575\" src=\"https:\/\/www.fibami.com\/wp-content\/uploads\/2022\/08\/breathable.png\" alt=\"\" width=\"96\" height=\"82\" srcset=\"https:\/\/www.fibami.com\/wp-content\/uploads\/2022\/08\/breathable.png 148w, https:\/\/www.fibami.com\/wp-content\/uploads\/2022\/08\/breathable-14x12.png 14w\" sizes=\"(max-width: 96px) 100vw, 96px\" \/>\u00a0<img loading=\"lazy\" decoding=\"async\" class=\"alignnone wp-image-8490\" src=\"https:\/\/www.fibami.com\/wp-content\/uploads\/2022\/08\/moisture-management.png\" alt=\"\" width=\"93\" height=\"79\" srcset=\"https:\/\/www.fibami.com\/wp-content\/uploads\/2022\/08\/moisture-management.png 148w, https:\/\/www.fibami.com\/wp-content\/uploads\/2022\/08\/moisture-management-14x12.png 14w\" sizes=\"(max-width: 93px) 100vw, 93px\" \/><img loading=\"lazy\" decoding=\"async\" class=\"alignnone wp-image-8492\" src=\"https:\/\/www.fibami.com\/wp-content\/uploads\/2022\/08\/quick-drying.png\" alt=\"\" width=\"106\" height=\"90\" srcset=\"https:\/\/www.fibami.com\/wp-content\/uploads\/2022\/08\/quick-drying.png 148w, https:\/\/www.fibami.com\/wp-content\/uploads\/2022\/08\/quick-drying-14x12.png 14w\" sizes=\"(max-width: 106px) 100vw, 106px\" \/><img loading=\"lazy\" decoding=\"async\" class=\"alignnone wp-image-8494\" src=\"https:\/\/www.fibami.com\/wp-content\/uploads\/2022\/08\/pilling-resistant.png\" alt=\"\" width=\"106\" height=\"90\" srcset=\"https:\/\/www.fibami.com\/wp-content\/uploads\/2022\/08\/pilling-resistant.png 148w, https:\/\/www.fibami.com\/wp-content\/uploads\/2022\/08\/pilling-resistant-14x12.png 14w\" sizes=\"(max-width: 106px) 100vw, 106px\" \/> \u00a0<img loading=\"lazy\" decoding=\"async\" class=\"alignnone wp-image-8485\" src=\"https:\/\/www.fibami.com\/wp-content\/uploads\/2022\/08\/4-way-stretch.png\" alt=\"\" width=\"91\" height=\"86\" srcset=\"https:\/\/www.fibami.com\/wp-content\/uploads\/2022\/08\/4-way-stretch.png 134w, https:\/\/www.fibami.com\/wp-content\/uploads\/2022\/08\/4-way-stretch-13x12.png 13w\" sizes=\"(max-width: 91px) 100vw, 91px\" \/><img loading=\"lazy\" decoding=\"async\" class=\"alignnone wp-image-8489\" src=\"https:\/\/www.fibami.com\/wp-content\/uploads\/2022\/08\/soft.png\" alt=\"\" width=\"95\" height=\"81\" srcset=\"https:\/\/www.fibami.com\/wp-content\/uploads\/2022\/08\/soft.png 148w, https:\/\/www.fibami.com\/wp-content\/uploads\/2022\/08\/soft-14x12.png 14w\" sizes=\"(max-width: 95px) 100vw, 95px\" \/><\/p>\n<p><a class=\"maxbutton-2 maxbutton maxbutton-moodutabel\" target=\"_blank\" rel=\"noopener\" href=\"\/en\/moodutabel\/\"><span class='mb-text'>Sizing chart<\/span><\/a><\/p>\n<p><strong>Shipping: <\/strong>Fibami tooted valmivad tellimuse peale <strong>kuni 7 t\u00f6\u00f6p\u00e4eva jooksul.<\/strong> Erisoovist anna julgelt m\u00e4rku.<\/p>","protected":false},"featured_media":29780,"comment_status":"open","ping_status":"closed","template":"","meta":[],"product_brand":[],"product_cat":[125,208,276],"product_tag":[246,244,181,245],"class_list":{"0":"post-16923","1":"product","2":"type-product","3":"status-publish","4":"has-post-thumbnail","6":"product_cat-headdiilid","7":"product_cat-spordiriided","8":"product_cat-sunnipaeva-eri","9":"product_tag-activewear","10":"product_tag-jooga","11":"product_tag-new","12":"product_tag-sporditopp","14":"first","15":"onbackorder","16":"sale","17":"taxable","18":"shipping-taxable","19":"purchasable","20":"product-type-variable"},"yoast_head":"<!-- This site is optimized with the Yoast SEO plugin v27.5 - https:\/\/yoast.com\/product\/yoast-seo-wordpress\/ -->\n<title>Fibami Active spordirinnahoidja - Fibami<\/title>\n<meta name=\"robots\" content=\"index, follow, max-snippet:-1, max-image-preview:large, max-video-preview:-1\" \/>\n<link rel=\"canonical\" href=\"https:\/\/www.fibami.com\/en\/product\/fibami-spordirinnahoidja\/\" \/>\n<meta property=\"og:locale\" content=\"en_GB\" \/>\n<meta property=\"og:type\" content=\"article\" \/>\n<meta property=\"og:title\" content=\"Fibami Active spordirinnahoidja\" \/>\n<meta property=\"og:description\" content=\"Fibami Active spordirinnahoidja on hingav ja toekas.  Sobib h\u00e4sti aktiivsemaks treeninguks - j\u00f5utrenn, jooksmine, tantsimine.  Laiad \u00f5lapaelad ja all\u00e4\u00e4res olev kumm annavad hea toestuse ning hoiavad rinnahoidja paigal.  Voodri vahel on rinnakorvid.  V\u00e4ga naiselik ja ajatu l\u00f5ige  \u00a0 \u00a0    Tarne: Fibami tooted valmivad tellimuse peale kuni 7 t\u00f6\u00f6p\u00e4eva jooksul. Erisoovist anna julgelt m\u00e4rku.\" \/>\n<meta property=\"og:url\" content=\"https:\/\/www.fibami.com\/en\/product\/fibami-spordirinnahoidja\/\" \/>\n<meta property=\"og:site_name\" content=\"Fibami\" \/>\n<meta property=\"article:modified_time\" content=\"2026-04-22T07:31:36+00:00\" \/>\n<meta property=\"og:image\" content=\"https:\/\/www.fibami.com\/wp-content\/uploads\/2024\/09\/fibami_spordirinnahoidja_2024-683x1024.png\" \/>\n\t<meta property=\"og:image:width\" content=\"683\" \/>\n\t<meta property=\"og:image:height\" content=\"1024\" \/>\n\t<meta property=\"og:image:type\" content=\"image\/png\" \/>\n<meta name=\"twitter:card\" content=\"summary_large_image\" \/>\n<meta name=\"twitter:label1\" content=\"Estimated reading time\" \/>\n\t<meta name=\"twitter:data1\" content=\"1 minute\" \/>\n<script type=\"application\/ld+json\" class=\"yoast-schema-graph\">{\"@context\":\"https:\\\/\\\/schema.org\",\"@graph\":[{\"@type\":\"WebPage\",\"@id\":\"https:\\\/\\\/www.fibami.com\\\/product\\\/fibami-spordirinnahoidja\\\/\",\"url\":\"https:\\\/\\\/www.fibami.com\\\/product\\\/fibami-spordirinnahoidja\\\/\",\"name\":\"Fibami Active spordirinnahoidja - Fibami\",\"isPartOf\":{\"@id\":\"https:\\\/\\\/www.fibami.com\\\/#website\"},\"primaryImageOfPage\":{\"@id\":\"https:\\\/\\\/www.fibami.com\\\/product\\\/fibami-spordirinnahoidja\\\/#primaryimage\"},\"image\":{\"@id\":\"https:\\\/\\\/www.fibami.com\\\/product\\\/fibami-spordirinnahoidja\\\/#primaryimage\"},\"thumbnailUrl\":\"https:\\\/\\\/www.fibami.com\\\/wp-content\\\/uploads\\\/2024\\\/10\\\/Fibami_active_rinnahoidja-1-scaled.jpg\",\"datePublished\":\"2024-10-14T13:46:49+00:00\",\"dateModified\":\"2026-04-22T07:31:36+00:00\",\"breadcrumb\":{\"@id\":\"https:\\\/\\\/www.fibami.com\\\/product\\\/fibami-spordirinnahoidja\\\/#breadcrumb\"},\"inLanguage\":\"en-GB\",\"potentialAction\":[{\"@type\":\"ReadAction\",\"target\":[\"https:\\\/\\\/www.fibami.com\\\/product\\\/fibami-spordirinnahoidja\\\/\"]}]},{\"@type\":\"ImageObject\",\"inLanguage\":\"en-GB\",\"@id\":\"https:\\\/\\\/www.fibami.com\\\/product\\\/fibami-spordirinnahoidja\\\/#primaryimage\",\"url\":\"https:\\\/\\\/www.fibami.com\\\/wp-content\\\/uploads\\\/2024\\\/10\\\/Fibami_active_rinnahoidja-1-scaled.jpg\",\"contentUrl\":\"https:\\\/\\\/www.fibami.com\\\/wp-content\\\/uploads\\\/2024\\\/10\\\/Fibami_active_rinnahoidja-1-scaled.jpg\",\"width\":1707,\"height\":2560},{\"@type\":\"BreadcrumbList\",\"@id\":\"https:\\\/\\\/www.fibami.com\\\/product\\\/fibami-spordirinnahoidja\\\/#breadcrumb\",\"itemListElement\":[{\"@type\":\"ListItem\",\"position\":1,\"name\":\"Home\",\"item\":\"https:\\\/\\\/www.fibami.com\\\/\"},{\"@type\":\"ListItem\",\"position\":2,\"name\":\"Pood\",\"item\":\"https:\\\/\\\/www.fibami.com\\\/pood\\\/\"},{\"@type\":\"ListItem\",\"position\":3,\"name\":\"Fibami Active spordirinnahoidja\"}]},{\"@type\":\"WebSite\",\"@id\":\"https:\\\/\\\/www.fibami.com\\\/#website\",\"url\":\"https:\\\/\\\/www.fibami.com\\\/\",\"name\":\"Fibami\",\"description\":\"\",\"potentialAction\":[{\"@type\":\"SearchAction\",\"target\":{\"@type\":\"EntryPoint\",\"urlTemplate\":\"https:\\\/\\\/www.fibami.com\\\/?s={search_term_string}\"},\"query-input\":{\"@type\":\"PropertyValueSpecification\",\"valueRequired\":true,\"valueName\":\"search_term_string\"}}],\"inLanguage\":\"en-GB\"}]}<\/script>\n<!-- \/ Yoast SEO plugin. -->","yoast_head_json":{"title":"Fibami Active spordirinnahoidja - Fibami","robots":{"index":"index","follow":"follow","max-snippet":"max-snippet:-1","max-image-preview":"max-image-preview:large","max-video-preview":"max-video-preview:-1"},"canonical":"https:\/\/www.fibami.com\/en\/product\/fibami-spordirinnahoidja\/","og_locale":"en_GB","og_type":"article","og_title":"Fibami Active spordirinnahoidja","og_description":"Fibami Active spordirinnahoidja on hingav ja toekas.  Sobib h\u00e4sti aktiivsemaks treeninguks - j\u00f5utrenn, jooksmine, tantsimine.  Laiad \u00f5lapaelad ja all\u00e4\u00e4res olev kumm annavad hea toestuse ning hoiavad rinnahoidja paigal.  Voodri vahel on rinnakorvid.  V\u00e4ga naiselik ja ajatu l\u00f5ige  \u00a0 \u00a0    Tarne: Fibami tooted valmivad tellimuse peale kuni 7 t\u00f6\u00f6p\u00e4eva jooksul. Erisoovist anna julgelt m\u00e4rku.","og_url":"https:\/\/www.fibami.com\/en\/product\/fibami-spordirinnahoidja\/","og_site_name":"Fibami","article_modified_time":"2026-04-22T07:31:36+00:00","og_image":[{"width":683,"height":1024,"url":"https:\/\/www.fibami.com\/wp-content\/uploads\/2024\/09\/fibami_spordirinnahoidja_2024-683x1024.png","type":"image\/png"}],"twitter_card":"summary_large_image","twitter_misc":{"Estimated reading time":"1 minute"},"schema":{"@context":"https:\/\/schema.org","@graph":[{"@type":"WebPage","@id":"https:\/\/www.fibami.com\/product\/fibami-spordirinnahoidja\/","url":"https:\/\/www.fibami.com\/product\/fibami-spordirinnahoidja\/","name":"Fibami Active spordirinnahoidja - Fibami","isPartOf":{"@id":"https:\/\/www.fibami.com\/#website"},"primaryImageOfPage":{"@id":"https:\/\/www.fibami.com\/product\/fibami-spordirinnahoidja\/#primaryimage"},"image":{"@id":"https:\/\/www.fibami.com\/product\/fibami-spordirinnahoidja\/#primaryimage"},"thumbnailUrl":"https:\/\/www.fibami.com\/wp-content\/uploads\/2024\/10\/Fibami_active_rinnahoidja-1-scaled.jpg","datePublished":"2024-10-14T13:46:49+00:00","dateModified":"2026-04-22T07:31:36+00:00","breadcrumb":{"@id":"https:\/\/www.fibami.com\/product\/fibami-spordirinnahoidja\/#breadcrumb"},"inLanguage":"en-GB","potentialAction":[{"@type":"ReadAction","target":["https:\/\/www.fibami.com\/product\/fibami-spordirinnahoidja\/"]}]},{"@type":"ImageObject","inLanguage":"en-GB","@id":"https:\/\/www.fibami.com\/product\/fibami-spordirinnahoidja\/#primaryimage","url":"https:\/\/www.fibami.com\/wp-content\/uploads\/2024\/10\/Fibami_active_rinnahoidja-1-scaled.jpg","contentUrl":"https:\/\/www.fibami.com\/wp-content\/uploads\/2024\/10\/Fibami_active_rinnahoidja-1-scaled.jpg","width":1707,"height":2560},{"@type":"BreadcrumbList","@id":"https:\/\/www.fibami.com\/product\/fibami-spordirinnahoidja\/#breadcrumb","itemListElement":[{"@type":"ListItem","position":1,"name":"Home","item":"https:\/\/www.fibami.com\/"},{"@type":"ListItem","position":2,"name":"Pood","item":"https:\/\/www.fibami.com\/pood\/"},{"@type":"ListItem","position":3,"name":"Fibami Active spordirinnahoidja"}]},{"@type":"WebSite","@id":"https:\/\/www.fibami.com\/#website","url":"https:\/\/www.fibami.com\/","name":"Fibami","description":"","potentialAction":[{"@type":"SearchAction","target":{"@type":"EntryPoint","urlTemplate":"https:\/\/www.fibami.com\/?s={search_term_string}"},"query-input":{"@type":"PropertyValueSpecification","valueRequired":true,"valueName":"search_term_string"}}],"inLanguage":"en-GB"}]}},"_links":{"self":[{"href":"https:\/\/www.fibami.com\/en\/wp-json\/wp\/v2\/product\/16923","targetHints":{"allow":["GET"]}}],"collection":[{"href":"https:\/\/www.fibami.com\/en\/wp-json\/wp\/v2\/product"}],"about":[{"href":"https:\/\/www.fibami.com\/en\/wp-json\/wp\/v2\/types\/product"}],"replies":[{"embeddable":true,"href":"https:\/\/www.fibami.com\/en\/wp-json\/wp\/v2\/comments?post=16923"}],"version-history":[{"count":5,"href":"https:\/\/www.fibami.com\/en\/wp-json\/wp\/v2\/product\/16923\/revisions"}],"predecessor-version":[{"id":30773,"href":"https:\/\/www.fibami.com\/en\/wp-json\/wp\/v2\/product\/16923\/revisions\/30773"}],"wp:featuredmedia":[{"embeddable":true,"href":"https:\/\/www.fibami.com\/en\/wp-json\/wp\/v2\/media\/29780"}],"wp:attachment":[{"href":"https:\/\/www.fibami.com\/en\/wp-json\/wp\/v2\/media?parent=16923"}],"wp:term":[{"taxonomy":"product_brand","embeddable":true,"href":"https:\/\/www.fibami.com\/en\/wp-json\/wp\/v2\/product_brand?post=16923"},{"taxonomy":"product_cat","embeddable":true,"href":"https:\/\/www.fibami.com\/en\/wp-json\/wp\/v2\/product_cat?post=16923"},{"taxonomy":"product_tag","embeddable":true,"href":"https:\/\/www.fibami.com\/en\/wp-json\/wp\/v2\/product_tag?post=16923"}],"curies":[{"name":"wp","href":"https:\/\/api.w.org\/{rel}","templated":true}]}}