{"id":18746,"date":"2025-02-17T11:52:29","date_gmt":"2025-02-17T08:52:29","guid":{"rendered":"https:\/\/www.fibami.com\/?post_type=product&#038;p=18746"},"modified":"2026-04-08T13:56:54","modified_gmt":"2026-04-08T10:56:54","slug":"fibami-leisure-set-2","status":"publish","type":"product","link":"https:\/\/www.fibami.com\/en\/product\/fibami-leisure-set-2\/","title":{"rendered":"Fibami Leisure Set"},"content":{"rendered":"<p>Fibami Leisure p\u00fcksid, pusa ja vest<\/p>\n<ul>\n<li><a href=\"https:\/\/www.fibami.com\/en\/materjalid\/\">Material<\/a>56% Viscose, 32% Polyester, 12% Elastane<\/li>\n<li>Body-friendly and pleasantly stretchy material<\/li>\n<li>Timeless design and cut<\/li>\n<li>Easy to maintain and minimally wrinkling fabric<\/li>\n<li>P\u00fckstel k\u00f5rge v\u00e4rvliosa, sirge l\u00f5ige, taskud k\u00fclgedel<\/li>\n<li>OEKO-TEX 100 certificate \u2013 tested and free of harmful substances<\/li>\n<\/ul>\n<p>&nbsp;<\/p>\n<p><img decoding=\"async\" class=\"alignnone wp-image-1345\" src=\"https:\/\/www.fibami.com\/wp-content\/uploads\/2021\/06\/oekotex-300x157.jpg\" alt=\"\" width=\"212\" height=\"111\" srcset=\"https:\/\/www.fibami.com\/wp-content\/uploads\/2021\/06\/oekotex-300x157.jpg 300w, https:\/\/www.fibami.com\/wp-content\/uploads\/2021\/06\/oekotex-900x471.jpg 900w, https:\/\/www.fibami.com\/wp-content\/uploads\/2021\/06\/oekotex-600x314.jpg 600w, https:\/\/www.fibami.com\/wp-content\/uploads\/2021\/06\/oekotex-1024x536.jpg 1024w, https:\/\/www.fibami.com\/wp-content\/uploads\/2021\/06\/oekotex-768x402.jpg 768w, https:\/\/www.fibami.com\/wp-content\/uploads\/2021\/06\/oekotex-16x8.jpg 16w, https:\/\/www.fibami.com\/wp-content\/uploads\/2021\/06\/oekotex.jpg 1200w\" sizes=\"(max-width: 212px) 100vw, 212px\" \/><\/p>","protected":false},"excerpt":{"rendered":"<p><strong>Fibami Leisure Set <\/strong>consists of three pieces: pants, hoodie, and jacket.<\/p>\n<ul>\n<li><strong>\u00a0Straight-cut Leisure pants with pockets, <\/strong>which are high-waisted and form-fitting. The best choice if you are looking for the comfort of sweatpants, but you also want to wear them for example in the office or when going out. Vertical tie seams and a straight silhouette give a lengthening and slimming effect. Functional side pockets and the soft rubber inside the color make the product especially comfortable to wear.<\/li>\n<li><strong>Leisure hooded sweatshirt,<\/strong>which is a simple and classic model and is suitable for combining with both sporty and casual outfits.<\/li>\n<li><strong>Leisure vest,<\/strong> which has a particularly eye-catching design and is suitable for wearing both on top of a hoodie and on its own. The back part is shorter and the front part can be worn open from the front or closed with a belt.<\/li>\n<\/ul>\n<p><strong><a href=\"https:\/\/www.fibami.com\/en\/materjalid\/\">Material<\/a>:\u00a0\u00a0<\/strong>Viscose blend fabric is very body friendly. Due to the elastane content, it is stretchy and wrinkles minimally.<\/p>\n<p><a href=\"https:\/\/www.fibami.com\/en\/moodutabel\/\">Choose your size<\/a> according to your hip circumference.<\/p>\n<p><strong>Shipping:<\/strong><\/p>\n<p><strong>Back-order:  up to 7 business days<\/strong><\/p>\n<p><a class=\"maxbutton-2 maxbutton maxbutton-moodutabel\" target=\"_blank\" rel=\"noopener\" href=\"\/en\/moodutabel\/\"><span class='mb-text'>Sizing chart<\/span><\/a><\/p>","protected":false},"featured_media":30704,"comment_status":"open","ping_status":"closed","template":"","meta":[],"product_brand":[],"product_cat":[248,65,111],"product_tag":[],"class_list":{"0":"post-18746","1":"product","2":"type-product","3":"status-publish","4":"has-post-thumbnail","6":"product_cat-leisurewear","7":"product_cat-puksid","8":"product_cat-pusad","10":"first","11":"onbackorder","12":"taxable","13":"shipping-taxable","14":"purchasable","15":"product-type-variable"},"yoast_head":"<!-- This site is optimized with the Yoast SEO plugin v27.5 - https:\/\/yoast.com\/product\/yoast-seo-wordpress\/ -->\n<title>Fibami Leisure Set - Fibami<\/title>\n<meta name=\"description\" content=\"Fibami Leisure Set - k\u00f5rge pihaga p\u00fcksid, kapuutsiga pusa ning vest\" \/>\n<meta name=\"robots\" content=\"index, follow, max-snippet:-1, max-image-preview:large, max-video-preview:-1\" \/>\n<link rel=\"canonical\" href=\"https:\/\/www.fibami.com\/en\/product\/fibami-leisure-set-2\/\" \/>\n<meta property=\"og:locale\" content=\"en_GB\" \/>\n<meta property=\"og:type\" content=\"article\" \/>\n<meta property=\"og:title\" content=\"Fibami Leisure Set\" \/>\n<meta property=\"og:description\" content=\"Sirgel\u00f5ikelised taskutega Leisure p\u00fcksid, mis on k\u00f5rge pihaosa ja kehasse tegumoega. Leisure kapuutsiga pusa, mis on lihtne ja klassikaline mudel ning sobib kombineerimiseks nii sportlike kui vabaaja komplektidega. Leisure vest-jakk, mis on eriliselt pilkup\u00fc\u00fcdva disainiga ning sobib kandmiseks nii pusa peal kui ka eraldiolevana.\" \/>\n<meta property=\"og:url\" content=\"https:\/\/www.fibami.com\/en\/product\/fibami-leisure-set-2\/\" \/>\n<meta property=\"og:site_name\" content=\"Fibami\" \/>\n<meta property=\"article:modified_time\" content=\"2026-04-08T10:56:54+00:00\" \/>\n<meta property=\"og:image\" content=\"https:\/\/www.fibami.com\/wp-content\/uploads\/2023\/06\/Fibami_leisure_set-5a.jpg\" \/>\n\t<meta property=\"og:image:width\" content=\"661\" \/>\n\t<meta property=\"og:image:height\" content=\"992\" \/>\n\t<meta property=\"og:image:type\" content=\"image\/jpeg\" \/>\n<meta name=\"twitter:card\" content=\"summary_large_image\" \/>\n<meta name=\"twitter:title\" content=\"Fibami Leisure Set\" \/>\n<meta name=\"twitter:description\" content=\"Sirgel\u00f5ikelised taskutega Leisure p\u00fcksid, mis on k\u00f5rge pihaosa ja kehasse tegumoega. Leisure kapuutsiga pusa, mis on lihtne ja klassikaline mudel ning sobib kombineerimiseks nii sportlike kui vabaaja komplektidega. Leisure vest-jakk, mis on eriliselt pilkup\u00fc\u00fcdva disainiga ning sobib kandmiseks nii pusa peal kui ka eraldiolevana.\" \/>\n<meta name=\"twitter:image\" content=\"https:\/\/www.fibami.com\/wp-content\/uploads\/2023\/06\/Fibami_leisure_set-5a.jpg\" \/>\n<meta name=\"twitter:label1\" content=\"Estimated reading time\" \/>\n\t<meta name=\"twitter:data1\" content=\"1 minute\" \/>\n<script type=\"application\/ld+json\" class=\"yoast-schema-graph\">{\"@context\":\"https:\\\/\\\/schema.org\",\"@graph\":[{\"@type\":\"WebPage\",\"@id\":\"https:\\\/\\\/www.fibami.com\\\/product\\\/fibami-leisure-set-2\\\/\",\"url\":\"https:\\\/\\\/www.fibami.com\\\/product\\\/fibami-leisure-set-2\\\/\",\"name\":\"Fibami Leisure Set - Fibami\",\"isPartOf\":{\"@id\":\"https:\\\/\\\/www.fibami.com\\\/#website\"},\"primaryImageOfPage\":{\"@id\":\"https:\\\/\\\/www.fibami.com\\\/product\\\/fibami-leisure-set-2\\\/#primaryimage\"},\"image\":{\"@id\":\"https:\\\/\\\/www.fibami.com\\\/product\\\/fibami-leisure-set-2\\\/#primaryimage\"},\"thumbnailUrl\":\"https:\\\/\\\/www.fibami.com\\\/wp-content\\\/uploads\\\/2023\\\/06\\\/Fibami-Leisure-Set-Cappuccino-1.jpg\",\"datePublished\":\"2025-02-17T08:52:29+00:00\",\"dateModified\":\"2026-04-08T10:56:54+00:00\",\"description\":\"Fibami Leisure Set - k\u00f5rge pihaga p\u00fcksid, kapuutsiga pusa ning vest\",\"breadcrumb\":{\"@id\":\"https:\\\/\\\/www.fibami.com\\\/product\\\/fibami-leisure-set-2\\\/#breadcrumb\"},\"inLanguage\":\"en-GB\",\"potentialAction\":[{\"@type\":\"ReadAction\",\"target\":[\"https:\\\/\\\/www.fibami.com\\\/product\\\/fibami-leisure-set-2\\\/\"]}]},{\"@type\":\"ImageObject\",\"inLanguage\":\"en-GB\",\"@id\":\"https:\\\/\\\/www.fibami.com\\\/product\\\/fibami-leisure-set-2\\\/#primaryimage\",\"url\":\"https:\\\/\\\/www.fibami.com\\\/wp-content\\\/uploads\\\/2023\\\/06\\\/Fibami-Leisure-Set-Cappuccino-1.jpg\",\"contentUrl\":\"https:\\\/\\\/www.fibami.com\\\/wp-content\\\/uploads\\\/2023\\\/06\\\/Fibami-Leisure-Set-Cappuccino-1.jpg\",\"width\":1667,\"height\":2500},{\"@type\":\"BreadcrumbList\",\"@id\":\"https:\\\/\\\/www.fibami.com\\\/product\\\/fibami-leisure-set-2\\\/#breadcrumb\",\"itemListElement\":[{\"@type\":\"ListItem\",\"position\":1,\"name\":\"Home\",\"item\":\"https:\\\/\\\/www.fibami.com\\\/\"},{\"@type\":\"ListItem\",\"position\":2,\"name\":\"Pood\",\"item\":\"https:\\\/\\\/www.fibami.com\\\/pood\\\/\"},{\"@type\":\"ListItem\",\"position\":3,\"name\":\"Fibami Leisure Set\"}]},{\"@type\":\"WebSite\",\"@id\":\"https:\\\/\\\/www.fibami.com\\\/#website\",\"url\":\"https:\\\/\\\/www.fibami.com\\\/\",\"name\":\"Fibami\",\"description\":\"\",\"potentialAction\":[{\"@type\":\"SearchAction\",\"target\":{\"@type\":\"EntryPoint\",\"urlTemplate\":\"https:\\\/\\\/www.fibami.com\\\/?s={search_term_string}\"},\"query-input\":{\"@type\":\"PropertyValueSpecification\",\"valueRequired\":true,\"valueName\":\"search_term_string\"}}],\"inLanguage\":\"en-GB\"}]}<\/script>\n<!-- \/ Yoast SEO plugin. -->","yoast_head_json":{"title":"Fibami Leisure Set - Fibami","description":"Fibami Leisure Set - k\u00f5rge pihaga p\u00fcksid, kapuutsiga pusa ning vest","robots":{"index":"index","follow":"follow","max-snippet":"max-snippet:-1","max-image-preview":"max-image-preview:large","max-video-preview":"max-video-preview:-1"},"canonical":"https:\/\/www.fibami.com\/en\/product\/fibami-leisure-set-2\/","og_locale":"en_GB","og_type":"article","og_title":"Fibami Leisure Set","og_description":"Sirgel\u00f5ikelised taskutega Leisure p\u00fcksid, mis on k\u00f5rge pihaosa ja kehasse tegumoega. Leisure kapuutsiga pusa, mis on lihtne ja klassikaline mudel ning sobib kombineerimiseks nii sportlike kui vabaaja komplektidega. Leisure vest-jakk, mis on eriliselt pilkup\u00fc\u00fcdva disainiga ning sobib kandmiseks nii pusa peal kui ka eraldiolevana.","og_url":"https:\/\/www.fibami.com\/en\/product\/fibami-leisure-set-2\/","og_site_name":"Fibami","article_modified_time":"2026-04-08T10:56:54+00:00","og_image":[{"width":661,"height":992,"url":"https:\/\/www.fibami.com\/wp-content\/uploads\/2023\/06\/Fibami_leisure_set-5a.jpg","type":"image\/jpeg"}],"twitter_card":"summary_large_image","twitter_title":"Fibami Leisure Set","twitter_description":"Sirgel\u00f5ikelised taskutega Leisure p\u00fcksid, mis on k\u00f5rge pihaosa ja kehasse tegumoega. Leisure kapuutsiga pusa, mis on lihtne ja klassikaline mudel ning sobib kombineerimiseks nii sportlike kui vabaaja komplektidega. Leisure vest-jakk, mis on eriliselt pilkup\u00fc\u00fcdva disainiga ning sobib kandmiseks nii pusa peal kui ka eraldiolevana.","twitter_image":"https:\/\/www.fibami.com\/wp-content\/uploads\/2023\/06\/Fibami_leisure_set-5a.jpg","twitter_misc":{"Estimated reading time":"1 minute"},"schema":{"@context":"https:\/\/schema.org","@graph":[{"@type":"WebPage","@id":"https:\/\/www.fibami.com\/product\/fibami-leisure-set-2\/","url":"https:\/\/www.fibami.com\/product\/fibami-leisure-set-2\/","name":"Fibami Leisure Set - Fibami","isPartOf":{"@id":"https:\/\/www.fibami.com\/#website"},"primaryImageOfPage":{"@id":"https:\/\/www.fibami.com\/product\/fibami-leisure-set-2\/#primaryimage"},"image":{"@id":"https:\/\/www.fibami.com\/product\/fibami-leisure-set-2\/#primaryimage"},"thumbnailUrl":"https:\/\/www.fibami.com\/wp-content\/uploads\/2023\/06\/Fibami-Leisure-Set-Cappuccino-1.jpg","datePublished":"2025-02-17T08:52:29+00:00","dateModified":"2026-04-08T10:56:54+00:00","description":"Fibami Leisure Set - k\u00f5rge pihaga p\u00fcksid, kapuutsiga pusa ning vest","breadcrumb":{"@id":"https:\/\/www.fibami.com\/product\/fibami-leisure-set-2\/#breadcrumb"},"inLanguage":"en-GB","potentialAction":[{"@type":"ReadAction","target":["https:\/\/www.fibami.com\/product\/fibami-leisure-set-2\/"]}]},{"@type":"ImageObject","inLanguage":"en-GB","@id":"https:\/\/www.fibami.com\/product\/fibami-leisure-set-2\/#primaryimage","url":"https:\/\/www.fibami.com\/wp-content\/uploads\/2023\/06\/Fibami-Leisure-Set-Cappuccino-1.jpg","contentUrl":"https:\/\/www.fibami.com\/wp-content\/uploads\/2023\/06\/Fibami-Leisure-Set-Cappuccino-1.jpg","width":1667,"height":2500},{"@type":"BreadcrumbList","@id":"https:\/\/www.fibami.com\/product\/fibami-leisure-set-2\/#breadcrumb","itemListElement":[{"@type":"ListItem","position":1,"name":"Home","item":"https:\/\/www.fibami.com\/"},{"@type":"ListItem","position":2,"name":"Pood","item":"https:\/\/www.fibami.com\/pood\/"},{"@type":"ListItem","position":3,"name":"Fibami Leisure Set"}]},{"@type":"WebSite","@id":"https:\/\/www.fibami.com\/#website","url":"https:\/\/www.fibami.com\/","name":"Fibami","description":"","potentialAction":[{"@type":"SearchAction","target":{"@type":"EntryPoint","urlTemplate":"https:\/\/www.fibami.com\/?s={search_term_string}"},"query-input":{"@type":"PropertyValueSpecification","valueRequired":true,"valueName":"search_term_string"}}],"inLanguage":"en-GB"}]}},"_links":{"self":[{"href":"https:\/\/www.fibami.com\/en\/wp-json\/wp\/v2\/product\/18746","targetHints":{"allow":["GET"]}}],"collection":[{"href":"https:\/\/www.fibami.com\/en\/wp-json\/wp\/v2\/product"}],"about":[{"href":"https:\/\/www.fibami.com\/en\/wp-json\/wp\/v2\/types\/product"}],"replies":[{"embeddable":true,"href":"https:\/\/www.fibami.com\/en\/wp-json\/wp\/v2\/comments?post=18746"}],"version-history":[{"count":5,"href":"https:\/\/www.fibami.com\/en\/wp-json\/wp\/v2\/product\/18746\/revisions"}],"predecessor-version":[{"id":21485,"href":"https:\/\/www.fibami.com\/en\/wp-json\/wp\/v2\/product\/18746\/revisions\/21485"}],"wp:featuredmedia":[{"embeddable":true,"href":"https:\/\/www.fibami.com\/en\/wp-json\/wp\/v2\/media\/30704"}],"wp:attachment":[{"href":"https:\/\/www.fibami.com\/en\/wp-json\/wp\/v2\/media?parent=18746"}],"wp:term":[{"taxonomy":"product_brand","embeddable":true,"href":"https:\/\/www.fibami.com\/en\/wp-json\/wp\/v2\/product_brand?post=18746"},{"taxonomy":"product_cat","embeddable":true,"href":"https:\/\/www.fibami.com\/en\/wp-json\/wp\/v2\/product_cat?post=18746"},{"taxonomy":"product_tag","embeddable":true,"href":"https:\/\/www.fibami.com\/en\/wp-json\/wp\/v2\/product_tag?post=18746"}],"curies":[{"name":"wp","href":"https:\/\/api.w.org\/{rel}","templated":true}]}}