{"id":19573,"date":"2025-02-27T14:58:20","date_gmt":"2025-02-27T11:58:20","guid":{"rendered":"https:\/\/www.fibami.com\/?post_type=product&#038;p=19573"},"modified":"2026-04-08T15:18:35","modified_gmt":"2026-04-08T12:18:35","slug":"fibami-classic-jakk","status":"publish","type":"product","link":"https:\/\/www.fibami.com\/en\/product\/fibami-classic-jakk\/","title":{"rendered":"Fibami Classic jakk"},"content":{"rendered":"<p>Fibami Classic jakk<\/p>\n<ul>\n<li><a href=\"https:\/\/www.fibami.com\/en\/materjalid\/\">Material<\/a>56% Viscose, 32% Polyester, 12% Elastane<\/li>\n<li>Body-friendly and pleasantly stretchy material<\/li>\n<li>Timeless design and cut<\/li>\n<li>Easy to maintain<\/li>\n<li>OEKO-TEX 100 certificate \u2013 tested and free of harmful substances<\/li>\n<\/ul>\n<p>&nbsp;<\/p>\n<p><img decoding=\"async\" class=\"alignnone wp-image-1345\" src=\"https:\/\/www.fibami.com\/wp-content\/uploads\/2021\/06\/oekotex-300x157.jpg\" alt=\"\" width=\"212\" height=\"111\" srcset=\"https:\/\/www.fibami.com\/wp-content\/uploads\/2021\/06\/oekotex-300x157.jpg 300w, https:\/\/www.fibami.com\/wp-content\/uploads\/2021\/06\/oekotex-900x471.jpg 900w, https:\/\/www.fibami.com\/wp-content\/uploads\/2021\/06\/oekotex-600x314.jpg 600w, https:\/\/www.fibami.com\/wp-content\/uploads\/2021\/06\/oekotex-1024x536.jpg 1024w, https:\/\/www.fibami.com\/wp-content\/uploads\/2021\/06\/oekotex-768x402.jpg 768w, https:\/\/www.fibami.com\/wp-content\/uploads\/2021\/06\/oekotex-16x8.jpg 16w, https:\/\/www.fibami.com\/wp-content\/uploads\/2021\/06\/oekotex.jpg 1200w\" sizes=\"(max-width: 212px) 100vw, 212px\" \/><\/p>","protected":false},"excerpt":{"rendered":"<p data-start=\"61\" data-end=\"315\"><strong data-start=\"65\" data-end=\"89\">Fibami\u00a0 Classic jakk<\/strong> on pikema l\u00f5ikega ja klassikalise disainiga, pakkudes mitmek\u00fclgset kandmisv\u00f5imalust igaks hooajaks. <strong data-start=\"190\" data-end=\"228\">Ajatu l\u00f5ige ja elegantsed detailid<\/strong> muudavad selle ideaalseks t\u00e4ienduseks nii igap\u00e4evasele kui ka pidulikule riietusele.<\/p>\n<ul>\n<li>Pikem l\u00f5ige lisab elegantsi ja mitmek\u00fclgsust<\/li>\n<li>Vali kahe erineva pikkuse vahel: 80 cm v\u00f5i 75 cm. Pikkus m\u00f5\u00f5da enda \u00f5lajoonest.<\/li>\n<li>Kombineeri erinevate p\u00fckste ja seelikutega \u2013 ideaalne igaks olukorraks<\/li>\n<li>Kanna avatult v\u00f5i v\u00f6\u00f6ga suletuna, vastavalt soovile<\/li>\n<li>Eemaldatav v\u00f6\u00f6<\/li>\n<\/ul>\n<p>Kombineeri jakki meie Leisurewear p\u00fckstega, ideaalse sobivuse saad <a href=\"https:\/\/www.fibami.com\/en\/product\/fibami-leisure-classic-puksid\/\">Classic mudeliga<\/a>. Modell pildil kannab S suurus\/ 75 cm\u00a0 ja on 178 cm pikk.<\/p>\n<p><strong><a href=\"https:\/\/www.fibami.com\/en\/materjalid\/\">Material<\/a>:\u00a0\u00a0<\/strong>The viscose blend fabric is very body-friendly. Thanks to the elastane content, it is stretchy and soft.<\/p>\n<p><a href=\"https:\/\/www.fibami.com\/en\/moodutabel\/\">Choose your size<\/a> according to your chest circumference.<\/p>\n<p><strong>Tarne <\/strong><strong>up to 7 business days<br \/>\n<\/strong>Kampaaniate ajal v\u00f5ib tarneaeg olla tavap\u00e4rasest pikem.<strong><br \/>\n<\/strong><\/p>\n<p><a class=\"maxbutton-2 maxbutton maxbutton-moodutabel\" target=\"_blank\" rel=\"noopener\" href=\"\/en\/moodutabel\/\"><span class='mb-text'>Sizing chart<\/span><\/a><\/p>","protected":false},"featured_media":30702,"comment_status":"open","ping_status":"closed","template":"","meta":[],"product_brand":[],"product_cat":[248,111,206],"product_tag":[181],"class_list":{"0":"post-19573","1":"product","2":"type-product","3":"status-publish","4":"has-post-thumbnail","6":"product_cat-leisurewear","7":"product_cat-pusad","8":"product_cat-uus","9":"product_tag-new","11":"first","12":"onbackorder","13":"taxable","14":"shipping-taxable","15":"purchasable","16":"product-type-variable"},"yoast_head":"<!-- This site is optimized with the Yoast SEO plugin v27.5 - https:\/\/yoast.com\/product\/yoast-seo-wordpress\/ -->\n<title>Fibami Classic jakk - Fibami<\/title>\n<meta name=\"description\" content=\"Fibami Classic jakk on m\u00f5nusalt pikk kimono jakk, mis sobib kandmiseks nii vabal ajal kui ka pidulikumatel hetkedel. Kombineeri nii tossude kui kingadega.\" \/>\n<meta name=\"robots\" content=\"index, follow, max-snippet:-1, max-image-preview:large, max-video-preview:-1\" \/>\n<link rel=\"canonical\" href=\"https:\/\/www.fibami.com\/en\/product\/fibami-classic-jakk\/\" \/>\n<meta property=\"og:locale\" content=\"en_GB\" \/>\n<meta property=\"og:type\" content=\"article\" \/>\n<meta property=\"og:title\" content=\"Fibami Leisure Classic jakk\" \/>\n<meta property=\"og:description\" content=\"Ajatu l\u00f5ige ja elegantsed detailid muudavad selle ideaalseks t\u00e4ienduseks nii igap\u00e4evasele kui ka pidulikule riietusele.\" \/>\n<meta property=\"og:url\" content=\"https:\/\/www.fibami.com\/en\/product\/fibami-classic-jakk\/\" \/>\n<meta property=\"og:site_name\" content=\"Fibami\" \/>\n<meta property=\"article:modified_time\" content=\"2026-04-08T12:18:35+00:00\" \/>\n<meta property=\"og:image\" content=\"https:\/\/www.fibami.com\/wp-content\/uploads\/2025\/02\/Fibami_loungewear_leisurewear_seelik_kontoririided_ooriided_ookleit_loungepuksid_eestidisain-4.png\" \/>\n\t<meta property=\"og:image:width\" content=\"1280\" \/>\n\t<meta property=\"og:image:height\" content=\"1920\" \/>\n\t<meta property=\"og:image:type\" content=\"image\/png\" \/>\n<meta name=\"twitter:card\" content=\"summary_large_image\" \/>\n<meta name=\"twitter:title\" content=\"Fibami Leisure Classic jakk\" \/>\n<meta name=\"twitter:description\" content=\"Ajatu l\u00f5ige ja elegantsed detailid muudavad selle ideaalseks t\u00e4ienduseks nii igap\u00e4evasele kui ka pidulikule riietusele.\" \/>\n<meta name=\"twitter:image\" content=\"https:\/\/www.fibami.com\/wp-content\/uploads\/2025\/02\/Fibami_loungewear_leisurewear_seelik_kontoririided_ooriided_ookleit_loungepuksid_eestidisain-4.png\" \/>\n<meta name=\"twitter:label1\" content=\"Estimated reading time\" \/>\n\t<meta name=\"twitter:data1\" content=\"1 minute\" \/>\n<script type=\"application\/ld+json\" class=\"yoast-schema-graph\">{\"@context\":\"https:\\\/\\\/schema.org\",\"@graph\":[{\"@type\":\"WebPage\",\"@id\":\"https:\\\/\\\/www.fibami.com\\\/product\\\/fibami-classic-jakk\\\/\",\"url\":\"https:\\\/\\\/www.fibami.com\\\/product\\\/fibami-classic-jakk\\\/\",\"name\":\"Fibami Classic jakk - Fibami\",\"isPartOf\":{\"@id\":\"https:\\\/\\\/www.fibami.com\\\/#website\"},\"primaryImageOfPage\":{\"@id\":\"https:\\\/\\\/www.fibami.com\\\/product\\\/fibami-classic-jakk\\\/#primaryimage\"},\"image\":{\"@id\":\"https:\\\/\\\/www.fibami.com\\\/product\\\/fibami-classic-jakk\\\/#primaryimage\"},\"thumbnailUrl\":\"https:\\\/\\\/www.fibami.com\\\/wp-content\\\/uploads\\\/2025\\\/02\\\/Fibami_classic_jakk-2a.jpg\",\"datePublished\":\"2025-02-27T11:58:20+00:00\",\"dateModified\":\"2026-04-08T12:18:35+00:00\",\"description\":\"Fibami Classic jakk on m\u00f5nusalt pikk kimono jakk, mis sobib kandmiseks nii vabal ajal kui ka pidulikumatel hetkedel. Kombineeri nii tossude kui kingadega.\",\"breadcrumb\":{\"@id\":\"https:\\\/\\\/www.fibami.com\\\/product\\\/fibami-classic-jakk\\\/#breadcrumb\"},\"inLanguage\":\"en-GB\",\"potentialAction\":[{\"@type\":\"ReadAction\",\"target\":[\"https:\\\/\\\/www.fibami.com\\\/product\\\/fibami-classic-jakk\\\/\"]}]},{\"@type\":\"ImageObject\",\"inLanguage\":\"en-GB\",\"@id\":\"https:\\\/\\\/www.fibami.com\\\/product\\\/fibami-classic-jakk\\\/#primaryimage\",\"url\":\"https:\\\/\\\/www.fibami.com\\\/wp-content\\\/uploads\\\/2025\\\/02\\\/Fibami_classic_jakk-2a.jpg\",\"contentUrl\":\"https:\\\/\\\/www.fibami.com\\\/wp-content\\\/uploads\\\/2025\\\/02\\\/Fibami_classic_jakk-2a.jpg\",\"width\":1218,\"height\":1826},{\"@type\":\"BreadcrumbList\",\"@id\":\"https:\\\/\\\/www.fibami.com\\\/product\\\/fibami-classic-jakk\\\/#breadcrumb\",\"itemListElement\":[{\"@type\":\"ListItem\",\"position\":1,\"name\":\"Home\",\"item\":\"https:\\\/\\\/www.fibami.com\\\/\"},{\"@type\":\"ListItem\",\"position\":2,\"name\":\"Pood\",\"item\":\"https:\\\/\\\/www.fibami.com\\\/pood\\\/\"},{\"@type\":\"ListItem\",\"position\":3,\"name\":\"Fibami Classic jakk\"}]},{\"@type\":\"WebSite\",\"@id\":\"https:\\\/\\\/www.fibami.com\\\/#website\",\"url\":\"https:\\\/\\\/www.fibami.com\\\/\",\"name\":\"Fibami\",\"description\":\"\",\"potentialAction\":[{\"@type\":\"SearchAction\",\"target\":{\"@type\":\"EntryPoint\",\"urlTemplate\":\"https:\\\/\\\/www.fibami.com\\\/?s={search_term_string}\"},\"query-input\":{\"@type\":\"PropertyValueSpecification\",\"valueRequired\":true,\"valueName\":\"search_term_string\"}}],\"inLanguage\":\"en-GB\"}]}<\/script>\n<!-- \/ Yoast SEO plugin. -->","yoast_head_json":{"title":"Fibami Classic jakk - Fibami","description":"Fibami Classic jakk on m\u00f5nusalt pikk kimono jakk, mis sobib kandmiseks nii vabal ajal kui ka pidulikumatel hetkedel. Kombineeri nii tossude kui kingadega.","robots":{"index":"index","follow":"follow","max-snippet":"max-snippet:-1","max-image-preview":"max-image-preview:large","max-video-preview":"max-video-preview:-1"},"canonical":"https:\/\/www.fibami.com\/en\/product\/fibami-classic-jakk\/","og_locale":"en_GB","og_type":"article","og_title":"Fibami Leisure Classic jakk","og_description":"Ajatu l\u00f5ige ja elegantsed detailid muudavad selle ideaalseks t\u00e4ienduseks nii igap\u00e4evasele kui ka pidulikule riietusele.","og_url":"https:\/\/www.fibami.com\/en\/product\/fibami-classic-jakk\/","og_site_name":"Fibami","article_modified_time":"2026-04-08T12:18:35+00:00","og_image":[{"width":1280,"height":1920,"url":"https:\/\/www.fibami.com\/wp-content\/uploads\/2025\/02\/Fibami_loungewear_leisurewear_seelik_kontoririided_ooriided_ookleit_loungepuksid_eestidisain-4.png","type":"image\/png"}],"twitter_card":"summary_large_image","twitter_title":"Fibami Leisure Classic jakk","twitter_description":"Ajatu l\u00f5ige ja elegantsed detailid muudavad selle ideaalseks t\u00e4ienduseks nii igap\u00e4evasele kui ka pidulikule riietusele.","twitter_image":"https:\/\/www.fibami.com\/wp-content\/uploads\/2025\/02\/Fibami_loungewear_leisurewear_seelik_kontoririided_ooriided_ookleit_loungepuksid_eestidisain-4.png","twitter_misc":{"Estimated reading time":"1 minute"},"schema":{"@context":"https:\/\/schema.org","@graph":[{"@type":"WebPage","@id":"https:\/\/www.fibami.com\/product\/fibami-classic-jakk\/","url":"https:\/\/www.fibami.com\/product\/fibami-classic-jakk\/","name":"Fibami Classic jakk - Fibami","isPartOf":{"@id":"https:\/\/www.fibami.com\/#website"},"primaryImageOfPage":{"@id":"https:\/\/www.fibami.com\/product\/fibami-classic-jakk\/#primaryimage"},"image":{"@id":"https:\/\/www.fibami.com\/product\/fibami-classic-jakk\/#primaryimage"},"thumbnailUrl":"https:\/\/www.fibami.com\/wp-content\/uploads\/2025\/02\/Fibami_classic_jakk-2a.jpg","datePublished":"2025-02-27T11:58:20+00:00","dateModified":"2026-04-08T12:18:35+00:00","description":"Fibami Classic jakk on m\u00f5nusalt pikk kimono jakk, mis sobib kandmiseks nii vabal ajal kui ka pidulikumatel hetkedel. Kombineeri nii tossude kui kingadega.","breadcrumb":{"@id":"https:\/\/www.fibami.com\/product\/fibami-classic-jakk\/#breadcrumb"},"inLanguage":"en-GB","potentialAction":[{"@type":"ReadAction","target":["https:\/\/www.fibami.com\/product\/fibami-classic-jakk\/"]}]},{"@type":"ImageObject","inLanguage":"en-GB","@id":"https:\/\/www.fibami.com\/product\/fibami-classic-jakk\/#primaryimage","url":"https:\/\/www.fibami.com\/wp-content\/uploads\/2025\/02\/Fibami_classic_jakk-2a.jpg","contentUrl":"https:\/\/www.fibami.com\/wp-content\/uploads\/2025\/02\/Fibami_classic_jakk-2a.jpg","width":1218,"height":1826},{"@type":"BreadcrumbList","@id":"https:\/\/www.fibami.com\/product\/fibami-classic-jakk\/#breadcrumb","itemListElement":[{"@type":"ListItem","position":1,"name":"Home","item":"https:\/\/www.fibami.com\/"},{"@type":"ListItem","position":2,"name":"Pood","item":"https:\/\/www.fibami.com\/pood\/"},{"@type":"ListItem","position":3,"name":"Fibami Classic jakk"}]},{"@type":"WebSite","@id":"https:\/\/www.fibami.com\/#website","url":"https:\/\/www.fibami.com\/","name":"Fibami","description":"","potentialAction":[{"@type":"SearchAction","target":{"@type":"EntryPoint","urlTemplate":"https:\/\/www.fibami.com\/?s={search_term_string}"},"query-input":{"@type":"PropertyValueSpecification","valueRequired":true,"valueName":"search_term_string"}}],"inLanguage":"en-GB"}]}},"_links":{"self":[{"href":"https:\/\/www.fibami.com\/en\/wp-json\/wp\/v2\/product\/19573","targetHints":{"allow":["GET"]}}],"collection":[{"href":"https:\/\/www.fibami.com\/en\/wp-json\/wp\/v2\/product"}],"about":[{"href":"https:\/\/www.fibami.com\/en\/wp-json\/wp\/v2\/types\/product"}],"replies":[{"embeddable":true,"href":"https:\/\/www.fibami.com\/en\/wp-json\/wp\/v2\/comments?post=19573"}],"version-history":[{"count":5,"href":"https:\/\/www.fibami.com\/en\/wp-json\/wp\/v2\/product\/19573\/revisions"}],"predecessor-version":[{"id":21773,"href":"https:\/\/www.fibami.com\/en\/wp-json\/wp\/v2\/product\/19573\/revisions\/21773"}],"wp:featuredmedia":[{"embeddable":true,"href":"https:\/\/www.fibami.com\/en\/wp-json\/wp\/v2\/media\/30702"}],"wp:attachment":[{"href":"https:\/\/www.fibami.com\/en\/wp-json\/wp\/v2\/media?parent=19573"}],"wp:term":[{"taxonomy":"product_brand","embeddable":true,"href":"https:\/\/www.fibami.com\/en\/wp-json\/wp\/v2\/product_brand?post=19573"},{"taxonomy":"product_cat","embeddable":true,"href":"https:\/\/www.fibami.com\/en\/wp-json\/wp\/v2\/product_cat?post=19573"},{"taxonomy":"product_tag","embeddable":true,"href":"https:\/\/www.fibami.com\/en\/wp-json\/wp\/v2\/product_tag?post=19573"}],"curies":[{"name":"wp","href":"https:\/\/api.w.org\/{rel}","templated":true}]}}