{"id":20588,"date":"2025-04-22T14:02:05","date_gmt":"2025-04-22T11:02:05","guid":{"rendered":"https:\/\/www.fibami.com\/?post_type=product&#038;p=20588"},"modified":"2026-04-30T08:32:44","modified_gmt":"2026-04-30T05:32:44","slug":"fibami-leisure-t-sark","status":"publish","type":"product","link":"https:\/\/www.fibami.com\/en\/product\/fibami-leisure-t-sark\/","title":{"rendered":"Fibami Leisure T-s\u00e4rk"},"content":{"rendered":"<p>Fibami Leisure T-s\u00e4rk<\/p>\n<ul>\n<li><a href=\"https:\/\/www.fibami.com\/en\/materjalid\/\">Material<\/a>56% Viscose, 32% Polyester, 12% Elastane<\/li>\n<li>Body-friendly and pleasantly stretchy material<\/li>\n<li>Timeless design and cut<\/li>\n<li>Easy to maintain<\/li>\n<li>OEKO-TEX 100 certificate \u2013 tested and free of harmful substances<\/li>\n<\/ul>\n<p>&nbsp;<\/p>\n<p><img decoding=\"async\" class=\"alignnone wp-image-1345\" src=\"https:\/\/www.fibami.com\/wp-content\/uploads\/2021\/06\/oekotex-300x157.jpg\" alt=\"\" width=\"212\" height=\"111\" srcset=\"https:\/\/www.fibami.com\/wp-content\/uploads\/2021\/06\/oekotex-300x157.jpg 300w, https:\/\/www.fibami.com\/wp-content\/uploads\/2021\/06\/oekotex-900x471.jpg 900w, https:\/\/www.fibami.com\/wp-content\/uploads\/2021\/06\/oekotex-600x314.jpg 600w, https:\/\/www.fibami.com\/wp-content\/uploads\/2021\/06\/oekotex-1024x536.jpg 1024w, https:\/\/www.fibami.com\/wp-content\/uploads\/2021\/06\/oekotex-768x402.jpg 768w, https:\/\/www.fibami.com\/wp-content\/uploads\/2021\/06\/oekotex-16x8.jpg 16w, https:\/\/www.fibami.com\/wp-content\/uploads\/2021\/06\/oekotex.jpg 1200w\" sizes=\"(max-width: 212px) 100vw, 212px\" \/><\/p>","protected":false},"excerpt":{"rendered":"<p><strong><br \/>\nFibami Leisure T-s\u00e4rk<\/strong><\/p>\n<ul>\n<li><strong>Lihtsuses peitub v\u00f5lu &#8211; vali efektne v\u00e4rvitoon, mis l\u00f6\u00f6b Sind s\u00e4rama.<\/strong><\/li>\n<li>M\u00f5nusalt vaba pluus, mida saad kanda nii kinga kui tennisega.<\/li>\n<li>Pluusil on pikendatud \u00f5laosa ja sirgel\u00f5ikeline siluett.<\/li>\n<li>Kombineeri nii pidulikus kui vabamas v\u00f5tmes.<\/li>\n<\/ul>\n<p><strong><a href=\"https:\/\/www.fibami.com\/en\/materjalid\/\">Material<\/a>:\u00a0\u00a0<\/strong>The viscose blend fabric is very body-friendly. Thanks to the elastane content, it is stretchy and soft.<\/p>\n<p><a href=\"https:\/\/www.fibami.com\/en\/moodutabel\/\">Choose your size<\/a> according to your chest circumference.<\/p>\n<p><strong>Tarne <\/strong><strong>up to 7 business days<br \/>\n<\/strong>Kampaaniate ajal v\u00f5ib tarneaeg olla tavap\u00e4rasest pikem.<strong><br \/>\n<\/strong><\/p>\n<p><a class=\"maxbutton-2 maxbutton maxbutton-moodutabel\" target=\"_blank\" rel=\"noopener\" href=\"\/en\/moodutabel\/\"><span class='mb-text'>Sizing chart<\/span><\/a><\/p>","protected":false},"featured_media":30684,"comment_status":"open","ping_status":"closed","template":"","meta":[],"product_brand":[],"product_cat":[248,112],"product_tag":[],"class_list":{"0":"post-20588","1":"product","2":"type-product","3":"status-publish","4":"has-post-thumbnail","6":"product_cat-leisurewear","7":"product_cat-pluusid","9":"first","10":"onbackorder","11":"taxable","12":"shipping-taxable","13":"purchasable","14":"product-type-variable"},"yoast_head":"<!-- This site is optimized with the Yoast SEO plugin v27.5 - https:\/\/yoast.com\/product\/yoast-seo-wordpress\/ -->\n<title>Fibami Leisure T-s\u00e4rk - Fibami<\/title>\n<meta name=\"description\" content=\"Fibami Leisure T-s\u00e4rk on mugav ja lihtne pluus, mida saad kombineerida erinevate mudelitega ning stiliseerida nii pidulikus kui vabamas v\u00f5ttmes.\" \/>\n<meta name=\"robots\" content=\"index, follow, max-snippet:-1, max-image-preview:large, max-video-preview:-1\" \/>\n<link rel=\"canonical\" href=\"https:\/\/www.fibami.com\/en\/product\/fibami-leisure-t-sark\/\" \/>\n<meta property=\"og:locale\" content=\"en_GB\" \/>\n<meta property=\"og:type\" content=\"article\" \/>\n<meta property=\"og:title\" content=\"Fibami Leisure kleit\" \/>\n<meta property=\"og:description\" content=\"Fibami Leisure T-s\u00e4rk on mugav ja lihtne pluus, mida saad kombineerida erinevate mudelitega ning stiliseerida nii pidulikus kui vabamas v\u00f5ttmes.\" \/>\n<meta property=\"og:url\" content=\"https:\/\/www.fibami.com\/en\/product\/fibami-leisure-t-sark\/\" \/>\n<meta property=\"og:site_name\" content=\"Fibami\" \/>\n<meta property=\"article:modified_time\" content=\"2026-04-30T05:32:44+00:00\" \/>\n<meta property=\"og:image\" content=\"https:\/\/www.fibami.com\/wp-content\/uploads\/2024\/11\/GA_4635-a.jpg\" \/>\n\t<meta property=\"og:image:width\" content=\"1257\" \/>\n\t<meta property=\"og:image:height\" content=\"1831\" \/>\n\t<meta property=\"og:image:type\" content=\"image\/jpeg\" \/>\n<meta name=\"twitter:card\" content=\"summary_large_image\" \/>\n<meta name=\"twitter:title\" content=\"Fibami Leisure Ves\" \/>\n<meta name=\"twitter:label1\" content=\"Estimated reading time\" \/>\n\t<meta name=\"twitter:data1\" content=\"1 minute\" \/>\n<script type=\"application\/ld+json\" class=\"yoast-schema-graph\">{\"@context\":\"https:\\\/\\\/schema.org\",\"@graph\":[{\"@type\":\"WebPage\",\"@id\":\"https:\\\/\\\/www.fibami.com\\\/product\\\/fibami-leisure-t-sark\\\/\",\"url\":\"https:\\\/\\\/www.fibami.com\\\/product\\\/fibami-leisure-t-sark\\\/\",\"name\":\"Fibami Leisure T-s\u00e4rk - Fibami\",\"isPartOf\":{\"@id\":\"https:\\\/\\\/www.fibami.com\\\/#website\"},\"primaryImageOfPage\":{\"@id\":\"https:\\\/\\\/www.fibami.com\\\/product\\\/fibami-leisure-t-sark\\\/#primaryimage\"},\"image\":{\"@id\":\"https:\\\/\\\/www.fibami.com\\\/product\\\/fibami-leisure-t-sark\\\/#primaryimage\"},\"thumbnailUrl\":\"https:\\\/\\\/www.fibami.com\\\/wp-content\\\/uploads\\\/2025\\\/04\\\/Fibami_leisure_t-sark1.jpg\",\"datePublished\":\"2025-04-22T11:02:05+00:00\",\"dateModified\":\"2026-04-30T05:32:44+00:00\",\"description\":\"Fibami Leisure T-s\u00e4rk on mugav ja lihtne pluus, mida saad kombineerida erinevate mudelitega ning stiliseerida nii pidulikus kui vabamas v\u00f5ttmes.\",\"breadcrumb\":{\"@id\":\"https:\\\/\\\/www.fibami.com\\\/product\\\/fibami-leisure-t-sark\\\/#breadcrumb\"},\"inLanguage\":\"en-GB\",\"potentialAction\":[{\"@type\":\"ReadAction\",\"target\":[\"https:\\\/\\\/www.fibami.com\\\/product\\\/fibami-leisure-t-sark\\\/\"]}]},{\"@type\":\"ImageObject\",\"inLanguage\":\"en-GB\",\"@id\":\"https:\\\/\\\/www.fibami.com\\\/product\\\/fibami-leisure-t-sark\\\/#primaryimage\",\"url\":\"https:\\\/\\\/www.fibami.com\\\/wp-content\\\/uploads\\\/2025\\\/04\\\/Fibami_leisure_t-sark1.jpg\",\"contentUrl\":\"https:\\\/\\\/www.fibami.com\\\/wp-content\\\/uploads\\\/2025\\\/04\\\/Fibami_leisure_t-sark1.jpg\",\"width\":884,\"height\":1326},{\"@type\":\"BreadcrumbList\",\"@id\":\"https:\\\/\\\/www.fibami.com\\\/product\\\/fibami-leisure-t-sark\\\/#breadcrumb\",\"itemListElement\":[{\"@type\":\"ListItem\",\"position\":1,\"name\":\"Home\",\"item\":\"https:\\\/\\\/www.fibami.com\\\/\"},{\"@type\":\"ListItem\",\"position\":2,\"name\":\"Pood\",\"item\":\"https:\\\/\\\/www.fibami.com\\\/pood\\\/\"},{\"@type\":\"ListItem\",\"position\":3,\"name\":\"Fibami Leisure T-s\u00e4rk\"}]},{\"@type\":\"WebSite\",\"@id\":\"https:\\\/\\\/www.fibami.com\\\/#website\",\"url\":\"https:\\\/\\\/www.fibami.com\\\/\",\"name\":\"Fibami\",\"description\":\"\",\"potentialAction\":[{\"@type\":\"SearchAction\",\"target\":{\"@type\":\"EntryPoint\",\"urlTemplate\":\"https:\\\/\\\/www.fibami.com\\\/?s={search_term_string}\"},\"query-input\":{\"@type\":\"PropertyValueSpecification\",\"valueRequired\":true,\"valueName\":\"search_term_string\"}}],\"inLanguage\":\"en-GB\"}]}<\/script>\n<!-- \/ Yoast SEO plugin. -->","yoast_head_json":{"title":"Fibami Leisure T-s\u00e4rk - Fibami","description":"Fibami Leisure T-s\u00e4rk on mugav ja lihtne pluus, mida saad kombineerida erinevate mudelitega ning stiliseerida nii pidulikus kui vabamas v\u00f5ttmes.","robots":{"index":"index","follow":"follow","max-snippet":"max-snippet:-1","max-image-preview":"max-image-preview:large","max-video-preview":"max-video-preview:-1"},"canonical":"https:\/\/www.fibami.com\/en\/product\/fibami-leisure-t-sark\/","og_locale":"en_GB","og_type":"article","og_title":"Fibami Leisure kleit","og_description":"Fibami Leisure T-s\u00e4rk on mugav ja lihtne pluus, mida saad kombineerida erinevate mudelitega ning stiliseerida nii pidulikus kui vabamas v\u00f5ttmes.","og_url":"https:\/\/www.fibami.com\/en\/product\/fibami-leisure-t-sark\/","og_site_name":"Fibami","article_modified_time":"2026-04-30T05:32:44+00:00","og_image":[{"width":1257,"height":1831,"url":"https:\/\/www.fibami.com\/wp-content\/uploads\/2024\/11\/GA_4635-a.jpg","type":"image\/jpeg"}],"twitter_card":"summary_large_image","twitter_title":"Fibami Leisure Ves","twitter_misc":{"Estimated reading time":"1 minute"},"schema":{"@context":"https:\/\/schema.org","@graph":[{"@type":"WebPage","@id":"https:\/\/www.fibami.com\/product\/fibami-leisure-t-sark\/","url":"https:\/\/www.fibami.com\/product\/fibami-leisure-t-sark\/","name":"Fibami Leisure T-s\u00e4rk - Fibami","isPartOf":{"@id":"https:\/\/www.fibami.com\/#website"},"primaryImageOfPage":{"@id":"https:\/\/www.fibami.com\/product\/fibami-leisure-t-sark\/#primaryimage"},"image":{"@id":"https:\/\/www.fibami.com\/product\/fibami-leisure-t-sark\/#primaryimage"},"thumbnailUrl":"https:\/\/www.fibami.com\/wp-content\/uploads\/2025\/04\/Fibami_leisure_t-sark1.jpg","datePublished":"2025-04-22T11:02:05+00:00","dateModified":"2026-04-30T05:32:44+00:00","description":"Fibami Leisure T-s\u00e4rk on mugav ja lihtne pluus, mida saad kombineerida erinevate mudelitega ning stiliseerida nii pidulikus kui vabamas v\u00f5ttmes.","breadcrumb":{"@id":"https:\/\/www.fibami.com\/product\/fibami-leisure-t-sark\/#breadcrumb"},"inLanguage":"en-GB","potentialAction":[{"@type":"ReadAction","target":["https:\/\/www.fibami.com\/product\/fibami-leisure-t-sark\/"]}]},{"@type":"ImageObject","inLanguage":"en-GB","@id":"https:\/\/www.fibami.com\/product\/fibami-leisure-t-sark\/#primaryimage","url":"https:\/\/www.fibami.com\/wp-content\/uploads\/2025\/04\/Fibami_leisure_t-sark1.jpg","contentUrl":"https:\/\/www.fibami.com\/wp-content\/uploads\/2025\/04\/Fibami_leisure_t-sark1.jpg","width":884,"height":1326},{"@type":"BreadcrumbList","@id":"https:\/\/www.fibami.com\/product\/fibami-leisure-t-sark\/#breadcrumb","itemListElement":[{"@type":"ListItem","position":1,"name":"Home","item":"https:\/\/www.fibami.com\/"},{"@type":"ListItem","position":2,"name":"Pood","item":"https:\/\/www.fibami.com\/pood\/"},{"@type":"ListItem","position":3,"name":"Fibami Leisure T-s\u00e4rk"}]},{"@type":"WebSite","@id":"https:\/\/www.fibami.com\/#website","url":"https:\/\/www.fibami.com\/","name":"Fibami","description":"","potentialAction":[{"@type":"SearchAction","target":{"@type":"EntryPoint","urlTemplate":"https:\/\/www.fibami.com\/?s={search_term_string}"},"query-input":{"@type":"PropertyValueSpecification","valueRequired":true,"valueName":"search_term_string"}}],"inLanguage":"en-GB"}]}},"_links":{"self":[{"href":"https:\/\/www.fibami.com\/en\/wp-json\/wp\/v2\/product\/20588","targetHints":{"allow":["GET"]}}],"collection":[{"href":"https:\/\/www.fibami.com\/en\/wp-json\/wp\/v2\/product"}],"about":[{"href":"https:\/\/www.fibami.com\/en\/wp-json\/wp\/v2\/types\/product"}],"replies":[{"embeddable":true,"href":"https:\/\/www.fibami.com\/en\/wp-json\/wp\/v2\/comments?post=20588"}],"version-history":[{"count":4,"href":"https:\/\/www.fibami.com\/en\/wp-json\/wp\/v2\/product\/20588\/revisions"}],"predecessor-version":[{"id":21848,"href":"https:\/\/www.fibami.com\/en\/wp-json\/wp\/v2\/product\/20588\/revisions\/21848"}],"wp:featuredmedia":[{"embeddable":true,"href":"https:\/\/www.fibami.com\/en\/wp-json\/wp\/v2\/media\/30684"}],"wp:attachment":[{"href":"https:\/\/www.fibami.com\/en\/wp-json\/wp\/v2\/media?parent=20588"}],"wp:term":[{"taxonomy":"product_brand","embeddable":true,"href":"https:\/\/www.fibami.com\/en\/wp-json\/wp\/v2\/product_brand?post=20588"},{"taxonomy":"product_cat","embeddable":true,"href":"https:\/\/www.fibami.com\/en\/wp-json\/wp\/v2\/product_cat?post=20588"},{"taxonomy":"product_tag","embeddable":true,"href":"https:\/\/www.fibami.com\/en\/wp-json\/wp\/v2\/product_tag?post=20588"}],"curies":[{"name":"wp","href":"https:\/\/api.w.org\/{rel}","templated":true}]}}