{"id":20834,"date":"2025-04-25T18:22:13","date_gmt":"2025-04-25T15:22:13","guid":{"rendered":"https:\/\/www.fibami.com\/?post_type=product&#038;p=20834"},"modified":"2026-04-22T10:31:12","modified_gmt":"2026-04-22T07:31:12","slug":"fibami-biker-retuusid-taskutega","status":"publish","type":"product","link":"https:\/\/www.fibami.com\/en\/product\/fibami-biker-retuusid-taskutega\/","title":{"rendered":"Fibami Biker Retuusid Taskutega"},"content":{"rendered":"<p>Fibami Biker Retuusid Taskutega<\/p>\n<p><a href=\"https:\/\/www.fibami.com\/en\/materjalid\/\">Material<\/a>:<\/p>\n<p>The fabric, which stretches and fits in all directions, is comfortable and supportive. Special sports fabric with a very good coverage and suitable for active training.<\/p>\n<ul>\n<li>68% Polyamide 32% Elastane<\/li>\n<li>Breathable and moisture regulating material<\/li>\n<li>Good coverage<\/li>\n<li>Quick drying<\/li>\n<li>Easy to maintain<\/li>\n<li>OEKO-TEX 100 certificate \u2013 tested and free of harmful substances<\/li>\n<li>Bluesign System \u2013 sustainable production<\/li>\n<\/ul>\n<p><img decoding=\"async\" class=\"alignnone wp-image-8483\" src=\"https:\/\/www.fibami.com\/wp-content\/uploads\/2021\/06\/Power_performance_technology.jpg\" alt=\"\" width=\"142\" height=\"126\" srcset=\"https:\/\/www.fibami.com\/wp-content\/uploads\/2021\/06\/Power_performance_technology.jpg 243w, https:\/\/www.fibami.com\/wp-content\/uploads\/2021\/06\/Power_performance_technology-14x12.jpg 14w, https:\/\/www.fibami.com\/wp-content\/uploads\/2021\/06\/Power_performance_technology-150x133.jpg 150w\" sizes=\"(max-width: 142px) 100vw, 142px\" \/><img decoding=\"async\" class=\"alignnone wp-image-1345\" src=\"https:\/\/www.fibami.com\/wp-content\/uploads\/2021\/06\/oekotex-300x157.jpg\" alt=\"\" width=\"167\" height=\"87\" srcset=\"https:\/\/www.fibami.com\/wp-content\/uploads\/2021\/06\/oekotex-300x157.jpg 300w, https:\/\/www.fibami.com\/wp-content\/uploads\/2021\/06\/oekotex-900x471.jpg 900w, https:\/\/www.fibami.com\/wp-content\/uploads\/2021\/06\/oekotex-600x314.jpg 600w, https:\/\/www.fibami.com\/wp-content\/uploads\/2021\/06\/oekotex-1024x536.jpg 1024w, https:\/\/www.fibami.com\/wp-content\/uploads\/2021\/06\/oekotex-768x402.jpg 768w, https:\/\/www.fibami.com\/wp-content\/uploads\/2021\/06\/oekotex-16x8.jpg 16w, https:\/\/www.fibami.com\/wp-content\/uploads\/2021\/06\/oekotex.jpg 1200w\" sizes=\"(max-width: 167px) 100vw, 167px\" \/><img decoding=\"async\" class=\"alignnone wp-image-1344\" src=\"https:\/\/www.fibami.com\/wp-content\/uploads\/2021\/06\/Bluesign-System-Partnership-Certificate-300x169.jpg\" alt=\"\" width=\"202\" height=\"114\" srcset=\"https:\/\/www.fibami.com\/wp-content\/uploads\/2021\/06\/Bluesign-System-Partnership-Certificate-300x169.jpg 300w, https:\/\/www.fibami.com\/wp-content\/uploads\/2021\/06\/Bluesign-System-Partnership-Certificate-600x337.jpg 600w, https:\/\/www.fibami.com\/wp-content\/uploads\/2021\/06\/Bluesign-System-Partnership-Certificate-16x9.jpg 16w, https:\/\/www.fibami.com\/wp-content\/uploads\/2021\/06\/Bluesign-System-Partnership-Certificate.jpg 678w\" sizes=\"(max-width: 202px) 100vw, 202px\" \/><\/p>","protected":false},"excerpt":{"rendered":"<p><strong>Mudel Biker retuusid taskutega<\/strong><\/p>\n<ul>\n<li>K\u00f5rge ja kahekordsest kangast toekas v\u00e4rvliosa.<\/li>\n<li>V\u00e4rvli \u00fcleval servas peenike kumm, mis tagab, et retuusid ei vaju alla.<\/li>\n<li>M\u00f5lemal k\u00fcljel on taskud, mis mahutavad mobiiltelefoni<\/li>\n<li>Retuuside pikkus v\u00f6\u00f6joonest m\u00f5\u00f5detuna: 50 cm<\/li>\n<\/ul>\n<p><strong>Material:<\/strong> Spetsiaalne sportimiseks loodud kangas on hea katvusega ning trimmiv. Retuusid ei paista l\u00e4bi ning materjal ei muutu topiliseks.<br \/>\nDue to the humidity regulation of the fabric the leggings are great for training both indoors and outdoors.<\/p>\n<p><img loading=\"lazy\" decoding=\"async\" class=\"alignnone wp-image-8485\" src=\"https:\/\/www.fibami.com\/wp-content\/uploads\/2022\/08\/4-way-stretch.png\" alt=\"\" width=\"74\" height=\"70\" srcset=\"https:\/\/www.fibami.com\/wp-content\/uploads\/2022\/08\/4-way-stretch.png 134w, https:\/\/www.fibami.com\/wp-content\/uploads\/2022\/08\/4-way-stretch-13x12.png 13w\" sizes=\"(max-width: 74px) 100vw, 74px\" \/>\u00a0\u00a0<img loading=\"lazy\" decoding=\"async\" class=\"alignnone wp-image-8492\" src=\"https:\/\/www.fibami.com\/wp-content\/uploads\/2022\/08\/quick-drying.png\" alt=\"\" width=\"86\" height=\"73\" srcset=\"https:\/\/www.fibami.com\/wp-content\/uploads\/2022\/08\/quick-drying.png 148w, https:\/\/www.fibami.com\/wp-content\/uploads\/2022\/08\/quick-drying-14x12.png 14w\" sizes=\"(max-width: 86px) 100vw, 86px\" \/><img loading=\"lazy\" decoding=\"async\" class=\"alignnone wp-image-8487\" src=\"https:\/\/www.fibami.com\/wp-content\/uploads\/2022\/08\/excellent-coverage.png\" alt=\"\" width=\"90\" height=\"77\" srcset=\"https:\/\/www.fibami.com\/wp-content\/uploads\/2022\/08\/excellent-coverage.png 148w, https:\/\/www.fibami.com\/wp-content\/uploads\/2022\/08\/excellent-coverage-14x12.png 14w\" sizes=\"(max-width: 90px) 100vw, 90px\" \/>\u00a0<img loading=\"lazy\" decoding=\"async\" class=\"alignnone wp-image-8493\" src=\"https:\/\/www.fibami.com\/wp-content\/uploads\/2022\/08\/shape-retention.png\" alt=\"\" width=\"68\" height=\"71\" srcset=\"https:\/\/www.fibami.com\/wp-content\/uploads\/2022\/08\/shape-retention.png 121w, https:\/\/www.fibami.com\/wp-content\/uploads\/2022\/08\/shape-retention-12x12.png 12w\" sizes=\"(max-width: 68px) 100vw, 68px\" \/><img loading=\"lazy\" decoding=\"async\" class=\"alignnone wp-image-8490\" src=\"https:\/\/www.fibami.com\/wp-content\/uploads\/2022\/08\/moisture-management.png\" alt=\"\" width=\"86\" height=\"73\" srcset=\"https:\/\/www.fibami.com\/wp-content\/uploads\/2022\/08\/moisture-management.png 148w, https:\/\/www.fibami.com\/wp-content\/uploads\/2022\/08\/moisture-management-14x12.png 14w\" sizes=\"(max-width: 86px) 100vw, 86px\" \/><img loading=\"lazy\" decoding=\"async\" class=\"alignnone wp-image-8488\" src=\"https:\/\/www.fibami.com\/wp-content\/uploads\/2022\/08\/extra-comfort.png\" alt=\"\" width=\"96\" height=\"82\" srcset=\"https:\/\/www.fibami.com\/wp-content\/uploads\/2022\/08\/extra-comfort.png 148w, https:\/\/www.fibami.com\/wp-content\/uploads\/2022\/08\/extra-comfort-14x12.png 14w\" sizes=\"(max-width: 96px) 100vw, 96px\" \/> <img loading=\"lazy\" decoding=\"async\" class=\"alignnone wp-image-8489\" src=\"https:\/\/www.fibami.com\/wp-content\/uploads\/2022\/08\/soft.png\" alt=\"\" width=\"83\" height=\"71\" srcset=\"https:\/\/www.fibami.com\/wp-content\/uploads\/2022\/08\/soft.png 148w, https:\/\/www.fibami.com\/wp-content\/uploads\/2022\/08\/soft-14x12.png 14w\" sizes=\"(max-width: 83px) 100vw, 83px\" \/>\u00a0<img loading=\"lazy\" decoding=\"async\" class=\"alignnone wp-image-8491\" src=\"https:\/\/www.fibami.com\/wp-content\/uploads\/2022\/08\/non-curling.png\" alt=\"\" width=\"86\" height=\"73\" srcset=\"https:\/\/www.fibami.com\/wp-content\/uploads\/2022\/08\/non-curling.png 148w, https:\/\/www.fibami.com\/wp-content\/uploads\/2022\/08\/non-curling-14x12.png 14w\" sizes=\"(max-width: 86px) 100vw, 86px\" \/> <img loading=\"lazy\" decoding=\"async\" class=\"alignnone wp-image-8494\" src=\"https:\/\/www.fibami.com\/wp-content\/uploads\/2022\/08\/pilling-resistant.png\" alt=\"\" width=\"102\" height=\"87\" srcset=\"https:\/\/www.fibami.com\/wp-content\/uploads\/2022\/08\/pilling-resistant.png 148w, https:\/\/www.fibami.com\/wp-content\/uploads\/2022\/08\/pilling-resistant-14x12.png 14w\" sizes=\"(max-width: 102px) 100vw, 102px\" \/><\/p>\n<p>Choose your size according to your waist circumference.<\/p>\n<p><a class=\"maxbutton-2 maxbutton maxbutton-moodutabel\" target=\"_blank\" rel=\"noopener\" href=\"\/en\/moodutabel\/\"><span class='mb-text'>Sizing chart<\/span><\/a><\/p>\n<p><strong>Shipping: <\/strong>Fibami tooted valmivad tellimuse peale <strong>kuni 7 t\u00f6\u00f6p\u00e4eva jooksul.<\/strong> Erisoovist anna julgelt m\u00e4rku.<\/p>","protected":false},"featured_media":29786,"comment_status":"open","ping_status":"closed","template":"","meta":[],"product_brand":[],"product_cat":[33,208,206],"product_tag":[181],"class_list":{"0":"post-20834","1":"product","2":"type-product","3":"status-publish","4":"has-post-thumbnail","6":"product_cat-retuusid","7":"product_cat-spordiriided","8":"product_cat-uus","9":"product_tag-new","11":"first","12":"onbackorder","13":"taxable","14":"shipping-taxable","15":"purchasable","16":"product-type-variable"},"yoast_head":"<!-- This site is optimized with the Yoast SEO plugin v27.5 - https:\/\/yoast.com\/product\/yoast-seo-wordpress\/ -->\n<title>Fibami Biker Retuusid Taskutega - Fibami<\/title>\n<meta name=\"description\" content=\"Fibami Biker Retuusid on k\u00f5rge v\u00f6\u00f6kohaga l\u00fchikesed retuusid. V\u00e4rvli sees on kumm ja paelad ning kaks taskut.\" \/>\n<meta name=\"robots\" content=\"index, follow, max-snippet:-1, max-image-preview:large, max-video-preview:-1\" \/>\n<link rel=\"canonical\" href=\"https:\/\/www.fibami.com\/en\/product\/fibami-biker-retuusid-taskutega\/\" \/>\n<meta property=\"og:locale\" content=\"en_GB\" \/>\n<meta property=\"og:type\" content=\"article\" \/>\n<meta property=\"og:title\" content=\"Fibami Biker Taskutega Retuusid\" \/>\n<meta property=\"og:description\" content=\"Fibami Biker Retuusid on k\u00f5rge v\u00f6\u00f6kohaga l\u00fchikesed retuusid. V\u00e4rvli sees on kumm ja paelad ning vasakul k\u00fcljel taskud.\" \/>\n<meta property=\"og:url\" content=\"https:\/\/www.fibami.com\/en\/product\/fibami-biker-retuusid-taskutega\/\" \/>\n<meta property=\"og:site_name\" content=\"Fibami\" \/>\n<meta property=\"article:modified_time\" content=\"2026-04-22T07:31:12+00:00\" \/>\n<meta property=\"og:image\" content=\"https:\/\/www.fibami.com\/wp-content\/uploads\/2025\/04\/fibami_taskutega_biker_retuusid-4-scaled.jpg\" \/>\n\t<meta property=\"og:image:width\" content=\"1707\" \/>\n\t<meta property=\"og:image:height\" content=\"2560\" \/>\n\t<meta property=\"og:image:type\" content=\"image\/jpeg\" \/>\n<meta name=\"twitter:card\" content=\"summary_large_image\" \/>\n<meta name=\"twitter:title\" content=\"Fibami Biker Retuusid\" \/>\n<meta name=\"twitter:description\" content=\"Fibami Biker Retuusid on k\u00f5rge v\u00f6\u00f6kohaga l\u00fchikesed retuusid. V\u00e4rvli sees on kumm ja paelad ning vasakul k\u00fcljel \u00fcks tasku.\" \/>\n<meta name=\"twitter:image\" content=\"https:\/\/www.fibami.com\/wp-content\/uploads\/2021\/07\/Fibami_biker_retuusid-scaled.jpg\" \/>\n<meta name=\"twitter:label1\" content=\"Estimated reading time\" \/>\n\t<meta name=\"twitter:data1\" content=\"2 minutes\" \/>\n<script type=\"application\/ld+json\" class=\"yoast-schema-graph\">{\"@context\":\"https:\\\/\\\/schema.org\",\"@graph\":[{\"@type\":\"WebPage\",\"@id\":\"https:\\\/\\\/www.fibami.com\\\/product\\\/fibami-biker-retuusid-taskutega\\\/\",\"url\":\"https:\\\/\\\/www.fibami.com\\\/product\\\/fibami-biker-retuusid-taskutega\\\/\",\"name\":\"Fibami Biker Retuusid Taskutega - Fibami\",\"isPartOf\":{\"@id\":\"https:\\\/\\\/www.fibami.com\\\/#website\"},\"primaryImageOfPage\":{\"@id\":\"https:\\\/\\\/www.fibami.com\\\/product\\\/fibami-biker-retuusid-taskutega\\\/#primaryimage\"},\"image\":{\"@id\":\"https:\\\/\\\/www.fibami.com\\\/product\\\/fibami-biker-retuusid-taskutega\\\/#primaryimage\"},\"thumbnailUrl\":\"https:\\\/\\\/www.fibami.com\\\/wp-content\\\/uploads\\\/2024\\\/10\\\/Fibami_biker_retuusid_taskuga-1-scaled.jpg\",\"datePublished\":\"2025-04-25T15:22:13+00:00\",\"dateModified\":\"2026-04-22T07:31:12+00:00\",\"description\":\"Fibami Biker Retuusid on k\u00f5rge v\u00f6\u00f6kohaga l\u00fchikesed retuusid. V\u00e4rvli sees on kumm ja paelad ning kaks taskut.\",\"breadcrumb\":{\"@id\":\"https:\\\/\\\/www.fibami.com\\\/product\\\/fibami-biker-retuusid-taskutega\\\/#breadcrumb\"},\"inLanguage\":\"en-GB\",\"potentialAction\":[{\"@type\":\"ReadAction\",\"target\":[\"https:\\\/\\\/www.fibami.com\\\/product\\\/fibami-biker-retuusid-taskutega\\\/\"]}]},{\"@type\":\"ImageObject\",\"inLanguage\":\"en-GB\",\"@id\":\"https:\\\/\\\/www.fibami.com\\\/product\\\/fibami-biker-retuusid-taskutega\\\/#primaryimage\",\"url\":\"https:\\\/\\\/www.fibami.com\\\/wp-content\\\/uploads\\\/2024\\\/10\\\/Fibami_biker_retuusid_taskuga-1-scaled.jpg\",\"contentUrl\":\"https:\\\/\\\/www.fibami.com\\\/wp-content\\\/uploads\\\/2024\\\/10\\\/Fibami_biker_retuusid_taskuga-1-scaled.jpg\",\"width\":1707,\"height\":2560},{\"@type\":\"BreadcrumbList\",\"@id\":\"https:\\\/\\\/www.fibami.com\\\/product\\\/fibami-biker-retuusid-taskutega\\\/#breadcrumb\",\"itemListElement\":[{\"@type\":\"ListItem\",\"position\":1,\"name\":\"Home\",\"item\":\"https:\\\/\\\/www.fibami.com\\\/\"},{\"@type\":\"ListItem\",\"position\":2,\"name\":\"Pood\",\"item\":\"https:\\\/\\\/www.fibami.com\\\/pood\\\/\"},{\"@type\":\"ListItem\",\"position\":3,\"name\":\"Fibami Biker Retuusid Taskutega\"}]},{\"@type\":\"WebSite\",\"@id\":\"https:\\\/\\\/www.fibami.com\\\/#website\",\"url\":\"https:\\\/\\\/www.fibami.com\\\/\",\"name\":\"Fibami\",\"description\":\"\",\"potentialAction\":[{\"@type\":\"SearchAction\",\"target\":{\"@type\":\"EntryPoint\",\"urlTemplate\":\"https:\\\/\\\/www.fibami.com\\\/?s={search_term_string}\"},\"query-input\":{\"@type\":\"PropertyValueSpecification\",\"valueRequired\":true,\"valueName\":\"search_term_string\"}}],\"inLanguage\":\"en-GB\"}]}<\/script>\n<!-- \/ Yoast SEO plugin. -->","yoast_head_json":{"title":"Fibami Biker Retuusid Taskutega - Fibami","description":"Fibami Biker Retuusid on k\u00f5rge v\u00f6\u00f6kohaga l\u00fchikesed retuusid. V\u00e4rvli sees on kumm ja paelad ning kaks taskut.","robots":{"index":"index","follow":"follow","max-snippet":"max-snippet:-1","max-image-preview":"max-image-preview:large","max-video-preview":"max-video-preview:-1"},"canonical":"https:\/\/www.fibami.com\/en\/product\/fibami-biker-retuusid-taskutega\/","og_locale":"en_GB","og_type":"article","og_title":"Fibami Biker Taskutega Retuusid","og_description":"Fibami Biker Retuusid on k\u00f5rge v\u00f6\u00f6kohaga l\u00fchikesed retuusid. V\u00e4rvli sees on kumm ja paelad ning vasakul k\u00fcljel taskud.","og_url":"https:\/\/www.fibami.com\/en\/product\/fibami-biker-retuusid-taskutega\/","og_site_name":"Fibami","article_modified_time":"2026-04-22T07:31:12+00:00","og_image":[{"width":1707,"height":2560,"url":"https:\/\/www.fibami.com\/wp-content\/uploads\/2025\/04\/fibami_taskutega_biker_retuusid-4-scaled.jpg","type":"image\/jpeg"}],"twitter_card":"summary_large_image","twitter_title":"Fibami Biker Retuusid","twitter_description":"Fibami Biker Retuusid on k\u00f5rge v\u00f6\u00f6kohaga l\u00fchikesed retuusid. V\u00e4rvli sees on kumm ja paelad ning vasakul k\u00fcljel \u00fcks tasku.","twitter_image":"https:\/\/www.fibami.com\/wp-content\/uploads\/2021\/07\/Fibami_biker_retuusid-scaled.jpg","twitter_misc":{"Estimated reading time":"2 minutes"},"schema":{"@context":"https:\/\/schema.org","@graph":[{"@type":"WebPage","@id":"https:\/\/www.fibami.com\/product\/fibami-biker-retuusid-taskutega\/","url":"https:\/\/www.fibami.com\/product\/fibami-biker-retuusid-taskutega\/","name":"Fibami Biker Retuusid Taskutega - Fibami","isPartOf":{"@id":"https:\/\/www.fibami.com\/#website"},"primaryImageOfPage":{"@id":"https:\/\/www.fibami.com\/product\/fibami-biker-retuusid-taskutega\/#primaryimage"},"image":{"@id":"https:\/\/www.fibami.com\/product\/fibami-biker-retuusid-taskutega\/#primaryimage"},"thumbnailUrl":"https:\/\/www.fibami.com\/wp-content\/uploads\/2024\/10\/Fibami_biker_retuusid_taskuga-1-scaled.jpg","datePublished":"2025-04-25T15:22:13+00:00","dateModified":"2026-04-22T07:31:12+00:00","description":"Fibami Biker Retuusid on k\u00f5rge v\u00f6\u00f6kohaga l\u00fchikesed retuusid. V\u00e4rvli sees on kumm ja paelad ning kaks taskut.","breadcrumb":{"@id":"https:\/\/www.fibami.com\/product\/fibami-biker-retuusid-taskutega\/#breadcrumb"},"inLanguage":"en-GB","potentialAction":[{"@type":"ReadAction","target":["https:\/\/www.fibami.com\/product\/fibami-biker-retuusid-taskutega\/"]}]},{"@type":"ImageObject","inLanguage":"en-GB","@id":"https:\/\/www.fibami.com\/product\/fibami-biker-retuusid-taskutega\/#primaryimage","url":"https:\/\/www.fibami.com\/wp-content\/uploads\/2024\/10\/Fibami_biker_retuusid_taskuga-1-scaled.jpg","contentUrl":"https:\/\/www.fibami.com\/wp-content\/uploads\/2024\/10\/Fibami_biker_retuusid_taskuga-1-scaled.jpg","width":1707,"height":2560},{"@type":"BreadcrumbList","@id":"https:\/\/www.fibami.com\/product\/fibami-biker-retuusid-taskutega\/#breadcrumb","itemListElement":[{"@type":"ListItem","position":1,"name":"Home","item":"https:\/\/www.fibami.com\/"},{"@type":"ListItem","position":2,"name":"Pood","item":"https:\/\/www.fibami.com\/pood\/"},{"@type":"ListItem","position":3,"name":"Fibami Biker Retuusid Taskutega"}]},{"@type":"WebSite","@id":"https:\/\/www.fibami.com\/#website","url":"https:\/\/www.fibami.com\/","name":"Fibami","description":"","potentialAction":[{"@type":"SearchAction","target":{"@type":"EntryPoint","urlTemplate":"https:\/\/www.fibami.com\/?s={search_term_string}"},"query-input":{"@type":"PropertyValueSpecification","valueRequired":true,"valueName":"search_term_string"}}],"inLanguage":"en-GB"}]}},"_links":{"self":[{"href":"https:\/\/www.fibami.com\/en\/wp-json\/wp\/v2\/product\/20834","targetHints":{"allow":["GET"]}}],"collection":[{"href":"https:\/\/www.fibami.com\/en\/wp-json\/wp\/v2\/product"}],"about":[{"href":"https:\/\/www.fibami.com\/en\/wp-json\/wp\/v2\/types\/product"}],"replies":[{"embeddable":true,"href":"https:\/\/www.fibami.com\/en\/wp-json\/wp\/v2\/comments?post=20834"}],"version-history":[{"count":5,"href":"https:\/\/www.fibami.com\/en\/wp-json\/wp\/v2\/product\/20834\/revisions"}],"predecessor-version":[{"id":30772,"href":"https:\/\/www.fibami.com\/en\/wp-json\/wp\/v2\/product\/20834\/revisions\/30772"}],"wp:featuredmedia":[{"embeddable":true,"href":"https:\/\/www.fibami.com\/en\/wp-json\/wp\/v2\/media\/29786"}],"wp:attachment":[{"href":"https:\/\/www.fibami.com\/en\/wp-json\/wp\/v2\/media?parent=20834"}],"wp:term":[{"taxonomy":"product_brand","embeddable":true,"href":"https:\/\/www.fibami.com\/en\/wp-json\/wp\/v2\/product_brand?post=20834"},{"taxonomy":"product_cat","embeddable":true,"href":"https:\/\/www.fibami.com\/en\/wp-json\/wp\/v2\/product_cat?post=20834"},{"taxonomy":"product_tag","embeddable":true,"href":"https:\/\/www.fibami.com\/en\/wp-json\/wp\/v2\/product_tag?post=20834"}],"curies":[{"name":"wp","href":"https:\/\/api.w.org\/{rel}","templated":true}]}}