{"id":26597,"date":"2025-11-27T19:17:31","date_gmt":"2025-11-27T16:17:31","guid":{"rendered":"https:\/\/www.fibami.com\/?post_type=product&#038;p=26597"},"modified":"2026-04-08T13:50:00","modified_gmt":"2026-04-08T10:50:00","slug":"fibami-leisure-puff-pusa","status":"publish","type":"product","link":"https:\/\/www.fibami.com\/en\/product\/fibami-leisure-puff-pusa\/","title":{"rendered":"Fibami Leisure Puff pusa"},"content":{"rendered":"<p>Fibami Leisure Puff pusa<\/p>\n<ul>\n<li><a href=\"https:\/\/www.fibami.com\/en\/materjalid\/\">Material<\/a>56% Viscose, 32% Polyester, 12% Elastane<\/li>\n<li>Body-friendly and pleasantly stretchy material<\/li>\n<li>Timeless design and cut<\/li>\n<li>Easy to maintain and minimally wrinkling fabric<\/li>\n<li>High-waisted, straight cut, side pockets<\/li>\n<li>OEKO-TEX 100 certificate \u2013 tested and free of harmful substances<\/li>\n<\/ul>\n<p>&nbsp;<\/p>\n<p><img decoding=\"async\" class=\"alignnone wp-image-1345\" src=\"https:\/\/www.fibami.com\/wp-content\/uploads\/2021\/06\/oekotex-300x157.jpg\" alt=\"\" width=\"212\" height=\"111\" srcset=\"https:\/\/www.fibami.com\/wp-content\/uploads\/2021\/06\/oekotex-300x157.jpg 300w, https:\/\/www.fibami.com\/wp-content\/uploads\/2021\/06\/oekotex-900x471.jpg 900w, https:\/\/www.fibami.com\/wp-content\/uploads\/2021\/06\/oekotex-600x314.jpg 600w, https:\/\/www.fibami.com\/wp-content\/uploads\/2021\/06\/oekotex-1024x536.jpg 1024w, https:\/\/www.fibami.com\/wp-content\/uploads\/2021\/06\/oekotex-768x402.jpg 768w, https:\/\/www.fibami.com\/wp-content\/uploads\/2021\/06\/oekotex-16x8.jpg 16w, https:\/\/www.fibami.com\/wp-content\/uploads\/2021\/06\/oekotex.jpg 1200w\" sizes=\"(max-width: 212px) 100vw, 212px\" \/><\/p>","protected":false},"excerpt":{"rendered":"<p><strong data-start=\"133\" data-end=\"161\">Fibami Leisure Puff pusa<\/strong><\/p>\n<p data-start=\"206\" data-end=\"544\">Leisure Puff pusa on loodud naisele, kes hindab mugavust, aga ei soovi teha j\u00e4releandmisi stiilis. L\u00fchem kehaosa sobib h\u00e4sti k\u00f5rge pihaosaga p\u00fckste, seeliku ja retuusidega ning loob figuurile kauni joone. Efektsed puff-varrukad lisavad pusale m\u00e4ngulisust ja naiselikku elegantsi.<\/p>\n<p data-start=\"546\" data-end=\"714\">\u2022 Mugav l\u00f5ige ja nahas\u00f5bralik kangas<br data-start=\"582\" data-end=\"585\" \/>\u2022 Elegantne puff-varrukas<br data-start=\"610\" data-end=\"613\" \/>\u2022 L\u00fchem kehaosa, mis sobib ideaalselt k\u00f5rge pihaosaga p\u00fckstele<\/p>\n<p><strong><a href=\"https:\/\/www.fibami.com\/en\/materjalid\/\">Material<\/a>:\u00a0\u00a0<\/strong>Viscose blend fabric is very body friendly. Due to the elastane content, it is stretchy and wrinkles minimally.<\/p>\n<p><a href=\"https:\/\/www.fibami.com\/en\/moodutabel\/\">Choose your size<\/a> according to your chest circumference.<\/p>\n<p><strong>Toode valmib kuni 7 t\u00f6\u00f6p\u00e4eva jooksul.<\/strong><\/p>\n<p><a class=\"maxbutton-2 maxbutton maxbutton-moodutabel\" target=\"_blank\" rel=\"noopener\" href=\"\/en\/moodutabel\/\"><span class='mb-text'>Sizing chart<\/span><\/a><\/p>","protected":false},"featured_media":30678,"comment_status":"open","ping_status":"closed","template":"","meta":[],"product_brand":[],"product_cat":[248,111,206],"product_tag":[181],"class_list":{"0":"post-26597","1":"product","2":"type-product","3":"status-publish","4":"has-post-thumbnail","6":"product_cat-leisurewear","7":"product_cat-pusad","8":"product_cat-uus","9":"product_tag-new","11":"first","12":"onbackorder","13":"taxable","14":"shipping-taxable","15":"purchasable","16":"product-type-variable"},"yoast_head":"<!-- This site is optimized with the Yoast SEO plugin v27.3 - https:\/\/yoast.com\/product\/yoast-seo-wordpress\/ -->\n<title>Fibami Leisure Puff pusa - Fibami<\/title>\n<meta name=\"description\" content=\"Fibami Leisure pusa on kapuutsiga ning minimalistliku joonega, v\u00f5imaldades kombineerida nii sportlikumas kui pidulikumas v\u00f5tmes.\" \/>\n<meta name=\"robots\" content=\"index, follow, max-snippet:-1, max-image-preview:large, max-video-preview:-1\" \/>\n<link rel=\"canonical\" href=\"https:\/\/www.fibami.com\/en\/product\/fibami-leisure-puff-pusa\/\" \/>\n<meta property=\"og:locale\" content=\"en_GB\" \/>\n<meta property=\"og:type\" content=\"article\" \/>\n<meta property=\"og:title\" content=\"Fibami Leisure Puff pusa\" \/>\n<meta property=\"og:description\" content=\"Kapuutsiga pusa on minimalistliku joonega ning sobib kombineerimiseks nii sportlikus kui pidulikumas v\u00f5tmes. K\u00fclgedel olevad v\u00e4iksed l\u00f5hikud annavad vabaduse ning tagavad hea sobivuse. Valmistatud mugavas ja venivast viskoosisegu kangast.\" \/>\n<meta property=\"og:url\" content=\"https:\/\/www.fibami.com\/en\/product\/fibami-leisure-puff-pusa\/\" \/>\n<meta property=\"og:site_name\" content=\"Fibami\" \/>\n<meta property=\"article:modified_time\" content=\"2026-04-08T10:50:00+00:00\" \/>\n<meta property=\"og:image\" content=\"https:\/\/www.fibami.com\/wp-content\/uploads\/2025\/11\/d6688f0b90d459e2c79fddfe7939410f-1.jpeg\" \/>\n\t<meta property=\"og:image:width\" content=\"958\" \/>\n\t<meta property=\"og:image:height\" content=\"1433\" \/>\n\t<meta property=\"og:image:type\" content=\"image\/jpeg\" \/>\n<meta name=\"twitter:card\" content=\"summary_large_image\" \/>\n<meta name=\"twitter:title\" content=\"Fibami Leisure Pusa\" \/>\n<meta name=\"twitter:description\" content=\"Kapuutsiga pusa on minimalistliku joonega ning sobib kombineerimiseks nii sportlikus kui pidulikumas v\u00f5tmes. K\u00fclgedel olevad v\u00e4iksed l\u00f5hikud annavad vabaduse ning tagavad hea sobivuse. Valmistatud mugavas ja venivast viskoosisegu kangast.\" \/>\n<meta name=\"twitter:image\" content=\"https:\/\/www.fibami.com\/wp-content\/uploads\/2023\/06\/Fibami_leisure_pusa-3-1.jpg\" \/>\n<meta name=\"twitter:label1\" content=\"Estimated reading time\" \/>\n\t<meta name=\"twitter:data1\" content=\"1 minute\" \/>\n<script type=\"application\/ld+json\" class=\"yoast-schema-graph\">{\"@context\":\"https:\\\/\\\/schema.org\",\"@graph\":[{\"@type\":\"WebPage\",\"@id\":\"https:\\\/\\\/www.fibami.com\\\/product\\\/fibami-leisure-puff-pusa\\\/\",\"url\":\"https:\\\/\\\/www.fibami.com\\\/product\\\/fibami-leisure-puff-pusa\\\/\",\"name\":\"Fibami Leisure Puff pusa - Fibami\",\"isPartOf\":{\"@id\":\"https:\\\/\\\/www.fibami.com\\\/#website\"},\"primaryImageOfPage\":{\"@id\":\"https:\\\/\\\/www.fibami.com\\\/product\\\/fibami-leisure-puff-pusa\\\/#primaryimage\"},\"image\":{\"@id\":\"https:\\\/\\\/www.fibami.com\\\/product\\\/fibami-leisure-puff-pusa\\\/#primaryimage\"},\"thumbnailUrl\":\"https:\\\/\\\/www.fibami.com\\\/wp-content\\\/uploads\\\/2025\\\/11\\\/Fibami_puff_pusa.jpg\",\"datePublished\":\"2025-11-27T16:17:31+00:00\",\"dateModified\":\"2026-04-08T10:50:00+00:00\",\"description\":\"Fibami Leisure pusa on kapuutsiga ning minimalistliku joonega, v\u00f5imaldades kombineerida nii sportlikumas kui pidulikumas v\u00f5tmes.\",\"breadcrumb\":{\"@id\":\"https:\\\/\\\/www.fibami.com\\\/product\\\/fibami-leisure-puff-pusa\\\/#breadcrumb\"},\"inLanguage\":\"en-GB\",\"potentialAction\":[{\"@type\":\"ReadAction\",\"target\":[\"https:\\\/\\\/www.fibami.com\\\/product\\\/fibami-leisure-puff-pusa\\\/\"]}]},{\"@type\":\"ImageObject\",\"inLanguage\":\"en-GB\",\"@id\":\"https:\\\/\\\/www.fibami.com\\\/product\\\/fibami-leisure-puff-pusa\\\/#primaryimage\",\"url\":\"https:\\\/\\\/www.fibami.com\\\/wp-content\\\/uploads\\\/2025\\\/11\\\/Fibami_puff_pusa.jpg\",\"contentUrl\":\"https:\\\/\\\/www.fibami.com\\\/wp-content\\\/uploads\\\/2025\\\/11\\\/Fibami_puff_pusa.jpg\",\"width\":1667,\"height\":2500},{\"@type\":\"BreadcrumbList\",\"@id\":\"https:\\\/\\\/www.fibami.com\\\/product\\\/fibami-leisure-puff-pusa\\\/#breadcrumb\",\"itemListElement\":[{\"@type\":\"ListItem\",\"position\":1,\"name\":\"Home\",\"item\":\"https:\\\/\\\/www.fibami.com\\\/\"},{\"@type\":\"ListItem\",\"position\":2,\"name\":\"Pood\",\"item\":\"https:\\\/\\\/www.fibami.com\\\/pood\\\/\"},{\"@type\":\"ListItem\",\"position\":3,\"name\":\"Fibami Leisure Puff pusa\"}]},{\"@type\":\"WebSite\",\"@id\":\"https:\\\/\\\/www.fibami.com\\\/#website\",\"url\":\"https:\\\/\\\/www.fibami.com\\\/\",\"name\":\"Fibami\",\"description\":\"\",\"potentialAction\":[{\"@type\":\"SearchAction\",\"target\":{\"@type\":\"EntryPoint\",\"urlTemplate\":\"https:\\\/\\\/www.fibami.com\\\/?s={search_term_string}\"},\"query-input\":{\"@type\":\"PropertyValueSpecification\",\"valueRequired\":true,\"valueName\":\"search_term_string\"}}],\"inLanguage\":\"en-GB\"}]}<\/script>\n<!-- \/ Yoast SEO plugin. -->","yoast_head_json":{"title":"Fibami Leisure Puff pusa - Fibami","description":"Fibami Leisure pusa on kapuutsiga ning minimalistliku joonega, v\u00f5imaldades kombineerida nii sportlikumas kui pidulikumas v\u00f5tmes.","robots":{"index":"index","follow":"follow","max-snippet":"max-snippet:-1","max-image-preview":"max-image-preview:large","max-video-preview":"max-video-preview:-1"},"canonical":"https:\/\/www.fibami.com\/en\/product\/fibami-leisure-puff-pusa\/","og_locale":"en_GB","og_type":"article","og_title":"Fibami Leisure Puff pusa","og_description":"Kapuutsiga pusa on minimalistliku joonega ning sobib kombineerimiseks nii sportlikus kui pidulikumas v\u00f5tmes. K\u00fclgedel olevad v\u00e4iksed l\u00f5hikud annavad vabaduse ning tagavad hea sobivuse. Valmistatud mugavas ja venivast viskoosisegu kangast.","og_url":"https:\/\/www.fibami.com\/en\/product\/fibami-leisure-puff-pusa\/","og_site_name":"Fibami","article_modified_time":"2026-04-08T10:50:00+00:00","og_image":[{"width":958,"height":1433,"url":"https:\/\/www.fibami.com\/wp-content\/uploads\/2025\/11\/d6688f0b90d459e2c79fddfe7939410f-1.jpeg","type":"image\/jpeg"}],"twitter_card":"summary_large_image","twitter_title":"Fibami Leisure Pusa","twitter_description":"Kapuutsiga pusa on minimalistliku joonega ning sobib kombineerimiseks nii sportlikus kui pidulikumas v\u00f5tmes. K\u00fclgedel olevad v\u00e4iksed l\u00f5hikud annavad vabaduse ning tagavad hea sobivuse. Valmistatud mugavas ja venivast viskoosisegu kangast.","twitter_image":"https:\/\/www.fibami.com\/wp-content\/uploads\/2023\/06\/Fibami_leisure_pusa-3-1.jpg","twitter_misc":{"Estimated reading time":"1 minute"},"schema":{"@context":"https:\/\/schema.org","@graph":[{"@type":"WebPage","@id":"https:\/\/www.fibami.com\/product\/fibami-leisure-puff-pusa\/","url":"https:\/\/www.fibami.com\/product\/fibami-leisure-puff-pusa\/","name":"Fibami Leisure Puff pusa - Fibami","isPartOf":{"@id":"https:\/\/www.fibami.com\/#website"},"primaryImageOfPage":{"@id":"https:\/\/www.fibami.com\/product\/fibami-leisure-puff-pusa\/#primaryimage"},"image":{"@id":"https:\/\/www.fibami.com\/product\/fibami-leisure-puff-pusa\/#primaryimage"},"thumbnailUrl":"https:\/\/www.fibami.com\/wp-content\/uploads\/2025\/11\/Fibami_puff_pusa.jpg","datePublished":"2025-11-27T16:17:31+00:00","dateModified":"2026-04-08T10:50:00+00:00","description":"Fibami Leisure pusa on kapuutsiga ning minimalistliku joonega, v\u00f5imaldades kombineerida nii sportlikumas kui pidulikumas v\u00f5tmes.","breadcrumb":{"@id":"https:\/\/www.fibami.com\/product\/fibami-leisure-puff-pusa\/#breadcrumb"},"inLanguage":"en-GB","potentialAction":[{"@type":"ReadAction","target":["https:\/\/www.fibami.com\/product\/fibami-leisure-puff-pusa\/"]}]},{"@type":"ImageObject","inLanguage":"en-GB","@id":"https:\/\/www.fibami.com\/product\/fibami-leisure-puff-pusa\/#primaryimage","url":"https:\/\/www.fibami.com\/wp-content\/uploads\/2025\/11\/Fibami_puff_pusa.jpg","contentUrl":"https:\/\/www.fibami.com\/wp-content\/uploads\/2025\/11\/Fibami_puff_pusa.jpg","width":1667,"height":2500},{"@type":"BreadcrumbList","@id":"https:\/\/www.fibami.com\/product\/fibami-leisure-puff-pusa\/#breadcrumb","itemListElement":[{"@type":"ListItem","position":1,"name":"Home","item":"https:\/\/www.fibami.com\/"},{"@type":"ListItem","position":2,"name":"Pood","item":"https:\/\/www.fibami.com\/pood\/"},{"@type":"ListItem","position":3,"name":"Fibami Leisure Puff pusa"}]},{"@type":"WebSite","@id":"https:\/\/www.fibami.com\/#website","url":"https:\/\/www.fibami.com\/","name":"Fibami","description":"","potentialAction":[{"@type":"SearchAction","target":{"@type":"EntryPoint","urlTemplate":"https:\/\/www.fibami.com\/?s={search_term_string}"},"query-input":{"@type":"PropertyValueSpecification","valueRequired":true,"valueName":"search_term_string"}}],"inLanguage":"en-GB"}]}},"_links":{"self":[{"href":"https:\/\/www.fibami.com\/en\/wp-json\/wp\/v2\/product\/26597","targetHints":{"allow":["GET"]}}],"collection":[{"href":"https:\/\/www.fibami.com\/en\/wp-json\/wp\/v2\/product"}],"about":[{"href":"https:\/\/www.fibami.com\/en\/wp-json\/wp\/v2\/types\/product"}],"replies":[{"embeddable":true,"href":"https:\/\/www.fibami.com\/en\/wp-json\/wp\/v2\/comments?post=26597"}],"version-history":[{"count":5,"href":"https:\/\/www.fibami.com\/en\/wp-json\/wp\/v2\/product\/26597\/revisions"}],"predecessor-version":[{"id":30746,"href":"https:\/\/www.fibami.com\/en\/wp-json\/wp\/v2\/product\/26597\/revisions\/30746"}],"wp:featuredmedia":[{"embeddable":true,"href":"https:\/\/www.fibami.com\/en\/wp-json\/wp\/v2\/media\/30678"}],"wp:attachment":[{"href":"https:\/\/www.fibami.com\/en\/wp-json\/wp\/v2\/media?parent=26597"}],"wp:term":[{"taxonomy":"product_brand","embeddable":true,"href":"https:\/\/www.fibami.com\/en\/wp-json\/wp\/v2\/product_brand?post=26597"},{"taxonomy":"product_cat","embeddable":true,"href":"https:\/\/www.fibami.com\/en\/wp-json\/wp\/v2\/product_cat?post=26597"},{"taxonomy":"product_tag","embeddable":true,"href":"https:\/\/www.fibami.com\/en\/wp-json\/wp\/v2\/product_tag?post=26597"}],"curies":[{"name":"wp","href":"https:\/\/api.w.org\/{rel}","templated":true}]}}