{"id":26920,"date":"2025-11-27T19:31:14","date_gmt":"2025-11-27T16:31:14","guid":{"rendered":"https:\/\/www.fibami.com\/?post_type=product&#038;p=26920"},"modified":"2026-04-08T13:49:32","modified_gmt":"2026-04-08T10:49:32","slug":"fibami-leisure-puff-pluus","status":"publish","type":"product","link":"https:\/\/www.fibami.com\/en\/product\/fibami-leisure-puff-pluus\/","title":{"rendered":"Fibami Leisure Puff pluus"},"content":{"rendered":"<p>Fibami Leisure Puff pluus<\/p>\n<ul>\n<li><a href=\"https:\/\/www.fibami.com\/en\/materjalid\/\">Material<\/a>56% Viscose, 32% Polyester, 12% Elastane<\/li>\n<li>Body-friendly and pleasantly stretchy material<\/li>\n<li>Timeless design and cut<\/li>\n<li>Easy to maintain and minimally wrinkling fabric<\/li>\n<li>High-waisted, straight cut, side pockets<\/li>\n<li>OEKO-TEX 100 certificate \u2013 tested and free of harmful substances<\/li>\n<\/ul>\n<p>&nbsp;<\/p>\n<p><img decoding=\"async\" class=\"alignnone wp-image-1345\" src=\"https:\/\/www.fibami.com\/wp-content\/uploads\/2021\/06\/oekotex-300x157.jpg\" alt=\"\" width=\"212\" height=\"111\" srcset=\"https:\/\/www.fibami.com\/wp-content\/uploads\/2021\/06\/oekotex-300x157.jpg 300w, https:\/\/www.fibami.com\/wp-content\/uploads\/2021\/06\/oekotex-900x471.jpg 900w, https:\/\/www.fibami.com\/wp-content\/uploads\/2021\/06\/oekotex-600x314.jpg 600w, https:\/\/www.fibami.com\/wp-content\/uploads\/2021\/06\/oekotex-1024x536.jpg 1024w, https:\/\/www.fibami.com\/wp-content\/uploads\/2021\/06\/oekotex-768x402.jpg 768w, https:\/\/www.fibami.com\/wp-content\/uploads\/2021\/06\/oekotex-16x8.jpg 16w, https:\/\/www.fibami.com\/wp-content\/uploads\/2021\/06\/oekotex.jpg 1200w\" sizes=\"(max-width: 212px) 100vw, 212px\" \/><\/p>","protected":false},"excerpt":{"rendered":"<p data-start=\"192\" data-end=\"423\"><strong>Leisure Puff pluus<\/strong> on loodud neile, kes armastavad ajatut lihtsust, kuid hindavad v\u00e4ikest elegantsi. Klassikaline l\u00f5ige saab uue ilme l\u00e4bi \u00f5rnalt kohevate puff-varrukate, mis lisavad igap\u00e4evahetkedele naiselikku pehmust ja erip\u00e4ra.<\/p>\n<p data-start=\"425\" data-end=\"642\">\u2022 Elegantsete puff-varrukatega<br \/>\n\u2022 K\u00fclgedel m\u00e4ngulised l\u00f5hikud<br data-start=\"658\" data-end=\"661\" \/>\u2022 Vaba, ent kehas\u00f5bralik l\u00f5ige<br data-start=\"488\" data-end=\"491\" \/>\u2022 Sobib kandmiseks nii pidulikematel hetkedel kui igap\u00e4evaselt<\/p>\n<p data-start=\"644\" data-end=\"747\">See pluus liigub sinuga kaasa \u2013 olgu su p\u00e4ev rahulik v\u00f5i tegus, sa tunned end selles alati iseendana.<\/p>\n<p><strong><a href=\"https:\/\/www.fibami.com\/en\/materjalid\/\">Material<\/a>:\u00a0\u00a0<\/strong>Viscose blend fabric is very body friendly. Due to the elastane content, it is stretchy and wrinkles minimally.<\/p>\n<p><a href=\"https:\/\/www.fibami.com\/en\/moodutabel\/\">Choose your size<\/a> according to your chest circumference.<\/p>\n<p><strong>Toode valmib kuni 7 t\u00f6\u00f6p\u00e4eva jooksul.<\/strong><\/p>\n<p><a class=\"maxbutton-2 maxbutton maxbutton-moodutabel\" target=\"_blank\" rel=\"noopener\" href=\"\/en\/moodutabel\/\"><span class='mb-text'>Sizing chart<\/span><\/a><\/p>","protected":false},"featured_media":30688,"comment_status":"open","ping_status":"closed","template":"","meta":[],"product_brand":[],"product_cat":[248,112,111,206],"product_tag":[181],"class_list":{"0":"post-26920","1":"product","2":"type-product","3":"status-publish","4":"has-post-thumbnail","6":"product_cat-leisurewear","7":"product_cat-pluusid","8":"product_cat-pusad","9":"product_cat-uus","10":"product_tag-new","12":"first","13":"onbackorder","14":"taxable","15":"shipping-taxable","16":"purchasable","17":"product-type-variable"},"yoast_head":"<!-- This site is optimized with the Yoast SEO plugin v27.3 - https:\/\/yoast.com\/product\/yoast-seo-wordpress\/ -->\n<title>Fibami Leisure Puff pluus - Fibami<\/title>\n<meta name=\"description\" content=\"Fibami Leisure pusa on kapuutsiga ning minimalistliku joonega, v\u00f5imaldades kombineerida nii sportlikumas kui pidulikumas v\u00f5tmes.\" \/>\n<meta name=\"robots\" content=\"index, follow, max-snippet:-1, max-image-preview:large, max-video-preview:-1\" \/>\n<link rel=\"canonical\" href=\"https:\/\/www.fibami.com\/en\/product\/fibami-leisure-puff-pluus\/\" \/>\n<meta property=\"og:locale\" content=\"en_GB\" \/>\n<meta property=\"og:type\" content=\"article\" \/>\n<meta property=\"og:title\" content=\"Fibami Leisure Puff pluus\" \/>\n<meta property=\"og:description\" content=\"Kapuutsiga pusa on minimalistliku joonega ning sobib kombineerimiseks nii sportlikus kui pidulikumas v\u00f5tmes. K\u00fclgedel olevad v\u00e4iksed l\u00f5hikud annavad vabaduse ning tagavad hea sobivuse. Valmistatud mugavas ja venivast viskoosisegu kangast.\" \/>\n<meta property=\"og:url\" content=\"https:\/\/www.fibami.com\/en\/product\/fibami-leisure-puff-pluus\/\" \/>\n<meta property=\"og:site_name\" content=\"Fibami\" \/>\n<meta property=\"article:modified_time\" content=\"2026-04-08T10:49:32+00:00\" \/>\n<meta property=\"og:image\" content=\"https:\/\/www.fibami.com\/wp-content\/uploads\/2025\/11\/b83a662e7585b969ff0e2c8a25e754dd.jpeg\" \/>\n\t<meta property=\"og:image:width\" content=\"1036\" \/>\n\t<meta property=\"og:image:height\" content=\"1550\" \/>\n\t<meta property=\"og:image:type\" content=\"image\/jpeg\" \/>\n<meta name=\"twitter:card\" content=\"summary_large_image\" \/>\n<meta name=\"twitter:title\" content=\"Fibami Leisure Pusa\" \/>\n<meta name=\"twitter:description\" content=\"Kapuutsiga pusa on minimalistliku joonega ning sobib kombineerimiseks nii sportlikus kui pidulikumas v\u00f5tmes. K\u00fclgedel olevad v\u00e4iksed l\u00f5hikud annavad vabaduse ning tagavad hea sobivuse. Valmistatud mugavas ja venivast viskoosisegu kangast.\" \/>\n<meta name=\"twitter:image\" content=\"https:\/\/www.fibami.com\/wp-content\/uploads\/2023\/06\/Fibami_leisure_pusa-3-1.jpg\" \/>\n<meta name=\"twitter:label1\" content=\"Estimated reading time\" \/>\n\t<meta name=\"twitter:data1\" content=\"1 minute\" \/>\n<script type=\"application\/ld+json\" class=\"yoast-schema-graph\">{\"@context\":\"https:\\\/\\\/schema.org\",\"@graph\":[{\"@type\":\"WebPage\",\"@id\":\"https:\\\/\\\/www.fibami.com\\\/product\\\/fibami-leisure-puff-pluus\\\/\",\"url\":\"https:\\\/\\\/www.fibami.com\\\/product\\\/fibami-leisure-puff-pluus\\\/\",\"name\":\"Fibami Leisure Puff pluus - Fibami\",\"isPartOf\":{\"@id\":\"https:\\\/\\\/www.fibami.com\\\/#website\"},\"primaryImageOfPage\":{\"@id\":\"https:\\\/\\\/www.fibami.com\\\/product\\\/fibami-leisure-puff-pluus\\\/#primaryimage\"},\"image\":{\"@id\":\"https:\\\/\\\/www.fibami.com\\\/product\\\/fibami-leisure-puff-pluus\\\/#primaryimage\"},\"thumbnailUrl\":\"https:\\\/\\\/www.fibami.com\\\/wp-content\\\/uploads\\\/2025\\\/11\\\/Fibami_puff_pluusV-2.jpg\",\"datePublished\":\"2025-11-27T16:31:14+00:00\",\"dateModified\":\"2026-04-08T10:49:32+00:00\",\"description\":\"Fibami Leisure pusa on kapuutsiga ning minimalistliku joonega, v\u00f5imaldades kombineerida nii sportlikumas kui pidulikumas v\u00f5tmes.\",\"breadcrumb\":{\"@id\":\"https:\\\/\\\/www.fibami.com\\\/product\\\/fibami-leisure-puff-pluus\\\/#breadcrumb\"},\"inLanguage\":\"en-GB\",\"potentialAction\":[{\"@type\":\"ReadAction\",\"target\":[\"https:\\\/\\\/www.fibami.com\\\/product\\\/fibami-leisure-puff-pluus\\\/\"]}]},{\"@type\":\"ImageObject\",\"inLanguage\":\"en-GB\",\"@id\":\"https:\\\/\\\/www.fibami.com\\\/product\\\/fibami-leisure-puff-pluus\\\/#primaryimage\",\"url\":\"https:\\\/\\\/www.fibami.com\\\/wp-content\\\/uploads\\\/2025\\\/11\\\/Fibami_puff_pluusV-2.jpg\",\"contentUrl\":\"https:\\\/\\\/www.fibami.com\\\/wp-content\\\/uploads\\\/2025\\\/11\\\/Fibami_puff_pluusV-2.jpg\",\"width\":1667,\"height\":2500},{\"@type\":\"BreadcrumbList\",\"@id\":\"https:\\\/\\\/www.fibami.com\\\/product\\\/fibami-leisure-puff-pluus\\\/#breadcrumb\",\"itemListElement\":[{\"@type\":\"ListItem\",\"position\":1,\"name\":\"Home\",\"item\":\"https:\\\/\\\/www.fibami.com\\\/\"},{\"@type\":\"ListItem\",\"position\":2,\"name\":\"Pood\",\"item\":\"https:\\\/\\\/www.fibami.com\\\/pood\\\/\"},{\"@type\":\"ListItem\",\"position\":3,\"name\":\"Fibami Leisure Puff pluus\"}]},{\"@type\":\"WebSite\",\"@id\":\"https:\\\/\\\/www.fibami.com\\\/#website\",\"url\":\"https:\\\/\\\/www.fibami.com\\\/\",\"name\":\"Fibami\",\"description\":\"\",\"potentialAction\":[{\"@type\":\"SearchAction\",\"target\":{\"@type\":\"EntryPoint\",\"urlTemplate\":\"https:\\\/\\\/www.fibami.com\\\/?s={search_term_string}\"},\"query-input\":{\"@type\":\"PropertyValueSpecification\",\"valueRequired\":true,\"valueName\":\"search_term_string\"}}],\"inLanguage\":\"en-GB\"}]}<\/script>\n<!-- \/ Yoast SEO plugin. -->","yoast_head_json":{"title":"Fibami Leisure Puff pluus - Fibami","description":"Fibami Leisure pusa on kapuutsiga ning minimalistliku joonega, v\u00f5imaldades kombineerida nii sportlikumas kui pidulikumas v\u00f5tmes.","robots":{"index":"index","follow":"follow","max-snippet":"max-snippet:-1","max-image-preview":"max-image-preview:large","max-video-preview":"max-video-preview:-1"},"canonical":"https:\/\/www.fibami.com\/en\/product\/fibami-leisure-puff-pluus\/","og_locale":"en_GB","og_type":"article","og_title":"Fibami Leisure Puff pluus","og_description":"Kapuutsiga pusa on minimalistliku joonega ning sobib kombineerimiseks nii sportlikus kui pidulikumas v\u00f5tmes. K\u00fclgedel olevad v\u00e4iksed l\u00f5hikud annavad vabaduse ning tagavad hea sobivuse. Valmistatud mugavas ja venivast viskoosisegu kangast.","og_url":"https:\/\/www.fibami.com\/en\/product\/fibami-leisure-puff-pluus\/","og_site_name":"Fibami","article_modified_time":"2026-04-08T10:49:32+00:00","og_image":[{"width":1036,"height":1550,"url":"https:\/\/www.fibami.com\/wp-content\/uploads\/2025\/11\/b83a662e7585b969ff0e2c8a25e754dd.jpeg","type":"image\/jpeg"}],"twitter_card":"summary_large_image","twitter_title":"Fibami Leisure Pusa","twitter_description":"Kapuutsiga pusa on minimalistliku joonega ning sobib kombineerimiseks nii sportlikus kui pidulikumas v\u00f5tmes. K\u00fclgedel olevad v\u00e4iksed l\u00f5hikud annavad vabaduse ning tagavad hea sobivuse. Valmistatud mugavas ja venivast viskoosisegu kangast.","twitter_image":"https:\/\/www.fibami.com\/wp-content\/uploads\/2023\/06\/Fibami_leisure_pusa-3-1.jpg","twitter_misc":{"Estimated reading time":"1 minute"},"schema":{"@context":"https:\/\/schema.org","@graph":[{"@type":"WebPage","@id":"https:\/\/www.fibami.com\/product\/fibami-leisure-puff-pluus\/","url":"https:\/\/www.fibami.com\/product\/fibami-leisure-puff-pluus\/","name":"Fibami Leisure Puff pluus - Fibami","isPartOf":{"@id":"https:\/\/www.fibami.com\/#website"},"primaryImageOfPage":{"@id":"https:\/\/www.fibami.com\/product\/fibami-leisure-puff-pluus\/#primaryimage"},"image":{"@id":"https:\/\/www.fibami.com\/product\/fibami-leisure-puff-pluus\/#primaryimage"},"thumbnailUrl":"https:\/\/www.fibami.com\/wp-content\/uploads\/2025\/11\/Fibami_puff_pluusV-2.jpg","datePublished":"2025-11-27T16:31:14+00:00","dateModified":"2026-04-08T10:49:32+00:00","description":"Fibami Leisure pusa on kapuutsiga ning minimalistliku joonega, v\u00f5imaldades kombineerida nii sportlikumas kui pidulikumas v\u00f5tmes.","breadcrumb":{"@id":"https:\/\/www.fibami.com\/product\/fibami-leisure-puff-pluus\/#breadcrumb"},"inLanguage":"en-GB","potentialAction":[{"@type":"ReadAction","target":["https:\/\/www.fibami.com\/product\/fibami-leisure-puff-pluus\/"]}]},{"@type":"ImageObject","inLanguage":"en-GB","@id":"https:\/\/www.fibami.com\/product\/fibami-leisure-puff-pluus\/#primaryimage","url":"https:\/\/www.fibami.com\/wp-content\/uploads\/2025\/11\/Fibami_puff_pluusV-2.jpg","contentUrl":"https:\/\/www.fibami.com\/wp-content\/uploads\/2025\/11\/Fibami_puff_pluusV-2.jpg","width":1667,"height":2500},{"@type":"BreadcrumbList","@id":"https:\/\/www.fibami.com\/product\/fibami-leisure-puff-pluus\/#breadcrumb","itemListElement":[{"@type":"ListItem","position":1,"name":"Home","item":"https:\/\/www.fibami.com\/"},{"@type":"ListItem","position":2,"name":"Pood","item":"https:\/\/www.fibami.com\/pood\/"},{"@type":"ListItem","position":3,"name":"Fibami Leisure Puff pluus"}]},{"@type":"WebSite","@id":"https:\/\/www.fibami.com\/#website","url":"https:\/\/www.fibami.com\/","name":"Fibami","description":"","potentialAction":[{"@type":"SearchAction","target":{"@type":"EntryPoint","urlTemplate":"https:\/\/www.fibami.com\/?s={search_term_string}"},"query-input":{"@type":"PropertyValueSpecification","valueRequired":true,"valueName":"search_term_string"}}],"inLanguage":"en-GB"}]}},"_links":{"self":[{"href":"https:\/\/www.fibami.com\/en\/wp-json\/wp\/v2\/product\/26920","targetHints":{"allow":["GET"]}}],"collection":[{"href":"https:\/\/www.fibami.com\/en\/wp-json\/wp\/v2\/product"}],"about":[{"href":"https:\/\/www.fibami.com\/en\/wp-json\/wp\/v2\/types\/product"}],"replies":[{"embeddable":true,"href":"https:\/\/www.fibami.com\/en\/wp-json\/wp\/v2\/comments?post=26920"}],"version-history":[{"count":1,"href":"https:\/\/www.fibami.com\/en\/wp-json\/wp\/v2\/product\/26920\/revisions"}],"predecessor-version":[{"id":27081,"href":"https:\/\/www.fibami.com\/en\/wp-json\/wp\/v2\/product\/26920\/revisions\/27081"}],"wp:featuredmedia":[{"embeddable":true,"href":"https:\/\/www.fibami.com\/en\/wp-json\/wp\/v2\/media\/30688"}],"wp:attachment":[{"href":"https:\/\/www.fibami.com\/en\/wp-json\/wp\/v2\/media?parent=26920"}],"wp:term":[{"taxonomy":"product_brand","embeddable":true,"href":"https:\/\/www.fibami.com\/en\/wp-json\/wp\/v2\/product_brand?post=26920"},{"taxonomy":"product_cat","embeddable":true,"href":"https:\/\/www.fibami.com\/en\/wp-json\/wp\/v2\/product_cat?post=26920"},{"taxonomy":"product_tag","embeddable":true,"href":"https:\/\/www.fibami.com\/en\/wp-json\/wp\/v2\/product_tag?post=26920"}],"curies":[{"name":"wp","href":"https:\/\/api.w.org\/{rel}","templated":true}]}}