{"id":27192,"date":"2025-11-28T15:00:36","date_gmt":"2025-11-28T12:00:36","guid":{"rendered":"https:\/\/www.fibami.com\/?post_type=product&#038;p=27192"},"modified":"2026-04-08T14:33:20","modified_gmt":"2026-04-08T11:33:20","slug":"fibami-lounge-kimono-pluus","status":"publish","type":"product","link":"https:\/\/www.fibami.com\/en\/product\/fibami-lounge-kimono-pluus\/","title":{"rendered":"Fibami Lounge Kimono pluus"},"content":{"rendered":"<p>Fibami Lounge Kimono pluus<\/p>\n<p><a href=\"https:\/\/www.fibami.com\/en\/materjalid\/\"><strong>Material<\/strong> info: <\/a>96% Bamboo, 4% Elastane<br \/>\nThe elastane content gives the fabric a pleasant amount of elongation and the bamboo fibers make the product breathable and skin-friendly. Due to the rapid natural growth of bamboo plants from bamboo to an environmentally friendly material. Our chosen bamboo fabric is especially silky and soft. Bamboo also has antibacterial properties and good moisture absorption. Our fabric is also <strong>OEKO-TEX 100<\/strong> certified - this means that the fabric is tested and free of harmful chemicals.<\/p>\n<p><strong>Maintenance:<\/strong> jakki v\u00f5ib pesta masinaga 30 kraadi juures. Soovitame peale pesu panna pluus kuivama riidepuule &#8211; see aitab Sind s\u00e4\u00e4sta triikimise vaevast, sest t\u00e4nu niiskusest tulevale raskusele ei j\u00e4\u00e4 tootele kuivamisel suuremaid kortse.<\/p>\n<p><img decoding=\"async\" class=\"alignnone wp-image-1345\" src=\"https:\/\/www.fibami.com\/wp-content\/uploads\/2021\/06\/oekotex-300x157.jpg\" alt=\"\" width=\"205\" height=\"107\" srcset=\"https:\/\/www.fibami.com\/wp-content\/uploads\/2021\/06\/oekotex-300x157.jpg 300w, https:\/\/www.fibami.com\/wp-content\/uploads\/2021\/06\/oekotex-900x471.jpg 900w, https:\/\/www.fibami.com\/wp-content\/uploads\/2021\/06\/oekotex-600x314.jpg 600w, https:\/\/www.fibami.com\/wp-content\/uploads\/2021\/06\/oekotex-1024x536.jpg 1024w, https:\/\/www.fibami.com\/wp-content\/uploads\/2021\/06\/oekotex-768x402.jpg 768w, https:\/\/www.fibami.com\/wp-content\/uploads\/2021\/06\/oekotex-16x8.jpg 16w, https:\/\/www.fibami.com\/wp-content\/uploads\/2021\/06\/oekotex.jpg 1200w\" sizes=\"(max-width: 205px) 100vw, 205px\" \/><\/p>","protected":false},"excerpt":{"rendered":"<p><strong>Fibami Loungewear Kimono pluus <\/strong>on m\u00f5nusalt vaba l\u00f5ikega ja lendlev. Seljaosal on eriline diagonaalne avatud l\u00f5ige. Kimono pluus on \u00e4\u00e4rmiselt elegantne mudel sinu p\u00e4eva m\u00f5nusamateks hetkedeks. Must &#8211; valge v\u00e4rvikombo p\u00fc\u00fcab pilke ja annab tootele erilise ilme igalt k\u00fcljelt.<\/p>\n<p>The bamboo fabric is very soft and silky, which makes you grasp the bamboo fabic products over and over again in your wardrobe. In addition, it has a very good moisture regulatory and antibacterial properties.<\/p>\n<p><strong>Toode valmib kuni 7\u00a0 t\u00f6\u00f6p\u00e4evaga<\/strong><\/p>\n<p><a class=\"maxbutton-2 maxbutton maxbutton-moodutabel\" target=\"_blank\" rel=\"noopener\" href=\"\/en\/moodutabel\/\"><span class='mb-text'>Sizing chart<\/span><\/a><\/p>","protected":false},"featured_media":30618,"comment_status":"open","ping_status":"closed","template":"","meta":[],"product_brand":[],"product_cat":[116,112,206],"product_tag":[],"class_list":{"0":"post-27192","1":"product","2":"type-product","3":"status-publish","4":"has-post-thumbnail","6":"product_cat-loungewear","7":"product_cat-pluusid","8":"product_cat-uus","10":"first","11":"onbackorder","12":"taxable","13":"shipping-taxable","14":"purchasable","15":"product-type-variable"},"yoast_head":"<!-- This site is optimized with the Yoast SEO plugin v27.3 - https:\/\/yoast.com\/product\/yoast-seo-wordpress\/ -->\n<title>Fibami Lounge Kimono pluus - Fibami<\/title>\n<meta name=\"description\" content=\"Fibami Loungewear Kimono jakk on bambuskangast valmistatud ning m\u00f5nusalt elegantne ja lendlev. Must-valge v\u00e4rvikombo teeb sinu p\u00e4eva eriliseks.\" \/>\n<meta name=\"robots\" content=\"index, follow, max-snippet:-1, max-image-preview:large, max-video-preview:-1\" \/>\n<link rel=\"canonical\" href=\"https:\/\/www.fibami.com\/en\/product\/fibami-lounge-kimono-pluus\/\" \/>\n<meta property=\"og:locale\" content=\"en_GB\" \/>\n<meta property=\"og:type\" content=\"article\" \/>\n<meta property=\"og:title\" content=\"Fibami Loungewear Kimono pluus\" \/>\n<meta property=\"og:description\" content=\"Fibami Loungewear Kimono jakk on m\u00f5nusalt vaba l\u00f5ikega ja lendlev. Seljaosal on eriline diagonaalne avatud l\u00f5ige, mida saab soovi korral ka kinni siduda. Kimono jakk on \u00e4\u00e4rmiselt elegantne. Must \u2013 valge v\u00e4rvikombo p\u00fc\u00fcab pilke. Bambuskangas on v\u00e4ga pehme ja siidine.\" \/>\n<meta property=\"og:url\" content=\"https:\/\/www.fibami.com\/en\/product\/fibami-lounge-kimono-pluus\/\" \/>\n<meta property=\"og:site_name\" content=\"Fibami\" \/>\n<meta property=\"article:modified_time\" content=\"2026-04-08T11:33:20+00:00\" \/>\n<meta property=\"og:image\" content=\"https:\/\/www.fibami.com\/wp-content\/uploads\/2025\/11\/590262898_850519407347114_8457522085222869029_n.jpg\" \/>\n\t<meta property=\"og:image:width\" content=\"1080\" \/>\n\t<meta property=\"og:image:height\" content=\"1616\" \/>\n\t<meta property=\"og:image:type\" content=\"image\/jpeg\" \/>\n<meta name=\"twitter:card\" content=\"summary_large_image\" \/>\n<meta name=\"twitter:title\" content=\"Fibami Loungewear Kimono jakk\" \/>\n<meta name=\"twitter:description\" content=\"Fibami Loungewear Kimono jakk on m\u00f5nusalt vaba l\u00f5ikega ja lendlev. Seljaosal on eriline diagonaalne avatud l\u00f5ige, mida saab soovi korral ka kinni siduda. Kimono jakk on \u00e4\u00e4rmiselt elegantne. Must \u2013 valge v\u00e4rvikombo p\u00fc\u00fcab pilke. Bambuskangas on v\u00e4ga pehme ja siidine.\" \/>\n<meta name=\"twitter:image\" content=\"https:\/\/www.fibami.com\/wp-content\/uploads\/2023\/01\/Fibami_kimono_jakk_loungewear5.jpg\" \/>\n<meta name=\"twitter:label1\" content=\"Estimated reading time\" \/>\n\t<meta name=\"twitter:data1\" content=\"1 minute\" \/>\n<script type=\"application\/ld+json\" class=\"yoast-schema-graph\">{\"@context\":\"https:\\\/\\\/schema.org\",\"@graph\":[{\"@type\":\"WebPage\",\"@id\":\"https:\\\/\\\/www.fibami.com\\\/product\\\/fibami-lounge-kimono-pluus\\\/\",\"url\":\"https:\\\/\\\/www.fibami.com\\\/product\\\/fibami-lounge-kimono-pluus\\\/\",\"name\":\"Fibami Lounge Kimono pluus - Fibami\",\"isPartOf\":{\"@id\":\"https:\\\/\\\/www.fibami.com\\\/#website\"},\"primaryImageOfPage\":{\"@id\":\"https:\\\/\\\/www.fibami.com\\\/product\\\/fibami-lounge-kimono-pluus\\\/#primaryimage\"},\"image\":{\"@id\":\"https:\\\/\\\/www.fibami.com\\\/product\\\/fibami-lounge-kimono-pluus\\\/#primaryimage\"},\"thumbnailUrl\":\"https:\\\/\\\/www.fibami.com\\\/wp-content\\\/uploads\\\/2023\\\/02\\\/Fibami_lounge_kimono-1a.jpg\",\"datePublished\":\"2025-11-28T12:00:36+00:00\",\"dateModified\":\"2026-04-08T11:33:20+00:00\",\"description\":\"Fibami Loungewear Kimono jakk on bambuskangast valmistatud ning m\u00f5nusalt elegantne ja lendlev. Must-valge v\u00e4rvikombo teeb sinu p\u00e4eva eriliseks.\",\"breadcrumb\":{\"@id\":\"https:\\\/\\\/www.fibami.com\\\/product\\\/fibami-lounge-kimono-pluus\\\/#breadcrumb\"},\"inLanguage\":\"en-GB\",\"potentialAction\":[{\"@type\":\"ReadAction\",\"target\":[\"https:\\\/\\\/www.fibami.com\\\/product\\\/fibami-lounge-kimono-pluus\\\/\"]}]},{\"@type\":\"ImageObject\",\"inLanguage\":\"en-GB\",\"@id\":\"https:\\\/\\\/www.fibami.com\\\/product\\\/fibami-lounge-kimono-pluus\\\/#primaryimage\",\"url\":\"https:\\\/\\\/www.fibami.com\\\/wp-content\\\/uploads\\\/2023\\\/02\\\/Fibami_lounge_kimono-1a.jpg\",\"contentUrl\":\"https:\\\/\\\/www.fibami.com\\\/wp-content\\\/uploads\\\/2023\\\/02\\\/Fibami_lounge_kimono-1a.jpg\",\"width\":913,\"height\":1369},{\"@type\":\"BreadcrumbList\",\"@id\":\"https:\\\/\\\/www.fibami.com\\\/product\\\/fibami-lounge-kimono-pluus\\\/#breadcrumb\",\"itemListElement\":[{\"@type\":\"ListItem\",\"position\":1,\"name\":\"Home\",\"item\":\"https:\\\/\\\/www.fibami.com\\\/\"},{\"@type\":\"ListItem\",\"position\":2,\"name\":\"Pood\",\"item\":\"https:\\\/\\\/www.fibami.com\\\/pood\\\/\"},{\"@type\":\"ListItem\",\"position\":3,\"name\":\"Fibami Lounge Kimono pluus\"}]},{\"@type\":\"WebSite\",\"@id\":\"https:\\\/\\\/www.fibami.com\\\/#website\",\"url\":\"https:\\\/\\\/www.fibami.com\\\/\",\"name\":\"Fibami\",\"description\":\"\",\"potentialAction\":[{\"@type\":\"SearchAction\",\"target\":{\"@type\":\"EntryPoint\",\"urlTemplate\":\"https:\\\/\\\/www.fibami.com\\\/?s={search_term_string}\"},\"query-input\":{\"@type\":\"PropertyValueSpecification\",\"valueRequired\":true,\"valueName\":\"search_term_string\"}}],\"inLanguage\":\"en-GB\"}]}<\/script>\n<!-- \/ Yoast SEO plugin. -->","yoast_head_json":{"title":"Fibami Lounge Kimono pluus - Fibami","description":"Fibami Loungewear Kimono jakk on bambuskangast valmistatud ning m\u00f5nusalt elegantne ja lendlev. Must-valge v\u00e4rvikombo teeb sinu p\u00e4eva eriliseks.","robots":{"index":"index","follow":"follow","max-snippet":"max-snippet:-1","max-image-preview":"max-image-preview:large","max-video-preview":"max-video-preview:-1"},"canonical":"https:\/\/www.fibami.com\/en\/product\/fibami-lounge-kimono-pluus\/","og_locale":"en_GB","og_type":"article","og_title":"Fibami Loungewear Kimono pluus","og_description":"Fibami Loungewear Kimono jakk on m\u00f5nusalt vaba l\u00f5ikega ja lendlev. Seljaosal on eriline diagonaalne avatud l\u00f5ige, mida saab soovi korral ka kinni siduda. Kimono jakk on \u00e4\u00e4rmiselt elegantne. Must \u2013 valge v\u00e4rvikombo p\u00fc\u00fcab pilke. Bambuskangas on v\u00e4ga pehme ja siidine.","og_url":"https:\/\/www.fibami.com\/en\/product\/fibami-lounge-kimono-pluus\/","og_site_name":"Fibami","article_modified_time":"2026-04-08T11:33:20+00:00","og_image":[{"width":1080,"height":1616,"url":"https:\/\/www.fibami.com\/wp-content\/uploads\/2025\/11\/590262898_850519407347114_8457522085222869029_n.jpg","type":"image\/jpeg"}],"twitter_card":"summary_large_image","twitter_title":"Fibami Loungewear Kimono jakk","twitter_description":"Fibami Loungewear Kimono jakk on m\u00f5nusalt vaba l\u00f5ikega ja lendlev. Seljaosal on eriline diagonaalne avatud l\u00f5ige, mida saab soovi korral ka kinni siduda. Kimono jakk on \u00e4\u00e4rmiselt elegantne. Must \u2013 valge v\u00e4rvikombo p\u00fc\u00fcab pilke. Bambuskangas on v\u00e4ga pehme ja siidine.","twitter_image":"https:\/\/www.fibami.com\/wp-content\/uploads\/2023\/01\/Fibami_kimono_jakk_loungewear5.jpg","twitter_misc":{"Estimated reading time":"1 minute"},"schema":{"@context":"https:\/\/schema.org","@graph":[{"@type":"WebPage","@id":"https:\/\/www.fibami.com\/product\/fibami-lounge-kimono-pluus\/","url":"https:\/\/www.fibami.com\/product\/fibami-lounge-kimono-pluus\/","name":"Fibami Lounge Kimono pluus - Fibami","isPartOf":{"@id":"https:\/\/www.fibami.com\/#website"},"primaryImageOfPage":{"@id":"https:\/\/www.fibami.com\/product\/fibami-lounge-kimono-pluus\/#primaryimage"},"image":{"@id":"https:\/\/www.fibami.com\/product\/fibami-lounge-kimono-pluus\/#primaryimage"},"thumbnailUrl":"https:\/\/www.fibami.com\/wp-content\/uploads\/2023\/02\/Fibami_lounge_kimono-1a.jpg","datePublished":"2025-11-28T12:00:36+00:00","dateModified":"2026-04-08T11:33:20+00:00","description":"Fibami Loungewear Kimono jakk on bambuskangast valmistatud ning m\u00f5nusalt elegantne ja lendlev. Must-valge v\u00e4rvikombo teeb sinu p\u00e4eva eriliseks.","breadcrumb":{"@id":"https:\/\/www.fibami.com\/product\/fibami-lounge-kimono-pluus\/#breadcrumb"},"inLanguage":"en-GB","potentialAction":[{"@type":"ReadAction","target":["https:\/\/www.fibami.com\/product\/fibami-lounge-kimono-pluus\/"]}]},{"@type":"ImageObject","inLanguage":"en-GB","@id":"https:\/\/www.fibami.com\/product\/fibami-lounge-kimono-pluus\/#primaryimage","url":"https:\/\/www.fibami.com\/wp-content\/uploads\/2023\/02\/Fibami_lounge_kimono-1a.jpg","contentUrl":"https:\/\/www.fibami.com\/wp-content\/uploads\/2023\/02\/Fibami_lounge_kimono-1a.jpg","width":913,"height":1369},{"@type":"BreadcrumbList","@id":"https:\/\/www.fibami.com\/product\/fibami-lounge-kimono-pluus\/#breadcrumb","itemListElement":[{"@type":"ListItem","position":1,"name":"Home","item":"https:\/\/www.fibami.com\/"},{"@type":"ListItem","position":2,"name":"Pood","item":"https:\/\/www.fibami.com\/pood\/"},{"@type":"ListItem","position":3,"name":"Fibami Lounge Kimono pluus"}]},{"@type":"WebSite","@id":"https:\/\/www.fibami.com\/#website","url":"https:\/\/www.fibami.com\/","name":"Fibami","description":"","potentialAction":[{"@type":"SearchAction","target":{"@type":"EntryPoint","urlTemplate":"https:\/\/www.fibami.com\/?s={search_term_string}"},"query-input":{"@type":"PropertyValueSpecification","valueRequired":true,"valueName":"search_term_string"}}],"inLanguage":"en-GB"}]}},"_links":{"self":[{"href":"https:\/\/www.fibami.com\/en\/wp-json\/wp\/v2\/product\/27192","targetHints":{"allow":["GET"]}}],"collection":[{"href":"https:\/\/www.fibami.com\/en\/wp-json\/wp\/v2\/product"}],"about":[{"href":"https:\/\/www.fibami.com\/en\/wp-json\/wp\/v2\/types\/product"}],"replies":[{"embeddable":true,"href":"https:\/\/www.fibami.com\/en\/wp-json\/wp\/v2\/comments?post=27192"}],"version-history":[{"count":2,"href":"https:\/\/www.fibami.com\/en\/wp-json\/wp\/v2\/product\/27192\/revisions"}],"predecessor-version":[{"id":27198,"href":"https:\/\/www.fibami.com\/en\/wp-json\/wp\/v2\/product\/27192\/revisions\/27198"}],"wp:featuredmedia":[{"embeddable":true,"href":"https:\/\/www.fibami.com\/en\/wp-json\/wp\/v2\/media\/30618"}],"wp:attachment":[{"href":"https:\/\/www.fibami.com\/en\/wp-json\/wp\/v2\/media?parent=27192"}],"wp:term":[{"taxonomy":"product_brand","embeddable":true,"href":"https:\/\/www.fibami.com\/en\/wp-json\/wp\/v2\/product_brand?post=27192"},{"taxonomy":"product_cat","embeddable":true,"href":"https:\/\/www.fibami.com\/en\/wp-json\/wp\/v2\/product_cat?post=27192"},{"taxonomy":"product_tag","embeddable":true,"href":"https:\/\/www.fibami.com\/en\/wp-json\/wp\/v2\/product_tag?post=27192"}],"curies":[{"name":"wp","href":"https:\/\/api.w.org\/{rel}","templated":true}]}}