{"id":27203,"date":"2025-11-28T15:46:35","date_gmt":"2025-11-28T12:46:35","guid":{"rendered":"https:\/\/www.fibami.com\/?post_type=product&#038;p=27203"},"modified":"2026-04-08T14:33:04","modified_gmt":"2026-04-08T11:33:04","slug":"fibami-lounge-kleit","status":"publish","type":"product","link":"https:\/\/www.fibami.com\/en\/product\/fibami-lounge-kleit\/","title":{"rendered":"Fibami Lounge Kleit"},"content":{"rendered":"<p><a href=\"https:\/\/www.fibami.com\/en\/materjalid\/\"><strong>Material<\/strong> info: <\/a>96% Bamboo, 4% Elastane<br \/>\nThe elastane content gives the fabric a pleasant amount of elongation and the bamboo fibers make the product breathable and skin-friendly. Due to the rapid natural growth of bamboo plants from bamboo to an environmentally friendly material. Our chosen bamboo fabric is especially silky and soft. Bamboo also has antibacterial properties and good moisture absorption. Our fabric is also <strong>OEKO-TEX 100<\/strong> certified - this means that the fabric is tested and free of harmful chemicals.<\/p>\n<p><strong>Maintenance:<\/strong> the blouse can be machine washed at 30 degrees. We recommend putting it on a hanger to dry after washing - this will save you the trouble of ironing, because thanks to the weight from moisture, the product will not have major wrinkles when it dries.<\/p>\n<p><img decoding=\"async\" class=\"alignnone wp-image-1345\" src=\"https:\/\/www.fibami.com\/wp-content\/uploads\/2021\/06\/oekotex-300x157.jpg\" alt=\"\" width=\"205\" height=\"107\" srcset=\"https:\/\/www.fibami.com\/wp-content\/uploads\/2021\/06\/oekotex-300x157.jpg 300w, https:\/\/www.fibami.com\/wp-content\/uploads\/2021\/06\/oekotex-900x471.jpg 900w, https:\/\/www.fibami.com\/wp-content\/uploads\/2021\/06\/oekotex-600x314.jpg 600w, https:\/\/www.fibami.com\/wp-content\/uploads\/2021\/06\/oekotex-1024x536.jpg 1024w, https:\/\/www.fibami.com\/wp-content\/uploads\/2021\/06\/oekotex-768x402.jpg 768w, https:\/\/www.fibami.com\/wp-content\/uploads\/2021\/06\/oekotex-16x8.jpg 16w, https:\/\/www.fibami.com\/wp-content\/uploads\/2021\/06\/oekotex.jpg 1200w\" sizes=\"(max-width: 205px) 100vw, 205px\" \/><\/p>","protected":false},"excerpt":{"rendered":"<p>Lounge kleit on justkui pehme embus, milles tunned end kaunilt igal hetkel.<\/p>\n<p>Kergelt vaba s\u00e4rgil\u00f5ige, V-kaelus ja k\u00fclgedel l\u00f5hikud loovad voolava silueti, mis liigub koos sinuga \u2013 olgu see hommikusel kohviminutil, l\u00f5unapausi jalutusk\u00e4igul v\u00f5i koduses rahuhetkes.<\/p>\n<ul>\n<li>\u00a0V-kaelus lisab lihtsusele naiselikkust<\/li>\n<li>K\u00fclgedel l\u00f5hikud liikumisvabaduseks ja stiilseks jooneks<\/li>\n<li>Loodud bambuskangast, mis on luksuslikult pehme, hingav ja nahas\u00f5bralik<\/li>\n<li>Kergelt vaba l\u00f5ige, mis sobib igale kehat\u00fc\u00fcbile<\/li>\n<li>Ideaalne kandmiseks kodus, reisil v\u00f5i argihommikutel<\/li>\n<\/ul>\n<p>See ei ole lihtsalt kleit. See on Fibami mugavus, mida kannad uhkusega \u2013 iga p\u00e4ev ja igas meeleolus.<\/p>\n<p>Modell on 176 cm pikk.<\/p>\n<p><img decoding=\"async\" class=\"alignnone wp-image-8575\" src=\"https:\/\/www.fibami.com\/wp-content\/uploads\/2022\/08\/breathable.png\" alt=\"\" width=\"83\" height=\"71\" srcset=\"https:\/\/www.fibami.com\/wp-content\/uploads\/2022\/08\/breathable.png 148w, https:\/\/www.fibami.com\/wp-content\/uploads\/2022\/08\/breathable-14x12.png 14w\" sizes=\"(max-width: 83px) 100vw, 83px\" \/> <img decoding=\"async\" class=\"alignnone wp-image-8490\" src=\"https:\/\/www.fibami.com\/wp-content\/uploads\/2022\/08\/moisture-management.png\" alt=\"\" width=\"97\" height=\"83\" srcset=\"https:\/\/www.fibami.com\/wp-content\/uploads\/2022\/08\/moisture-management.png 148w, https:\/\/www.fibami.com\/wp-content\/uploads\/2022\/08\/moisture-management-14x12.png 14w\" sizes=\"(max-width: 97px) 100vw, 97px\" \/> <img loading=\"lazy\" decoding=\"async\" class=\"alignnone wp-image-8489\" src=\"https:\/\/www.fibami.com\/wp-content\/uploads\/2022\/08\/soft.png\" alt=\"\" width=\"100\" height=\"85\" srcset=\"https:\/\/www.fibami.com\/wp-content\/uploads\/2022\/08\/soft.png 148w, https:\/\/www.fibami.com\/wp-content\/uploads\/2022\/08\/soft-14x12.png 14w\" sizes=\"(max-width: 100px) 100vw, 100px\" \/> <img loading=\"lazy\" decoding=\"async\" class=\"alignnone wp-image-8488\" src=\"https:\/\/www.fibami.com\/wp-content\/uploads\/2022\/08\/extra-comfort.png\" alt=\"\" width=\"105\" height=\"89\" srcset=\"https:\/\/www.fibami.com\/wp-content\/uploads\/2022\/08\/extra-comfort.png 148w, https:\/\/www.fibami.com\/wp-content\/uploads\/2022\/08\/extra-comfort-14x12.png 14w\" sizes=\"(max-width: 105px) 100vw, 105px\" \/> <img loading=\"lazy\" decoding=\"async\" class=\"alignnone wp-image-8485\" src=\"https:\/\/www.fibami.com\/wp-content\/uploads\/2022\/08\/4-way-stretch.png\" alt=\"\" width=\"91\" height=\"86\" srcset=\"https:\/\/www.fibami.com\/wp-content\/uploads\/2022\/08\/4-way-stretch.png 134w, https:\/\/www.fibami.com\/wp-content\/uploads\/2022\/08\/4-way-stretch-13x12.png 13w\" sizes=\"(max-width: 91px) 100vw, 91px\" \/><\/p>\n<p><a href=\"https:\/\/www.fibami.com\/en\/moodutabel\/\">Choose your size a<\/a>ccording to your chest circumference.<\/p>\n<p><a class=\"maxbutton-2 maxbutton maxbutton-moodutabel\" target=\"_blank\" rel=\"noopener\" href=\"\/en\/moodutabel\/\"><span class='mb-text'>Sizing chart<\/span><\/a><\/p>\n<p><strong><a href=\"https:\/\/www.fibami.com\/en\/materjalid\/\">Material<\/a>:\u00a0 <\/strong>The Fibami bamboo fabric is very soft and silky, which makes you grasp the bamboo fabric products over and over again in your wardrobe. In addition, it has a very good moisture regulatory and antibacterial properties.<\/p>\n<p><b>Toode valmib kuni 7 t\u00f6\u00f6p\u00e4eva\u00a0<\/b><\/p>","protected":false},"featured_media":30602,"comment_status":"open","ping_status":"closed","template":"","meta":[],"product_brand":[],"product_cat":[274,116,206],"product_tag":[181],"class_list":{"0":"post-27203","1":"product","2":"type-product","3":"status-publish","4":"has-post-thumbnail","6":"product_cat-fibami-kleidid","7":"product_cat-loungewear","8":"product_cat-uus","9":"product_tag-new","11":"first","12":"onbackorder","13":"taxable","14":"shipping-taxable","15":"purchasable","16":"product-type-variable"},"yoast_head":"<!-- This site is optimized with the Yoast SEO plugin v27.3 - https:\/\/yoast.com\/product\/yoast-seo-wordpress\/ -->\n<title>Fibami Lounge Kleit - Fibami<\/title>\n<meta name=\"description\" content=\"Fibami Lounge Kleit on siidine ja pehme, mis sobib nii kodus kui ka vabal ajal kandmiseks. Ja \u00fclim\u00f5nus kodusteks sauna\u00f5htuteks v\u00f5i puhkamiseks.\" \/>\n<meta name=\"robots\" content=\"index, follow, max-snippet:-1, max-image-preview:large, max-video-preview:-1\" \/>\n<link rel=\"canonical\" href=\"https:\/\/www.fibami.com\/en\/product\/fibami-lounge-kleit\/\" \/>\n<meta property=\"og:locale\" content=\"en_GB\" \/>\n<meta property=\"og:type\" content=\"article\" \/>\n<meta property=\"og:title\" content=\"Fibami Lounge Kleit\" \/>\n<meta property=\"og:description\" content=\"Fibami Lounge \u00d6\u00f6kleit on siidine ja pehme, mis sobib nii kodus kui ka vabal ajal kandmiseks. Ja \u00fclim\u00f5nus kodusteks sauna\u00f5htuteks v\u00f5i puhkamiseks.\" \/>\n<meta property=\"og:url\" content=\"https:\/\/www.fibami.com\/en\/product\/fibami-lounge-kleit\/\" \/>\n<meta property=\"og:site_name\" content=\"Fibami\" \/>\n<meta property=\"article:modified_time\" content=\"2026-04-08T11:33:04+00:00\" \/>\n<meta property=\"og:image\" content=\"https:\/\/www.fibami.com\/wp-content\/uploads\/2025\/11\/DSC02118.jpeg\" \/>\n\t<meta property=\"og:image:width\" content=\"817\" \/>\n\t<meta property=\"og:image:height\" content=\"1222\" \/>\n\t<meta property=\"og:image:type\" content=\"image\/jpeg\" \/>\n<meta name=\"twitter:card\" content=\"summary_large_image\" \/>\n<meta name=\"twitter:title\" content=\"Fibami Lounge Set pikk\/l\u00fchike\" \/>\n<meta name=\"twitter:description\" content=\"Lounge top on kergelt vaba l\u00f5ikega ning avatud seljaga. Lounge Set komplekti kuuluvad top + l\u00fchikesed p\u00fcksid v\u00f5i top + pikad Lounge p\u00fcksid. Lounge pikkadel p\u00fckstel on v\u00f6\u00f6joonel pehme kumm. Siidine pehme ja nahas\u00f5bralik bambusmaterjal.\" \/>\n<meta name=\"twitter:image\" content=\"https:\/\/www.fibami.com\/wp-content\/uploads\/2022\/10\/Fibami_Lounge_set_luhike-scaled.jpg\" \/>\n<meta name=\"twitter:label1\" content=\"Estimated reading time\" \/>\n\t<meta name=\"twitter:data1\" content=\"1 minute\" \/>\n<script type=\"application\/ld+json\" class=\"yoast-schema-graph\">{\"@context\":\"https:\\\/\\\/schema.org\",\"@graph\":[{\"@type\":\"WebPage\",\"@id\":\"https:\\\/\\\/www.fibami.com\\\/product\\\/fibami-lounge-kleit\\\/\",\"url\":\"https:\\\/\\\/www.fibami.com\\\/product\\\/fibami-lounge-kleit\\\/\",\"name\":\"Fibami Lounge Kleit - Fibami\",\"isPartOf\":{\"@id\":\"https:\\\/\\\/www.fibami.com\\\/#website\"},\"primaryImageOfPage\":{\"@id\":\"https:\\\/\\\/www.fibami.com\\\/product\\\/fibami-lounge-kleit\\\/#primaryimage\"},\"image\":{\"@id\":\"https:\\\/\\\/www.fibami.com\\\/product\\\/fibami-lounge-kleit\\\/#primaryimage\"},\"thumbnailUrl\":\"https:\\\/\\\/www.fibami.com\\\/wp-content\\\/uploads\\\/2025\\\/11\\\/Fibami_Lounge_kleit-3.jpg\",\"datePublished\":\"2025-11-28T12:46:35+00:00\",\"dateModified\":\"2026-04-08T11:33:04+00:00\",\"description\":\"Fibami Lounge Kleit on siidine ja pehme, mis sobib nii kodus kui ka vabal ajal kandmiseks. Ja \u00fclim\u00f5nus kodusteks sauna\u00f5htuteks v\u00f5i puhkamiseks.\",\"breadcrumb\":{\"@id\":\"https:\\\/\\\/www.fibami.com\\\/product\\\/fibami-lounge-kleit\\\/#breadcrumb\"},\"inLanguage\":\"en-GB\",\"potentialAction\":[{\"@type\":\"ReadAction\",\"target\":[\"https:\\\/\\\/www.fibami.com\\\/product\\\/fibami-lounge-kleit\\\/\"]}]},{\"@type\":\"ImageObject\",\"inLanguage\":\"en-GB\",\"@id\":\"https:\\\/\\\/www.fibami.com\\\/product\\\/fibami-lounge-kleit\\\/#primaryimage\",\"url\":\"https:\\\/\\\/www.fibami.com\\\/wp-content\\\/uploads\\\/2025\\\/11\\\/Fibami_Lounge_kleit-3.jpg\",\"contentUrl\":\"https:\\\/\\\/www.fibami.com\\\/wp-content\\\/uploads\\\/2025\\\/11\\\/Fibami_Lounge_kleit-3.jpg\",\"width\":1667,\"height\":2500},{\"@type\":\"BreadcrumbList\",\"@id\":\"https:\\\/\\\/www.fibami.com\\\/product\\\/fibami-lounge-kleit\\\/#breadcrumb\",\"itemListElement\":[{\"@type\":\"ListItem\",\"position\":1,\"name\":\"Home\",\"item\":\"https:\\\/\\\/www.fibami.com\\\/\"},{\"@type\":\"ListItem\",\"position\":2,\"name\":\"Pood\",\"item\":\"https:\\\/\\\/www.fibami.com\\\/pood\\\/\"},{\"@type\":\"ListItem\",\"position\":3,\"name\":\"Fibami Lounge Kleit\"}]},{\"@type\":\"WebSite\",\"@id\":\"https:\\\/\\\/www.fibami.com\\\/#website\",\"url\":\"https:\\\/\\\/www.fibami.com\\\/\",\"name\":\"Fibami\",\"description\":\"\",\"potentialAction\":[{\"@type\":\"SearchAction\",\"target\":{\"@type\":\"EntryPoint\",\"urlTemplate\":\"https:\\\/\\\/www.fibami.com\\\/?s={search_term_string}\"},\"query-input\":{\"@type\":\"PropertyValueSpecification\",\"valueRequired\":true,\"valueName\":\"search_term_string\"}}],\"inLanguage\":\"en-GB\"}]}<\/script>\n<!-- \/ Yoast SEO plugin. -->","yoast_head_json":{"title":"Fibami Lounge Kleit - Fibami","description":"Fibami Lounge Kleit on siidine ja pehme, mis sobib nii kodus kui ka vabal ajal kandmiseks. Ja \u00fclim\u00f5nus kodusteks sauna\u00f5htuteks v\u00f5i puhkamiseks.","robots":{"index":"index","follow":"follow","max-snippet":"max-snippet:-1","max-image-preview":"max-image-preview:large","max-video-preview":"max-video-preview:-1"},"canonical":"https:\/\/www.fibami.com\/en\/product\/fibami-lounge-kleit\/","og_locale":"en_GB","og_type":"article","og_title":"Fibami Lounge Kleit","og_description":"Fibami Lounge \u00d6\u00f6kleit on siidine ja pehme, mis sobib nii kodus kui ka vabal ajal kandmiseks. Ja \u00fclim\u00f5nus kodusteks sauna\u00f5htuteks v\u00f5i puhkamiseks.","og_url":"https:\/\/www.fibami.com\/en\/product\/fibami-lounge-kleit\/","og_site_name":"Fibami","article_modified_time":"2026-04-08T11:33:04+00:00","og_image":[{"width":817,"height":1222,"url":"https:\/\/www.fibami.com\/wp-content\/uploads\/2025\/11\/DSC02118.jpeg","type":"image\/jpeg"}],"twitter_card":"summary_large_image","twitter_title":"Fibami Lounge Set pikk\/l\u00fchike","twitter_description":"Lounge top on kergelt vaba l\u00f5ikega ning avatud seljaga. Lounge Set komplekti kuuluvad top + l\u00fchikesed p\u00fcksid v\u00f5i top + pikad Lounge p\u00fcksid. Lounge pikkadel p\u00fckstel on v\u00f6\u00f6joonel pehme kumm. Siidine pehme ja nahas\u00f5bralik bambusmaterjal.","twitter_image":"https:\/\/www.fibami.com\/wp-content\/uploads\/2022\/10\/Fibami_Lounge_set_luhike-scaled.jpg","twitter_misc":{"Estimated reading time":"1 minute"},"schema":{"@context":"https:\/\/schema.org","@graph":[{"@type":"WebPage","@id":"https:\/\/www.fibami.com\/product\/fibami-lounge-kleit\/","url":"https:\/\/www.fibami.com\/product\/fibami-lounge-kleit\/","name":"Fibami Lounge Kleit - Fibami","isPartOf":{"@id":"https:\/\/www.fibami.com\/#website"},"primaryImageOfPage":{"@id":"https:\/\/www.fibami.com\/product\/fibami-lounge-kleit\/#primaryimage"},"image":{"@id":"https:\/\/www.fibami.com\/product\/fibami-lounge-kleit\/#primaryimage"},"thumbnailUrl":"https:\/\/www.fibami.com\/wp-content\/uploads\/2025\/11\/Fibami_Lounge_kleit-3.jpg","datePublished":"2025-11-28T12:46:35+00:00","dateModified":"2026-04-08T11:33:04+00:00","description":"Fibami Lounge Kleit on siidine ja pehme, mis sobib nii kodus kui ka vabal ajal kandmiseks. Ja \u00fclim\u00f5nus kodusteks sauna\u00f5htuteks v\u00f5i puhkamiseks.","breadcrumb":{"@id":"https:\/\/www.fibami.com\/product\/fibami-lounge-kleit\/#breadcrumb"},"inLanguage":"en-GB","potentialAction":[{"@type":"ReadAction","target":["https:\/\/www.fibami.com\/product\/fibami-lounge-kleit\/"]}]},{"@type":"ImageObject","inLanguage":"en-GB","@id":"https:\/\/www.fibami.com\/product\/fibami-lounge-kleit\/#primaryimage","url":"https:\/\/www.fibami.com\/wp-content\/uploads\/2025\/11\/Fibami_Lounge_kleit-3.jpg","contentUrl":"https:\/\/www.fibami.com\/wp-content\/uploads\/2025\/11\/Fibami_Lounge_kleit-3.jpg","width":1667,"height":2500},{"@type":"BreadcrumbList","@id":"https:\/\/www.fibami.com\/product\/fibami-lounge-kleit\/#breadcrumb","itemListElement":[{"@type":"ListItem","position":1,"name":"Home","item":"https:\/\/www.fibami.com\/"},{"@type":"ListItem","position":2,"name":"Pood","item":"https:\/\/www.fibami.com\/pood\/"},{"@type":"ListItem","position":3,"name":"Fibami Lounge Kleit"}]},{"@type":"WebSite","@id":"https:\/\/www.fibami.com\/#website","url":"https:\/\/www.fibami.com\/","name":"Fibami","description":"","potentialAction":[{"@type":"SearchAction","target":{"@type":"EntryPoint","urlTemplate":"https:\/\/www.fibami.com\/?s={search_term_string}"},"query-input":{"@type":"PropertyValueSpecification","valueRequired":true,"valueName":"search_term_string"}}],"inLanguage":"en-GB"}]}},"_links":{"self":[{"href":"https:\/\/www.fibami.com\/en\/wp-json\/wp\/v2\/product\/27203","targetHints":{"allow":["GET"]}}],"collection":[{"href":"https:\/\/www.fibami.com\/en\/wp-json\/wp\/v2\/product"}],"about":[{"href":"https:\/\/www.fibami.com\/en\/wp-json\/wp\/v2\/types\/product"}],"replies":[{"embeddable":true,"href":"https:\/\/www.fibami.com\/en\/wp-json\/wp\/v2\/comments?post=27203"}],"version-history":[{"count":5,"href":"https:\/\/www.fibami.com\/en\/wp-json\/wp\/v2\/product\/27203\/revisions"}],"predecessor-version":[{"id":27291,"href":"https:\/\/www.fibami.com\/en\/wp-json\/wp\/v2\/product\/27203\/revisions\/27291"}],"wp:featuredmedia":[{"embeddable":true,"href":"https:\/\/www.fibami.com\/en\/wp-json\/wp\/v2\/media\/30602"}],"wp:attachment":[{"href":"https:\/\/www.fibami.com\/en\/wp-json\/wp\/v2\/media?parent=27203"}],"wp:term":[{"taxonomy":"product_brand","embeddable":true,"href":"https:\/\/www.fibami.com\/en\/wp-json\/wp\/v2\/product_brand?post=27203"},{"taxonomy":"product_cat","embeddable":true,"href":"https:\/\/www.fibami.com\/en\/wp-json\/wp\/v2\/product_cat?post=27203"},{"taxonomy":"product_tag","embeddable":true,"href":"https:\/\/www.fibami.com\/en\/wp-json\/wp\/v2\/product_tag?post=27203"}],"curies":[{"name":"wp","href":"https:\/\/api.w.org\/{rel}","templated":true}]}}