{"id":28187,"date":"2026-01-20T12:00:38","date_gmt":"2026-01-20T09:00:38","guid":{"rendered":"https:\/\/www.fibami.com\/?post_type=product&#038;p=28187"},"modified":"2026-04-09T08:47:49","modified_gmt":"2026-04-09T05:47:49","slug":"fibami-flare-retuusid","status":"publish","type":"product","link":"https:\/\/www.fibami.com\/en\/product\/fibami-flare-retuusid\/","title":{"rendered":"Fibami Flare retuusid"},"content":{"rendered":"<p>Fibami Flare retuusid<\/p>\n<p>Material:<\/p>\n<p>The fabric, which stretches and trims in all directions, is comfortable and supportive. <a href=\"https:\/\/www.fibami.com\/en\/materjalid\/\">Special sports fabric<\/a> has a very good coverage and is suitable for active training.<\/p>\n<ul>\n<li>68% Polyamide 32% Elastane<\/li>\n<li>Breathable and moisture regulating material<\/li>\n<li>Good coverage<\/li>\n<li>Quick drying<\/li>\n<li>Easy to maintain<\/li>\n<li>OEKO-TEX 100 certificate \u2013 tested and free of harmful substances<\/li>\n<li>Bluesign System \u2013 sustainable production<\/li>\n<\/ul>\n<p><img decoding=\"async\" class=\"alignnone size-full wp-image-2903\" style=\"font-weight: inherit;\" src=\"https:\/\/www.fibami.com\/wp-content\/uploads\/2021\/10\/power.png\" alt=\"\" width=\"110\" height=\"127\" srcset=\"https:\/\/www.fibami.com\/wp-content\/uploads\/2021\/10\/power.png 110w, https:\/\/www.fibami.com\/wp-content\/uploads\/2021\/10\/power-10x12.png 10w\" sizes=\"(max-width: 110px) 100vw, 110px\" \/><img decoding=\"async\" class=\"alignnone wp-image-1344\" style=\"font-weight: inherit;\" src=\"https:\/\/www.fibami.com\/wp-content\/uploads\/2021\/06\/Bluesign-System-Partnership-Certificate-300x169.jpg\" alt=\"\" width=\"202\" height=\"114\" srcset=\"https:\/\/www.fibami.com\/wp-content\/uploads\/2021\/06\/Bluesign-System-Partnership-Certificate-300x169.jpg 300w, https:\/\/www.fibami.com\/wp-content\/uploads\/2021\/06\/Bluesign-System-Partnership-Certificate-600x337.jpg 600w, https:\/\/www.fibami.com\/wp-content\/uploads\/2021\/06\/Bluesign-System-Partnership-Certificate-16x9.jpg 16w, https:\/\/www.fibami.com\/wp-content\/uploads\/2021\/06\/Bluesign-System-Partnership-Certificate.jpg 678w\" sizes=\"(max-width: 202px) 100vw, 202px\" \/><img decoding=\"async\" class=\"alignnone wp-image-1345\" src=\"https:\/\/www.fibami.com\/wp-content\/uploads\/2021\/06\/oekotex-300x157.jpg\" alt=\"\" width=\"167\" height=\"87\" srcset=\"https:\/\/www.fibami.com\/wp-content\/uploads\/2021\/06\/oekotex-300x157.jpg 300w, https:\/\/www.fibami.com\/wp-content\/uploads\/2021\/06\/oekotex-900x471.jpg 900w, https:\/\/www.fibami.com\/wp-content\/uploads\/2021\/06\/oekotex-600x314.jpg 600w, https:\/\/www.fibami.com\/wp-content\/uploads\/2021\/06\/oekotex-1024x536.jpg 1024w, https:\/\/www.fibami.com\/wp-content\/uploads\/2021\/06\/oekotex-768x402.jpg 768w, https:\/\/www.fibami.com\/wp-content\/uploads\/2021\/06\/oekotex-16x8.jpg 16w, https:\/\/www.fibami.com\/wp-content\/uploads\/2021\/06\/oekotex.jpg 1200w\" sizes=\"(max-width: 167px) 100vw, 167px\" \/><\/p>","protected":false},"excerpt":{"rendered":"<p><strong>Fibami Flare retuusid\u00a0 &#8211; <\/strong>selles mudelis on \u00fchendatud retuuside ja p\u00fckste parimad omadused. Flare retuusidega v\u00f5id minna jalutama v\u00f5i kontorisse &#8211; mugav ja viisakas valik kogu p\u00e4evaks.<\/p>\n<ul>\n<li>Stretchy and breathable legging fabric that is not see-through.<\/li>\n<li>High double waistband that is comfortably fitted but not constricting.<\/li>\n<li>Altlaienev siluett lisab jalgadele visuaalselt pikkust ja voolujoonelisust<\/li>\n<li style=\"text-align: left;\">All\u00e4\u00e4res \u00f5hikud<\/li>\n<li style=\"text-align: left;\">Sises\u00e4\u00e4re pikkused:<\/li>\n<li style=\"text-align: left;\">I kasv: 76 cm;<\/li>\n<li style=\"text-align: left;\">II kasv: 82 cm;<\/li>\n<li style=\"text-align: left;\">III kasv: 88 cm<\/li>\n<\/ul>\n<p><strong>Material:<\/strong>\u00a0<a href=\"https:\/\/www.fibami.com\/en\/materjalid\/\">Special sports fabric<\/a> on veniv ja hea katvusega. T\u00e4nu heale niiskuse regulatsioonile sobib kandmiseks nii sees kui v\u00e4ljas.<\/p>\n<p><img loading=\"lazy\" decoding=\"async\" class=\"alignnone wp-image-8485\" src=\"https:\/\/www.fibami.com\/wp-content\/uploads\/2022\/08\/4-way-stretch.png\" alt=\"\" width=\"74\" height=\"70\" srcset=\"https:\/\/www.fibami.com\/wp-content\/uploads\/2022\/08\/4-way-stretch.png 134w, https:\/\/www.fibami.com\/wp-content\/uploads\/2022\/08\/4-way-stretch-13x12.png 13w\" sizes=\"(max-width: 74px) 100vw, 74px\" \/>\u00a0\u00a0<img loading=\"lazy\" decoding=\"async\" class=\"alignnone wp-image-8492\" src=\"https:\/\/www.fibami.com\/wp-content\/uploads\/2022\/08\/quick-drying.png\" alt=\"\" width=\"86\" height=\"73\" srcset=\"https:\/\/www.fibami.com\/wp-content\/uploads\/2022\/08\/quick-drying.png 148w, https:\/\/www.fibami.com\/wp-content\/uploads\/2022\/08\/quick-drying-14x12.png 14w\" sizes=\"(max-width: 86px) 100vw, 86px\" \/><img loading=\"lazy\" decoding=\"async\" class=\"alignnone wp-image-8487\" src=\"https:\/\/www.fibami.com\/wp-content\/uploads\/2022\/08\/excellent-coverage.png\" alt=\"\" width=\"90\" height=\"77\" srcset=\"https:\/\/www.fibami.com\/wp-content\/uploads\/2022\/08\/excellent-coverage.png 148w, https:\/\/www.fibami.com\/wp-content\/uploads\/2022\/08\/excellent-coverage-14x12.png 14w\" sizes=\"(max-width: 90px) 100vw, 90px\" \/>\u00a0<img loading=\"lazy\" decoding=\"async\" class=\"alignnone wp-image-8493\" src=\"https:\/\/www.fibami.com\/wp-content\/uploads\/2022\/08\/shape-retention.png\" alt=\"\" width=\"68\" height=\"71\" srcset=\"https:\/\/www.fibami.com\/wp-content\/uploads\/2022\/08\/shape-retention.png 121w, https:\/\/www.fibami.com\/wp-content\/uploads\/2022\/08\/shape-retention-12x12.png 12w\" sizes=\"(max-width: 68px) 100vw, 68px\" \/><img loading=\"lazy\" decoding=\"async\" class=\"alignnone wp-image-8490\" src=\"https:\/\/www.fibami.com\/wp-content\/uploads\/2022\/08\/moisture-management.png\" alt=\"\" width=\"86\" height=\"73\" srcset=\"https:\/\/www.fibami.com\/wp-content\/uploads\/2022\/08\/moisture-management.png 148w, https:\/\/www.fibami.com\/wp-content\/uploads\/2022\/08\/moisture-management-14x12.png 14w\" sizes=\"(max-width: 86px) 100vw, 86px\" \/><img loading=\"lazy\" decoding=\"async\" class=\"alignnone wp-image-8488\" src=\"https:\/\/www.fibami.com\/wp-content\/uploads\/2022\/08\/extra-comfort.png\" alt=\"\" width=\"96\" height=\"82\" srcset=\"https:\/\/www.fibami.com\/wp-content\/uploads\/2022\/08\/extra-comfort.png 148w, https:\/\/www.fibami.com\/wp-content\/uploads\/2022\/08\/extra-comfort-14x12.png 14w\" sizes=\"(max-width: 96px) 100vw, 96px\" \/> <img loading=\"lazy\" decoding=\"async\" class=\"alignnone wp-image-8489\" src=\"https:\/\/www.fibami.com\/wp-content\/uploads\/2022\/08\/soft.png\" alt=\"\" width=\"83\" height=\"71\" srcset=\"https:\/\/www.fibami.com\/wp-content\/uploads\/2022\/08\/soft.png 148w, https:\/\/www.fibami.com\/wp-content\/uploads\/2022\/08\/soft-14x12.png 14w\" sizes=\"(max-width: 83px) 100vw, 83px\" \/>\u00a0<img loading=\"lazy\" decoding=\"async\" class=\"alignnone wp-image-8491\" src=\"https:\/\/www.fibami.com\/wp-content\/uploads\/2022\/08\/non-curling.png\" alt=\"\" width=\"86\" height=\"73\" srcset=\"https:\/\/www.fibami.com\/wp-content\/uploads\/2022\/08\/non-curling.png 148w, https:\/\/www.fibami.com\/wp-content\/uploads\/2022\/08\/non-curling-14x12.png 14w\" sizes=\"(max-width: 86px) 100vw, 86px\" \/> <img loading=\"lazy\" decoding=\"async\" class=\"alignnone wp-image-8494\" src=\"https:\/\/www.fibami.com\/wp-content\/uploads\/2022\/08\/pilling-resistant.png\" alt=\"\" width=\"102\" height=\"87\" srcset=\"https:\/\/www.fibami.com\/wp-content\/uploads\/2022\/08\/pilling-resistant.png 148w, https:\/\/www.fibami.com\/wp-content\/uploads\/2022\/08\/pilling-resistant-14x12.png 14w\" sizes=\"(max-width: 102px) 100vw, 102px\" \/><\/p>\n<p><strong>Shipping:<\/strong>Tutvu uute mudelite ja v\u00e4rvidega, mis on saadaval limiteeritud koguses.<br \/>\nTooteid saad<strong> tellida vahemikus\u00a03.-8. aprill\u00a0ning toodete\u00a0tarne alates 21.aprill.\u00a0<\/strong><\/p>\n<p><a href=\"https:\/\/www.fibami.com\/en\/moodutabel\/\">Choose your size<\/a> according to your waist circumference.<\/p>","protected":false},"featured_media":29790,"comment_status":"open","ping_status":"closed","template":"","meta":[],"product_brand":[],"product_cat":[65,33,208,206],"product_tag":[181],"class_list":{"0":"post-28187","1":"product","2":"type-product","3":"status-publish","4":"has-post-thumbnail","6":"product_cat-puksid","7":"product_cat-retuusid","8":"product_cat-spordiriided","9":"product_cat-uus","10":"product_tag-new","12":"first","13":"outofstock","14":"taxable","15":"shipping-taxable","16":"purchasable","17":"product-type-variable"},"yoast_head":"<!-- This site is optimized with the Yoast SEO plugin v27.3 - https:\/\/yoast.com\/product\/yoast-seo-wordpress\/ -->\n<title>Fibami Flare retuusid - Fibami<\/title>\n<meta name=\"description\" content=\"Fibami Flare retuusid on k\u00f5rge pihaga p\u00fcksid, mis on \u00fclevalt m\u00f5nusalt \u00fcmber nagu alt laieneva siluetiga.\" \/>\n<meta name=\"robots\" content=\"index, follow, max-snippet:-1, max-image-preview:large, max-video-preview:-1\" \/>\n<link rel=\"canonical\" href=\"https:\/\/www.fibami.com\/en\/product\/fibami-flare-retuusid\/\" \/>\n<meta property=\"og:locale\" content=\"en_GB\" \/>\n<meta property=\"og:type\" content=\"article\" \/>\n<meta property=\"og:title\" content=\"Fibami Flare retuusid\" \/>\n<meta property=\"og:description\" content=\"Fibami Flare retuusid on altlaienevad p\u00fcksid, mis on \u00fclevalt m\u00f5nusalt \u00fcmber nagu retuusid ning s\u00e4\u00e4reosast vabamad.\" \/>\n<meta property=\"og:url\" content=\"https:\/\/www.fibami.com\/en\/product\/fibami-flare-retuusid\/\" \/>\n<meta property=\"og:site_name\" content=\"Fibami\" \/>\n<meta property=\"article:modified_time\" content=\"2026-04-09T05:47:49+00:00\" \/>\n<meta property=\"og:image\" content=\"https:\/\/www.fibami.com\/wp-content\/uploads\/2026\/01\/fibamiactivewear2026-19.jpg\" \/>\n\t<meta property=\"og:image:width\" content=\"1667\" \/>\n\t<meta property=\"og:image:height\" content=\"2500\" \/>\n\t<meta property=\"og:image:type\" content=\"image\/jpeg\" \/>\n<meta name=\"twitter:card\" content=\"summary_large_image\" \/>\n<meta name=\"twitter:title\" content=\"Fibami Walker retuusid\" \/>\n<meta name=\"twitter:description\" content=\"Fibami Walker retuusid on sirge l\u00f5ikega p\u00fcksid, mis on \u00fclevalt m\u00f5nusalt \u00fcmber nagu retuusid ning s\u00e4\u00e4reosast veidi vabamad.\" \/>\n<meta name=\"twitter:image\" content=\"https:\/\/www.fibami.com\/wp-content\/uploads\/2024\/05\/3.png\" \/>\n<meta name=\"twitter:label1\" content=\"Estimated reading time\" \/>\n\t<meta name=\"twitter:data1\" content=\"2 minutes\" \/>\n<script type=\"application\/ld+json\" class=\"yoast-schema-graph\">{\"@context\":\"https:\\\/\\\/schema.org\",\"@graph\":[{\"@type\":\"WebPage\",\"@id\":\"https:\\\/\\\/www.fibami.com\\\/product\\\/fibami-flare-retuusid\\\/\",\"url\":\"https:\\\/\\\/www.fibami.com\\\/product\\\/fibami-flare-retuusid\\\/\",\"name\":\"Fibami Flare retuusid - Fibami\",\"isPartOf\":{\"@id\":\"https:\\\/\\\/www.fibami.com\\\/#website\"},\"primaryImageOfPage\":{\"@id\":\"https:\\\/\\\/www.fibami.com\\\/product\\\/fibami-flare-retuusid\\\/#primaryimage\"},\"image\":{\"@id\":\"https:\\\/\\\/www.fibami.com\\\/product\\\/fibami-flare-retuusid\\\/#primaryimage\"},\"thumbnailUrl\":\"https:\\\/\\\/www.fibami.com\\\/wp-content\\\/uploads\\\/2026\\\/01\\\/Fibami_flare_retuusid-1-scaled.jpg\",\"datePublished\":\"2026-01-20T09:00:38+00:00\",\"dateModified\":\"2026-04-09T05:47:49+00:00\",\"description\":\"Fibami Flare retuusid on k\u00f5rge pihaga p\u00fcksid, mis on \u00fclevalt m\u00f5nusalt \u00fcmber nagu alt laieneva siluetiga.\",\"breadcrumb\":{\"@id\":\"https:\\\/\\\/www.fibami.com\\\/product\\\/fibami-flare-retuusid\\\/#breadcrumb\"},\"inLanguage\":\"en-GB\",\"potentialAction\":[{\"@type\":\"ReadAction\",\"target\":[\"https:\\\/\\\/www.fibami.com\\\/product\\\/fibami-flare-retuusid\\\/\"]}]},{\"@type\":\"ImageObject\",\"inLanguage\":\"en-GB\",\"@id\":\"https:\\\/\\\/www.fibami.com\\\/product\\\/fibami-flare-retuusid\\\/#primaryimage\",\"url\":\"https:\\\/\\\/www.fibami.com\\\/wp-content\\\/uploads\\\/2026\\\/01\\\/Fibami_flare_retuusid-1-scaled.jpg\",\"contentUrl\":\"https:\\\/\\\/www.fibami.com\\\/wp-content\\\/uploads\\\/2026\\\/01\\\/Fibami_flare_retuusid-1-scaled.jpg\",\"width\":1707,\"height\":2560},{\"@type\":\"BreadcrumbList\",\"@id\":\"https:\\\/\\\/www.fibami.com\\\/product\\\/fibami-flare-retuusid\\\/#breadcrumb\",\"itemListElement\":[{\"@type\":\"ListItem\",\"position\":1,\"name\":\"Home\",\"item\":\"https:\\\/\\\/www.fibami.com\\\/\"},{\"@type\":\"ListItem\",\"position\":2,\"name\":\"Pood\",\"item\":\"https:\\\/\\\/www.fibami.com\\\/pood\\\/\"},{\"@type\":\"ListItem\",\"position\":3,\"name\":\"Fibami Flare retuusid\"}]},{\"@type\":\"WebSite\",\"@id\":\"https:\\\/\\\/www.fibami.com\\\/#website\",\"url\":\"https:\\\/\\\/www.fibami.com\\\/\",\"name\":\"Fibami\",\"description\":\"\",\"potentialAction\":[{\"@type\":\"SearchAction\",\"target\":{\"@type\":\"EntryPoint\",\"urlTemplate\":\"https:\\\/\\\/www.fibami.com\\\/?s={search_term_string}\"},\"query-input\":{\"@type\":\"PropertyValueSpecification\",\"valueRequired\":true,\"valueName\":\"search_term_string\"}}],\"inLanguage\":\"en-GB\"}]}<\/script>\n<!-- \/ Yoast SEO plugin. -->","yoast_head_json":{"title":"Fibami Flare retuusid - Fibami","description":"Fibami Flare retuusid on k\u00f5rge pihaga p\u00fcksid, mis on \u00fclevalt m\u00f5nusalt \u00fcmber nagu alt laieneva siluetiga.","robots":{"index":"index","follow":"follow","max-snippet":"max-snippet:-1","max-image-preview":"max-image-preview:large","max-video-preview":"max-video-preview:-1"},"canonical":"https:\/\/www.fibami.com\/en\/product\/fibami-flare-retuusid\/","og_locale":"en_GB","og_type":"article","og_title":"Fibami Flare retuusid","og_description":"Fibami Flare retuusid on altlaienevad p\u00fcksid, mis on \u00fclevalt m\u00f5nusalt \u00fcmber nagu retuusid ning s\u00e4\u00e4reosast vabamad.","og_url":"https:\/\/www.fibami.com\/en\/product\/fibami-flare-retuusid\/","og_site_name":"Fibami","article_modified_time":"2026-04-09T05:47:49+00:00","og_image":[{"width":1667,"height":2500,"url":"https:\/\/www.fibami.com\/wp-content\/uploads\/2026\/01\/fibamiactivewear2026-19.jpg","type":"image\/jpeg"}],"twitter_card":"summary_large_image","twitter_title":"Fibami Walker retuusid","twitter_description":"Fibami Walker retuusid on sirge l\u00f5ikega p\u00fcksid, mis on \u00fclevalt m\u00f5nusalt \u00fcmber nagu retuusid ning s\u00e4\u00e4reosast veidi vabamad.","twitter_image":"https:\/\/www.fibami.com\/wp-content\/uploads\/2024\/05\/3.png","twitter_misc":{"Estimated reading time":"2 minutes"},"schema":{"@context":"https:\/\/schema.org","@graph":[{"@type":"WebPage","@id":"https:\/\/www.fibami.com\/product\/fibami-flare-retuusid\/","url":"https:\/\/www.fibami.com\/product\/fibami-flare-retuusid\/","name":"Fibami Flare retuusid - Fibami","isPartOf":{"@id":"https:\/\/www.fibami.com\/#website"},"primaryImageOfPage":{"@id":"https:\/\/www.fibami.com\/product\/fibami-flare-retuusid\/#primaryimage"},"image":{"@id":"https:\/\/www.fibami.com\/product\/fibami-flare-retuusid\/#primaryimage"},"thumbnailUrl":"https:\/\/www.fibami.com\/wp-content\/uploads\/2026\/01\/Fibami_flare_retuusid-1-scaled.jpg","datePublished":"2026-01-20T09:00:38+00:00","dateModified":"2026-04-09T05:47:49+00:00","description":"Fibami Flare retuusid on k\u00f5rge pihaga p\u00fcksid, mis on \u00fclevalt m\u00f5nusalt \u00fcmber nagu alt laieneva siluetiga.","breadcrumb":{"@id":"https:\/\/www.fibami.com\/product\/fibami-flare-retuusid\/#breadcrumb"},"inLanguage":"en-GB","potentialAction":[{"@type":"ReadAction","target":["https:\/\/www.fibami.com\/product\/fibami-flare-retuusid\/"]}]},{"@type":"ImageObject","inLanguage":"en-GB","@id":"https:\/\/www.fibami.com\/product\/fibami-flare-retuusid\/#primaryimage","url":"https:\/\/www.fibami.com\/wp-content\/uploads\/2026\/01\/Fibami_flare_retuusid-1-scaled.jpg","contentUrl":"https:\/\/www.fibami.com\/wp-content\/uploads\/2026\/01\/Fibami_flare_retuusid-1-scaled.jpg","width":1707,"height":2560},{"@type":"BreadcrumbList","@id":"https:\/\/www.fibami.com\/product\/fibami-flare-retuusid\/#breadcrumb","itemListElement":[{"@type":"ListItem","position":1,"name":"Home","item":"https:\/\/www.fibami.com\/"},{"@type":"ListItem","position":2,"name":"Pood","item":"https:\/\/www.fibami.com\/pood\/"},{"@type":"ListItem","position":3,"name":"Fibami Flare retuusid"}]},{"@type":"WebSite","@id":"https:\/\/www.fibami.com\/#website","url":"https:\/\/www.fibami.com\/","name":"Fibami","description":"","potentialAction":[{"@type":"SearchAction","target":{"@type":"EntryPoint","urlTemplate":"https:\/\/www.fibami.com\/?s={search_term_string}"},"query-input":{"@type":"PropertyValueSpecification","valueRequired":true,"valueName":"search_term_string"}}],"inLanguage":"en-GB"}]}},"_links":{"self":[{"href":"https:\/\/www.fibami.com\/en\/wp-json\/wp\/v2\/product\/28187","targetHints":{"allow":["GET"]}}],"collection":[{"href":"https:\/\/www.fibami.com\/en\/wp-json\/wp\/v2\/product"}],"about":[{"href":"https:\/\/www.fibami.com\/en\/wp-json\/wp\/v2\/types\/product"}],"replies":[{"embeddable":true,"href":"https:\/\/www.fibami.com\/en\/wp-json\/wp\/v2\/comments?post=28187"}],"version-history":[{"count":5,"href":"https:\/\/www.fibami.com\/en\/wp-json\/wp\/v2\/product\/28187\/revisions"}],"predecessor-version":[{"id":30523,"href":"https:\/\/www.fibami.com\/en\/wp-json\/wp\/v2\/product\/28187\/revisions\/30523"}],"wp:featuredmedia":[{"embeddable":true,"href":"https:\/\/www.fibami.com\/en\/wp-json\/wp\/v2\/media\/29790"}],"wp:attachment":[{"href":"https:\/\/www.fibami.com\/en\/wp-json\/wp\/v2\/media?parent=28187"}],"wp:term":[{"taxonomy":"product_brand","embeddable":true,"href":"https:\/\/www.fibami.com\/en\/wp-json\/wp\/v2\/product_brand?post=28187"},{"taxonomy":"product_cat","embeddable":true,"href":"https:\/\/www.fibami.com\/en\/wp-json\/wp\/v2\/product_cat?post=28187"},{"taxonomy":"product_tag","embeddable":true,"href":"https:\/\/www.fibami.com\/en\/wp-json\/wp\/v2\/product_tag?post=28187"}],"curies":[{"name":"wp","href":"https:\/\/api.w.org\/{rel}","templated":true}]}}