{"id":29241,"date":"2026-01-20T12:59:13","date_gmt":"2026-01-20T09:59:13","guid":{"rendered":"https:\/\/www.fibami.com\/?post_type=product&#038;p=29241"},"modified":"2026-04-08T13:49:05","modified_gmt":"2026-04-08T10:49:05","slug":"fibami-leisure-kimono-pluus","status":"publish","type":"product","link":"https:\/\/www.fibami.com\/en\/product\/fibami-leisure-kimono-pluus\/","title":{"rendered":"Fibami Leisure Kimono pluus"},"content":{"rendered":"<blockquote><p>Fibami Leisure Kimono Pluus<\/p><\/blockquote>\n<ul>\n<li><a href=\"https:\/\/www.fibami.com\/en\/materjalid\/\">Material<\/a>56% Viscose, 32% Polyester, 12% Elastane<\/li>\n<li>Body-friendly and pleasantly stretchy material<\/li>\n<li>Timeless design and cut<\/li>\n<li>Easy to maintain and minimally wrinkling fabric<\/li>\n<li>OEKO-TEX 100 certificate \u2013 tested and free of harmful substances<\/li>\n<\/ul>\n<p>&nbsp;<\/p>\n<p><img decoding=\"async\" class=\"alignnone wp-image-1345\" src=\"https:\/\/www.fibami.com\/wp-content\/uploads\/2021\/06\/oekotex-300x157.jpg\" alt=\"\" width=\"212\" height=\"111\" srcset=\"https:\/\/www.fibami.com\/wp-content\/uploads\/2021\/06\/oekotex-300x157.jpg 300w, https:\/\/www.fibami.com\/wp-content\/uploads\/2021\/06\/oekotex-900x471.jpg 900w, https:\/\/www.fibami.com\/wp-content\/uploads\/2021\/06\/oekotex-600x314.jpg 600w, https:\/\/www.fibami.com\/wp-content\/uploads\/2021\/06\/oekotex-1024x536.jpg 1024w, https:\/\/www.fibami.com\/wp-content\/uploads\/2021\/06\/oekotex-768x402.jpg 768w, https:\/\/www.fibami.com\/wp-content\/uploads\/2021\/06\/oekotex-16x8.jpg 16w, https:\/\/www.fibami.com\/wp-content\/uploads\/2021\/06\/oekotex.jpg 1200w\" sizes=\"(max-width: 212px) 100vw, 212px\" \/><\/p>","protected":false},"excerpt":{"rendered":"<p data-start=\"71\" data-end=\"300\"><strong>Fibami Kimono Pluus<\/strong> on minimalistlik ja l\u00e4bim\u00f5eldud r\u00f5ivaese, mis \u00fchendab mugavuse, naiselikkuse ja puhta vormikeele. Kimono-stiilis l\u00f5ige langeb vabalt, j\u00e4ttes kehale liikumisruumi ning luues rahuliku ja tasakaalustatud silueti.<\/p>\n<p data-start=\"302\" data-end=\"562\">Pluusi k\u00fclgedel asuvad paelad v\u00f5imaldavad istuvust reguleerida vastavalt soovile \u2013 kanna pluusi sirgema ja vabamana v\u00f5i seo paelad, et r\u00f5hutada taljet. Pehme ja h\u00e4sti langev materjal teeb sellest usaldusv\u00e4\u00e4rse valiku nii t\u00f6\u00f6p\u00e4evaks kui ka vabamateks hetkedeks.<\/p>\n<p data-start=\"564\" data-end=\"703\">Ajatu disain ja neutraalne v\u00e4rvigamma muudavad Kimono Pluusi h\u00f5lpsasti kombineeritavaks nii p\u00fckste, seelikute kui ka erinevate jalan\u00f5udega.<\/p>\n<p data-start=\"705\" data-end=\"718\"><strong data-start=\"705\" data-end=\"718\">Detailid:<\/strong><\/p>\n<ul data-start=\"719\" data-end=\"916\">\n<li data-start=\"719\" data-end=\"743\">\n<p data-start=\"721\" data-end=\"743\">Kimono-stiilis l\u00f5ige<\/p>\n<\/li>\n<li data-start=\"744\" data-end=\"773\">\n<p data-start=\"746\" data-end=\"773\">Reguleeritavad k\u00fclgpaelad<\/p>\n<\/li>\n<li data-start=\"774\" data-end=\"800\">\n<p data-start=\"776\" data-end=\"800\">Sirge ja mugav siluett<\/p>\n<\/li>\n<li data-start=\"801\" data-end=\"848\">\n<p data-start=\"803\" data-end=\"848\">Pehme, kvaliteetne ja h\u00e4sti langev materjal<\/p>\n<\/li>\n<li data-start=\"849\" data-end=\"916\">\n<p data-start=\"851\" data-end=\"916\">Sobib nii igap\u00e4evaseks kandmiseks kui ka pidulikemaks hetkedeks<\/p>\n<\/li>\n<li style=\"text-align: center;\" data-start=\"849\" data-end=\"916\">Pikkus \u00f5last m\u00f5\u00f5tes: 66 cm<\/li>\n<\/ul>\n<p data-start=\"918\" data-end=\"1051\" data-is-last-node=\"\" data-is-only-node=\"\">Fibami Kimono Pluus on r\u00f5ivas, mis ei p\u00fc\u00fcdle t\u00e4helepanu, vaid loob kandjale vaoshoitud enesekindluse ja kandmismugavuse kogu p\u00e4evaks.<\/p>\n<p><strong><a href=\"https:\/\/www.fibami.com\/en\/materjalid\/\">Material<\/a>:\u00a0\u00a0<\/strong>Viscose blend fabric is very body friendly. Due to the elastane content, it is stretchy and wrinkles minimally.<\/p>\n<p><a href=\"https:\/\/www.fibami.com\/en\/moodutabel\/\">Choose your size<\/a> according to your chest circumference.<\/p>\n<p><strong>Toode valmib kuni 7 t\u00f6\u00f6p\u00e4eva jooksul.<\/strong><\/p>\n<p><a class=\"maxbutton-2 maxbutton maxbutton-moodutabel\" target=\"_blank\" rel=\"noopener\" href=\"\/en\/moodutabel\/\"><span class='mb-text'>Sizing chart<\/span><\/a><\/p>","protected":false},"featured_media":30680,"comment_status":"open","ping_status":"closed","template":"","meta":[],"product_brand":[],"product_cat":[248,112,111,206],"product_tag":[181],"class_list":{"0":"post-29241","1":"product","2":"type-product","3":"status-publish","4":"has-post-thumbnail","6":"product_cat-leisurewear","7":"product_cat-pluusid","8":"product_cat-pusad","9":"product_cat-uus","10":"product_tag-new","12":"first","13":"onbackorder","14":"taxable","15":"shipping-taxable","16":"purchasable","17":"product-type-variable"},"yoast_head":"<!-- This site is optimized with the Yoast SEO plugin v27.3 - https:\/\/yoast.com\/product\/yoast-seo-wordpress\/ -->\n<title>Fibami Leisure Kimono pluus - Fibami<\/title>\n<meta name=\"description\" content=\"Fibami Kimono Pluus on minimalistlik ja l\u00e4bim\u00f5eldud r\u00f5ivaese, mis \u00fchendab mugavuse, naiselikkuse ja puhta vormikeele. Kimono-stiilis l\u00f5ige langeb vabalt, j\u00e4ttes kehale liikumisruumi ning luues rahuliku ja tasakaalustatud silueti.\" \/>\n<meta name=\"robots\" content=\"index, follow, max-snippet:-1, max-image-preview:large, max-video-preview:-1\" \/>\n<link rel=\"canonical\" href=\"https:\/\/www.fibami.com\/en\/product\/fibami-leisure-kimono-pluus\/\" \/>\n<meta property=\"og:locale\" content=\"en_GB\" \/>\n<meta property=\"og:type\" content=\"article\" \/>\n<meta property=\"og:title\" content=\"Fibami Leisure Kimono Pluus\" \/>\n<meta property=\"og:description\" content=\"Fibami Kimono Pluus on minimalistlik ja l\u00e4bim\u00f5eldud r\u00f5ivaese, mis \u00fchendab mugavuse, naiselikkuse ja puhta vormikeele. Kimono-stiilis l\u00f5ige langeb vabalt, j\u00e4ttes kehale liikumisruumi ning luues rahuliku ja tasakaalustatud silueti.\" \/>\n<meta property=\"og:url\" content=\"https:\/\/www.fibami.com\/en\/product\/fibami-leisure-kimono-pluus\/\" \/>\n<meta property=\"og:site_name\" content=\"Fibami\" \/>\n<meta property=\"article:modified_time\" content=\"2026-04-08T10:49:05+00:00\" \/>\n<meta property=\"og:image\" content=\"https:\/\/www.fibami.com\/wp-content\/uploads\/2025\/11\/b83a662e7585b969ff0e2c8a25e754dd.jpeg\" \/>\n\t<meta property=\"og:image:width\" content=\"1036\" \/>\n\t<meta property=\"og:image:height\" content=\"1550\" \/>\n\t<meta property=\"og:image:type\" content=\"image\/jpeg\" \/>\n<meta name=\"twitter:card\" content=\"summary_large_image\" \/>\n<meta name=\"twitter:title\" content=\"Fibami Leisure Pusa\" \/>\n<meta name=\"twitter:description\" content=\"Kapuutsiga pusa on minimalistliku joonega ning sobib kombineerimiseks nii sportlikus kui pidulikumas v\u00f5tmes. K\u00fclgedel olevad v\u00e4iksed l\u00f5hikud annavad vabaduse ning tagavad hea sobivuse. Valmistatud mugavas ja venivast viskoosisegu kangast.\" \/>\n<meta name=\"twitter:image\" content=\"https:\/\/www.fibami.com\/wp-content\/uploads\/2023\/06\/Fibami_leisure_pusa-3-1.jpg\" \/>\n<meta name=\"twitter:label1\" content=\"Estimated reading time\" \/>\n\t<meta name=\"twitter:data1\" content=\"1 minute\" \/>\n<script type=\"application\/ld+json\" class=\"yoast-schema-graph\">{\"@context\":\"https:\\\/\\\/schema.org\",\"@graph\":[{\"@type\":\"WebPage\",\"@id\":\"https:\\\/\\\/www.fibami.com\\\/product\\\/fibami-leisure-kimono-pluus\\\/\",\"url\":\"https:\\\/\\\/www.fibami.com\\\/product\\\/fibami-leisure-kimono-pluus\\\/\",\"name\":\"Fibami Leisure Kimono pluus - Fibami\",\"isPartOf\":{\"@id\":\"https:\\\/\\\/www.fibami.com\\\/#website\"},\"primaryImageOfPage\":{\"@id\":\"https:\\\/\\\/www.fibami.com\\\/product\\\/fibami-leisure-kimono-pluus\\\/#primaryimage\"},\"image\":{\"@id\":\"https:\\\/\\\/www.fibami.com\\\/product\\\/fibami-leisure-kimono-pluus\\\/#primaryimage\"},\"thumbnailUrl\":\"https:\\\/\\\/www.fibami.com\\\/wp-content\\\/uploads\\\/2026\\\/01\\\/Fibami_kimono_pluus-3.jpg\",\"datePublished\":\"2026-01-20T09:59:13+00:00\",\"dateModified\":\"2026-04-08T10:49:05+00:00\",\"description\":\"Fibami Kimono Pluus on minimalistlik ja l\u00e4bim\u00f5eldud r\u00f5ivaese, mis \u00fchendab mugavuse, naiselikkuse ja puhta vormikeele. Kimono-stiilis l\u00f5ige langeb vabalt, j\u00e4ttes kehale liikumisruumi ning luues rahuliku ja tasakaalustatud silueti.\",\"breadcrumb\":{\"@id\":\"https:\\\/\\\/www.fibami.com\\\/product\\\/fibami-leisure-kimono-pluus\\\/#breadcrumb\"},\"inLanguage\":\"en-GB\",\"potentialAction\":[{\"@type\":\"ReadAction\",\"target\":[\"https:\\\/\\\/www.fibami.com\\\/product\\\/fibami-leisure-kimono-pluus\\\/\"]}]},{\"@type\":\"ImageObject\",\"inLanguage\":\"en-GB\",\"@id\":\"https:\\\/\\\/www.fibami.com\\\/product\\\/fibami-leisure-kimono-pluus\\\/#primaryimage\",\"url\":\"https:\\\/\\\/www.fibami.com\\\/wp-content\\\/uploads\\\/2026\\\/01\\\/Fibami_kimono_pluus-3.jpg\",\"contentUrl\":\"https:\\\/\\\/www.fibami.com\\\/wp-content\\\/uploads\\\/2026\\\/01\\\/Fibami_kimono_pluus-3.jpg\",\"width\":1667,\"height\":2500},{\"@type\":\"BreadcrumbList\",\"@id\":\"https:\\\/\\\/www.fibami.com\\\/product\\\/fibami-leisure-kimono-pluus\\\/#breadcrumb\",\"itemListElement\":[{\"@type\":\"ListItem\",\"position\":1,\"name\":\"Home\",\"item\":\"https:\\\/\\\/www.fibami.com\\\/\"},{\"@type\":\"ListItem\",\"position\":2,\"name\":\"Pood\",\"item\":\"https:\\\/\\\/www.fibami.com\\\/pood\\\/\"},{\"@type\":\"ListItem\",\"position\":3,\"name\":\"Fibami Leisure Kimono pluus\"}]},{\"@type\":\"WebSite\",\"@id\":\"https:\\\/\\\/www.fibami.com\\\/#website\",\"url\":\"https:\\\/\\\/www.fibami.com\\\/\",\"name\":\"Fibami\",\"description\":\"\",\"potentialAction\":[{\"@type\":\"SearchAction\",\"target\":{\"@type\":\"EntryPoint\",\"urlTemplate\":\"https:\\\/\\\/www.fibami.com\\\/?s={search_term_string}\"},\"query-input\":{\"@type\":\"PropertyValueSpecification\",\"valueRequired\":true,\"valueName\":\"search_term_string\"}}],\"inLanguage\":\"en-GB\"}]}<\/script>\n<!-- \/ Yoast SEO plugin. -->","yoast_head_json":{"title":"Fibami Leisure Kimono pluus - Fibami","description":"Fibami Kimono Pluus on minimalistlik ja l\u00e4bim\u00f5eldud r\u00f5ivaese, mis \u00fchendab mugavuse, naiselikkuse ja puhta vormikeele. Kimono-stiilis l\u00f5ige langeb vabalt, j\u00e4ttes kehale liikumisruumi ning luues rahuliku ja tasakaalustatud silueti.","robots":{"index":"index","follow":"follow","max-snippet":"max-snippet:-1","max-image-preview":"max-image-preview:large","max-video-preview":"max-video-preview:-1"},"canonical":"https:\/\/www.fibami.com\/en\/product\/fibami-leisure-kimono-pluus\/","og_locale":"en_GB","og_type":"article","og_title":"Fibami Leisure Kimono Pluus","og_description":"Fibami Kimono Pluus on minimalistlik ja l\u00e4bim\u00f5eldud r\u00f5ivaese, mis \u00fchendab mugavuse, naiselikkuse ja puhta vormikeele. Kimono-stiilis l\u00f5ige langeb vabalt, j\u00e4ttes kehale liikumisruumi ning luues rahuliku ja tasakaalustatud silueti.","og_url":"https:\/\/www.fibami.com\/en\/product\/fibami-leisure-kimono-pluus\/","og_site_name":"Fibami","article_modified_time":"2026-04-08T10:49:05+00:00","og_image":[{"width":1036,"height":1550,"url":"https:\/\/www.fibami.com\/wp-content\/uploads\/2025\/11\/b83a662e7585b969ff0e2c8a25e754dd.jpeg","type":"image\/jpeg"}],"twitter_card":"summary_large_image","twitter_title":"Fibami Leisure Pusa","twitter_description":"Kapuutsiga pusa on minimalistliku joonega ning sobib kombineerimiseks nii sportlikus kui pidulikumas v\u00f5tmes. K\u00fclgedel olevad v\u00e4iksed l\u00f5hikud annavad vabaduse ning tagavad hea sobivuse. Valmistatud mugavas ja venivast viskoosisegu kangast.","twitter_image":"https:\/\/www.fibami.com\/wp-content\/uploads\/2023\/06\/Fibami_leisure_pusa-3-1.jpg","twitter_misc":{"Estimated reading time":"1 minute"},"schema":{"@context":"https:\/\/schema.org","@graph":[{"@type":"WebPage","@id":"https:\/\/www.fibami.com\/product\/fibami-leisure-kimono-pluus\/","url":"https:\/\/www.fibami.com\/product\/fibami-leisure-kimono-pluus\/","name":"Fibami Leisure Kimono pluus - Fibami","isPartOf":{"@id":"https:\/\/www.fibami.com\/#website"},"primaryImageOfPage":{"@id":"https:\/\/www.fibami.com\/product\/fibami-leisure-kimono-pluus\/#primaryimage"},"image":{"@id":"https:\/\/www.fibami.com\/product\/fibami-leisure-kimono-pluus\/#primaryimage"},"thumbnailUrl":"https:\/\/www.fibami.com\/wp-content\/uploads\/2026\/01\/Fibami_kimono_pluus-3.jpg","datePublished":"2026-01-20T09:59:13+00:00","dateModified":"2026-04-08T10:49:05+00:00","description":"Fibami Kimono Pluus on minimalistlik ja l\u00e4bim\u00f5eldud r\u00f5ivaese, mis \u00fchendab mugavuse, naiselikkuse ja puhta vormikeele. Kimono-stiilis l\u00f5ige langeb vabalt, j\u00e4ttes kehale liikumisruumi ning luues rahuliku ja tasakaalustatud silueti.","breadcrumb":{"@id":"https:\/\/www.fibami.com\/product\/fibami-leisure-kimono-pluus\/#breadcrumb"},"inLanguage":"en-GB","potentialAction":[{"@type":"ReadAction","target":["https:\/\/www.fibami.com\/product\/fibami-leisure-kimono-pluus\/"]}]},{"@type":"ImageObject","inLanguage":"en-GB","@id":"https:\/\/www.fibami.com\/product\/fibami-leisure-kimono-pluus\/#primaryimage","url":"https:\/\/www.fibami.com\/wp-content\/uploads\/2026\/01\/Fibami_kimono_pluus-3.jpg","contentUrl":"https:\/\/www.fibami.com\/wp-content\/uploads\/2026\/01\/Fibami_kimono_pluus-3.jpg","width":1667,"height":2500},{"@type":"BreadcrumbList","@id":"https:\/\/www.fibami.com\/product\/fibami-leisure-kimono-pluus\/#breadcrumb","itemListElement":[{"@type":"ListItem","position":1,"name":"Home","item":"https:\/\/www.fibami.com\/"},{"@type":"ListItem","position":2,"name":"Pood","item":"https:\/\/www.fibami.com\/pood\/"},{"@type":"ListItem","position":3,"name":"Fibami Leisure Kimono pluus"}]},{"@type":"WebSite","@id":"https:\/\/www.fibami.com\/#website","url":"https:\/\/www.fibami.com\/","name":"Fibami","description":"","potentialAction":[{"@type":"SearchAction","target":{"@type":"EntryPoint","urlTemplate":"https:\/\/www.fibami.com\/?s={search_term_string}"},"query-input":{"@type":"PropertyValueSpecification","valueRequired":true,"valueName":"search_term_string"}}],"inLanguage":"en-GB"}]}},"_links":{"self":[{"href":"https:\/\/www.fibami.com\/en\/wp-json\/wp\/v2\/product\/29241","targetHints":{"allow":["GET"]}}],"collection":[{"href":"https:\/\/www.fibami.com\/en\/wp-json\/wp\/v2\/product"}],"about":[{"href":"https:\/\/www.fibami.com\/en\/wp-json\/wp\/v2\/types\/product"}],"replies":[{"embeddable":true,"href":"https:\/\/www.fibami.com\/en\/wp-json\/wp\/v2\/comments?post=29241"}],"version-history":[{"count":4,"href":"https:\/\/www.fibami.com\/en\/wp-json\/wp\/v2\/product\/29241\/revisions"}],"predecessor-version":[{"id":29418,"href":"https:\/\/www.fibami.com\/en\/wp-json\/wp\/v2\/product\/29241\/revisions\/29418"}],"wp:featuredmedia":[{"embeddable":true,"href":"https:\/\/www.fibami.com\/en\/wp-json\/wp\/v2\/media\/30680"}],"wp:attachment":[{"href":"https:\/\/www.fibami.com\/en\/wp-json\/wp\/v2\/media?parent=29241"}],"wp:term":[{"taxonomy":"product_brand","embeddable":true,"href":"https:\/\/www.fibami.com\/en\/wp-json\/wp\/v2\/product_brand?post=29241"},{"taxonomy":"product_cat","embeddable":true,"href":"https:\/\/www.fibami.com\/en\/wp-json\/wp\/v2\/product_cat?post=29241"},{"taxonomy":"product_tag","embeddable":true,"href":"https:\/\/www.fibami.com\/en\/wp-json\/wp\/v2\/product_tag?post=29241"}],"curies":[{"name":"wp","href":"https:\/\/api.w.org\/{rel}","templated":true}]}}