{"id":30420,"date":"2026-03-31T10:43:40","date_gmt":"2026-03-31T07:43:40","guid":{"rendered":"https:\/\/www.fibami.com\/?post_type=product&#038;p=30420"},"modified":"2026-04-03T08:42:29","modified_gmt":"2026-04-03T05:42:29","slug":"fibami-active-spordipusa","status":"publish","type":"product","link":"https:\/\/www.fibami.com\/en\/product\/fibami-active-spordipusa\/","title":{"rendered":"Fibami Active spordipusa"},"content":{"rendered":"<p>The fabric, which stretches and fits in all directions, is comfortable and supportive. Special sports fabric with a very good coverage and suitable for active training.<\/p>\n<ul>\n<li>68% Polyamide 32% Elastane<\/li>\n<li>Breathable and moisture regulating material<\/li>\n<li>Good coverage<\/li>\n<li>Quick drying<\/li>\n<li>Easy to maintain<\/li>\n<li>OEKO-TEX 100 certificate \u2013 tested and free of harmful substances<\/li>\n<li>Bluesign System \u2013 sustainable production<\/li>\n<\/ul>\n<p><img decoding=\"async\" class=\"alignnone wp-image-8483\" src=\"https:\/\/www.fibami.com\/wp-content\/uploads\/2021\/06\/Power_performance_technology.jpg\" alt=\"\" width=\"140\" height=\"124\" srcset=\"https:\/\/www.fibami.com\/wp-content\/uploads\/2021\/06\/Power_performance_technology.jpg 243w, https:\/\/www.fibami.com\/wp-content\/uploads\/2021\/06\/Power_performance_technology-14x12.jpg 14w, https:\/\/www.fibami.com\/wp-content\/uploads\/2021\/06\/Power_performance_technology-150x133.jpg 150w\" sizes=\"(max-width: 140px) 100vw, 140px\" \/><img decoding=\"async\" class=\"alignnone wp-image-1345\" src=\"https:\/\/www.fibami.com\/wp-content\/uploads\/2021\/06\/oekotex-300x157.jpg\" alt=\"\" width=\"167\" height=\"87\" srcset=\"https:\/\/www.fibami.com\/wp-content\/uploads\/2021\/06\/oekotex-300x157.jpg 300w, https:\/\/www.fibami.com\/wp-content\/uploads\/2021\/06\/oekotex-900x471.jpg 900w, https:\/\/www.fibami.com\/wp-content\/uploads\/2021\/06\/oekotex-600x314.jpg 600w, https:\/\/www.fibami.com\/wp-content\/uploads\/2021\/06\/oekotex-1024x536.jpg 1024w, https:\/\/www.fibami.com\/wp-content\/uploads\/2021\/06\/oekotex-768x402.jpg 768w, https:\/\/www.fibami.com\/wp-content\/uploads\/2021\/06\/oekotex-16x8.jpg 16w, https:\/\/www.fibami.com\/wp-content\/uploads\/2021\/06\/oekotex.jpg 1200w\" sizes=\"(max-width: 167px) 100vw, 167px\" \/><img decoding=\"async\" class=\"alignnone wp-image-1344\" src=\"https:\/\/www.fibami.com\/wp-content\/uploads\/2021\/06\/Bluesign-System-Partnership-Certificate-300x169.jpg\" alt=\"\" width=\"202\" height=\"114\" srcset=\"https:\/\/www.fibami.com\/wp-content\/uploads\/2021\/06\/Bluesign-System-Partnership-Certificate-300x169.jpg 300w, https:\/\/www.fibami.com\/wp-content\/uploads\/2021\/06\/Bluesign-System-Partnership-Certificate-600x337.jpg 600w, https:\/\/www.fibami.com\/wp-content\/uploads\/2021\/06\/Bluesign-System-Partnership-Certificate-16x9.jpg 16w, https:\/\/www.fibami.com\/wp-content\/uploads\/2021\/06\/Bluesign-System-Partnership-Certificate.jpg 678w\" sizes=\"(max-width: 202px) 100vw, 202px\" \/><\/p>","protected":false},"excerpt":{"rendered":"<p>Fibami Active spordipusa on meie spordikollektsiooni uhiuus ja v\u00e4ga oodatud liige. Pikema seljaosaga ning k\u00f5rge kaelusega pusa on ideaalne kevadine spordipusa, mis sobib treeninguteks v\u00e4rskes \u00f5hus ning on seejures hingav ja niiskust reguleeriv.<\/p>\n<ul>\n<li>Lukuga kraeosa, millel on helkurlogo<\/li>\n<li>Seljaosa pikem<\/li>\n<li>K\u00fclgedel on taskud<\/li>\n<li>Valmistatud niiskust reguleerivast ja hingavast spordikangast.<\/li>\n<li>Sobib nii spordi- kui vabaaja r\u00f5ivastega kombineerimiseks.<\/li>\n<li>The fabric is matte (not glossy).<\/li>\n<\/ul>\n<p>Tutvu uute mudelite ja v\u00e4rvidega, mis on saadaval limiteeritud koguses.<br \/>\nTooteid saad tellida vahemikus\u00a0<strong>3.-8. aprill<\/strong>\u00a0ning toodete\u00a0<strong>tarne alates 21.aprill.\u00a0<\/strong><\/p>\n<p><img loading=\"lazy\" decoding=\"async\" class=\"alignnone wp-image-8485\" src=\"https:\/\/www.fibami.com\/wp-content\/uploads\/2022\/08\/4-way-stretch.png\" alt=\"\" width=\"74\" height=\"70\" srcset=\"https:\/\/www.fibami.com\/wp-content\/uploads\/2022\/08\/4-way-stretch.png 134w, https:\/\/www.fibami.com\/wp-content\/uploads\/2022\/08\/4-way-stretch-13x12.png 13w\" sizes=\"(max-width: 74px) 100vw, 74px\" \/>\u00a0\u00a0<img loading=\"lazy\" decoding=\"async\" class=\"alignnone wp-image-8492\" src=\"https:\/\/www.fibami.com\/wp-content\/uploads\/2022\/08\/quick-drying.png\" alt=\"\" width=\"86\" height=\"73\" srcset=\"https:\/\/www.fibami.com\/wp-content\/uploads\/2022\/08\/quick-drying.png 148w, https:\/\/www.fibami.com\/wp-content\/uploads\/2022\/08\/quick-drying-14x12.png 14w\" sizes=\"(max-width: 86px) 100vw, 86px\" \/><img loading=\"lazy\" decoding=\"async\" class=\"alignnone wp-image-8487\" src=\"https:\/\/www.fibami.com\/wp-content\/uploads\/2022\/08\/excellent-coverage.png\" alt=\"\" width=\"90\" height=\"77\" srcset=\"https:\/\/www.fibami.com\/wp-content\/uploads\/2022\/08\/excellent-coverage.png 148w, https:\/\/www.fibami.com\/wp-content\/uploads\/2022\/08\/excellent-coverage-14x12.png 14w\" sizes=\"(max-width: 90px) 100vw, 90px\" \/>\u00a0<img loading=\"lazy\" decoding=\"async\" class=\"alignnone wp-image-8493\" src=\"https:\/\/www.fibami.com\/wp-content\/uploads\/2022\/08\/shape-retention.png\" alt=\"\" width=\"68\" height=\"71\" srcset=\"https:\/\/www.fibami.com\/wp-content\/uploads\/2022\/08\/shape-retention.png 121w, https:\/\/www.fibami.com\/wp-content\/uploads\/2022\/08\/shape-retention-12x12.png 12w\" sizes=\"(max-width: 68px) 100vw, 68px\" \/><img loading=\"lazy\" decoding=\"async\" class=\"alignnone wp-image-8490\" src=\"https:\/\/www.fibami.com\/wp-content\/uploads\/2022\/08\/moisture-management.png\" alt=\"\" width=\"86\" height=\"73\" srcset=\"https:\/\/www.fibami.com\/wp-content\/uploads\/2022\/08\/moisture-management.png 148w, https:\/\/www.fibami.com\/wp-content\/uploads\/2022\/08\/moisture-management-14x12.png 14w\" sizes=\"(max-width: 86px) 100vw, 86px\" \/><img loading=\"lazy\" decoding=\"async\" class=\"alignnone wp-image-8488\" src=\"https:\/\/www.fibami.com\/wp-content\/uploads\/2022\/08\/extra-comfort.png\" alt=\"\" width=\"96\" height=\"82\" srcset=\"https:\/\/www.fibami.com\/wp-content\/uploads\/2022\/08\/extra-comfort.png 148w, https:\/\/www.fibami.com\/wp-content\/uploads\/2022\/08\/extra-comfort-14x12.png 14w\" sizes=\"(max-width: 96px) 100vw, 96px\" \/> <img loading=\"lazy\" decoding=\"async\" class=\"alignnone wp-image-8489\" src=\"https:\/\/www.fibami.com\/wp-content\/uploads\/2022\/08\/soft.png\" alt=\"\" width=\"83\" height=\"71\" srcset=\"https:\/\/www.fibami.com\/wp-content\/uploads\/2022\/08\/soft.png 148w, https:\/\/www.fibami.com\/wp-content\/uploads\/2022\/08\/soft-14x12.png 14w\" sizes=\"(max-width: 83px) 100vw, 83px\" \/>\u00a0<img loading=\"lazy\" decoding=\"async\" class=\"alignnone wp-image-8491\" src=\"https:\/\/www.fibami.com\/wp-content\/uploads\/2022\/08\/non-curling.png\" alt=\"\" width=\"86\" height=\"73\" srcset=\"https:\/\/www.fibami.com\/wp-content\/uploads\/2022\/08\/non-curling.png 148w, https:\/\/www.fibami.com\/wp-content\/uploads\/2022\/08\/non-curling-14x12.png 14w\" sizes=\"(max-width: 86px) 100vw, 86px\" \/> <img loading=\"lazy\" decoding=\"async\" class=\"alignnone wp-image-8494\" src=\"https:\/\/www.fibami.com\/wp-content\/uploads\/2022\/08\/pilling-resistant.png\" alt=\"\" width=\"102\" height=\"87\" srcset=\"https:\/\/www.fibami.com\/wp-content\/uploads\/2022\/08\/pilling-resistant.png 148w, https:\/\/www.fibami.com\/wp-content\/uploads\/2022\/08\/pilling-resistant-14x12.png 14w\" sizes=\"(max-width: 102px) 100vw, 102px\" \/><\/p>\n<p><a href=\"https:\/\/www.fibami.com\/en\/moodutabel\/\">Choose your size<\/a> according to your chest circumference.<\/p>\n<p><a class=\"maxbutton-2 maxbutton maxbutton-moodutabel\" target=\"_blank\" rel=\"noopener\" href=\"\/en\/moodutabel\/\"><span class='mb-text'>Sizing chart<\/span><\/a><\/p>\n<p>Tooteid saad tellida vahemikus\u00a0<strong>3.-8. aprill<\/strong>\u00a0ning toodete\u00a0<strong>tarne alates 21.aprill.\u00a0<\/strong><\/p>","protected":false},"featured_media":30507,"comment_status":"open","ping_status":"closed","template":"","meta":[],"product_brand":[],"product_cat":[111,208,206],"product_tag":[181],"class_list":{"0":"post-30420","1":"product","2":"type-product","3":"status-publish","4":"has-post-thumbnail","6":"product_cat-pusad","7":"product_cat-spordiriided","8":"product_cat-uus","9":"product_tag-new","11":"first","12":"onbackorder","13":"sale","14":"taxable","15":"shipping-taxable","16":"purchasable","17":"product-type-variable","18":"has-default-attributes"},"yoast_head":"<!-- This site is optimized with the Yoast SEO plugin v27.1.1 - https:\/\/yoast.com\/product\/yoast-seo-wordpress\/ -->\n<title>Fibami Active spordipusa - Fibami<\/title>\n<meta name=\"description\" content=\"Fibami Active spordipusa on valmistatud kvaliteetsest ja hingavast spordikangast. Kanna trennis v\u00f5i vabal ajal.\" \/>\n<meta name=\"robots\" content=\"index, follow, max-snippet:-1, max-image-preview:large, max-video-preview:-1\" \/>\n<link rel=\"canonical\" href=\"https:\/\/www.fibami.com\/en\/product\/fibami-active-spordipusa\/\" \/>\n<meta property=\"og:locale\" content=\"en_GB\" \/>\n<meta property=\"og:type\" content=\"article\" \/>\n<meta property=\"og:title\" content=\"Fibami Core Biker retuusid\" \/>\n<meta property=\"og:description\" content=\"Valmistatud niiskust reguleerivast ja hingavast spordikangast, mis ei paista l\u00e4bi. Mudel on lihtne ja mugav \u2013 kahekordne v\u00e4rvliosa ning ilma k\u00fclje\u00f5mblusteta s\u00e4\u00e4redetailid. Kangas on matt (mitte l\u00e4ikiv).\" \/>\n<meta property=\"og:url\" content=\"https:\/\/www.fibami.com\/en\/product\/fibami-active-spordipusa\/\" \/>\n<meta property=\"og:site_name\" content=\"Fibami\" \/>\n<meta property=\"article:modified_time\" content=\"2026-04-03T05:42:29+00:00\" \/>\n<meta property=\"og:image\" content=\"https:\/\/www.fibami.com\/wp-content\/uploads\/2022\/09\/Fibami_Biker-1-scaled.jpg\" \/>\n\t<meta property=\"og:image:width\" content=\"1280\" \/>\n\t<meta property=\"og:image:height\" content=\"1920\" \/>\n\t<meta property=\"og:image:type\" content=\"image\/jpeg\" \/>\n<meta name=\"twitter:card\" content=\"summary_large_image\" \/>\n<meta name=\"twitter:title\" content=\"Fibami Core Biker retuusid\" \/>\n<meta name=\"twitter:description\" content=\"Valmistatud niiskust reguleerivast ja hingavast spordikangast, mis ei paista l\u00e4bi. Mudel on lihtne ja mugav \u2013 kahekordne v\u00e4rvliosa ning ilma k\u00fclje\u00f5mblusteta s\u00e4\u00e4redetailid. Kangas on matt (mitte l\u00e4ikiv).\" \/>\n<meta name=\"twitter:image\" content=\"https:\/\/www.fibami.com\/wp-content\/uploads\/2022\/09\/Fibami_Biker-1-scaled.jpg\" \/>\n<meta name=\"twitter:label1\" content=\"Estimated reading time\" \/>\n\t<meta name=\"twitter:data1\" content=\"2 minutes\" \/>\n<script type=\"application\/ld+json\" class=\"yoast-schema-graph\">{\"@context\":\"https:\/\/schema.org\",\"@graph\":[{\"@type\":\"WebPage\",\"@id\":\"https:\/\/www.fibami.com\/product\/fibami-active-spordipusa\/\",\"url\":\"https:\/\/www.fibami.com\/product\/fibami-active-spordipusa\/\",\"name\":\"Fibami Active spordipusa - Fibami\",\"isPartOf\":{\"@id\":\"https:\/\/www.fibami.com\/#website\"},\"primaryImageOfPage\":{\"@id\":\"https:\/\/www.fibami.com\/product\/fibami-active-spordipusa\/#primaryimage\"},\"image\":{\"@id\":\"https:\/\/www.fibami.com\/product\/fibami-active-spordipusa\/#primaryimage\"},\"thumbnailUrl\":\"https:\/\/www.fibami.com\/wp-content\/uploads\/2026\/03\/Fibami_active_spordipusa-3-1.jpg\",\"datePublished\":\"2026-03-31T07:43:40+00:00\",\"dateModified\":\"2026-04-03T05:42:29+00:00\",\"description\":\"Fibami Active spordipusa on valmistatud kvaliteetsest ja hingavast spordikangast. Kanna trennis v\u00f5i vabal ajal.\",\"breadcrumb\":{\"@id\":\"https:\/\/www.fibami.com\/product\/fibami-active-spordipusa\/#breadcrumb\"},\"inLanguage\":\"en-GB\",\"potentialAction\":[{\"@type\":\"ReadAction\",\"target\":[\"https:\/\/www.fibami.com\/product\/fibami-active-spordipusa\/\"]}]},{\"@type\":\"ImageObject\",\"inLanguage\":\"en-GB\",\"@id\":\"https:\/\/www.fibami.com\/product\/fibami-active-spordipusa\/#primaryimage\",\"url\":\"https:\/\/www.fibami.com\/wp-content\/uploads\/2026\/03\/Fibami_active_spordipusa-3-1.jpg\",\"contentUrl\":\"https:\/\/www.fibami.com\/wp-content\/uploads\/2026\/03\/Fibami_active_spordipusa-3-1.jpg\",\"width\":1667,\"height\":2500},{\"@type\":\"BreadcrumbList\",\"@id\":\"https:\/\/www.fibami.com\/product\/fibami-active-spordipusa\/#breadcrumb\",\"itemListElement\":[{\"@type\":\"ListItem\",\"position\":1,\"name\":\"Home\",\"item\":\"https:\/\/www.fibami.com\/\"},{\"@type\":\"ListItem\",\"position\":2,\"name\":\"Pood\",\"item\":\"https:\/\/www.fibami.com\/pood\/\"},{\"@type\":\"ListItem\",\"position\":3,\"name\":\"Fibami Active spordipusa\"}]},{\"@type\":\"WebSite\",\"@id\":\"https:\/\/www.fibami.com\/#website\",\"url\":\"https:\/\/www.fibami.com\/\",\"name\":\"Fibami\",\"description\":\"\",\"potentialAction\":[{\"@type\":\"SearchAction\",\"target\":{\"@type\":\"EntryPoint\",\"urlTemplate\":\"https:\/\/www.fibami.com\/?s={search_term_string}\"},\"query-input\":{\"@type\":\"PropertyValueSpecification\",\"valueRequired\":true,\"valueName\":\"search_term_string\"}}],\"inLanguage\":\"en-GB\"}]}<\/script>\n<!-- \/ Yoast SEO plugin. -->","yoast_head_json":{"title":"Fibami Active spordipusa - Fibami","description":"Fibami Active spordipusa on valmistatud kvaliteetsest ja hingavast spordikangast. Kanna trennis v\u00f5i vabal ajal.","robots":{"index":"index","follow":"follow","max-snippet":"max-snippet:-1","max-image-preview":"max-image-preview:large","max-video-preview":"max-video-preview:-1"},"canonical":"https:\/\/www.fibami.com\/en\/product\/fibami-active-spordipusa\/","og_locale":"en_GB","og_type":"article","og_title":"Fibami Core Biker retuusid","og_description":"Valmistatud niiskust reguleerivast ja hingavast spordikangast, mis ei paista l\u00e4bi. Mudel on lihtne ja mugav \u2013 kahekordne v\u00e4rvliosa ning ilma k\u00fclje\u00f5mblusteta s\u00e4\u00e4redetailid. Kangas on matt (mitte l\u00e4ikiv).","og_url":"https:\/\/www.fibami.com\/en\/product\/fibami-active-spordipusa\/","og_site_name":"Fibami","article_modified_time":"2026-04-03T05:42:29+00:00","og_image":[{"width":1280,"height":1920,"url":"https:\/\/www.fibami.com\/wp-content\/uploads\/2022\/09\/Fibami_Biker-1-scaled.jpg","type":"image\/jpeg"}],"twitter_card":"summary_large_image","twitter_title":"Fibami Core Biker retuusid","twitter_description":"Valmistatud niiskust reguleerivast ja hingavast spordikangast, mis ei paista l\u00e4bi. Mudel on lihtne ja mugav \u2013 kahekordne v\u00e4rvliosa ning ilma k\u00fclje\u00f5mblusteta s\u00e4\u00e4redetailid. Kangas on matt (mitte l\u00e4ikiv).","twitter_image":"https:\/\/www.fibami.com\/wp-content\/uploads\/2022\/09\/Fibami_Biker-1-scaled.jpg","twitter_misc":{"Estimated reading time":"2 minutes"},"schema":{"@context":"https:\/\/schema.org","@graph":[{"@type":"WebPage","@id":"https:\/\/www.fibami.com\/product\/fibami-active-spordipusa\/","url":"https:\/\/www.fibami.com\/product\/fibami-active-spordipusa\/","name":"Fibami Active spordipusa - Fibami","isPartOf":{"@id":"https:\/\/www.fibami.com\/#website"},"primaryImageOfPage":{"@id":"https:\/\/www.fibami.com\/product\/fibami-active-spordipusa\/#primaryimage"},"image":{"@id":"https:\/\/www.fibami.com\/product\/fibami-active-spordipusa\/#primaryimage"},"thumbnailUrl":"https:\/\/www.fibami.com\/wp-content\/uploads\/2026\/03\/Fibami_active_spordipusa-3-1.jpg","datePublished":"2026-03-31T07:43:40+00:00","dateModified":"2026-04-03T05:42:29+00:00","description":"Fibami Active spordipusa on valmistatud kvaliteetsest ja hingavast spordikangast. Kanna trennis v\u00f5i vabal ajal.","breadcrumb":{"@id":"https:\/\/www.fibami.com\/product\/fibami-active-spordipusa\/#breadcrumb"},"inLanguage":"en-GB","potentialAction":[{"@type":"ReadAction","target":["https:\/\/www.fibami.com\/product\/fibami-active-spordipusa\/"]}]},{"@type":"ImageObject","inLanguage":"en-GB","@id":"https:\/\/www.fibami.com\/product\/fibami-active-spordipusa\/#primaryimage","url":"https:\/\/www.fibami.com\/wp-content\/uploads\/2026\/03\/Fibami_active_spordipusa-3-1.jpg","contentUrl":"https:\/\/www.fibami.com\/wp-content\/uploads\/2026\/03\/Fibami_active_spordipusa-3-1.jpg","width":1667,"height":2500},{"@type":"BreadcrumbList","@id":"https:\/\/www.fibami.com\/product\/fibami-active-spordipusa\/#breadcrumb","itemListElement":[{"@type":"ListItem","position":1,"name":"Home","item":"https:\/\/www.fibami.com\/"},{"@type":"ListItem","position":2,"name":"Pood","item":"https:\/\/www.fibami.com\/pood\/"},{"@type":"ListItem","position":3,"name":"Fibami Active spordipusa"}]},{"@type":"WebSite","@id":"https:\/\/www.fibami.com\/#website","url":"https:\/\/www.fibami.com\/","name":"Fibami","description":"","potentialAction":[{"@type":"SearchAction","target":{"@type":"EntryPoint","urlTemplate":"https:\/\/www.fibami.com\/?s={search_term_string}"},"query-input":{"@type":"PropertyValueSpecification","valueRequired":true,"valueName":"search_term_string"}}],"inLanguage":"en-GB"}]}},"_links":{"self":[{"href":"https:\/\/www.fibami.com\/en\/wp-json\/wp\/v2\/product\/30420","targetHints":{"allow":["GET"]}}],"collection":[{"href":"https:\/\/www.fibami.com\/en\/wp-json\/wp\/v2\/product"}],"about":[{"href":"https:\/\/www.fibami.com\/en\/wp-json\/wp\/v2\/types\/product"}],"replies":[{"embeddable":true,"href":"https:\/\/www.fibami.com\/en\/wp-json\/wp\/v2\/comments?post=30420"}],"version-history":[{"count":2,"href":"https:\/\/www.fibami.com\/en\/wp-json\/wp\/v2\/product\/30420\/revisions"}],"predecessor-version":[{"id":30506,"href":"https:\/\/www.fibami.com\/en\/wp-json\/wp\/v2\/product\/30420\/revisions\/30506"}],"wp:featuredmedia":[{"embeddable":true,"href":"https:\/\/www.fibami.com\/en\/wp-json\/wp\/v2\/media\/30507"}],"wp:attachment":[{"href":"https:\/\/www.fibami.com\/en\/wp-json\/wp\/v2\/media?parent=30420"}],"wp:term":[{"taxonomy":"product_brand","embeddable":true,"href":"https:\/\/www.fibami.com\/en\/wp-json\/wp\/v2\/product_brand?post=30420"},{"taxonomy":"product_cat","embeddable":true,"href":"https:\/\/www.fibami.com\/en\/wp-json\/wp\/v2\/product_cat?post=30420"},{"taxonomy":"product_tag","embeddable":true,"href":"https:\/\/www.fibami.com\/en\/wp-json\/wp\/v2\/product_tag?post=30420"}],"curies":[{"name":"wp","href":"https:\/\/api.w.org\/{rel}","templated":true}]}}