{"id":30549,"date":"2026-04-07T13:44:31","date_gmt":"2026-04-07T10:44:31","guid":{"rendered":"https:\/\/www.fibami.com\/?post_type=product&#038;p=30549"},"modified":"2026-04-08T14:12:16","modified_gmt":"2026-04-08T11:12:16","slug":"fibami-lounge-t-sark-v","status":"publish","type":"product","link":"https:\/\/www.fibami.com\/en\/product\/fibami-lounge-t-sark-v\/","title":{"rendered":"Fibami Lounge T-s\u00e4rk V"},"content":{"rendered":"<p>Fibami Lounge T-s\u00e4rk<\/p>\n<p><a href=\"https:\/\/www.fibami.com\/en\/materjalid\/\"><strong>Material<\/strong> info: <\/a>96% Bamboo, 4% Elastane<br \/>\nThe elastane content gives the fabric a pleasant amount of elongation and the bamboo fibers make the product breathable and skin-friendly. Due to the rapid natural growth of bamboo plants from bamboo to an environmentally friendly material. Our chosen bamboo fabric is especially silky and soft. Bamboo also has antibacterial properties and good moisture absorption. Our fabric is also <strong>OEKO-TEX 100<\/strong> certified - this means that the fabric is tested and free of harmful chemicals.<\/p>\n<p><strong>Product:<\/strong> Lisaks kanga headele omadustele oleme loonud mudeli, mis laseb kehal m\u00f5nusalt hingata ja liikuda. Vaba l\u00f5ike ning k\u00fclgedel olevate l\u00f5hikutega bambuspluus saab kindlasti \u00fcheks lemmiktooteks nii kodus kui treeningul. Fibami bambustuunia sobidb ideaalselt ka n\u00e4iteks teksastega kandmiseks. L\u00f5ige: kergelt vaba siluett. Pikem seljaosa ning m\u00f5lemal k\u00fcljel l\u00f5hikud.<\/p>\n<p><strong>Maintenance:<\/strong> the blouse can be machine washed at 30 degrees. We recommend that you put the blouse on a clothing hanger after washing - this will save you the hassle of ironing, because due to the weight of moisture, no larger wrinkles will remain on the product when it dries.<\/p>\n<p><img decoding=\"async\" class=\"alignnone wp-image-1345\" src=\"https:\/\/www.fibami.com\/wp-content\/uploads\/2021\/06\/oekotex-300x157.jpg\" alt=\"\" width=\"205\" height=\"107\" srcset=\"https:\/\/www.fibami.com\/wp-content\/uploads\/2021\/06\/oekotex-300x157.jpg 300w, https:\/\/www.fibami.com\/wp-content\/uploads\/2021\/06\/oekotex-900x471.jpg 900w, https:\/\/www.fibami.com\/wp-content\/uploads\/2021\/06\/oekotex-600x314.jpg 600w, https:\/\/www.fibami.com\/wp-content\/uploads\/2021\/06\/oekotex-1024x536.jpg 1024w, https:\/\/www.fibami.com\/wp-content\/uploads\/2021\/06\/oekotex-768x402.jpg 768w, https:\/\/www.fibami.com\/wp-content\/uploads\/2021\/06\/oekotex-16x8.jpg 16w, https:\/\/www.fibami.com\/wp-content\/uploads\/2021\/06\/oekotex.jpg 1200w\" sizes=\"(max-width: 205px) 100vw, 205px\" \/><\/p>","protected":false},"excerpt":{"rendered":"<ul>\n<li><b>Lounge T-s\u00e4rgi <\/b>the charm of the design lies in its simplicity - slightly loose cut and the silky material provide a pleasant and skin-friendly combination.<\/li>\n<li>Lisaks pehmusele on pluus ka v\u00e4ga veniv<\/li>\n<li>V-kaelus ei ole liiga avar ning sobib kandmiseks ka liikuvamatel hetkedel<\/li>\n<li>Ideaalne baastoode, mida kanda eraldi v\u00f5i jaki all<\/li>\n<\/ul>\n<p><img decoding=\"async\" class=\"alignnone wp-image-8575\" src=\"https:\/\/www.fibami.com\/wp-content\/uploads\/2022\/08\/breathable.png\" alt=\"\" width=\"83\" height=\"71\" srcset=\"https:\/\/www.fibami.com\/wp-content\/uploads\/2022\/08\/breathable.png 148w, https:\/\/www.fibami.com\/wp-content\/uploads\/2022\/08\/breathable-14x12.png 14w\" sizes=\"(max-width: 83px) 100vw, 83px\" \/> <img decoding=\"async\" class=\"alignnone wp-image-8490\" src=\"https:\/\/www.fibami.com\/wp-content\/uploads\/2022\/08\/moisture-management.png\" alt=\"\" width=\"97\" height=\"83\" srcset=\"https:\/\/www.fibami.com\/wp-content\/uploads\/2022\/08\/moisture-management.png 148w, https:\/\/www.fibami.com\/wp-content\/uploads\/2022\/08\/moisture-management-14x12.png 14w\" sizes=\"(max-width: 97px) 100vw, 97px\" \/> <img loading=\"lazy\" decoding=\"async\" class=\"alignnone wp-image-8489\" src=\"https:\/\/www.fibami.com\/wp-content\/uploads\/2022\/08\/soft.png\" alt=\"\" width=\"100\" height=\"85\" srcset=\"https:\/\/www.fibami.com\/wp-content\/uploads\/2022\/08\/soft.png 148w, https:\/\/www.fibami.com\/wp-content\/uploads\/2022\/08\/soft-14x12.png 14w\" sizes=\"(max-width: 100px) 100vw, 100px\" \/> <img loading=\"lazy\" decoding=\"async\" class=\"alignnone wp-image-8488\" src=\"https:\/\/www.fibami.com\/wp-content\/uploads\/2022\/08\/extra-comfort.png\" alt=\"\" width=\"105\" height=\"89\" srcset=\"https:\/\/www.fibami.com\/wp-content\/uploads\/2022\/08\/extra-comfort.png 148w, https:\/\/www.fibami.com\/wp-content\/uploads\/2022\/08\/extra-comfort-14x12.png 14w\" sizes=\"(max-width: 105px) 100vw, 105px\" \/> <img loading=\"lazy\" decoding=\"async\" class=\"alignnone wp-image-8485\" src=\"https:\/\/www.fibami.com\/wp-content\/uploads\/2022\/08\/4-way-stretch.png\" alt=\"\" width=\"91\" height=\"86\" srcset=\"https:\/\/www.fibami.com\/wp-content\/uploads\/2022\/08\/4-way-stretch.png 134w, https:\/\/www.fibami.com\/wp-content\/uploads\/2022\/08\/4-way-stretch-13x12.png 13w\" sizes=\"(max-width: 91px) 100vw, 91px\" \/><\/p>\n<p><a href=\"https:\/\/www.fibami.com\/en\/moodutabel\/\">Choose your size a<\/a>ccording to your chest circumference.<\/p>\n<p><a class=\"maxbutton-2 maxbutton maxbutton-moodutabel\" target=\"_blank\" rel=\"noopener\" href=\"\/en\/moodutabel\/\"><span class='mb-text'>Sizing chart<\/span><\/a><\/p>\n<p><strong><a href=\"https:\/\/www.fibami.com\/en\/materjalid\/\">Material<\/a>:\u00a0 <\/strong>The Fibami bamboo fabric is very soft and silky, which makes you grasp the bamboo fabric products over and over again in your wardrobe. In addition, it has a very good moisture regulatory and antibacterial properties.<\/p>\n<p><b>Shipping:<\/b><b><br \/>\n<\/b>Back-order:<b> kuni 5 t\u00f6\u00f6p\u00e4eva<\/b><\/p>","protected":false},"featured_media":30598,"comment_status":"open","ping_status":"closed","template":"","meta":[],"product_brand":[],"product_cat":[116,112,206],"product_tag":[181],"class_list":{"0":"post-30549","1":"product","2":"type-product","3":"status-publish","4":"has-post-thumbnail","6":"product_cat-loungewear","7":"product_cat-pluusid","8":"product_cat-uus","9":"product_tag-new","11":"first","12":"onbackorder","13":"sale","14":"taxable","15":"shipping-taxable","16":"purchasable","17":"product-type-variable"},"yoast_head":"<!-- This site is optimized with the Yoast SEO plugin v27.3 - https:\/\/yoast.com\/product\/yoast-seo-wordpress\/ -->\n<title>Fibami Lounge T-s\u00e4rk V - Fibami<\/title>\n<meta name=\"description\" content=\"Fibami Lounge T-s\u00e4rk on v\u00e4ga pehme ja nahas\u00f5bralik. Bambuskangast valmistatud V-kaelusega T-s\u00e4rk on vajalik baasmudel igas garderoobis.\" \/>\n<meta name=\"robots\" content=\"index, follow, max-snippet:-1, max-image-preview:large, max-video-preview:-1\" \/>\n<link rel=\"canonical\" href=\"https:\/\/www.fibami.com\/en\/product\/fibami-lounge-t-sark-v\/\" \/>\n<meta property=\"og:locale\" content=\"en_GB\" \/>\n<meta property=\"og:type\" content=\"article\" \/>\n<meta property=\"og:title\" content=\"Fibami Bambuspluus Must\" \/>\n<meta property=\"og:description\" content=\"Fibami must bambuspluus - v\u00e4ga pehme ja nahas\u00f5bralik. Pikem seljaosa ning k\u00fclgedel olevad l\u00f5hikud annavad liikumisvabaduse.\" \/>\n<meta property=\"og:url\" content=\"https:\/\/www.fibami.com\/en\/product\/fibami-lounge-t-sark-v\/\" \/>\n<meta property=\"og:site_name\" content=\"Fibami\" \/>\n<meta property=\"article:modified_time\" content=\"2026-04-08T11:12:16+00:00\" \/>\n<meta property=\"og:image\" content=\"https:\/\/www.fibami.com\/wp-content\/uploads\/2021\/06\/Fibami_bambuspluus_must-2-2.jpg\" \/>\n\t<meta property=\"og:image:width\" content=\"619\" \/>\n\t<meta property=\"og:image:height\" content=\"928\" \/>\n\t<meta property=\"og:image:type\" content=\"image\/jpeg\" \/>\n<meta name=\"twitter:card\" content=\"summary_large_image\" \/>\n<meta name=\"twitter:title\" content=\"Fibami Bambuspluus Must\" \/>\n<meta name=\"twitter:description\" content=\"Fibami must bambuspluus - v\u00e4ga pehme ja nahas\u00f5bralik. Pikem seljaosa ning k\u00fclgedel olevad l\u00f5hikud annavad liikumisvabaduse.\" \/>\n<meta name=\"twitter:image\" content=\"https:\/\/www.fibami.com\/wp-content\/uploads\/2021\/06\/Fibami_bambuspluus_must-2-2.jpg\" \/>\n<meta name=\"twitter:label1\" content=\"Estimated reading time\" \/>\n\t<meta name=\"twitter:data1\" content=\"2 minutes\" \/>\n<script type=\"application\/ld+json\" class=\"yoast-schema-graph\">{\"@context\":\"https:\\\/\\\/schema.org\",\"@graph\":[{\"@type\":\"WebPage\",\"@id\":\"https:\\\/\\\/www.fibami.com\\\/product\\\/fibami-lounge-t-sark-v\\\/\",\"url\":\"https:\\\/\\\/www.fibami.com\\\/product\\\/fibami-lounge-t-sark-v\\\/\",\"name\":\"Fibami Lounge T-s\u00e4rk V - Fibami\",\"isPartOf\":{\"@id\":\"https:\\\/\\\/www.fibami.com\\\/#website\"},\"primaryImageOfPage\":{\"@id\":\"https:\\\/\\\/www.fibami.com\\\/product\\\/fibami-lounge-t-sark-v\\\/#primaryimage\"},\"image\":{\"@id\":\"https:\\\/\\\/www.fibami.com\\\/product\\\/fibami-lounge-t-sark-v\\\/#primaryimage\"},\"thumbnailUrl\":\"https:\\\/\\\/www.fibami.com\\\/wp-content\\\/uploads\\\/2026\\\/04\\\/Fibami_lounge_tsark-3a.jpg\",\"datePublished\":\"2026-04-07T10:44:31+00:00\",\"dateModified\":\"2026-04-08T11:12:16+00:00\",\"description\":\"Fibami Lounge T-s\u00e4rk on v\u00e4ga pehme ja nahas\u00f5bralik. Bambuskangast valmistatud V-kaelusega T-s\u00e4rk on vajalik baasmudel igas garderoobis.\",\"breadcrumb\":{\"@id\":\"https:\\\/\\\/www.fibami.com\\\/product\\\/fibami-lounge-t-sark-v\\\/#breadcrumb\"},\"inLanguage\":\"en-GB\",\"potentialAction\":[{\"@type\":\"ReadAction\",\"target\":[\"https:\\\/\\\/www.fibami.com\\\/product\\\/fibami-lounge-t-sark-v\\\/\"]}]},{\"@type\":\"ImageObject\",\"inLanguage\":\"en-GB\",\"@id\":\"https:\\\/\\\/www.fibami.com\\\/product\\\/fibami-lounge-t-sark-v\\\/#primaryimage\",\"url\":\"https:\\\/\\\/www.fibami.com\\\/wp-content\\\/uploads\\\/2026\\\/04\\\/Fibami_lounge_tsark-3a.jpg\",\"contentUrl\":\"https:\\\/\\\/www.fibami.com\\\/wp-content\\\/uploads\\\/2026\\\/04\\\/Fibami_lounge_tsark-3a.jpg\",\"width\":1070,\"height\":1605},{\"@type\":\"BreadcrumbList\",\"@id\":\"https:\\\/\\\/www.fibami.com\\\/product\\\/fibami-lounge-t-sark-v\\\/#breadcrumb\",\"itemListElement\":[{\"@type\":\"ListItem\",\"position\":1,\"name\":\"Home\",\"item\":\"https:\\\/\\\/www.fibami.com\\\/\"},{\"@type\":\"ListItem\",\"position\":2,\"name\":\"Pood\",\"item\":\"https:\\\/\\\/www.fibami.com\\\/pood\\\/\"},{\"@type\":\"ListItem\",\"position\":3,\"name\":\"Fibami Lounge T-s\u00e4rk V\"}]},{\"@type\":\"WebSite\",\"@id\":\"https:\\\/\\\/www.fibami.com\\\/#website\",\"url\":\"https:\\\/\\\/www.fibami.com\\\/\",\"name\":\"Fibami\",\"description\":\"\",\"potentialAction\":[{\"@type\":\"SearchAction\",\"target\":{\"@type\":\"EntryPoint\",\"urlTemplate\":\"https:\\\/\\\/www.fibami.com\\\/?s={search_term_string}\"},\"query-input\":{\"@type\":\"PropertyValueSpecification\",\"valueRequired\":true,\"valueName\":\"search_term_string\"}}],\"inLanguage\":\"en-GB\"}]}<\/script>\n<!-- \/ Yoast SEO plugin. -->","yoast_head_json":{"title":"Fibami Lounge T-s\u00e4rk V - Fibami","description":"Fibami Lounge T-s\u00e4rk on v\u00e4ga pehme ja nahas\u00f5bralik. Bambuskangast valmistatud V-kaelusega T-s\u00e4rk on vajalik baasmudel igas garderoobis.","robots":{"index":"index","follow":"follow","max-snippet":"max-snippet:-1","max-image-preview":"max-image-preview:large","max-video-preview":"max-video-preview:-1"},"canonical":"https:\/\/www.fibami.com\/en\/product\/fibami-lounge-t-sark-v\/","og_locale":"en_GB","og_type":"article","og_title":"Fibami Bambuspluus Must","og_description":"Fibami must bambuspluus - v\u00e4ga pehme ja nahas\u00f5bralik. Pikem seljaosa ning k\u00fclgedel olevad l\u00f5hikud annavad liikumisvabaduse.","og_url":"https:\/\/www.fibami.com\/en\/product\/fibami-lounge-t-sark-v\/","og_site_name":"Fibami","article_modified_time":"2026-04-08T11:12:16+00:00","og_image":[{"width":619,"height":928,"url":"https:\/\/www.fibami.com\/wp-content\/uploads\/2021\/06\/Fibami_bambuspluus_must-2-2.jpg","type":"image\/jpeg"}],"twitter_card":"summary_large_image","twitter_title":"Fibami Bambuspluus Must","twitter_description":"Fibami must bambuspluus - v\u00e4ga pehme ja nahas\u00f5bralik. Pikem seljaosa ning k\u00fclgedel olevad l\u00f5hikud annavad liikumisvabaduse.","twitter_image":"https:\/\/www.fibami.com\/wp-content\/uploads\/2021\/06\/Fibami_bambuspluus_must-2-2.jpg","twitter_misc":{"Estimated reading time":"2 minutes"},"schema":{"@context":"https:\/\/schema.org","@graph":[{"@type":"WebPage","@id":"https:\/\/www.fibami.com\/product\/fibami-lounge-t-sark-v\/","url":"https:\/\/www.fibami.com\/product\/fibami-lounge-t-sark-v\/","name":"Fibami Lounge T-s\u00e4rk V - Fibami","isPartOf":{"@id":"https:\/\/www.fibami.com\/#website"},"primaryImageOfPage":{"@id":"https:\/\/www.fibami.com\/product\/fibami-lounge-t-sark-v\/#primaryimage"},"image":{"@id":"https:\/\/www.fibami.com\/product\/fibami-lounge-t-sark-v\/#primaryimage"},"thumbnailUrl":"https:\/\/www.fibami.com\/wp-content\/uploads\/2026\/04\/Fibami_lounge_tsark-3a.jpg","datePublished":"2026-04-07T10:44:31+00:00","dateModified":"2026-04-08T11:12:16+00:00","description":"Fibami Lounge T-s\u00e4rk on v\u00e4ga pehme ja nahas\u00f5bralik. Bambuskangast valmistatud V-kaelusega T-s\u00e4rk on vajalik baasmudel igas garderoobis.","breadcrumb":{"@id":"https:\/\/www.fibami.com\/product\/fibami-lounge-t-sark-v\/#breadcrumb"},"inLanguage":"en-GB","potentialAction":[{"@type":"ReadAction","target":["https:\/\/www.fibami.com\/product\/fibami-lounge-t-sark-v\/"]}]},{"@type":"ImageObject","inLanguage":"en-GB","@id":"https:\/\/www.fibami.com\/product\/fibami-lounge-t-sark-v\/#primaryimage","url":"https:\/\/www.fibami.com\/wp-content\/uploads\/2026\/04\/Fibami_lounge_tsark-3a.jpg","contentUrl":"https:\/\/www.fibami.com\/wp-content\/uploads\/2026\/04\/Fibami_lounge_tsark-3a.jpg","width":1070,"height":1605},{"@type":"BreadcrumbList","@id":"https:\/\/www.fibami.com\/product\/fibami-lounge-t-sark-v\/#breadcrumb","itemListElement":[{"@type":"ListItem","position":1,"name":"Home","item":"https:\/\/www.fibami.com\/"},{"@type":"ListItem","position":2,"name":"Pood","item":"https:\/\/www.fibami.com\/pood\/"},{"@type":"ListItem","position":3,"name":"Fibami Lounge T-s\u00e4rk V"}]},{"@type":"WebSite","@id":"https:\/\/www.fibami.com\/#website","url":"https:\/\/www.fibami.com\/","name":"Fibami","description":"","potentialAction":[{"@type":"SearchAction","target":{"@type":"EntryPoint","urlTemplate":"https:\/\/www.fibami.com\/?s={search_term_string}"},"query-input":{"@type":"PropertyValueSpecification","valueRequired":true,"valueName":"search_term_string"}}],"inLanguage":"en-GB"}]}},"_links":{"self":[{"href":"https:\/\/www.fibami.com\/en\/wp-json\/wp\/v2\/product\/30549","targetHints":{"allow":["GET"]}}],"collection":[{"href":"https:\/\/www.fibami.com\/en\/wp-json\/wp\/v2\/product"}],"about":[{"href":"https:\/\/www.fibami.com\/en\/wp-json\/wp\/v2\/types\/product"}],"replies":[{"embeddable":true,"href":"https:\/\/www.fibami.com\/en\/wp-json\/wp\/v2\/comments?post=30549"}],"version-history":[{"count":2,"href":"https:\/\/www.fibami.com\/en\/wp-json\/wp\/v2\/product\/30549\/revisions"}],"predecessor-version":[{"id":30597,"href":"https:\/\/www.fibami.com\/en\/wp-json\/wp\/v2\/product\/30549\/revisions\/30597"}],"wp:featuredmedia":[{"embeddable":true,"href":"https:\/\/www.fibami.com\/en\/wp-json\/wp\/v2\/media\/30598"}],"wp:attachment":[{"href":"https:\/\/www.fibami.com\/en\/wp-json\/wp\/v2\/media?parent=30549"}],"wp:term":[{"taxonomy":"product_brand","embeddable":true,"href":"https:\/\/www.fibami.com\/en\/wp-json\/wp\/v2\/product_brand?post=30549"},{"taxonomy":"product_cat","embeddable":true,"href":"https:\/\/www.fibami.com\/en\/wp-json\/wp\/v2\/product_cat?post=30549"},{"taxonomy":"product_tag","embeddable":true,"href":"https:\/\/www.fibami.com\/en\/wp-json\/wp\/v2\/product_tag?post=30549"}],"curies":[{"name":"wp","href":"https:\/\/api.w.org\/{rel}","templated":true}]}}