{"id":30823,"date":"2026-05-06T08:35:45","date_gmt":"2026-05-06T05:35:45","guid":{"rendered":"https:\/\/www.fibami.com\/?post_type=product&#038;p=30823"},"modified":"2026-05-06T08:35:46","modified_gmt":"2026-05-06T05:35:46","slug":"fibami-leisure-light-puksid","status":"publish","type":"product","link":"https:\/\/www.fibami.com\/en\/product\/fibami-leisure-light-puksid\/","title":{"rendered":"Fibami Leisure Light p\u00fcksid"},"content":{"rendered":"<p>Fibami Leisure Pants<\/p>\n<ul>\n<li><a href=\"https:\/\/www.fibami.com\/en\/materjalid\/\">Material<\/a>56% Viscose, 32% Polyester, 12% Elastane<\/li>\n<li>Kehas\u00f5bralik, kerge ja m\u00f5nusalt veniv materjal<\/li>\n<li>Easy to maintain and minimally wrinkling fabric<\/li>\n<li>OEKO-TEX 100 certificate \u2013 tested and free of harmful substances<\/li>\n<\/ul>\n<p>&nbsp;<\/p>\n<p><img decoding=\"async\" class=\"alignnone wp-image-1345\" src=\"https:\/\/www.fibami.com\/wp-content\/uploads\/2021\/06\/oekotex-300x157.jpg\" alt=\"\" width=\"212\" height=\"111\" srcset=\"https:\/\/www.fibami.com\/wp-content\/uploads\/2021\/06\/oekotex-300x157.jpg 300w, https:\/\/www.fibami.com\/wp-content\/uploads\/2021\/06\/oekotex-900x471.jpg 900w, https:\/\/www.fibami.com\/wp-content\/uploads\/2021\/06\/oekotex-600x314.jpg 600w, https:\/\/www.fibami.com\/wp-content\/uploads\/2021\/06\/oekotex-1024x536.jpg 1024w, https:\/\/www.fibami.com\/wp-content\/uploads\/2021\/06\/oekotex-768x402.jpg 768w, https:\/\/www.fibami.com\/wp-content\/uploads\/2021\/06\/oekotex-16x8.jpg 16w, https:\/\/www.fibami.com\/wp-content\/uploads\/2021\/06\/oekotex.jpg 1200w\" sizes=\"(max-width: 212px) 100vw, 212px\" \/><\/p>","protected":false},"excerpt":{"rendered":"<p><strong>Fibami Leisure Light p\u00fcksid<\/strong><\/p>\n<ul>\n<li><strong>Uus tooteliin Leisure Light <\/strong>on valmistatud juba tuttavast viskoosisegu materjalist, kuid on selle<strong> suvisem versioon.<\/strong><\/li>\n<li><strong>Light viskoos &#8211; kergelt veniv, siidine ja kerge.&nbsp; <\/strong><\/li>\n<li><strong>Leisure Light p\u00fcksid<\/strong> on k\u00f5rge pihaosaga.<\/li>\n<li>K\u00fclgedel on taskud ning p\u00fckstele annavad lisaavaruse v\u00f6\u00f6joonel olevad laiemad voldid.<\/li>\n<li>Light p\u00fcksid teeb eriliseks kindlasti just alumine osa &#8211; kanna neid klassikalise laia versioonina v\u00f5i seo paelad ning saad t\u00e4iesti uue ilmega p\u00fcksid, mida saad kanda madalama jalan\u00f5uga.<\/li>\n<li>Functional side pockets and the soft rubber inside the color make the product especially comfortable to wear.<\/li>\n<\/ul>\n<p><strong><a href=\"https:\/\/www.fibami.com\/en\/materjalid\/\" data-mce-href=\"https:\/\/www.fibami.com\/materjalid\/\">Material<\/a>:&nbsp;&nbsp;<\/strong>Viscose blend fabric is very body friendly. Due to the elastane content, it is stretchy and wrinkles minimally.<\/p>\n<p><a href=\"https:\/\/www.fibami.com\/en\/moodutabel\/\" data-mce-href=\"https:\/\/www.fibami.com\/moodutabel\/\">Choose your size<\/a> according to your waist circumference.<\/p>\n<p><strong>Tarne <\/strong><strong>kuni 7 t\u00f6\u00f6p\u00e4eva.<br \/><\/strong>Kampaaniate ajal v\u00f5ib tarneaeg olla tavap\u00e4rasest pikem.<strong><br \/><\/strong><\/p>\n<p><a class=\"maxbutton-2 maxbutton maxbutton-moodutabel\" target=\"_blank\" rel=\"noopener\" href=\"\/en\/moodutabel\/\"><span class='mb-text'>Sizing chart<\/span><\/a><\/p>","protected":false},"featured_media":30826,"comment_status":"open","ping_status":"closed","template":"","meta":[],"product_brand":[],"product_cat":[248,65,206],"product_tag":[181],"class_list":{"0":"post-30823","1":"product","2":"type-product","3":"status-publish","4":"has-post-thumbnail","6":"product_cat-leisurewear","7":"product_cat-puksid","8":"product_cat-uus","9":"product_tag-new","11":"first","12":"onbackorder","13":"taxable","14":"shipping-taxable","15":"purchasable","16":"product-type-variable"},"yoast_head":"<!-- This site is optimized with the Yoast SEO plugin v27.5 - https:\/\/yoast.com\/product\/yoast-seo-wordpress\/ -->\n<title>Fibami Leisure Light p\u00fcksid - Fibami<\/title>\n<meta name=\"description\" content=\"Fibami Leisure P\u00fcksid on k\u00f5rge pihaga ja taskutega. Kanna klassikaliselt v\u00f5i s\u00e4ti oma soovitud pikkusesse, kasutades paelakesi. Kanna k\u00f5rgema kontsa v\u00f5i madala jalan\u00f5uga, valik on sinu.\" \/>\n<meta name=\"robots\" content=\"index, follow, max-snippet:-1, max-image-preview:large, max-video-preview:-1\" \/>\n<link rel=\"canonical\" href=\"https:\/\/www.fibami.com\/en\/product\/fibami-leisure-light-puksid\/\" \/>\n<meta property=\"og:locale\" content=\"en_GB\" \/>\n<meta property=\"og:type\" content=\"article\" \/>\n<meta property=\"og:title\" content=\"Fibami Leisure P\u00fcksid\" \/>\n<meta property=\"og:description\" content=\"Fibami Leisure P\u00fcksid on k\u00f5rge pihaga ja parim valik, kui otsid sobivat l\u00f5iget v\u00e4iksema piha ja kurvikama puusa proportsioonile.\" \/>\n<meta property=\"og:url\" content=\"https:\/\/www.fibami.com\/en\/product\/fibami-leisure-light-puksid\/\" \/>\n<meta property=\"og:site_name\" content=\"Fibami\" \/>\n<meta property=\"article:modified_time\" content=\"2026-05-06T05:35:46+00:00\" \/>\n<meta property=\"og:image\" content=\"https:\/\/www.fibami.com\/wp-content\/uploads\/2023\/06\/Fibami_leisure_vest-6.jpg\" \/>\n\t<meta property=\"og:image:width\" content=\"1024\" \/>\n\t<meta property=\"og:image:height\" content=\"1536\" \/>\n\t<meta property=\"og:image:type\" content=\"image\/jpeg\" \/>\n<meta name=\"twitter:card\" content=\"summary_large_image\" \/>\n<meta name=\"twitter:title\" content=\"Fibami Leisure P\u00fcksid\" \/>\n<meta name=\"twitter:description\" content=\"Fibami Leisure P\u00fcksid on k\u00f5rge pihaga ja parim valik, kui otsid sobivat l\u00f5iget v\u00e4iksema piha ja kurvikama puusa proportsioonile.\" \/>\n<meta name=\"twitter:image\" content=\"https:\/\/www.fibami.com\/wp-content\/uploads\/2023\/06\/Fibami_leisure_vest-6.jpg\" \/>\n<meta name=\"twitter:label1\" content=\"Estimated reading time\" \/>\n\t<meta name=\"twitter:data1\" content=\"1 minute\" \/>\n<script type=\"application\/ld+json\" class=\"yoast-schema-graph\">{\"@context\":\"https:\\\/\\\/schema.org\",\"@graph\":[{\"@type\":\"WebPage\",\"@id\":\"https:\\\/\\\/www.fibami.com\\\/product\\\/fibami-leisure-light-puksid\\\/\",\"url\":\"https:\\\/\\\/www.fibami.com\\\/product\\\/fibami-leisure-light-puksid\\\/\",\"name\":\"Fibami Leisure Light p\u00fcksid - Fibami\",\"isPartOf\":{\"@id\":\"https:\\\/\\\/www.fibami.com\\\/#website\"},\"primaryImageOfPage\":{\"@id\":\"https:\\\/\\\/www.fibami.com\\\/product\\\/fibami-leisure-light-puksid\\\/#primaryimage\"},\"image\":{\"@id\":\"https:\\\/\\\/www.fibami.com\\\/product\\\/fibami-leisure-light-puksid\\\/#primaryimage\"},\"thumbnailUrl\":\"https:\\\/\\\/www.fibami.com\\\/wp-content\\\/uploads\\\/2026\\\/05\\\/Leisure_Light_puksid-7.jpg\",\"datePublished\":\"2026-05-06T05:35:45+00:00\",\"dateModified\":\"2026-05-06T05:35:46+00:00\",\"description\":\"Fibami Leisure P\u00fcksid on k\u00f5rge pihaga ja taskutega. Kanna klassikaliselt v\u00f5i s\u00e4ti oma soovitud pikkusesse, kasutades paelakesi. Kanna k\u00f5rgema kontsa v\u00f5i madala jalan\u00f5uga, valik on sinu.\",\"breadcrumb\":{\"@id\":\"https:\\\/\\\/www.fibami.com\\\/product\\\/fibami-leisure-light-puksid\\\/#breadcrumb\"},\"inLanguage\":\"en-GB\",\"potentialAction\":[{\"@type\":\"ReadAction\",\"target\":[\"https:\\\/\\\/www.fibami.com\\\/product\\\/fibami-leisure-light-puksid\\\/\"]}]},{\"@type\":\"ImageObject\",\"inLanguage\":\"en-GB\",\"@id\":\"https:\\\/\\\/www.fibami.com\\\/product\\\/fibami-leisure-light-puksid\\\/#primaryimage\",\"url\":\"https:\\\/\\\/www.fibami.com\\\/wp-content\\\/uploads\\\/2026\\\/05\\\/Leisure_Light_puksid-7.jpg\",\"contentUrl\":\"https:\\\/\\\/www.fibami.com\\\/wp-content\\\/uploads\\\/2026\\\/05\\\/Leisure_Light_puksid-7.jpg\",\"width\":1667,\"height\":2500},{\"@type\":\"BreadcrumbList\",\"@id\":\"https:\\\/\\\/www.fibami.com\\\/product\\\/fibami-leisure-light-puksid\\\/#breadcrumb\",\"itemListElement\":[{\"@type\":\"ListItem\",\"position\":1,\"name\":\"Home\",\"item\":\"https:\\\/\\\/www.fibami.com\\\/\"},{\"@type\":\"ListItem\",\"position\":2,\"name\":\"Pood\",\"item\":\"https:\\\/\\\/www.fibami.com\\\/pood\\\/\"},{\"@type\":\"ListItem\",\"position\":3,\"name\":\"Fibami Leisure Light p\u00fcksid\"}]},{\"@type\":\"WebSite\",\"@id\":\"https:\\\/\\\/www.fibami.com\\\/#website\",\"url\":\"https:\\\/\\\/www.fibami.com\\\/\",\"name\":\"Fibami\",\"description\":\"\",\"potentialAction\":[{\"@type\":\"SearchAction\",\"target\":{\"@type\":\"EntryPoint\",\"urlTemplate\":\"https:\\\/\\\/www.fibami.com\\\/?s={search_term_string}\"},\"query-input\":{\"@type\":\"PropertyValueSpecification\",\"valueRequired\":true,\"valueName\":\"search_term_string\"}}],\"inLanguage\":\"en-GB\"}]}<\/script>\n<!-- \/ Yoast SEO plugin. -->","yoast_head_json":{"title":"Fibami Leisure Light p\u00fcksid - Fibami","description":"Fibami Leisure P\u00fcksid on k\u00f5rge pihaga ja taskutega. Kanna klassikaliselt v\u00f5i s\u00e4ti oma soovitud pikkusesse, kasutades paelakesi. Kanna k\u00f5rgema kontsa v\u00f5i madala jalan\u00f5uga, valik on sinu.","robots":{"index":"index","follow":"follow","max-snippet":"max-snippet:-1","max-image-preview":"max-image-preview:large","max-video-preview":"max-video-preview:-1"},"canonical":"https:\/\/www.fibami.com\/en\/product\/fibami-leisure-light-puksid\/","og_locale":"en_GB","og_type":"article","og_title":"Fibami Leisure P\u00fcksid","og_description":"Fibami Leisure P\u00fcksid on k\u00f5rge pihaga ja parim valik, kui otsid sobivat l\u00f5iget v\u00e4iksema piha ja kurvikama puusa proportsioonile.","og_url":"https:\/\/www.fibami.com\/en\/product\/fibami-leisure-light-puksid\/","og_site_name":"Fibami","article_modified_time":"2026-05-06T05:35:46+00:00","og_image":[{"width":1024,"height":1536,"url":"https:\/\/www.fibami.com\/wp-content\/uploads\/2023\/06\/Fibami_leisure_vest-6.jpg","type":"image\/jpeg"}],"twitter_card":"summary_large_image","twitter_title":"Fibami Leisure P\u00fcksid","twitter_description":"Fibami Leisure P\u00fcksid on k\u00f5rge pihaga ja parim valik, kui otsid sobivat l\u00f5iget v\u00e4iksema piha ja kurvikama puusa proportsioonile.","twitter_image":"https:\/\/www.fibami.com\/wp-content\/uploads\/2023\/06\/Fibami_leisure_vest-6.jpg","twitter_misc":{"Estimated reading time":"1 minute"},"schema":{"@context":"https:\/\/schema.org","@graph":[{"@type":"WebPage","@id":"https:\/\/www.fibami.com\/product\/fibami-leisure-light-puksid\/","url":"https:\/\/www.fibami.com\/product\/fibami-leisure-light-puksid\/","name":"Fibami Leisure Light p\u00fcksid - Fibami","isPartOf":{"@id":"https:\/\/www.fibami.com\/#website"},"primaryImageOfPage":{"@id":"https:\/\/www.fibami.com\/product\/fibami-leisure-light-puksid\/#primaryimage"},"image":{"@id":"https:\/\/www.fibami.com\/product\/fibami-leisure-light-puksid\/#primaryimage"},"thumbnailUrl":"https:\/\/www.fibami.com\/wp-content\/uploads\/2026\/05\/Leisure_Light_puksid-7.jpg","datePublished":"2026-05-06T05:35:45+00:00","dateModified":"2026-05-06T05:35:46+00:00","description":"Fibami Leisure P\u00fcksid on k\u00f5rge pihaga ja taskutega. Kanna klassikaliselt v\u00f5i s\u00e4ti oma soovitud pikkusesse, kasutades paelakesi. Kanna k\u00f5rgema kontsa v\u00f5i madala jalan\u00f5uga, valik on sinu.","breadcrumb":{"@id":"https:\/\/www.fibami.com\/product\/fibami-leisure-light-puksid\/#breadcrumb"},"inLanguage":"en-GB","potentialAction":[{"@type":"ReadAction","target":["https:\/\/www.fibami.com\/product\/fibami-leisure-light-puksid\/"]}]},{"@type":"ImageObject","inLanguage":"en-GB","@id":"https:\/\/www.fibami.com\/product\/fibami-leisure-light-puksid\/#primaryimage","url":"https:\/\/www.fibami.com\/wp-content\/uploads\/2026\/05\/Leisure_Light_puksid-7.jpg","contentUrl":"https:\/\/www.fibami.com\/wp-content\/uploads\/2026\/05\/Leisure_Light_puksid-7.jpg","width":1667,"height":2500},{"@type":"BreadcrumbList","@id":"https:\/\/www.fibami.com\/product\/fibami-leisure-light-puksid\/#breadcrumb","itemListElement":[{"@type":"ListItem","position":1,"name":"Home","item":"https:\/\/www.fibami.com\/"},{"@type":"ListItem","position":2,"name":"Pood","item":"https:\/\/www.fibami.com\/pood\/"},{"@type":"ListItem","position":3,"name":"Fibami Leisure Light p\u00fcksid"}]},{"@type":"WebSite","@id":"https:\/\/www.fibami.com\/#website","url":"https:\/\/www.fibami.com\/","name":"Fibami","description":"","potentialAction":[{"@type":"SearchAction","target":{"@type":"EntryPoint","urlTemplate":"https:\/\/www.fibami.com\/?s={search_term_string}"},"query-input":{"@type":"PropertyValueSpecification","valueRequired":true,"valueName":"search_term_string"}}],"inLanguage":"en-GB"}]}},"_links":{"self":[{"href":"https:\/\/www.fibami.com\/en\/wp-json\/wp\/v2\/product\/30823","targetHints":{"allow":["GET"]}}],"collection":[{"href":"https:\/\/www.fibami.com\/en\/wp-json\/wp\/v2\/product"}],"about":[{"href":"https:\/\/www.fibami.com\/en\/wp-json\/wp\/v2\/types\/product"}],"replies":[{"embeddable":true,"href":"https:\/\/www.fibami.com\/en\/wp-json\/wp\/v2\/comments?post=30823"}],"version-history":[{"count":2,"href":"https:\/\/www.fibami.com\/en\/wp-json\/wp\/v2\/product\/30823\/revisions"}],"predecessor-version":[{"id":30865,"href":"https:\/\/www.fibami.com\/en\/wp-json\/wp\/v2\/product\/30823\/revisions\/30865"}],"wp:featuredmedia":[{"embeddable":true,"href":"https:\/\/www.fibami.com\/en\/wp-json\/wp\/v2\/media\/30826"}],"wp:attachment":[{"href":"https:\/\/www.fibami.com\/en\/wp-json\/wp\/v2\/media?parent=30823"}],"wp:term":[{"taxonomy":"product_brand","embeddable":true,"href":"https:\/\/www.fibami.com\/en\/wp-json\/wp\/v2\/product_brand?post=30823"},{"taxonomy":"product_cat","embeddable":true,"href":"https:\/\/www.fibami.com\/en\/wp-json\/wp\/v2\/product_cat?post=30823"},{"taxonomy":"product_tag","embeddable":true,"href":"https:\/\/www.fibami.com\/en\/wp-json\/wp\/v2\/product_tag?post=30823"}],"curies":[{"name":"wp","href":"https:\/\/api.w.org\/{rel}","templated":true}]}}