{"id":5393,"date":"2022-03-04T15:42:37","date_gmt":"2022-03-04T12:42:37","guid":{"rendered":"https:\/\/www.fibami.com\/?post_type=product&#038;p=5393"},"modified":"2026-04-09T08:48:06","modified_gmt":"2026-04-09T05:48:06","slug":"fibami-jogger-retuusid-2","status":"publish","type":"product","link":"https:\/\/www.fibami.com\/en\/product\/fibami-jogger-retuusid-2\/","title":{"rendered":"Fibami Jogger Leggings"},"content":{"rendered":"<p>Fibami Jogger Leggings<\/p>\n<p>Material:<\/p>\n<p>The fabric, which stretches and trims in all directions, is comfortable and supportive. <a href=\"https:\/\/www.fibami.com\/en\/materjalid\/\">Special sports fabric<\/a> has a very good coverage and is suitable for active training.<\/p>\n<ul>\n<li>68% Polyamide 32% Elastane<\/li>\n<li>Breathable and moisture regulating material<\/li>\n<li>Good coverage<\/li>\n<li>Quick drying<\/li>\n<li>Easy to maintain<\/li>\n<li>OEKO-TEX 100 certificate \u2013 tested and free of harmful substances<\/li>\n<li>Bluesign System \u2013 sustainable production<\/li>\n<\/ul>\n<p><img decoding=\"async\" class=\"alignnone size-full wp-image-2903\" style=\"font-weight: inherit;\" src=\"https:\/\/www.fibami.com\/wp-content\/uploads\/2021\/10\/power.png\" alt=\"\" width=\"110\" height=\"127\" srcset=\"https:\/\/www.fibami.com\/wp-content\/uploads\/2021\/10\/power.png 110w, https:\/\/www.fibami.com\/wp-content\/uploads\/2021\/10\/power-10x12.png 10w\" sizes=\"(max-width: 110px) 100vw, 110px\" \/><img decoding=\"async\" class=\"alignnone wp-image-1344\" style=\"font-weight: inherit;\" src=\"https:\/\/www.fibami.com\/wp-content\/uploads\/2021\/06\/Bluesign-System-Partnership-Certificate-300x169.jpg\" alt=\"\" width=\"202\" height=\"114\" srcset=\"https:\/\/www.fibami.com\/wp-content\/uploads\/2021\/06\/Bluesign-System-Partnership-Certificate-300x169.jpg 300w, https:\/\/www.fibami.com\/wp-content\/uploads\/2021\/06\/Bluesign-System-Partnership-Certificate-600x337.jpg 600w, https:\/\/www.fibami.com\/wp-content\/uploads\/2021\/06\/Bluesign-System-Partnership-Certificate-16x9.jpg 16w, https:\/\/www.fibami.com\/wp-content\/uploads\/2021\/06\/Bluesign-System-Partnership-Certificate.jpg 678w\" sizes=\"(max-width: 202px) 100vw, 202px\" \/><img decoding=\"async\" class=\"alignnone wp-image-1345\" src=\"https:\/\/www.fibami.com\/wp-content\/uploads\/2021\/06\/oekotex-300x157.jpg\" alt=\"\" width=\"167\" height=\"87\" srcset=\"https:\/\/www.fibami.com\/wp-content\/uploads\/2021\/06\/oekotex-300x157.jpg 300w, https:\/\/www.fibami.com\/wp-content\/uploads\/2021\/06\/oekotex-900x471.jpg 900w, https:\/\/www.fibami.com\/wp-content\/uploads\/2021\/06\/oekotex-600x314.jpg 600w, https:\/\/www.fibami.com\/wp-content\/uploads\/2021\/06\/oekotex-1024x536.jpg 1024w, https:\/\/www.fibami.com\/wp-content\/uploads\/2021\/06\/oekotex-768x402.jpg 768w, https:\/\/www.fibami.com\/wp-content\/uploads\/2021\/06\/oekotex-16x8.jpg 16w, https:\/\/www.fibami.com\/wp-content\/uploads\/2021\/06\/oekotex.jpg 1200w\" sizes=\"(max-width: 167px) 100vw, 167px\" \/><\/p>","protected":false},"excerpt":{"rendered":"<p><strong>Fibami Jogger Leggings\u00a0 \u2013 <\/strong>this product combines the best features of leggings and sweatpants.<\/p>\n<ul>\n<li>Stretchy leggings<\/li>\n<li>High and supportive waist<\/li>\n<li>The comfortably free leg part gives an ideal combination and a flattering silhouette.<\/li>\n<li>The pockets that close with zippers and the reflective logo on the leg are practical and functional.<\/li>\n<\/ul>\n<p><strong>Material:<\/strong>\u00a0<a href=\"https:\/\/www.fibami.com\/en\/materjalid\/\">Special sports fabric<\/a> is stretchy and has good coverage. Thanks to good humidity regulation, it is suitable for training both indoors and outdoors.<\/p>\n<p><a href=\"https:\/\/www.fibami.com\/en\/moodutabel\/\">Choose your size<\/a> according to your waist circumference.<\/p>\n<p><strong>Shipping: <\/strong>Tutvu uute mudelite ja v\u00e4rvidega, mis on saadaval limiteeritud koguses.<strong><br \/>\n<\/strong>Tooteid saad tellida<strong> vahemikus\u00a03.-8. aprill\u00a0ning toodete\u00a0tarne alates 21.aprill.<\/strong><\/p>\n<ul>\n<li>We want to avoid overproduction and always prefer to produce to order. We hope that the slightly longer delivery time is worth the wait and will also help you avoid making emotion-based purchases.<\/li>\n<\/ul>\n<p><a class=\"maxbutton-2 maxbutton maxbutton-moodutabel\" target=\"_blank\" rel=\"noopener\" href=\"\/en\/moodutabel\/\"><span class='mb-text'>Sizing chart<\/span><\/a><\/p>","protected":false},"featured_media":30502,"comment_status":"open","ping_status":"closed","template":"","meta":[],"product_brand":[],"product_cat":[33,208],"product_tag":[181],"class_list":{"0":"post-5393","1":"product","2":"type-product","3":"status-publish","4":"has-post-thumbnail","6":"product_cat-retuusid","7":"product_cat-spordiriided","8":"product_tag-new","10":"first","11":"outofstock","12":"taxable","13":"shipping-taxable","14":"purchasable","15":"product-type-variable"},"yoast_head":"<!-- This site is optimized with the Yoast SEO plugin v27.3 - https:\/\/yoast.com\/product\/yoast-seo-wordpress\/ -->\n<title>Fibami Jogger Retuusid - Fibami<\/title>\n<meta name=\"description\" content=\"Fibami Jogger retuusid on k\u00f5rge pihaga p\u00fcksid, mis on \u00fclevalt m\u00f5nusalt \u00fcmber nagu retuusid ning s\u00e4\u00e4reosast veidi vabamad.\" \/>\n<meta name=\"robots\" content=\"index, follow, max-snippet:-1, max-image-preview:large, max-video-preview:-1\" \/>\n<link rel=\"canonical\" href=\"https:\/\/www.fibami.com\/en\/product\/fibami-jogger-retuusid-2\/\" \/>\n<meta property=\"og:locale\" content=\"en_GB\" \/>\n<meta property=\"og:type\" content=\"article\" \/>\n<meta property=\"og:title\" content=\"Fibami Jogger retuusid\" \/>\n<meta property=\"og:description\" content=\"Fibami Jogger retuusid on k\u00f5rge pihaga p\u00fcksid, mis on \u00fclevalt m\u00f5nusalt \u00fcmber nagu retuusid ning s\u00e4\u00e4reosast veidi vabamad.\" \/>\n<meta property=\"og:url\" content=\"https:\/\/www.fibami.com\/en\/product\/fibami-jogger-retuusid-2\/\" \/>\n<meta property=\"og:site_name\" content=\"Fibami\" \/>\n<meta property=\"article:modified_time\" content=\"2026-04-09T05:48:06+00:00\" \/>\n<meta property=\"og:image\" content=\"https:\/\/www.fibami.com\/wp-content\/uploads\/2023\/04\/Fibami_jogger_retuusid-scaled.jpg\" \/>\n\t<meta property=\"og:image:width\" content=\"1706\" \/>\n\t<meta property=\"og:image:height\" content=\"2560\" \/>\n\t<meta property=\"og:image:type\" content=\"image\/jpeg\" \/>\n<meta name=\"twitter:card\" content=\"summary_large_image\" \/>\n<meta name=\"twitter:title\" content=\"Fibami Jogger retuusid\" \/>\n<meta name=\"twitter:description\" content=\"Fibami Jogger retuusid on k\u00f5rge pihaga p\u00fcksid, mis on \u00fclevalt m\u00f5nusalt \u00fcmber nagu retuusid ning s\u00e4\u00e4reosast veidi vabamad.\" \/>\n<meta name=\"twitter:image\" content=\"https:\/\/www.fibami.com\/wp-content\/uploads\/2023\/04\/Fibami_jogger_retuusid-scaled.jpg\" \/>\n<meta name=\"twitter:label1\" content=\"Estimated reading time\" \/>\n\t<meta name=\"twitter:data1\" content=\"2 minutes\" \/>\n<script type=\"application\/ld+json\" class=\"yoast-schema-graph\">{\"@context\":\"https:\\\/\\\/schema.org\",\"@graph\":[{\"@type\":\"WebPage\",\"@id\":\"https:\\\/\\\/www.fibami.com\\\/product\\\/fibami-jogger-retuusid-2\\\/\",\"url\":\"https:\\\/\\\/www.fibami.com\\\/product\\\/fibami-jogger-retuusid-2\\\/\",\"name\":\"Fibami Jogger Retuusid - Fibami\",\"isPartOf\":{\"@id\":\"https:\\\/\\\/www.fibami.com\\\/#website\"},\"primaryImageOfPage\":{\"@id\":\"https:\\\/\\\/www.fibami.com\\\/product\\\/fibami-jogger-retuusid-2\\\/#primaryimage\"},\"image\":{\"@id\":\"https:\\\/\\\/www.fibami.com\\\/product\\\/fibami-jogger-retuusid-2\\\/#primaryimage\"},\"thumbnailUrl\":\"https:\\\/\\\/www.fibami.com\\\/wp-content\\\/uploads\\\/2022\\\/03\\\/Fibami_jogger2-scaled.jpg\",\"datePublished\":\"2022-03-04T12:42:37+00:00\",\"dateModified\":\"2026-04-09T05:48:06+00:00\",\"description\":\"Fibami Jogger retuusid on k\u00f5rge pihaga p\u00fcksid, mis on \u00fclevalt m\u00f5nusalt \u00fcmber nagu retuusid ning s\u00e4\u00e4reosast veidi vabamad.\",\"breadcrumb\":{\"@id\":\"https:\\\/\\\/www.fibami.com\\\/product\\\/fibami-jogger-retuusid-2\\\/#breadcrumb\"},\"inLanguage\":\"en-GB\",\"potentialAction\":[{\"@type\":\"ReadAction\",\"target\":[\"https:\\\/\\\/www.fibami.com\\\/product\\\/fibami-jogger-retuusid-2\\\/\"]}]},{\"@type\":\"ImageObject\",\"inLanguage\":\"en-GB\",\"@id\":\"https:\\\/\\\/www.fibami.com\\\/product\\\/fibami-jogger-retuusid-2\\\/#primaryimage\",\"url\":\"https:\\\/\\\/www.fibami.com\\\/wp-content\\\/uploads\\\/2022\\\/03\\\/Fibami_jogger2-scaled.jpg\",\"contentUrl\":\"https:\\\/\\\/www.fibami.com\\\/wp-content\\\/uploads\\\/2022\\\/03\\\/Fibami_jogger2-scaled.jpg\",\"width\":1707,\"height\":2560},{\"@type\":\"BreadcrumbList\",\"@id\":\"https:\\\/\\\/www.fibami.com\\\/product\\\/fibami-jogger-retuusid-2\\\/#breadcrumb\",\"itemListElement\":[{\"@type\":\"ListItem\",\"position\":1,\"name\":\"Home\",\"item\":\"https:\\\/\\\/www.fibami.com\\\/\"},{\"@type\":\"ListItem\",\"position\":2,\"name\":\"Pood\",\"item\":\"https:\\\/\\\/www.fibami.com\\\/pood\\\/\"},{\"@type\":\"ListItem\",\"position\":3,\"name\":\"Fibami Jogger Retuusid\"}]},{\"@type\":\"WebSite\",\"@id\":\"https:\\\/\\\/www.fibami.com\\\/#website\",\"url\":\"https:\\\/\\\/www.fibami.com\\\/\",\"name\":\"Fibami\",\"description\":\"\",\"potentialAction\":[{\"@type\":\"SearchAction\",\"target\":{\"@type\":\"EntryPoint\",\"urlTemplate\":\"https:\\\/\\\/www.fibami.com\\\/?s={search_term_string}\"},\"query-input\":{\"@type\":\"PropertyValueSpecification\",\"valueRequired\":true,\"valueName\":\"search_term_string\"}}],\"inLanguage\":\"en-GB\"}]}<\/script>\n<!-- \/ Yoast SEO plugin. -->","yoast_head_json":{"title":"Fibami Jogger Retuusid - Fibami","description":"Fibami Jogger retuusid on k\u00f5rge pihaga p\u00fcksid, mis on \u00fclevalt m\u00f5nusalt \u00fcmber nagu retuusid ning s\u00e4\u00e4reosast veidi vabamad.","robots":{"index":"index","follow":"follow","max-snippet":"max-snippet:-1","max-image-preview":"max-image-preview:large","max-video-preview":"max-video-preview:-1"},"canonical":"https:\/\/www.fibami.com\/en\/product\/fibami-jogger-retuusid-2\/","og_locale":"en_GB","og_type":"article","og_title":"Fibami Jogger retuusid","og_description":"Fibami Jogger retuusid on k\u00f5rge pihaga p\u00fcksid, mis on \u00fclevalt m\u00f5nusalt \u00fcmber nagu retuusid ning s\u00e4\u00e4reosast veidi vabamad.","og_url":"https:\/\/www.fibami.com\/en\/product\/fibami-jogger-retuusid-2\/","og_site_name":"Fibami","article_modified_time":"2026-04-09T05:48:06+00:00","og_image":[{"width":1706,"height":2560,"url":"https:\/\/www.fibami.com\/wp-content\/uploads\/2023\/04\/Fibami_jogger_retuusid-scaled.jpg","type":"image\/jpeg"}],"twitter_card":"summary_large_image","twitter_title":"Fibami Jogger retuusid","twitter_description":"Fibami Jogger retuusid on k\u00f5rge pihaga p\u00fcksid, mis on \u00fclevalt m\u00f5nusalt \u00fcmber nagu retuusid ning s\u00e4\u00e4reosast veidi vabamad.","twitter_image":"https:\/\/www.fibami.com\/wp-content\/uploads\/2023\/04\/Fibami_jogger_retuusid-scaled.jpg","twitter_misc":{"Estimated reading time":"2 minutes"},"schema":{"@context":"https:\/\/schema.org","@graph":[{"@type":"WebPage","@id":"https:\/\/www.fibami.com\/product\/fibami-jogger-retuusid-2\/","url":"https:\/\/www.fibami.com\/product\/fibami-jogger-retuusid-2\/","name":"Fibami Jogger Retuusid - Fibami","isPartOf":{"@id":"https:\/\/www.fibami.com\/#website"},"primaryImageOfPage":{"@id":"https:\/\/www.fibami.com\/product\/fibami-jogger-retuusid-2\/#primaryimage"},"image":{"@id":"https:\/\/www.fibami.com\/product\/fibami-jogger-retuusid-2\/#primaryimage"},"thumbnailUrl":"https:\/\/www.fibami.com\/wp-content\/uploads\/2022\/03\/Fibami_jogger2-scaled.jpg","datePublished":"2022-03-04T12:42:37+00:00","dateModified":"2026-04-09T05:48:06+00:00","description":"Fibami Jogger retuusid on k\u00f5rge pihaga p\u00fcksid, mis on \u00fclevalt m\u00f5nusalt \u00fcmber nagu retuusid ning s\u00e4\u00e4reosast veidi vabamad.","breadcrumb":{"@id":"https:\/\/www.fibami.com\/product\/fibami-jogger-retuusid-2\/#breadcrumb"},"inLanguage":"en-GB","potentialAction":[{"@type":"ReadAction","target":["https:\/\/www.fibami.com\/product\/fibami-jogger-retuusid-2\/"]}]},{"@type":"ImageObject","inLanguage":"en-GB","@id":"https:\/\/www.fibami.com\/product\/fibami-jogger-retuusid-2\/#primaryimage","url":"https:\/\/www.fibami.com\/wp-content\/uploads\/2022\/03\/Fibami_jogger2-scaled.jpg","contentUrl":"https:\/\/www.fibami.com\/wp-content\/uploads\/2022\/03\/Fibami_jogger2-scaled.jpg","width":1707,"height":2560},{"@type":"BreadcrumbList","@id":"https:\/\/www.fibami.com\/product\/fibami-jogger-retuusid-2\/#breadcrumb","itemListElement":[{"@type":"ListItem","position":1,"name":"Home","item":"https:\/\/www.fibami.com\/"},{"@type":"ListItem","position":2,"name":"Pood","item":"https:\/\/www.fibami.com\/pood\/"},{"@type":"ListItem","position":3,"name":"Fibami Jogger Retuusid"}]},{"@type":"WebSite","@id":"https:\/\/www.fibami.com\/#website","url":"https:\/\/www.fibami.com\/","name":"Fibami","description":"","potentialAction":[{"@type":"SearchAction","target":{"@type":"EntryPoint","urlTemplate":"https:\/\/www.fibami.com\/?s={search_term_string}"},"query-input":{"@type":"PropertyValueSpecification","valueRequired":true,"valueName":"search_term_string"}}],"inLanguage":"en-GB"}]}},"_links":{"self":[{"href":"https:\/\/www.fibami.com\/en\/wp-json\/wp\/v2\/product\/5393","targetHints":{"allow":["GET"]}}],"collection":[{"href":"https:\/\/www.fibami.com\/en\/wp-json\/wp\/v2\/product"}],"about":[{"href":"https:\/\/www.fibami.com\/en\/wp-json\/wp\/v2\/types\/product"}],"replies":[{"embeddable":true,"href":"https:\/\/www.fibami.com\/en\/wp-json\/wp\/v2\/comments?post=5393"}],"version-history":[{"count":5,"href":"https:\/\/www.fibami.com\/en\/wp-json\/wp\/v2\/product\/5393\/revisions"}],"predecessor-version":[{"id":30529,"href":"https:\/\/www.fibami.com\/en\/wp-json\/wp\/v2\/product\/5393\/revisions\/30529"}],"wp:featuredmedia":[{"embeddable":true,"href":"https:\/\/www.fibami.com\/en\/wp-json\/wp\/v2\/media\/30502"}],"wp:attachment":[{"href":"https:\/\/www.fibami.com\/en\/wp-json\/wp\/v2\/media?parent=5393"}],"wp:term":[{"taxonomy":"product_brand","embeddable":true,"href":"https:\/\/www.fibami.com\/en\/wp-json\/wp\/v2\/product_brand?post=5393"},{"taxonomy":"product_cat","embeddable":true,"href":"https:\/\/www.fibami.com\/en\/wp-json\/wp\/v2\/product_cat?post=5393"},{"taxonomy":"product_tag","embeddable":true,"href":"https:\/\/www.fibami.com\/en\/wp-json\/wp\/v2\/product_tag?post=5393"}],"curies":[{"name":"wp","href":"https:\/\/api.w.org\/{rel}","templated":true}]}}