{"id":7559,"date":"2023-02-21T16:32:50","date_gmt":"2023-02-21T13:32:50","guid":{"rendered":"https:\/\/www.fibami.com\/?post_type=product&#038;p=7559"},"modified":"2026-04-08T14:35:27","modified_gmt":"2026-04-08T11:35:27","slug":"fibami-lounge-puksid-2","status":"publish","type":"product","link":"https:\/\/www.fibami.com\/en\/product\/fibami-lounge-puksid-2\/","title":{"rendered":"Fibami Loungewear p\u00fcksid"},"content":{"rendered":"<p>&nbsp;<\/p>\n<p><a href=\"https:\/\/www.fibami.com\/en\/materjalid\/\"><strong>Material<\/strong> info: <\/a>96% Bamboo, 4% Elastane<br \/>\nThe elastane content gives the fabric a pleasant amount of elongation and the bamboo fibers make the product breathable and skin-friendly. Due to the rapid natural growth of bamboo plants from bamboo to an environmentally friendly material. Our chosen bamboo fabric is especially silky and soft. Bamboo also has antibacterial properties and good moisture absorption. Our fabric is also <strong>OEKO-TEX 100<\/strong> certified - this means that the fabric is tested and free of harmful chemicals.<\/p>\n<p><strong>Maintenance:<\/strong> the pants can be machine washed at 30 degrees. We recommend hanging the blouse to dry on a hanger after washing, as this will help save you from the hassle of ironing. The weight from the moisture prevents the fabric from developing major wrinkles while drying.<\/p>\n<p><img decoding=\"async\" class=\"alignnone wp-image-1345\" src=\"https:\/\/www.fibami.com\/wp-content\/uploads\/2021\/06\/oekotex-300x157.jpg\" alt=\"\" width=\"205\" height=\"107\" srcset=\"https:\/\/www.fibami.com\/wp-content\/uploads\/2021\/06\/oekotex-300x157.jpg 300w, https:\/\/www.fibami.com\/wp-content\/uploads\/2021\/06\/oekotex-900x471.jpg 900w, https:\/\/www.fibami.com\/wp-content\/uploads\/2021\/06\/oekotex-600x314.jpg 600w, https:\/\/www.fibami.com\/wp-content\/uploads\/2021\/06\/oekotex-1024x536.jpg 1024w, https:\/\/www.fibami.com\/wp-content\/uploads\/2021\/06\/oekotex-768x402.jpg 768w, https:\/\/www.fibami.com\/wp-content\/uploads\/2021\/06\/oekotex-16x8.jpg 16w, https:\/\/www.fibami.com\/wp-content\/uploads\/2021\/06\/oekotex.jpg 1200w\" sizes=\"(max-width: 205px) 100vw, 205px\" \/><\/p>","protected":false},"excerpt":{"rendered":"<p><strong>Fibami Lounge Pants <\/strong>have a nice loose and flowy cut. There is a soft rubber that has been added to the waistband. The silky soft pants are made of bamboo fabric. They are suitable to accompany you throughout the day - at home, during training or while spending free time. You can combine pants like this in a more <em>casual<\/em> way but also in a party setting.<\/p>\n<p>The bamboo fabric is very soft and silky, which makes you grasp the bamboo fabic products over and over again in your wardrobe. In addition, it has a very good moisture regulatory and antibacterial properties.<\/p>\n<p><a class=\"maxbutton-2 maxbutton maxbutton-moodutabel\" target=\"_blank\" rel=\"noopener\" href=\"\/en\/moodutabel\/\"><span class='mb-text'>Sizing chart<\/span><\/a><\/p>","protected":false},"featured_media":30619,"comment_status":"open","ping_status":"closed","template":"","meta":[],"product_brand":[],"product_cat":[116,65,206],"product_tag":[],"class_list":{"0":"post-7559","1":"product","2":"type-product","3":"status-publish","4":"has-post-thumbnail","6":"product_cat-loungewear","7":"product_cat-puksid","8":"product_cat-uus","10":"first","11":"onbackorder","12":"taxable","13":"shipping-taxable","14":"purchasable","15":"product-type-variable"},"yoast_head":"<!-- This site is optimized with the Yoast SEO plugin v27.5 - https:\/\/yoast.com\/product\/yoast-seo-wordpress\/ -->\n<title>Fibami Loungewear p\u00fcksid - Fibami<\/title>\n<meta name=\"description\" content=\"Fibami Lounge p\u00fcksid on siidiselt pehmed ja m\u00f5nusad. Bambuskangast p\u00fcksid sobivad nii kodusesse atmosf\u00e4\u00e4ri kui ka rahulikku joogatrenni.\" \/>\n<meta name=\"robots\" content=\"index, follow, max-snippet:-1, max-image-preview:large, max-video-preview:-1\" \/>\n<link rel=\"canonical\" href=\"https:\/\/www.fibami.com\/en\/product\/fibami-lounge-puksid-2\/\" \/>\n<meta property=\"og:locale\" content=\"en_GB\" \/>\n<meta property=\"og:type\" content=\"article\" \/>\n<meta property=\"og:title\" content=\"Fibami Loungewear p\u00fcksid must\" \/>\n<meta property=\"og:description\" content=\"Fibami Lounge p\u00fcksid on m\u00f5nusalt vaba l\u00f5ikega ja lendlevad. V\u00f6\u00f6osale on lisatud pehme kummiv\u00e4rvel. Siidiselt pehmed bambuskangast p\u00fcksid sobivad sind saatma kogu p\u00e4eva \u2013 kodus, treeningul v\u00f5i vaba aega veetes.\" \/>\n<meta property=\"og:url\" content=\"https:\/\/www.fibami.com\/en\/product\/fibami-lounge-puksid-2\/\" \/>\n<meta property=\"og:site_name\" content=\"Fibami\" \/>\n<meta property=\"article:modified_time\" content=\"2026-04-08T11:35:27+00:00\" \/>\n<meta property=\"og:image\" content=\"https:\/\/www.fibami.com\/wp-content\/uploads\/2023\/04\/Fibami_lounge_puksid.jpeg\" \/>\n\t<meta property=\"og:image:width\" content=\"1280\" \/>\n\t<meta property=\"og:image:height\" content=\"1920\" \/>\n\t<meta property=\"og:image:type\" content=\"image\/jpeg\" \/>\n<meta name=\"twitter:card\" content=\"summary_large_image\" \/>\n<meta name=\"twitter:title\" content=\"Fibami Loungewear p\u00fcksid must\" \/>\n<meta name=\"twitter:description\" content=\"Fibami Lounge p\u00fcksid on m\u00f5nusalt vaba l\u00f5ikega ja lendlevad. V\u00f6\u00f6osale on lisatud pehme kummiv\u00e4rvel. Siidiselt pehmed bambuskangast p\u00fcksid sobivad sind saatma kogu p\u00e4eva \u2013 kodus, treeningul v\u00f5i vaba aega veetes.\" \/>\n<meta name=\"twitter:image\" content=\"https:\/\/www.fibami.com\/wp-content\/uploads\/2023\/04\/Fibami_lounge_puksid.jpeg\" \/>\n<meta name=\"twitter:label1\" content=\"Estimated reading time\" \/>\n\t<meta name=\"twitter:data1\" content=\"1 minute\" \/>\n<script type=\"application\/ld+json\" class=\"yoast-schema-graph\">{\"@context\":\"https:\\\/\\\/schema.org\",\"@graph\":[{\"@type\":\"WebPage\",\"@id\":\"https:\\\/\\\/www.fibami.com\\\/product\\\/fibami-lounge-puksid-2\\\/\",\"url\":\"https:\\\/\\\/www.fibami.com\\\/product\\\/fibami-lounge-puksid-2\\\/\",\"name\":\"Fibami Loungewear p\u00fcksid - Fibami\",\"isPartOf\":{\"@id\":\"https:\\\/\\\/www.fibami.com\\\/#website\"},\"primaryImageOfPage\":{\"@id\":\"https:\\\/\\\/www.fibami.com\\\/product\\\/fibami-lounge-puksid-2\\\/#primaryimage\"},\"image\":{\"@id\":\"https:\\\/\\\/www.fibami.com\\\/product\\\/fibami-lounge-puksid-2\\\/#primaryimage\"},\"thumbnailUrl\":\"https:\\\/\\\/www.fibami.com\\\/wp-content\\\/uploads\\\/2023\\\/02\\\/Fibami_lounge_kimono-2a.jpg\",\"datePublished\":\"2023-02-21T13:32:50+00:00\",\"dateModified\":\"2026-04-08T11:35:27+00:00\",\"description\":\"Fibami Lounge p\u00fcksid on siidiselt pehmed ja m\u00f5nusad. Bambuskangast p\u00fcksid sobivad nii kodusesse atmosf\u00e4\u00e4ri kui ka rahulikku joogatrenni.\",\"breadcrumb\":{\"@id\":\"https:\\\/\\\/www.fibami.com\\\/product\\\/fibami-lounge-puksid-2\\\/#breadcrumb\"},\"inLanguage\":\"en-GB\",\"potentialAction\":[{\"@type\":\"ReadAction\",\"target\":[\"https:\\\/\\\/www.fibami.com\\\/product\\\/fibami-lounge-puksid-2\\\/\"]}]},{\"@type\":\"ImageObject\",\"inLanguage\":\"en-GB\",\"@id\":\"https:\\\/\\\/www.fibami.com\\\/product\\\/fibami-lounge-puksid-2\\\/#primaryimage\",\"url\":\"https:\\\/\\\/www.fibami.com\\\/wp-content\\\/uploads\\\/2023\\\/02\\\/Fibami_lounge_kimono-2a.jpg\",\"contentUrl\":\"https:\\\/\\\/www.fibami.com\\\/wp-content\\\/uploads\\\/2023\\\/02\\\/Fibami_lounge_kimono-2a.jpg\",\"width\":1292,\"height\":1937},{\"@type\":\"BreadcrumbList\",\"@id\":\"https:\\\/\\\/www.fibami.com\\\/product\\\/fibami-lounge-puksid-2\\\/#breadcrumb\",\"itemListElement\":[{\"@type\":\"ListItem\",\"position\":1,\"name\":\"Home\",\"item\":\"https:\\\/\\\/www.fibami.com\\\/\"},{\"@type\":\"ListItem\",\"position\":2,\"name\":\"Pood\",\"item\":\"https:\\\/\\\/www.fibami.com\\\/pood\\\/\"},{\"@type\":\"ListItem\",\"position\":3,\"name\":\"Fibami Loungewear p\u00fcksid\"}]},{\"@type\":\"WebSite\",\"@id\":\"https:\\\/\\\/www.fibami.com\\\/#website\",\"url\":\"https:\\\/\\\/www.fibami.com\\\/\",\"name\":\"Fibami\",\"description\":\"\",\"potentialAction\":[{\"@type\":\"SearchAction\",\"target\":{\"@type\":\"EntryPoint\",\"urlTemplate\":\"https:\\\/\\\/www.fibami.com\\\/?s={search_term_string}\"},\"query-input\":{\"@type\":\"PropertyValueSpecification\",\"valueRequired\":true,\"valueName\":\"search_term_string\"}}],\"inLanguage\":\"en-GB\"}]}<\/script>\n<!-- \/ Yoast SEO plugin. -->","yoast_head_json":{"title":"Fibami Loungewear p\u00fcksid - Fibami","description":"Fibami Lounge p\u00fcksid on siidiselt pehmed ja m\u00f5nusad. Bambuskangast p\u00fcksid sobivad nii kodusesse atmosf\u00e4\u00e4ri kui ka rahulikku joogatrenni.","robots":{"index":"index","follow":"follow","max-snippet":"max-snippet:-1","max-image-preview":"max-image-preview:large","max-video-preview":"max-video-preview:-1"},"canonical":"https:\/\/www.fibami.com\/en\/product\/fibami-lounge-puksid-2\/","og_locale":"en_GB","og_type":"article","og_title":"Fibami Loungewear p\u00fcksid must","og_description":"Fibami Lounge p\u00fcksid on m\u00f5nusalt vaba l\u00f5ikega ja lendlevad. V\u00f6\u00f6osale on lisatud pehme kummiv\u00e4rvel. Siidiselt pehmed bambuskangast p\u00fcksid sobivad sind saatma kogu p\u00e4eva \u2013 kodus, treeningul v\u00f5i vaba aega veetes.","og_url":"https:\/\/www.fibami.com\/en\/product\/fibami-lounge-puksid-2\/","og_site_name":"Fibami","article_modified_time":"2026-04-08T11:35:27+00:00","og_image":[{"width":1280,"height":1920,"url":"https:\/\/www.fibami.com\/wp-content\/uploads\/2023\/04\/Fibami_lounge_puksid.jpeg","type":"image\/jpeg"}],"twitter_card":"summary_large_image","twitter_title":"Fibami Loungewear p\u00fcksid must","twitter_description":"Fibami Lounge p\u00fcksid on m\u00f5nusalt vaba l\u00f5ikega ja lendlevad. V\u00f6\u00f6osale on lisatud pehme kummiv\u00e4rvel. Siidiselt pehmed bambuskangast p\u00fcksid sobivad sind saatma kogu p\u00e4eva \u2013 kodus, treeningul v\u00f5i vaba aega veetes.","twitter_image":"https:\/\/www.fibami.com\/wp-content\/uploads\/2023\/04\/Fibami_lounge_puksid.jpeg","twitter_misc":{"Estimated reading time":"1 minute"},"schema":{"@context":"https:\/\/schema.org","@graph":[{"@type":"WebPage","@id":"https:\/\/www.fibami.com\/product\/fibami-lounge-puksid-2\/","url":"https:\/\/www.fibami.com\/product\/fibami-lounge-puksid-2\/","name":"Fibami Loungewear p\u00fcksid - Fibami","isPartOf":{"@id":"https:\/\/www.fibami.com\/#website"},"primaryImageOfPage":{"@id":"https:\/\/www.fibami.com\/product\/fibami-lounge-puksid-2\/#primaryimage"},"image":{"@id":"https:\/\/www.fibami.com\/product\/fibami-lounge-puksid-2\/#primaryimage"},"thumbnailUrl":"https:\/\/www.fibami.com\/wp-content\/uploads\/2023\/02\/Fibami_lounge_kimono-2a.jpg","datePublished":"2023-02-21T13:32:50+00:00","dateModified":"2026-04-08T11:35:27+00:00","description":"Fibami Lounge p\u00fcksid on siidiselt pehmed ja m\u00f5nusad. Bambuskangast p\u00fcksid sobivad nii kodusesse atmosf\u00e4\u00e4ri kui ka rahulikku joogatrenni.","breadcrumb":{"@id":"https:\/\/www.fibami.com\/product\/fibami-lounge-puksid-2\/#breadcrumb"},"inLanguage":"en-GB","potentialAction":[{"@type":"ReadAction","target":["https:\/\/www.fibami.com\/product\/fibami-lounge-puksid-2\/"]}]},{"@type":"ImageObject","inLanguage":"en-GB","@id":"https:\/\/www.fibami.com\/product\/fibami-lounge-puksid-2\/#primaryimage","url":"https:\/\/www.fibami.com\/wp-content\/uploads\/2023\/02\/Fibami_lounge_kimono-2a.jpg","contentUrl":"https:\/\/www.fibami.com\/wp-content\/uploads\/2023\/02\/Fibami_lounge_kimono-2a.jpg","width":1292,"height":1937},{"@type":"BreadcrumbList","@id":"https:\/\/www.fibami.com\/product\/fibami-lounge-puksid-2\/#breadcrumb","itemListElement":[{"@type":"ListItem","position":1,"name":"Home","item":"https:\/\/www.fibami.com\/"},{"@type":"ListItem","position":2,"name":"Pood","item":"https:\/\/www.fibami.com\/pood\/"},{"@type":"ListItem","position":3,"name":"Fibami Loungewear p\u00fcksid"}]},{"@type":"WebSite","@id":"https:\/\/www.fibami.com\/#website","url":"https:\/\/www.fibami.com\/","name":"Fibami","description":"","potentialAction":[{"@type":"SearchAction","target":{"@type":"EntryPoint","urlTemplate":"https:\/\/www.fibami.com\/?s={search_term_string}"},"query-input":{"@type":"PropertyValueSpecification","valueRequired":true,"valueName":"search_term_string"}}],"inLanguage":"en-GB"}]}},"_links":{"self":[{"href":"https:\/\/www.fibami.com\/en\/wp-json\/wp\/v2\/product\/7559","targetHints":{"allow":["GET"]}}],"collection":[{"href":"https:\/\/www.fibami.com\/en\/wp-json\/wp\/v2\/product"}],"about":[{"href":"https:\/\/www.fibami.com\/en\/wp-json\/wp\/v2\/types\/product"}],"replies":[{"embeddable":true,"href":"https:\/\/www.fibami.com\/en\/wp-json\/wp\/v2\/comments?post=7559"}],"version-history":[{"count":5,"href":"https:\/\/www.fibami.com\/en\/wp-json\/wp\/v2\/product\/7559\/revisions"}],"predecessor-version":[{"id":29757,"href":"https:\/\/www.fibami.com\/en\/wp-json\/wp\/v2\/product\/7559\/revisions\/29757"}],"wp:featuredmedia":[{"embeddable":true,"href":"https:\/\/www.fibami.com\/en\/wp-json\/wp\/v2\/media\/30619"}],"wp:attachment":[{"href":"https:\/\/www.fibami.com\/en\/wp-json\/wp\/v2\/media?parent=7559"}],"wp:term":[{"taxonomy":"product_brand","embeddable":true,"href":"https:\/\/www.fibami.com\/en\/wp-json\/wp\/v2\/product_brand?post=7559"},{"taxonomy":"product_cat","embeddable":true,"href":"https:\/\/www.fibami.com\/en\/wp-json\/wp\/v2\/product_cat?post=7559"},{"taxonomy":"product_tag","embeddable":true,"href":"https:\/\/www.fibami.com\/en\/wp-json\/wp\/v2\/product_tag?post=7559"}],"curies":[{"name":"wp","href":"https:\/\/api.w.org\/{rel}","templated":true}]}}