{"id":8631,"date":"2022-09-20T14:15:42","date_gmt":"2022-09-20T11:15:42","guid":{"rendered":"https:\/\/www.fibami.com\/?post_type=product&#038;p=8631"},"modified":"2026-03-30T17:47:17","modified_gmt":"2026-03-30T14:47:17","slug":"fibami-flow-puksid-3","status":"publish","type":"product","link":"https:\/\/www.fibami.com\/en\/product\/fibami-flow-puksid-3\/","title":{"rendered":"Fibami Flow Pants"},"content":{"rendered":"<p><a href=\"https:\/\/www.fibami.com\/en\/materjalid\/\"><strong>Material<\/strong> info: <\/a>96% Bamboo, 4% Elastane<br \/>\nThe elastane content gives the fabric a pleasant amount of elongation and the bamboo fibers make the product breathable and skin-friendly. Due to the rapid natural growth of bamboo plants from bamboo to an environmentally friendly material. Our chosen bamboo fabric is especially silky and soft. Bamboo also has antibacterial properties and good moisture absorption. Our fabric is also <strong>OEKO-TEX 100<\/strong> certified - this means that the fabric is tested and free of harmful chemicals.<\/p>\n<p><strong>Maintenance:<\/strong> the pants can be machine washed at 30 degrees. We recommend hanging the blouse to dry on a hanger after washing, as this will help save you from the hassle of ironing. The weight from the moisture prevents the fabric from developing major wrinkles while drying.<\/p>\n<p><img decoding=\"async\" class=\"alignnone wp-image-1345\" src=\"https:\/\/www.fibami.com\/wp-content\/uploads\/2021\/06\/oekotex-300x157.jpg\" alt=\"\" width=\"205\" height=\"107\" srcset=\"https:\/\/www.fibami.com\/wp-content\/uploads\/2021\/06\/oekotex-300x157.jpg 300w, https:\/\/www.fibami.com\/wp-content\/uploads\/2021\/06\/oekotex-900x471.jpg 900w, https:\/\/www.fibami.com\/wp-content\/uploads\/2021\/06\/oekotex-600x314.jpg 600w, https:\/\/www.fibami.com\/wp-content\/uploads\/2021\/06\/oekotex-1024x536.jpg 1024w, https:\/\/www.fibami.com\/wp-content\/uploads\/2021\/06\/oekotex-768x402.jpg 768w, https:\/\/www.fibami.com\/wp-content\/uploads\/2021\/06\/oekotex-16x8.jpg 16w, https:\/\/www.fibami.com\/wp-content\/uploads\/2021\/06\/oekotex.jpg 1200w\" sizes=\"(max-width: 205px) 100vw, 205px\" \/><\/p>","protected":false},"excerpt":{"rendered":"<ul>\n<li><strong>Fibami Flow pants <\/strong>are silky soft and flowing.<\/li>\n<li>The pants are perfect for dance training or why not also for wearing during leisure time.<\/li>\n<li>The waistband is made with soft rubber.<\/li>\n<li>If you want to you can wear<a href=\"https:\/\/www.fibami.com\/en\/product\/fibami-pure-shorts-retuusid\/\">shorts underneath<\/a><\/li>\n<\/ul>\n<p><img decoding=\"async\" class=\"alignnone wp-image-8489\" src=\"https:\/\/www.fibami.com\/wp-content\/uploads\/2022\/08\/soft.png\" alt=\"\" width=\"90\" height=\"76\" srcset=\"https:\/\/www.fibami.com\/wp-content\/uploads\/2022\/08\/soft.png 148w, https:\/\/www.fibami.com\/wp-content\/uploads\/2022\/08\/soft-14x12.png 14w\" sizes=\"(max-width: 90px) 100vw, 90px\" \/><img decoding=\"async\" class=\"alignnone wp-image-8575\" src=\"https:\/\/www.fibami.com\/wp-content\/uploads\/2022\/08\/breathable.png\" alt=\"\" width=\"95\" height=\"81\" srcset=\"https:\/\/www.fibami.com\/wp-content\/uploads\/2022\/08\/breathable.png 148w, https:\/\/www.fibami.com\/wp-content\/uploads\/2022\/08\/breathable-14x12.png 14w\" sizes=\"(max-width: 95px) 100vw, 95px\" \/> <img loading=\"lazy\" decoding=\"async\" class=\"alignnone wp-image-8490\" src=\"https:\/\/www.fibami.com\/wp-content\/uploads\/2022\/08\/moisture-management.png\" alt=\"\" width=\"99\" height=\"84\" srcset=\"https:\/\/www.fibami.com\/wp-content\/uploads\/2022\/08\/moisture-management.png 148w, https:\/\/www.fibami.com\/wp-content\/uploads\/2022\/08\/moisture-management-14x12.png 14w\" sizes=\"(max-width: 99px) 100vw, 99px\" \/> \u00a0<img loading=\"lazy\" decoding=\"async\" class=\"alignnone wp-image-8488\" src=\"https:\/\/www.fibami.com\/wp-content\/uploads\/2022\/08\/extra-comfort.png\" alt=\"\" width=\"109\" height=\"93\" srcset=\"https:\/\/www.fibami.com\/wp-content\/uploads\/2022\/08\/extra-comfort.png 148w, https:\/\/www.fibami.com\/wp-content\/uploads\/2022\/08\/extra-comfort-14x12.png 14w\" sizes=\"(max-width: 109px) 100vw, 109px\" \/> <img loading=\"lazy\" decoding=\"async\" class=\"alignnone wp-image-8485\" src=\"https:\/\/www.fibami.com\/wp-content\/uploads\/2022\/08\/4-way-stretch.png\" alt=\"\" width=\"86\" height=\"81\" srcset=\"https:\/\/www.fibami.com\/wp-content\/uploads\/2022\/08\/4-way-stretch.png 134w, https:\/\/www.fibami.com\/wp-content\/uploads\/2022\/08\/4-way-stretch-13x12.png 13w\" sizes=\"(max-width: 86px) 100vw, 86px\" \/><\/p>\n<p><strong><a href=\"https:\/\/www.fibami.com\/en\/moodutabel\/\">Choose your size<\/a><\/strong> according to your waist circumference.<\/p>\n<p><a class=\"maxbutton-2 maxbutton maxbutton-moodutabel\" target=\"_blank\" rel=\"noopener\" href=\"\/en\/moodutabel\/\"><span class='mb-text'>Sizing chart<\/span><\/a><\/p>\n<p><strong>Shipping:<\/strong><b><br \/>\n<\/b>In Stock items:<b> 1 \u2013 3 business days<br \/>\n<\/b>Back-order:<b> up to 7 business days<\/b><\/p>","protected":false},"featured_media":14095,"comment_status":"open","ping_status":"closed","template":"","meta":[],"product_brand":[],"product_cat":[65,217],"product_tag":[],"class_list":{"0":"post-8631","1":"product","2":"type-product","3":"status-publish","4":"has-post-thumbnail","6":"product_cat-puksid","7":"product_cat-tantsuriided","9":"first","10":"onbackorder","11":"taxable","12":"shipping-taxable","13":"purchasable","14":"product-type-variable"},"yoast_head":"<!-- This site is optimized with the Yoast SEO plugin v27.5 - https:\/\/yoast.com\/product\/yoast-seo-wordpress\/ -->\n<title>Fibami Flow p\u00fcksid - Fibami<\/title>\n<meta name=\"description\" content=\"Mudel Flow p\u00fcksid on siidiselt pehmed ja lendlevad ning sobivad ideaalselt tantsulisse treeningusse. V\u00e4rvel on pehme kummiga ning k\u00fcljed on avatud l\u00f5hikutega.\u00a0\" \/>\n<meta name=\"robots\" content=\"index, follow, max-snippet:-1, max-image-preview:large, max-video-preview:-1\" \/>\n<link rel=\"canonical\" href=\"https:\/\/www.fibami.com\/en\/product\/fibami-flow-puksid-3\/\" \/>\n<meta property=\"og:locale\" content=\"en_GB\" \/>\n<meta property=\"og:type\" content=\"article\" \/>\n<meta property=\"og:title\" content=\"Fibami Flow p\u00fcksid\" \/>\n<meta property=\"og:description\" content=\"Mudel Flow p\u00fcksid on siidiselt pehmed ja lendlevad. P\u00fcksid sobivad ideaalselt tantsulisse treeningusse v\u00f5i miks mitte ka vabal ajal kandmiseks. V\u00e4rvel on pehme kummiga ning k\u00fcljed on avatud l\u00f5hikutega. P\u00fckste alla saab soovi korral lisada l\u00fchikesed retuusid.\" \/>\n<meta property=\"og:url\" content=\"https:\/\/www.fibami.com\/en\/product\/fibami-flow-puksid-3\/\" \/>\n<meta property=\"og:site_name\" content=\"Fibami\" \/>\n<meta property=\"article:modified_time\" content=\"2026-03-30T14:47:17+00:00\" \/>\n<meta property=\"og:image\" content=\"https:\/\/www.fibami.com\/wp-content\/uploads\/2022\/03\/Diagonal_cut.jpeg\" \/>\n\t<meta property=\"og:image:width\" content=\"1280\" \/>\n\t<meta property=\"og:image:height\" content=\"1920\" \/>\n\t<meta property=\"og:image:type\" content=\"image\/jpeg\" \/>\n<meta name=\"twitter:card\" content=\"summary_large_image\" \/>\n<meta name=\"twitter:title\" content=\"Fibami Flow p\u00fcksid\" \/>\n<meta name=\"twitter:description\" content=\"Mudel Flow p\u00fcksid on siidiselt pehmed ja lendlevad. P\u00fcksid sobivad ideaalselt tantsulisse treeningusse v\u00f5i miks mitte ka vabal ajal kandmiseks. V\u00e4rvel on pehme kummiga ning k\u00fcljed on avatud l\u00f5hikutega. P\u00fckste alla saab soovi korral lisada l\u00fchikesed retuusid.\" \/>\n<meta name=\"twitter:image\" content=\"https:\/\/www.fibami.com\/wp-content\/uploads\/2022\/03\/Diagonal_cut.jpeg\" \/>\n<meta name=\"twitter:label1\" content=\"Estimated reading time\" \/>\n\t<meta name=\"twitter:data1\" content=\"1 minute\" \/>\n<script type=\"application\/ld+json\" class=\"yoast-schema-graph\">{\"@context\":\"https:\\\/\\\/schema.org\",\"@graph\":[{\"@type\":\"WebPage\",\"@id\":\"https:\\\/\\\/www.fibami.com\\\/product\\\/fibami-flow-puksid-3\\\/\",\"url\":\"https:\\\/\\\/www.fibami.com\\\/product\\\/fibami-flow-puksid-3\\\/\",\"name\":\"Fibami Flow p\u00fcksid - Fibami\",\"isPartOf\":{\"@id\":\"https:\\\/\\\/www.fibami.com\\\/#website\"},\"primaryImageOfPage\":{\"@id\":\"https:\\\/\\\/www.fibami.com\\\/product\\\/fibami-flow-puksid-3\\\/#primaryimage\"},\"image\":{\"@id\":\"https:\\\/\\\/www.fibami.com\\\/product\\\/fibami-flow-puksid-3\\\/#primaryimage\"},\"thumbnailUrl\":\"https:\\\/\\\/www.fibami.com\\\/wp-content\\\/uploads\\\/2022\\\/09\\\/Fibami_holmikpluus-19-scaled.jpg\",\"datePublished\":\"2022-09-20T11:15:42+00:00\",\"dateModified\":\"2026-03-30T14:47:17+00:00\",\"description\":\"Mudel Flow p\u00fcksid on siidiselt pehmed ja lendlevad ning sobivad ideaalselt tantsulisse treeningusse. V\u00e4rvel on pehme kummiga ning k\u00fcljed on avatud l\u00f5hikutega.\u00a0\",\"breadcrumb\":{\"@id\":\"https:\\\/\\\/www.fibami.com\\\/product\\\/fibami-flow-puksid-3\\\/#breadcrumb\"},\"inLanguage\":\"en-GB\",\"potentialAction\":[{\"@type\":\"ReadAction\",\"target\":[\"https:\\\/\\\/www.fibami.com\\\/product\\\/fibami-flow-puksid-3\\\/\"]}]},{\"@type\":\"ImageObject\",\"inLanguage\":\"en-GB\",\"@id\":\"https:\\\/\\\/www.fibami.com\\\/product\\\/fibami-flow-puksid-3\\\/#primaryimage\",\"url\":\"https:\\\/\\\/www.fibami.com\\\/wp-content\\\/uploads\\\/2022\\\/09\\\/Fibami_holmikpluus-19-scaled.jpg\",\"contentUrl\":\"https:\\\/\\\/www.fibami.com\\\/wp-content\\\/uploads\\\/2022\\\/09\\\/Fibami_holmikpluus-19-scaled.jpg\",\"width\":1280,\"height\":1920},{\"@type\":\"BreadcrumbList\",\"@id\":\"https:\\\/\\\/www.fibami.com\\\/product\\\/fibami-flow-puksid-3\\\/#breadcrumb\",\"itemListElement\":[{\"@type\":\"ListItem\",\"position\":1,\"name\":\"Home\",\"item\":\"https:\\\/\\\/www.fibami.com\\\/\"},{\"@type\":\"ListItem\",\"position\":2,\"name\":\"Pood\",\"item\":\"https:\\\/\\\/www.fibami.com\\\/pood\\\/\"},{\"@type\":\"ListItem\",\"position\":3,\"name\":\"Fibami Flow p\u00fcksid\"}]},{\"@type\":\"WebSite\",\"@id\":\"https:\\\/\\\/www.fibami.com\\\/#website\",\"url\":\"https:\\\/\\\/www.fibami.com\\\/\",\"name\":\"Fibami\",\"description\":\"\",\"potentialAction\":[{\"@type\":\"SearchAction\",\"target\":{\"@type\":\"EntryPoint\",\"urlTemplate\":\"https:\\\/\\\/www.fibami.com\\\/?s={search_term_string}\"},\"query-input\":{\"@type\":\"PropertyValueSpecification\",\"valueRequired\":true,\"valueName\":\"search_term_string\"}}],\"inLanguage\":\"en-GB\"}]}<\/script>\n<!-- \/ Yoast SEO plugin. -->","yoast_head_json":{"title":"Fibami Flow p\u00fcksid - Fibami","description":"Mudel Flow p\u00fcksid on siidiselt pehmed ja lendlevad ning sobivad ideaalselt tantsulisse treeningusse. V\u00e4rvel on pehme kummiga ning k\u00fcljed on avatud l\u00f5hikutega.\u00a0","robots":{"index":"index","follow":"follow","max-snippet":"max-snippet:-1","max-image-preview":"max-image-preview:large","max-video-preview":"max-video-preview:-1"},"canonical":"https:\/\/www.fibami.com\/en\/product\/fibami-flow-puksid-3\/","og_locale":"en_GB","og_type":"article","og_title":"Fibami Flow p\u00fcksid","og_description":"Mudel Flow p\u00fcksid on siidiselt pehmed ja lendlevad. P\u00fcksid sobivad ideaalselt tantsulisse treeningusse v\u00f5i miks mitte ka vabal ajal kandmiseks. V\u00e4rvel on pehme kummiga ning k\u00fcljed on avatud l\u00f5hikutega. P\u00fckste alla saab soovi korral lisada l\u00fchikesed retuusid.","og_url":"https:\/\/www.fibami.com\/en\/product\/fibami-flow-puksid-3\/","og_site_name":"Fibami","article_modified_time":"2026-03-30T14:47:17+00:00","og_image":[{"width":1280,"height":1920,"url":"https:\/\/www.fibami.com\/wp-content\/uploads\/2022\/03\/Diagonal_cut.jpeg","type":"image\/jpeg"}],"twitter_card":"summary_large_image","twitter_title":"Fibami Flow p\u00fcksid","twitter_description":"Mudel Flow p\u00fcksid on siidiselt pehmed ja lendlevad. P\u00fcksid sobivad ideaalselt tantsulisse treeningusse v\u00f5i miks mitte ka vabal ajal kandmiseks. V\u00e4rvel on pehme kummiga ning k\u00fcljed on avatud l\u00f5hikutega. P\u00fckste alla saab soovi korral lisada l\u00fchikesed retuusid.","twitter_image":"https:\/\/www.fibami.com\/wp-content\/uploads\/2022\/03\/Diagonal_cut.jpeg","twitter_misc":{"Estimated reading time":"1 minute"},"schema":{"@context":"https:\/\/schema.org","@graph":[{"@type":"WebPage","@id":"https:\/\/www.fibami.com\/product\/fibami-flow-puksid-3\/","url":"https:\/\/www.fibami.com\/product\/fibami-flow-puksid-3\/","name":"Fibami Flow p\u00fcksid - Fibami","isPartOf":{"@id":"https:\/\/www.fibami.com\/#website"},"primaryImageOfPage":{"@id":"https:\/\/www.fibami.com\/product\/fibami-flow-puksid-3\/#primaryimage"},"image":{"@id":"https:\/\/www.fibami.com\/product\/fibami-flow-puksid-3\/#primaryimage"},"thumbnailUrl":"https:\/\/www.fibami.com\/wp-content\/uploads\/2022\/09\/Fibami_holmikpluus-19-scaled.jpg","datePublished":"2022-09-20T11:15:42+00:00","dateModified":"2026-03-30T14:47:17+00:00","description":"Mudel Flow p\u00fcksid on siidiselt pehmed ja lendlevad ning sobivad ideaalselt tantsulisse treeningusse. V\u00e4rvel on pehme kummiga ning k\u00fcljed on avatud l\u00f5hikutega.\u00a0","breadcrumb":{"@id":"https:\/\/www.fibami.com\/product\/fibami-flow-puksid-3\/#breadcrumb"},"inLanguage":"en-GB","potentialAction":[{"@type":"ReadAction","target":["https:\/\/www.fibami.com\/product\/fibami-flow-puksid-3\/"]}]},{"@type":"ImageObject","inLanguage":"en-GB","@id":"https:\/\/www.fibami.com\/product\/fibami-flow-puksid-3\/#primaryimage","url":"https:\/\/www.fibami.com\/wp-content\/uploads\/2022\/09\/Fibami_holmikpluus-19-scaled.jpg","contentUrl":"https:\/\/www.fibami.com\/wp-content\/uploads\/2022\/09\/Fibami_holmikpluus-19-scaled.jpg","width":1280,"height":1920},{"@type":"BreadcrumbList","@id":"https:\/\/www.fibami.com\/product\/fibami-flow-puksid-3\/#breadcrumb","itemListElement":[{"@type":"ListItem","position":1,"name":"Home","item":"https:\/\/www.fibami.com\/"},{"@type":"ListItem","position":2,"name":"Pood","item":"https:\/\/www.fibami.com\/pood\/"},{"@type":"ListItem","position":3,"name":"Fibami Flow p\u00fcksid"}]},{"@type":"WebSite","@id":"https:\/\/www.fibami.com\/#website","url":"https:\/\/www.fibami.com\/","name":"Fibami","description":"","potentialAction":[{"@type":"SearchAction","target":{"@type":"EntryPoint","urlTemplate":"https:\/\/www.fibami.com\/?s={search_term_string}"},"query-input":{"@type":"PropertyValueSpecification","valueRequired":true,"valueName":"search_term_string"}}],"inLanguage":"en-GB"}]}},"_links":{"self":[{"href":"https:\/\/www.fibami.com\/en\/wp-json\/wp\/v2\/product\/8631","targetHints":{"allow":["GET"]}}],"collection":[{"href":"https:\/\/www.fibami.com\/en\/wp-json\/wp\/v2\/product"}],"about":[{"href":"https:\/\/www.fibami.com\/en\/wp-json\/wp\/v2\/types\/product"}],"replies":[{"embeddable":true,"href":"https:\/\/www.fibami.com\/en\/wp-json\/wp\/v2\/comments?post=8631"}],"version-history":[{"count":5,"href":"https:\/\/www.fibami.com\/en\/wp-json\/wp\/v2\/product\/8631\/revisions"}],"predecessor-version":[{"id":13808,"href":"https:\/\/www.fibami.com\/en\/wp-json\/wp\/v2\/product\/8631\/revisions\/13808"}],"wp:featuredmedia":[{"embeddable":true,"href":"https:\/\/www.fibami.com\/en\/wp-json\/wp\/v2\/media\/14095"}],"wp:attachment":[{"href":"https:\/\/www.fibami.com\/en\/wp-json\/wp\/v2\/media?parent=8631"}],"wp:term":[{"taxonomy":"product_brand","embeddable":true,"href":"https:\/\/www.fibami.com\/en\/wp-json\/wp\/v2\/product_brand?post=8631"},{"taxonomy":"product_cat","embeddable":true,"href":"https:\/\/www.fibami.com\/en\/wp-json\/wp\/v2\/product_cat?post=8631"},{"taxonomy":"product_tag","embeddable":true,"href":"https:\/\/www.fibami.com\/en\/wp-json\/wp\/v2\/product_tag?post=8631"}],"curies":[{"name":"wp","href":"https:\/\/api.w.org\/{rel}","templated":true}]}}